{"id":4156,"date":"2020-12-02T23:02:29","date_gmt":"2020-12-03T02:02:29","guid":{"rendered":"https:\/\/www2.unicentro.br\/ppge\/?page_id=4156"},"modified":"2022-04-05T11:32:42","modified_gmt":"2022-04-05T14:32:42","slug":"sobre-o-ppge","status":"publish","type":"page","link":"https:\/\/www2.unicentro.br\/ppge\/sobre-o-ppge\/","title":{"rendered":"Sobre o PPGE"},"content":{"rendered":"<p>O Curso de <strong>Doutorado<\/strong> <strong>e<\/strong> <strong>Mestrado do Programa de P\u00f3s-Gradua\u00e7\u00e3o em Educa\u00e7\u00e3o da Universidade Estadual do Centro-Oeste<\/strong>, vinculado ao Setor de Ci\u00eancias Humanas, Letras e Artes, foi Reconhecido pela Capes em 2012, pela <a href=\"https:\/\/pesquisa.in.gov.br\/imprensa\/jsp\/visualiza\/index.jsp?data=09\/11\/2012&amp;jornal=1&amp;pagina=8&amp;totalAr\">Portaria n. 1.324, de 8 de novembro de 2012<\/a>, tendo sua primeira turma iniciada neste mesmo ano. Em 2020 a Capes reconheceu o Curso de Doutorado, pela <a href=\"https:\/\/pesquisa.in.gov.br\/imprensa\/jsp\/visualiza\/index.jsp?data=17\/06\/2020&amp;jornal=515&amp;pagina=57&amp;totalArquivos=98\">Portaria n. 540, de 15 de junho<\/a>. A primeira turma do Doutorado iniciou em 2021.<\/p>\n<p>O PPGE\/Unicentro \u00e9 composto por 20 professores de m\u00faltiplos departamentos vinculados aos campi de Irati e Santa Cruz: Departamento de Pedagogia, Departamento de Educa\u00e7\u00e3o F\u00edsica, Departamento de Letras, Departamento de Hist\u00f3ria, Departamento de Turismo, Departamento de Artes, Departamento de Filosofia, Departamento de Geografia, Departamento de Secretariado Executivo.<\/p>\n","protected":false},"excerpt":{"rendered":"<p>O Curso de Doutorado e Mestrado do Programa de P\u00f3s-Gradua\u00e7\u00e3o em Educa\u00e7\u00e3o da Universidade Estadual do Centro-Oeste, vinculado ao Setor de Ci\u00eancias Humanas, Letras e Artes, foi Reconhecido pela Capes em 2012, pela Portaria n. 1.324, de 8 de novembro de 2012, tendo sua primeira turma iniciada neste mesmo ano. Em 2020 a Capes reconheceu [&hellip;]<\/p>\n","protected":false},"author":6,"featured_media":0,"parent":0,"menu_order":0,"comment_status":"closed","ping_status":"closed","template":"","meta":{"_exactmetrics_skip_tracking":false,"_exactmetrics_sitenote_active":false,"_exactmetrics_sitenote_note":"","_exactmetrics_sitenote_category":0,"ngg_post_thumbnail":0,"footnotes":"","_links_to":"","_links_to_target":""},"class_list":["post-4156","page","type-page","status-publish","hentry"],"publishpress_future_action":{"enabled":false,"date":"2026-04-17 14:50:59","action":"change-status","newStatus":"draft","terms":[],"taxonomy":"","extraData":[]},"publishpress_future_workflow_manual_trigger":{"enabledWorkflows":[]},"_links":{"self":[{"href":"https:\/\/www2.unicentro.br\/ppge\/wp-json\/wp\/v2\/pages\/4156","targetHints":{"allow":["GET"]}}],"collection":[{"href":"https:\/\/www2.unicentro.br\/ppge\/wp-json\/wp\/v2\/pages"}],"about":[{"href":"https:\/\/www2.unicentro.br\/ppge\/wp-json\/wp\/v2\/types\/page"}],"author":[{"embeddable":true,"href":"https:\/\/www2.unicentro.br\/ppge\/wp-json\/wp\/v2\/users\/6"}],"replies":[{"embeddable":true,"href":"https:\/\/www2.unicentro.br\/ppge\/wp-json\/wp\/v2\/comments?post=4156"}],"version-history":[{"count":4,"href":"https:\/\/www2.unicentro.br\/ppge\/wp-json\/wp\/v2\/pages\/4156\/revisions"}],"predecessor-version":[{"id":5255,"href":"https:\/\/www2.unicentro.br\/ppge\/wp-json\/wp\/v2\/pages\/4156\/revisions\/5255"}],"wp:attachment":[{"href":"https:\/\/www2.unicentro.br\/ppge\/wp-json\/wp\/v2\/media?parent=4156"}],"curies":[{"name":"wp","href":"https:\/\/api.w.org\/{rel}","templated":true}]}}