{"id":376,"date":"2014-02-17T20:34:04","date_gmt":"2014-02-17T20:34:04","guid":{"rendered":"http:\/\/www2.unicentro.br\/ppge\/?page_id=376"},"modified":"2020-12-02T23:42:04","modified_gmt":"2020-12-03T02:42:04","slug":"links-2","status":"publish","type":"page","link":"https:\/\/www2.unicentro.br\/ppge\/links-2\/","title":{"rendered":"Links"},"content":{"rendered":"<ul>\n<li><a style=\"line-height: 1.5em\" href=\"http:\/\/www.capes.gov.br\">Capes &#8211; Coordena\u00e7\u00e3o de Aperfei\u00e7oamento de Pessoal de N\u00edvel Superior<\/a><\/li>\n<li><a style=\"line-height: 1.5em\" href=\"http:\/\/www.cnpq.br\">CNPq &#8211; Conselho Nacional de Desenvolvimento Cient\u00edfico e Tecnol\u00f3gico<\/a><\/li>\n<li><a style=\"line-height: 1.5em\" href=\"http:\/\/www.anped.org.br\">Anped &#8211; Associa\u00e7\u00e3o Nacional de P\u00f3s-Gradua\u00e7\u00e3o e Pesquisa em Educa\u00e7\u00e3o<\/a><\/li>\n<li><a style=\"line-height: 1.5em\" href=\"http:\/\/www.anpae.org.br\/website\/\">Anpae &#8211; Associa\u00e7\u00e3o Nacional de Pol\u00edtica e Administra\u00e7\u00e3o da Educa\u00e7\u00e3o<\/a><\/li>\n<li><a style=\"line-height: 1.5em\" href=\"http:\/\/www.sbpcnet.org.br\/site\/\">SBPC &#8211; Sociedade Brasileira para o Progresso da Ci\u00eancia<\/a><\/li>\n<li><a href=\"https:\/\/anped.org.br\/forpred\">Forpred \u2013 F\u00f3rum de Coordenadores de Programas de P\u00f3s-Gradua\u00e7\u00e3o em Educa\u00e7\u00e3o<\/a><\/li>\n<li><a href=\"http:\/\/www.anfope.org.br\/\">Anfope \u2013 Associa\u00e7\u00e3o Nacional pela Forma\u00e7\u00e3o dos Profissionais da Educa\u00e7\u00e3o<\/a><\/li>\n<li><a href=\"https:\/\/www.cedes.unicamp.br\/sobre\">Cedes &#8211; Centro de Estudos Educa\u00e7\u00e3o e Sociedade<\/a><\/li>\n<\/ul>\n<p><strong>Informa\u00e7\u00f5es\/Capes<\/strong><\/p>\n<ul>\n<li><a style=\"line-height: 1.5em\" href=\"http:\/\/www.periodicos.capes.gov.br\/\">Peri\u00f3dicos &#8211; Portal Brasileiro da Informa\u00e7\u00e3o Cient\u00edfica<\/a><\/li>\n<li><a href=\"https:\/\/catalogodeteses.capes.gov.br\/catalogo-teses\/#!\/\">Cat\u00e1logo de Teses e Disserta\u00e7\u00f5es da Capes<\/a><\/li>\n<li><a href=\"https:\/\/sucupira.capes.gov.br\/sucupira\/public\/index.xhtml\">Plataforma Sucupira<\/a><\/li>\n<li><a href=\"http:\/\/carloschagas.cnpq.br\/\">Plataforma Carlos Chagas<\/a><\/li>\n<li><a href=\"http:\/\/lattes.cnpq.br\/\">Plataforma Lattes<\/a><\/li>\n<li><a href=\"https:\/\/www.gov.br\/capes\/pt-br\/acesso-a-informacao\/acoes-e-programas\/avaliacao\/sobre-a-avaliacao\/areas-avaliacao\/sobre-as-areas-de-avaliacao\/colegio-de-humanidades\/ciencias-humanas\/educacao\">\u00c1rea da Educa\u00e7\u00e3o da Capes<\/a><\/li>\n<\/ul>\n","protected":false},"excerpt":{"rendered":"<p>Capes &#8211; Coordena\u00e7\u00e3o de Aperfei\u00e7oamento de Pessoal de N\u00edvel Superior CNPq &#8211; Conselho Nacional de Desenvolvimento Cient\u00edfico e Tecnol\u00f3gico Anped &#8211; Associa\u00e7\u00e3o Nacional de P\u00f3s-Gradua\u00e7\u00e3o e Pesquisa em Educa\u00e7\u00e3o Anpae &#8211; Associa\u00e7\u00e3o Nacional de Pol\u00edtica e Administra\u00e7\u00e3o da Educa\u00e7\u00e3o SBPC &#8211; Sociedade Brasileira para o Progresso da Ci\u00eancia Forpred \u2013 F\u00f3rum de Coordenadores de Programas [&hellip;]<\/p>\n","protected":false},"author":2,"featured_media":0,"parent":0,"menu_order":0,"comment_status":"closed","ping_status":"closed","template":"","meta":{"_exactmetrics_skip_tracking":false,"_exactmetrics_sitenote_active":false,"_exactmetrics_sitenote_note":"","_exactmetrics_sitenote_category":0,"ngg_post_thumbnail":0,"footnotes":"","_links_to":"","_links_to_target":""},"class_list":["post-376","page","type-page","status-publish","hentry"],"publishpress_future_action":{"enabled":false,"date":"2026-04-18 09:54:07","action":"change-status","newStatus":"draft","terms":[],"taxonomy":"","extraData":[]},"publishpress_future_workflow_manual_trigger":{"enabledWorkflows":[]},"_links":{"self":[{"href":"https:\/\/www2.unicentro.br\/ppge\/wp-json\/wp\/v2\/pages\/376","targetHints":{"allow":["GET"]}}],"collection":[{"href":"https:\/\/www2.unicentro.br\/ppge\/wp-json\/wp\/v2\/pages"}],"about":[{"href":"https:\/\/www2.unicentro.br\/ppge\/wp-json\/wp\/v2\/types\/page"}],"author":[{"embeddable":true,"href":"https:\/\/www2.unicentro.br\/ppge\/wp-json\/wp\/v2\/users\/2"}],"replies":[{"embeddable":true,"href":"https:\/\/www2.unicentro.br\/ppge\/wp-json\/wp\/v2\/comments?post=376"}],"version-history":[{"count":6,"href":"https:\/\/www2.unicentro.br\/ppge\/wp-json\/wp\/v2\/pages\/376\/revisions"}],"predecessor-version":[{"id":4163,"href":"https:\/\/www2.unicentro.br\/ppge\/wp-json\/wp\/v2\/pages\/376\/revisions\/4163"}],"wp:attachment":[{"href":"https:\/\/www2.unicentro.br\/ppge\/wp-json\/wp\/v2\/media?parent=376"}],"curies":[{"name":"wp","href":"https:\/\/api.w.org\/{rel}","templated":true}]}}