{"id":226,"date":"2014-02-10T15:29:22","date_gmt":"2014-02-10T15:29:22","guid":{"rendered":"http:\/\/www2.unicentro.br\/ppge\/?page_id=226"},"modified":"2025-08-04T08:27:45","modified_gmt":"2025-08-04T11:27:45","slug":"contato","status":"publish","type":"page","link":"https:\/\/www2.unicentro.br\/ppge\/contato\/","title":{"rendered":"Contato"},"content":{"rendered":"<p style=\"text-align: center\"><img loading=\"lazy\" decoding=\"async\" class=\" wp-image-294 aligncenter\" src=\"http:\/\/www2.unicentro.br\/ppge\/files\/2014\/02\/logomarca.png\" alt=\"Logomarca PPGE\" width=\"252\" height=\"317\" srcset=\"https:\/\/www2.unicentro.br\/ppge\/files\/2014\/02\/logomarca.png 600w, https:\/\/www2.unicentro.br\/ppge\/files\/2014\/02\/logomarca-238x300.png 238w\" sizes=\"auto, (max-width: 252px) 100vw, 252px\" \/><\/p>\n<h3 style=\"text-align: center\">Programa de P\u00f3s-Gradua\u00e7\u00e3o <em>Stricto Sensu<\/em> em Educa\u00e7\u00e3o<\/h3>\n<p style=\"text-align: center\"><strong>N\u00edvel de Doutorado e Mestrado<\/strong><\/p>\n<p style=\"text-align: center\"><span style=\"font-size: 12pt\"><em>\u00c1rea de concentra\u00e7\u00e3o:<\/em> Educa\u00e7\u00e3o<\/span><\/p>\n<p style=\"text-align: center\"><span style=\"font-size: 12pt\"><em>Linhas de Pesquisa:<\/em> <\/span><\/p>\n<p style=\"text-align: center\"><span style=\"font-size: 12pt\">Pol\u00edticas Educacionais, Hist\u00f3ria e Organiza\u00e7\u00e3o da Educa\u00e7\u00e3o<\/span><\/p>\n<p style=\"text-align: center\"><span style=\"font-size: 12pt\">Educa\u00e7\u00e3o, Cultura e Diversidade<\/span><\/p>\n<p>&nbsp;<\/p>\n<p style=\"text-align: center\"><span style=\"font-size: 12pt\"><em>Coordena\u00e7\u00e3o:<\/em><\/span><\/p>\n<p style=\"text-align: center\"><span style=\"font-size: 12pt\">Prof. Dr. Saulo Rodrigues de Carvalho<\/span><\/p>\n<p style=\"text-align: center\"><span style=\"font-size: 12pt\"><em>Vice-Coordena\u00e7\u00e3o<span style=\"font-size: 12pt\">:<\/span><\/em> <\/span><\/p>\n<p style=\"text-align: center\"><span style=\"font-size: 12pt\"><span style=\"font-size: 12pt\">Prof.\u00aa Dr.\u00aa Gl\u00e1ucia Andreza Kronbauer<\/span><\/span><\/p>\n<h5 style=\"text-align: center\"><span style=\"font-size: 12pt;font-family: georgia, palatino, serif\"><em>Campus Santa Cruz:<\/em>\u00a0<\/span><\/h5>\n<h5 style=\"text-align: center\"><span style=\"font-size: 12pt;font-family: georgia, palatino, serif\">Rua Pe. Salvatore Renna, 875 \u2013 Cx. Postal 3010 \u2013 CEP 85.015-430 \u2013 Guarapuava \u2013 PR<\/span><br \/>\n<span style=\"font-size: 12pt\">Fone: (42) 3621-1051\u00a0<\/span><br \/>\n<span style=\"font-size: 12pt\">Hor\u00e1rio de atendimento: das 8h \u00e0s 11h e das 13h30 \u00e0s 15h30<\/span><\/h5>\n<h5 style=\"text-align: center\" align=\"center\"><span style=\"font-size: 12pt\"><span style=\"font-family: georgia, palatino, serif\"><span style=\"color: #000080\"><span lang=\"zxx\"><span style=\"color: #000000\"><i>Campus<\/i><\/span><\/span><\/span><span style=\"color: #000080\"><span lang=\"zxx\"><span style=\"color: #000000\"> de Irati: <\/span><\/span><\/span><\/span><\/span><\/h5>\n<h5 style=\"text-align: center\" align=\"center\"><span style=\"font-size: 12pt\"><span style=\"font-family: georgia, palatino, serif\"><span style=\"color: #000080\"><span lang=\"zxx\"><span style=\"color: #000000\">Rua Prof\u00aa. Maria Roza Zanon de Almeida, Bairro Eng. Gutierrez \u2013 Cx. Postal, 21<\/span><\/span><\/span><\/span> <span style=\"color: #000000;font-family: georgia, palatino, serif\">\u2013 CEP 84.500-000\u2013<\/span><span style=\"color: #000000;font-family: georgia, palatino, serif\">\u00a0IRATI \u2013 PR<\/span><\/span><br \/>\n<span style=\"font-size: 12pt\">Fone: (42) 3421-3045\u00a0<\/span><br \/>\n<span style=\"font-size: 12pt\">Hor\u00e1rio de atendimento: das 8h \u00e0s 11h30 e das 13h \u00e0s 17h<\/span><\/h5>\n<h5 style=\"text-align: center\" align=\"center\"><span style=\"font-size: 12pt\">E-mail: <a href=\"mailto:ppge@unicentro.br\">ppge@unicentro.br<\/a><\/span><\/h5>\n<h5 style=\"text-align: center\"><span style=\"font-size: 12pt\"><em>\u00a0<\/em><\/span><\/h5>\n<hr style=\"width: 100%\" width=\"100%\" \/>\n<p>&nbsp;<\/p>\n<div style=\"text-align: center\"><\/div>\n","protected":false},"excerpt":{"rendered":"<p>Programa de P\u00f3s-Gradua\u00e7\u00e3o Stricto Sensu em Educa\u00e7\u00e3o N\u00edvel de Doutorado e Mestrado \u00c1rea de concentra\u00e7\u00e3o: Educa\u00e7\u00e3o Linhas de Pesquisa: Pol\u00edticas Educacionais, Hist\u00f3ria e Organiza\u00e7\u00e3o da Educa\u00e7\u00e3o Educa\u00e7\u00e3o, Cultura e Diversidade &nbsp; Coordena\u00e7\u00e3o: Prof. Dr. Saulo Rodrigues de Carvalho Vice-Coordena\u00e7\u00e3o: Prof.\u00aa Dr.\u00aa Gl\u00e1ucia Andreza Kronbauer Campus Santa Cruz:\u00a0 Rua Pe. Salvatore Renna, 875 \u2013 Cx. Postal [&hellip;]<\/p>\n","protected":false},"author":2,"featured_media":0,"parent":0,"menu_order":0,"comment_status":"closed","ping_status":"closed","template":"","meta":{"_exactmetrics_skip_tracking":false,"_exactmetrics_sitenote_active":false,"_exactmetrics_sitenote_note":"","_exactmetrics_sitenote_category":0,"ngg_post_thumbnail":0,"footnotes":"","_links_to":"","_links_to_target":""},"class_list":["post-226","page","type-page","status-publish","hentry"],"publishpress_future_action":{"enabled":false,"date":"2026-04-17 10:14:07","action":"change-status","newStatus":"draft","terms":[],"taxonomy":"","extraData":[]},"publishpress_future_workflow_manual_trigger":{"enabledWorkflows":[]},"_links":{"self":[{"href":"https:\/\/www2.unicentro.br\/ppge\/wp-json\/wp\/v2\/pages\/226","targetHints":{"allow":["GET"]}}],"collection":[{"href":"https:\/\/www2.unicentro.br\/ppge\/wp-json\/wp\/v2\/pages"}],"about":[{"href":"https:\/\/www2.unicentro.br\/ppge\/wp-json\/wp\/v2\/types\/page"}],"author":[{"embeddable":true,"href":"https:\/\/www2.unicentro.br\/ppge\/wp-json\/wp\/v2\/users\/2"}],"replies":[{"embeddable":true,"href":"https:\/\/www2.unicentro.br\/ppge\/wp-json\/wp\/v2\/comments?post=226"}],"version-history":[{"count":18,"href":"https:\/\/www2.unicentro.br\/ppge\/wp-json\/wp\/v2\/pages\/226\/revisions"}],"predecessor-version":[{"id":8739,"href":"https:\/\/www2.unicentro.br\/ppge\/wp-json\/wp\/v2\/pages\/226\/revisions\/8739"}],"wp:attachment":[{"href":"https:\/\/www2.unicentro.br\/ppge\/wp-json\/wp\/v2\/media?parent=226"}],"curies":[{"name":"wp","href":"https:\/\/api.w.org\/{rel}","templated":true}]}}