{"id":1942,"date":"2016-04-19T17:23:30","date_gmt":"2016-04-19T19:23:30","guid":{"rendered":"http:\/\/www2.unicentro.br\/ppge\/?page_id=1942"},"modified":"2019-04-22T21:39:17","modified_gmt":"2019-04-23T00:39:17","slug":"dissertacoes-2016","status":"publish","type":"page","link":"https:\/\/www2.unicentro.br\/ppge\/dissertacoes-2016\/","title":{"rendered":"Disserta\u00e7\u00f5es 2016"},"content":{"rendered":"<p>&nbsp;<\/p>\n<table style=\"width: 100%\">\n<tbody>\n<tr style=\"background-color: #c4c4c4\">\n<td style=\"text-align: center\"><strong>AUTOR(A)<\/strong><\/td>\n<td style=\"text-align: center\"><strong>T\u00cdTULO<\/strong><\/td>\n<td style=\"text-align: center\"><strong>ORIENTADOR(A)<\/strong><\/td>\n<td style=\"text-align: center\"><strong>DISSERTA\u00c7\u00c3O<\/strong><\/td>\n<\/tr>\n<tr>\n<td style=\"text-align: center\">Adriana de Oliveira Correia Brustolim<\/td>\n<td style=\"text-align: center\">FORMA\u00c7\u00c3O DE PROFESSORES E NOVAS\u00a0TECNOLOGIAS: uma media\u00e7\u00e3o poss\u00edvel ?<\/td>\n<td style=\"text-align: center\">Prof\u00aa. Dr\u00aa. Jamile Santinello<\/td>\n<td style=\"text-align: center\"><a href=\"http:\/\/tede.unicentro.br:8080\/jspui\/bitstream\/jspui\/837\/2\/ADRIANA%20DE%20OLIVEIRA%20CORREIA%20BRUSTOLIM.pdf\" target=\"_blank\" rel=\"noopener\"><img loading=\"lazy\" decoding=\"async\" class=\"alignnone\" src=\"http:\/\/www2.unicentro.br\/ppge\/files\/2016\/06\/d-pdf-100x100.png\" alt=\"\" width=\"30\" height=\"30\" \/><\/a><\/td>\n<\/tr>\n<tr style=\"background-color: #c4c4c4\">\n<td style=\"text-align: center\">Alessandra Lopes de Oliveira<\/td>\n<td style=\"text-align: center\">A FORMA\u00c7\u00c3O DE DOCENTES PARA A EDUCA\u00c7\u00c3O DAS RELA\u00c7\u00d5ES \u00c9TNICO-RACIAIS NO MUNIC\u00cdPIO DE PITANGA\/PR: percursos da Lei 10.639\/03<\/td>\n<td style=\"text-align: center\">Prof. Dr. Jefferson Olivatto da Silva<\/td>\n<td style=\"text-align: center\"><a href=\"http:\/\/tede.unicentro.br:8080\/jspui\/bitstream\/jspui\/838\/2\/ALESSANDRA%20LOPES%20DE%20OLIVEIRA%20CASTELINI.pdf\" target=\"_blank\" rel=\"noopener\"><img loading=\"lazy\" decoding=\"async\" class=\"alignnone\" src=\"http:\/\/www2.unicentro.br\/ppge\/files\/2016\/06\/d-pdf-100x100.png\" alt=\"\" width=\"30\" height=\"30\" \/><\/a><\/td>\n<\/tr>\n<tr>\n<td style=\"text-align: center\">Alessandro Santos Mariano<\/td>\n<td style=\"text-align: center\">ENSAIOS DA ESCOLA DO TRABALHO NO CONTEXTO DAS LUTAS DO MST: a proposta curricular\u00a0dos ciclos de forma\u00e7\u00e3o\u00a0com complexos\u00a0de estudo nas escolas itinerantes do\u00a0Paran\u00e1<\/td>\n<td style=\"text-align: center\">Prof\u00aa. Dr\u00aa. Marlene Lucia Siebert Sapelli<\/td>\n<td style=\"text-align: center\"><a href=\"http:\/\/tede.unicentro.br:8080\/jspui\/bitstream\/jspui\/842\/2\/ALESSANDRO%20SANTOS%20MARIANO.pdf\" target=\"_blank\" rel=\"noopener\"><img loading=\"lazy\" decoding=\"async\" class=\"alignnone\" src=\"http:\/\/www2.unicentro.br\/ppge\/files\/2016\/06\/d-pdf-100x100.png\" alt=\"\" width=\"30\" height=\"30\" \/><\/a><\/td>\n<\/tr>\n<tr style=\"background-color: #c4c4c4\">\n<td style=\"text-align: center\">\u00a0Andr\u00e9a de Paula Pires<\/td>\n<td style=\"text-align: center\">A FORMA\u00c7\u00c3O CONTINUADA NO PACTO NACIONAL PELA\u00a0ALFABETIZA\u00c7\u00c3O NA IDADE CERTA \u2013 PNAIC \u2013 E A PR\u00c1TICA DOS PROFESSORES\u00a0ALFABETIZADORES NO MUNIC\u00cdPIO DE RIO AZUL \u2013 PR<\/td>\n<td style=\"text-align: center\">\u00a0Prof\u00aa. Dr\u00aa. Marisa Schneckenberg<\/td>\n<td style=\"text-align: center\"><a href=\"http:\/\/tede.unicentro.br:8080\/jspui\/bitstream\/jspui\/843\/2\/ANDR%C3%89A%20DE%20PAULA%20PIRES.pdf\" target=\"_blank\" rel=\"noopener\"><img loading=\"lazy\" decoding=\"async\" class=\"alignnone\" src=\"http:\/\/www2.unicentro.br\/ppge\/files\/2016\/06\/d-pdf-100x100.png\" alt=\"\" width=\"30\" height=\"30\" \/><\/a><\/td>\n<\/tr>\n<tr>\n<td style=\"text-align: center\">Anelise Copetti Dalla Corte<\/td>\n<td style=\"text-align: center\">O PROCESSO DE FORMA\u00c7\u00c3O DOCENTE NA LICENCIATURA EM LETRAS \u2013 ESPANHOL: um estudo sobre os saberes docentes a partir dos relat\u00f3rios de est\u00e1gio supervisionado<\/td>\n<td style=\"text-align: center\">Prof\u00aa. Dr\u00aa. Cibele Krause Lemke<\/td>\n<td style=\"text-align: center\"><a href=\"http:\/\/tede.unicentro.br:8080\/jspui\/bitstream\/jspui\/844\/2\/ANELISE%20COPETTI%20DALLA%20CORTE.pdf\" target=\"_blank\" rel=\"noopener\"><img loading=\"lazy\" decoding=\"async\" class=\"alignnone\" src=\"http:\/\/www2.unicentro.br\/ppge\/files\/2016\/06\/d-pdf-100x100.png\" alt=\"\" width=\"30\" height=\"30\" \/><\/a><\/td>\n<\/tr>\n<tr style=\"background-color: #c4c4c4\">\n<td style=\"text-align: center\">Carla Sant&#8217;ana de Oliveira<\/td>\n<td style=\"text-align: center\">PROCESSO CRIATIVO DE ESTUDANTES COM INDICATIVOS DE ALTAS HABILIDADES\/SUPERDOTA\u00c7\u00c3O<\/td>\n<td style=\"text-align: center\">Prof\u00aa. Dr\u00aa. Carla Luciane Blum Vestena<\/td>\n<td style=\"text-align: center\"><a href=\"http:\/\/tede.unicentro.br:8080\/jspui\/bitstream\/jspui\/845\/2\/CARLA%20SANT%E2%80%99ANA%20DE%20OLIVEIRA.pdf\" target=\"_blank\" rel=\"noopener\"><img loading=\"lazy\" decoding=\"async\" class=\"alignnone\" src=\"http:\/\/www2.unicentro.br\/ppge\/files\/2016\/06\/d-pdf-100x100.png\" alt=\"\" width=\"30\" height=\"30\" \/><\/a><\/td>\n<\/tr>\n<tr>\n<td style=\"text-align: center\">Dayane Santos Silva Dalmaz<\/td>\n<td style=\"text-align: center\">O PARADIGMA DE EDUCA\u00c7\u00c3O RURAL NA FAO (ORGANIZA\u00c7\u00c3O DAS NA\u00c7\u00d5ES UNIDAS PARA ALIMENTA\u00c7\u00c3O E AGRICULTURA) NO BRASIL: fundamentos conceituais, pol\u00edticas de desenvolvimento\u00a0e contradi\u00e7\u00f5es\u00a0ideol\u00f3gicas conceituais<\/td>\n<td style=\"text-align: center\">Prof\u00aa. Dr\u00aa. Angela Maria Hidalgo<\/td>\n<td style=\"text-align: center\"><a href=\"http:\/\/tede.unicentro.br:8080\/jspui\/bitstream\/jspui\/846\/2\/DAYANE%20SANTOS%20SILVA%20DALMAZ.pdf\" target=\"_blank\" rel=\"noopener\"><img loading=\"lazy\" decoding=\"async\" class=\"alignnone\" src=\"http:\/\/www2.unicentro.br\/ppge\/files\/2016\/06\/d-pdf-100x100.png\" alt=\"\" width=\"30\" height=\"30\" \/><\/a><\/td>\n<\/tr>\n<tr style=\"background-color: #c4c4c4\">\n<td style=\"text-align: center\">Elis\u00e2ngela Chlebovski Martins<\/td>\n<td style=\"text-align: center\">A CONTEXTUALIZA\u00c7\u00c3O DO PROGRAMA MAIS EDUCA\u00c7\u00c3O EM ESCOLAS DO MUNIC\u00cdPIO DE PONTA GROSSA\/PR: desafios e perspectivas\u00a0da gest\u00e3o escolar<\/td>\n<td style=\"text-align: center\">Prof\u00aa. Dr\u00aa. Marisa Schneckenberg<\/td>\n<td style=\"text-align: center\"><a href=\"http:\/\/tede.unicentro.br:8080\/jspui\/bitstream\/jspui\/847\/2\/ELIS%C3%82NGELA%20CHLEBOVSKI%20MARTINS.pdf\" target=\"_blank\" rel=\"noopener\"><img loading=\"lazy\" decoding=\"async\" class=\"alignnone\" src=\"http:\/\/www2.unicentro.br\/ppge\/files\/2016\/06\/d-pdf-100x100.png\" alt=\"\" width=\"30\" height=\"30\" \/><\/a><\/td>\n<\/tr>\n<tr>\n<td style=\"text-align: center\">Fernanda de Arag\u00e3o Mikolaiczyk<\/td>\n<td style=\"text-align: center\">EDUCA\u00c7\u00c3O COMO ESTRAT\u00c9GIA POL\u00cdTICA E SOCIAL PARA O DESENVOLVIMENTO DO MEIO RURAL BRASILEIRO:\u00a0as matrizes conceituais\u00a0e ideol\u00f3gicas do Instituto\u00a0Interamericano\u00a0de Coopera\u00e7\u00e3o\u00a0para a Agricultura \u2013 IICA<\/td>\n<td style=\"text-align: center\">Prof\u00aa. Dr\u00aa. Angela Maria Hidalgo<\/td>\n<td style=\"text-align: center\"><a href=\"http:\/\/tede.unicentro.br:8080\/jspui\/bitstream\/jspui\/848\/2\/FERNANDA%20DE%20ARAG%C3%83O%20MIKOLAICZYK.pdf\" target=\"_blank\" rel=\"noopener\"><img loading=\"lazy\" decoding=\"async\" class=\"alignnone\" src=\"http:\/\/www2.unicentro.br\/ppge\/files\/2016\/06\/d-pdf-100x100.png\" alt=\"\" width=\"30\" height=\"30\" \/><\/a><\/td>\n<\/tr>\n<tr style=\"background-color: #c4c4c4\">\n<td style=\"text-align: center\">Fl\u00e1via \u00c2ngela Zanin<\/td>\n<td style=\"text-align: center\">UM ESTUDO SOBRE O CONCEITO DE MULTICULTURALISMO PRESENTE EM TRABALHOS ACAD\u00caMICOS E SUAS IMPLICA\u00c7\u00d5ES PARA AS PR\u00c1TICAS PEDAG\u00d3GICAS<\/td>\n<td style=\"text-align: center\">Prof\u00aa. Dr\u00aa. Cibele Krause Lemke<\/td>\n<td style=\"text-align: center\"><a href=\"http:\/\/tede.unicentro.br:8080\/jspui\/bitstream\/jspui\/849\/2\/FL%C3%81VIA%20%C3%82NGELA%20ZANIN.pdf\" target=\"_blank\" rel=\"noopener\"><img loading=\"lazy\" decoding=\"async\" class=\"alignnone\" src=\"http:\/\/www2.unicentro.br\/ppge\/files\/2016\/06\/d-pdf-100x100.png\" alt=\"\" width=\"30\" height=\"30\" \/><\/a><\/td>\n<\/tr>\n<tr>\n<td style=\"text-align: center\">Francier Marcondes<\/td>\n<td style=\"text-align: center\">MEGAEVENTOS ESPORTIVOS E A EDUCA\u00c7\u00c3O F\u00cdSICA ESCOLAR: com a palavra, os professores da educa\u00e7\u00e3o b\u00e1sica<\/td>\n<td style=\"text-align: center\">Prof. Dr. Emerson Lu\u00eds Velozo<\/td>\n<td style=\"text-align: center\"><a href=\"http:\/\/tede.unicentro.br:8080\/jspui\/bitstream\/jspui\/850\/2\/FRANCIER%20MARCONDES.pdf\" target=\"_blank\" rel=\"noopener\"><img loading=\"lazy\" decoding=\"async\" class=\"alignnone\" src=\"http:\/\/www2.unicentro.br\/ppge\/files\/2016\/06\/d-pdf-100x100.png\" alt=\"\" width=\"30\" height=\"30\" \/><\/a><\/td>\n<\/tr>\n<tr style=\"background-color: #c4c4c4\">\n<td style=\"text-align: center\">Jaqueline Ferreira<\/td>\n<td style=\"text-align: center\">A FILOSOFIA NA EDUCA\u00c7\u00c3O ESCOLAR:\u00a0trajet\u00f3ria e desafios atuais<\/td>\n<td style=\"text-align: center\">Prof\u00aa. Dr\u00aa. Luciane Neuvald<\/td>\n<td style=\"text-align: center\"><a href=\"http:\/\/tede.unicentro.br:8080\/jspui\/bitstream\/jspui\/851\/2\/JAQUELINE%20FERREIRA.pdf\" target=\"_blank\" rel=\"noopener\"><img loading=\"lazy\" decoding=\"async\" class=\"alignnone\" src=\"http:\/\/www2.unicentro.br\/ppge\/files\/2016\/06\/d-pdf-100x100.png\" alt=\"\" width=\"30\" height=\"30\" \/><\/a><\/td>\n<\/tr>\n<tr>\n<td style=\"text-align: center\">Mariana Prado Guaragni<\/td>\n<td style=\"text-align: center\">A FLEXIBILIZA\u00c7\u00c3O DAS RELA\u00c7\u00d5ES DE TRABALHO E SUAS IMPLICA\u00c7\u00d5ES NA PR\u00c1TICA PEDAG\u00d3GICA: os estagi\u00e1rios da educa\u00e7\u00e3o infantil\u00a0na rede de ensino de\u00a0Guarapuava\/PR<\/td>\n<td style=\"text-align: center\">Prof. Dr. Alessandro de Melo<\/td>\n<td style=\"text-align: center\"><a href=\"http:\/\/tede.unicentro.br:8080\/jspui\/bitstream\/jspui\/852\/2\/MARIANA%20PRADO%20GUARAGNI.pdf\" target=\"_blank\" rel=\"noopener\"><img loading=\"lazy\" decoding=\"async\" class=\"alignnone\" src=\"http:\/\/www2.unicentro.br\/ppge\/files\/2016\/06\/d-pdf-100x100.png\" alt=\"\" width=\"30\" height=\"30\" \/><\/a><\/td>\n<\/tr>\n<tr style=\"background-color: #c4c4c4\">\n<td style=\"text-align: center\">\u00a0Marielle Zazula<\/td>\n<td style=\"text-align: center\">HIST\u00d3RIAS E MEM\u00d3RIAS DA VIDA EM COMUNIDADE: os processos sociais\u00a0de educa\u00e7\u00e3o entre descendentes de ucranianos em Jesu\u00edno\u00a0Marcondes, Prudent\u00f3polis\u00a0<span style=\"font-size: 12pt\">\u2013<\/span> PR<\/td>\n<td style=\"text-align: center\">\u00a0Prof. Dr. Alessandro de Melo<\/td>\n<td style=\"text-align: center\"><a href=\"http:\/\/tede.unicentro.br:8080\/jspui\/handle\/jspui\/853\" target=\"_blank\" rel=\"noopener\"><img loading=\"lazy\" decoding=\"async\" class=\"alignnone\" src=\"http:\/\/www2.unicentro.br\/ppge\/files\/2016\/06\/d-pdf-100x100.png\" alt=\"\" width=\"30\" height=\"30\" \/><\/a><\/td>\n<\/tr>\n<tr>\n<td style=\"text-align: center\">\u00a0Mar\u00edlia Dalla Vecchia Kaczmarek<\/td>\n<td style=\"text-align: center\">REPRESENTA\u00c7\u00c3O SOCIAL DE QUEST\u00d5ES\u00a0\u00c9TNICO-RACIAIS EM LIVROS DID\u00c1TICOS DE HIST\u00d3RIA<\/td>\n<td style=\"text-align: center\">\u00a0Prof\u00aa. Dr\u00aa. Cibele Krause Lemke<\/td>\n<td style=\"text-align: center\"><a href=\"http:\/\/tede.unicentro.br:8080\/jspui\/bitstream\/jspui\/854\/2\/MAR%C3%8DLIA%20DALLA%20VECCKIA%20KACZMAREK.pdf\" target=\"_blank\" rel=\"noopener\"><img loading=\"lazy\" decoding=\"async\" class=\"alignnone\" src=\"http:\/\/www2.unicentro.br\/ppge\/files\/2016\/06\/d-pdf-100x100.png\" alt=\"\" width=\"30\" height=\"30\" \/><\/a><\/td>\n<\/tr>\n<tr style=\"background-color: #c4c4c4\">\n<td style=\"text-align: center\">\u00a0Maristela Aparecida Nunes<\/td>\n<td style=\"text-align: center\">DO SIL\u00caNCIO \u00c0S VOZES: a biblioteca escolar sob o ponto de vista das crian\u00e7as<\/td>\n<td style=\"text-align: center\">Prof\u00aa. Dr\u00aa. Aliandra Cristina Mesomo Lira<\/td>\n<td style=\"text-align: center\"><a href=\"http:\/\/tede.unicentro.br:8080\/jspui\/bitstream\/jspui\/855\/2\/MARISTELA%20APARECIDA%20NUNES.pdf\" target=\"_blank\" rel=\"noopener\"><img loading=\"lazy\" decoding=\"async\" class=\"alignnone\" src=\"http:\/\/www2.unicentro.br\/ppge\/files\/2016\/06\/d-pdf-100x100.png\" alt=\"\" width=\"30\" height=\"30\" \/><\/a><\/td>\n<\/tr>\n<tr>\n<td style=\"text-align: center\">\u00a0Paulino Hykavei Junior<\/td>\n<td style=\"text-align: center\">O COTIDIANO DA ESCOLA DE EDUCA\u00c7\u00c3O ESPECIAL: pensamentos e pr\u00e1ticas dentro da institui\u00e7\u00e3o<\/td>\n<td style=\"text-align: center\">\u00a0Prof. Dr. Gilmar de Carvalho Cruz<\/td>\n<td style=\"text-align: center\"><a href=\"http:\/\/tede.unicentro.br:8080\/jspui\/bitstream\/jspui\/856\/2\/PAULINO%20HYKAVEI%20JUNIOR.pdf\" target=\"_blank\" rel=\"noopener\"><img loading=\"lazy\" decoding=\"async\" class=\"alignnone\" src=\"http:\/\/www2.unicentro.br\/ppge\/files\/2016\/06\/d-pdf-100x100.png\" alt=\"\" width=\"30\" height=\"30\" \/><\/a><\/td>\n<\/tr>\n<tr style=\"background-color: #c4c4c4\">\n<td style=\"text-align: center\">Rayane Regina Scheidt Gasparelo<\/td>\n<td style=\"text-align: center\">POL\u00cdTICAS P\u00daBLICAS DE FORMA\u00c7\u00c3O<br \/>\nCONTINUADA: o Programa de Desenvolvimento Educacional (PDE) no\u00a0Estado do Paran\u00e1 e a forma\u00e7\u00e3o dos profissionais da educa\u00e7\u00e3o no\u00a0\u00e2mbito da gest\u00e3o escolar<\/td>\n<td style=\"text-align: center\">Prof\u00aa. Dr\u00aa. Marisa Schneckenberg<\/td>\n<td style=\"text-align: center\"><a href=\"http:\/\/tede.unicentro.br:8080\/jspui\/bitstream\/jspui\/857\/2\/RAYANE%20REGINA%20SCHEIDT%20GASPARELO.pdf\" target=\"_blank\" rel=\"noopener\"><img loading=\"lazy\" decoding=\"async\" class=\"alignnone\" src=\"http:\/\/www2.unicentro.br\/ppge\/files\/2016\/06\/d-pdf-100x100.png\" alt=\"\" width=\"30\" height=\"30\" \/><\/a><\/td>\n<\/tr>\n<tr>\n<td style=\"text-align: center\">Rodrigo Evaristo Prestes<\/td>\n<td style=\"text-align: center\">UM \u201cTEMPLO DA CIVILIZA\u00c7\u00c3O\u201d NO \u201cCORA\u00c7\u00c3O DO PARAN\u00c1\u201d: o grupo escolar\u00a0Visconde de Guarapuava (1912-1942) visto a partir da imprensa<\/td>\n<td style=\"text-align: center\">Prof. Dr. Carlos Herold J\u00fanior<\/td>\n<td style=\"text-align: center\"><a href=\"http:\/\/tede.unicentro.br:8080\/jspui\/bitstream\/jspui\/858\/2\/RODRIGO%20EVARISTO%20PRESTES.pdf\" target=\"_blank\" rel=\"noopener\"><img loading=\"lazy\" decoding=\"async\" class=\"alignnone\" src=\"http:\/\/www2.unicentro.br\/ppge\/files\/2016\/06\/d-pdf-100x100.png\" alt=\"\" width=\"30\" height=\"30\" \/><\/a><\/td>\n<\/tr>\n<tr style=\"background-color: #c4c4c4\">\n<td style=\"text-align: center\">\u00a0Rosa Maria Cavalheiro<\/td>\n<td style=\"text-align: center\">A TRAJET\u00d3RIA DA EDUCA\u00c7\u00c3O ESCOLAR E A REAFIRMA\u00c7\u00c3O\u00a0DOS SABERES IND\u00cdGENAS NA ALDEIA KAINGANG DA TERRA IND\u00cdGENA DE\u00a0MARRECAS<\/td>\n<td style=\"text-align: center\">Prof. Dr. Jefferson Olivatto da Silva<\/td>\n<td style=\"text-align: center\"><a href=\"http:\/\/tede.unicentro.br:8080\/jspui\/bitstream\/jspui\/867\/2\/ROSA%20MARIA%20CAVALHEIRO.pdf\" target=\"_blank\" rel=\"noopener\"><img loading=\"lazy\" decoding=\"async\" class=\"alignnone\" src=\"http:\/\/www2.unicentro.br\/ppge\/files\/2016\/06\/d-pdf-100x100.png\" alt=\"\" width=\"30\" height=\"30\" \/><\/a><\/td>\n<\/tr>\n<tr>\n<td style=\"text-align: center\">\u00a0Rosemeri Ruppel Stadler<\/td>\n<td style=\"text-align: center\">INVESTIGA\u00c7\u00c3O DO RACIOC\u00cdNIO L\u00d3GICO MATEM\u00c1TICO DE ALUNOS COM ALTAS HABILIDADES\/SUPERDOTA\u00c7\u00c3O PRESENTES NA SALA DE RECURSOS MULTIFUNCIONAL, TIPO I<\/td>\n<td style=\"text-align: center\">\u00a0Prof\u00aa. Dr\u00aa. Carla Luciane Blum Vestena<\/td>\n<td style=\"text-align: center\"><a href=\"http:\/\/tede.unicentro.br:8080\/jspui\/bitstream\/jspui\/868\/2\/ROSEMERI%20RUPPEL%20STADLER.pdf\" target=\"_blank\" rel=\"noopener\"><img loading=\"lazy\" decoding=\"async\" class=\"alignnone\" src=\"http:\/\/www2.unicentro.br\/ppge\/files\/2016\/06\/d-pdf-100x100.png\" alt=\"\" width=\"30\" height=\"30\" \/><\/a><\/td>\n<\/tr>\n<tr style=\"background-color: #c4c4c4\">\n<td style=\"text-align: center\">\u00a0Samuel Antoszczyszen<\/td>\n<td style=\"text-align: center\">O QUE PENSAM OS PROFESSORES E PROFISSIONAIS DA\u00a0EQUIPE DE AVALIA\u00c7\u00c3O SOBRE O DIAGN\u00d3STICO E AS PR\u00c1TICA DE\u00a0ALFABETIZA\u00c7\u00c3O DE CRIAN\u00c7AS COM TDAH<\/td>\n<td style=\"text-align: center\">Prof\u00aa. Dr\u00aa. J\u00e1ima Pinheiro de Oliveira<\/td>\n<td style=\"text-align: center\"><a href=\"http:\/\/tede.unicentro.br:8080\/jspui\/bitstream\/jspui\/869\/2\/SAMUEL%20ANTOSZCZYSZEN.pdf\" target=\"_blank\" rel=\"noopener\"><img loading=\"lazy\" decoding=\"async\" class=\"alignnone\" src=\"http:\/\/www2.unicentro.br\/ppge\/files\/2016\/06\/d-pdf-100x100.png\" alt=\"\" width=\"30\" height=\"30\" \/><\/a><\/td>\n<\/tr>\n<tr>\n<td style=\"text-align: center\">\u00a0Silvana Aparecida Loch<\/td>\n<td style=\"text-align: center\">POL\u00cdTICAS DE CURR\u00cdCULO PARA A DISCIPLINA DE L\u00cdNGUA PORTUGUESA NAS ESCOLAS ESTADUAIS DO PARAN\u00c1 (1987 A 2016)<\/td>\n<td style=\"text-align: center\">Prof\u00aa. Dr\u00aa. Marlene Lucia Siebert Sapelli<\/td>\n<td style=\"text-align: center\"><a href=\"http:\/\/tede.unicentro.br:8080\/jspui\/bitstream\/jspui\/870\/2\/SILVANA%20APARECIDA%20LOCH.pdf\" target=\"_blank\" rel=\"noopener\"><img loading=\"lazy\" decoding=\"async\" class=\"alignnone\" src=\"http:\/\/www2.unicentro.br\/ppge\/files\/2016\/06\/d-pdf-100x100.png\" alt=\"\" width=\"30\" height=\"30\" \/><\/a><\/td>\n<\/tr>\n<tr style=\"background-color: #c4c4c4\">\n<td style=\"text-align: center\">\u00a0Suzamara Weber<\/td>\n<td style=\"text-align: center\">POL\u00cdTICAS DE CURR\u00cdCULO PARA A DISCIPLINA DE ARTE, NA REDE\u00a0ESTADUAL DE ENSINO DO PARAN\u00c1: do final dos anos 1980 A 2015<\/td>\n<td style=\"text-align: center\">\u00a0Prof\u00aa. Dr\u00aa. Marlene Lucia Siebert Sapelli<\/td>\n<td style=\"text-align: center\"><a href=\"http:\/\/tede.unicentro.br:8080\/jspui\/bitstream\/jspui\/871\/2\/SUZAMARA%20WEBER.pdf\" target=\"_blank\" rel=\"noopener\"><img loading=\"lazy\" decoding=\"async\" class=\"alignnone\" src=\"http:\/\/www2.unicentro.br\/ppge\/files\/2016\/06\/d-pdf-100x100.png\" alt=\"\" width=\"30\" height=\"30\" \/><\/a><\/td>\n<\/tr>\n<tr>\n<td style=\"text-align: center\">\u00a0Tha\u00eds Egler de Paula<\/td>\n<td style=\"text-align: center\">AS RELA\u00c7\u00d5ES \u00c9TNICO-RACIAIS DISCUTIDAS NA FORMA\u00c7\u00c3O INICIAL DE PROFESSORES DE N\u00cdVEL M\u00c9DIO, NO MUNIC\u00cdPIO DE PITANGA \u2013 PR, POR MEIO DO TEATRO- F\u00d3RUM<\/td>\n<td style=\"text-align: center\">Prof\u00aa. Dr\u00aa. Margarida Gandara Rauen<\/td>\n<td style=\"text-align: center\"><a href=\"http:\/\/tede.unicentro.br:8080\/jspui\/bitstream\/jspui\/872\/2\/THA%C3%8DS%20EGLER%20DE%20PAULA.pdf\" target=\"_blank\" rel=\"noopener\"><img loading=\"lazy\" decoding=\"async\" class=\"alignnone\" src=\"http:\/\/www2.unicentro.br\/ppge\/files\/2016\/06\/d-pdf-100x100.png\" alt=\"\" width=\"30\" height=\"30\" \/><\/a><\/td>\n<\/tr>\n<\/tbody>\n<\/table>\n","protected":false},"excerpt":{"rendered":"<p>&nbsp; AUTOR(A) T\u00cdTULO ORIENTADOR(A) DISSERTA\u00c7\u00c3O Adriana de Oliveira Correia Brustolim FORMA\u00c7\u00c3O DE PROFESSORES E NOVAS\u00a0TECNOLOGIAS: uma media\u00e7\u00e3o poss\u00edvel ? Prof\u00aa. Dr\u00aa. Jamile Santinello Alessandra Lopes de Oliveira A FORMA\u00c7\u00c3O DE DOCENTES PARA A EDUCA\u00c7\u00c3O DAS RELA\u00c7\u00d5ES \u00c9TNICO-RACIAIS NO MUNIC\u00cdPIO DE PITANGA\/PR: percursos da Lei 10.639\/03 Prof. Dr. Jefferson Olivatto da Silva Alessandro Santos Mariano ENSAIOS [&hellip;]<\/p>\n","protected":false},"author":2,"featured_media":0,"parent":0,"menu_order":0,"comment_status":"closed","ping_status":"closed","template":"","meta":{"_exactmetrics_skip_tracking":false,"_exactmetrics_sitenote_active":false,"_exactmetrics_sitenote_note":"","_exactmetrics_sitenote_category":0,"ngg_post_thumbnail":0,"footnotes":"","_links_to":"","_links_to_target":""},"class_list":["post-1942","page","type-page","status-publish","hentry"],"publishpress_future_action":{"enabled":false,"date":"2026-04-17 10:20:52","action":"change-status","newStatus":"draft","terms":[],"taxonomy":"","extraData":[]},"publishpress_future_workflow_manual_trigger":{"enabledWorkflows":[]},"_links":{"self":[{"href":"https:\/\/www2.unicentro.br\/ppge\/wp-json\/wp\/v2\/pages\/1942","targetHints":{"allow":["GET"]}}],"collection":[{"href":"https:\/\/www2.unicentro.br\/ppge\/wp-json\/wp\/v2\/pages"}],"about":[{"href":"https:\/\/www2.unicentro.br\/ppge\/wp-json\/wp\/v2\/types\/page"}],"author":[{"embeddable":true,"href":"https:\/\/www2.unicentro.br\/ppge\/wp-json\/wp\/v2\/users\/2"}],"replies":[{"embeddable":true,"href":"https:\/\/www2.unicentro.br\/ppge\/wp-json\/wp\/v2\/comments?post=1942"}],"version-history":[{"count":65,"href":"https:\/\/www2.unicentro.br\/ppge\/wp-json\/wp\/v2\/pages\/1942\/revisions"}],"predecessor-version":[{"id":3529,"href":"https:\/\/www2.unicentro.br\/ppge\/wp-json\/wp\/v2\/pages\/1942\/revisions\/3529"}],"wp:attachment":[{"href":"https:\/\/www2.unicentro.br\/ppge\/wp-json\/wp\/v2\/media?parent=1942"}],"curies":[{"name":"wp","href":"https:\/\/api.w.org\/{rel}","templated":true}]}}