{"id":1939,"date":"2016-04-19T17:21:56","date_gmt":"2016-04-19T19:21:56","guid":{"rendered":"http:\/\/www2.unicentro.br\/ppge\/?page_id=1939"},"modified":"2017-11-22T16:15:09","modified_gmt":"2017-11-22T18:15:09","slug":"dissertacoes-2015","status":"publish","type":"page","link":"https:\/\/www2.unicentro.br\/ppge\/dissertacoes-2015\/","title":{"rendered":"Disserta\u00e7\u00f5es 2015"},"content":{"rendered":"<p>&nbsp;<\/p>\n<table style=\"width: 100%\">\n<tbody>\n<tr style=\"background-color: #c4c4c4\">\n<td style=\"text-align: center\"><strong>AUTOR(A)<\/strong><\/td>\n<td style=\"text-align: center\"><strong>T\u00cdTULO<\/strong><\/td>\n<td style=\"text-align: center\"><strong>ORIENTADOR(A)<\/strong><\/td>\n<td style=\"text-align: center\"><strong>DISSERTA\u00c7\u00c3O<\/strong><\/td>\n<\/tr>\n<tr>\n<td style=\"text-align: center\">Bernadete de F\u00e1tima Bastos Valentim<\/td>\n<td style=\"text-align: center\">AN\u00c1LISE DA NO\u00c7\u00c3O DE JUSTI\u00c7A EM ESTUDANTES COM ALTAS HABILIDADES\/SUPERDOTA\u00c7\u00c3O:&nbsp;uma contribui\u00e7\u00e3o educacional<\/td>\n<td style=\"text-align: center\">Prof\u00aa. Dr\u00aa. Carla Luciane Blum Vestena<\/td>\n<td style=\"text-align: center\"><a href=\"http:\/\/tede.unicentro.br:8080\/jspui\/bitstream\/tede\/366\/1\/PR%20BERNADETE%20DE%20FATIMA%20BASTOS%20VALENTIM.pdf\" target=\"_blank\" rel=\"noopener\"><img loading=\"lazy\" decoding=\"async\" class=\"alignnone\" src=\"http:\/\/www2.unicentro.br\/ppge\/files\/2016\/06\/d-pdf-100x100.png\" alt=\"\" width=\"30\" height=\"30\"><\/a><\/td>\n<\/tr>\n<tr style=\"background-color: #c4c4c4\">\n<td style=\"text-align: center\">Carla Maria de Schipper<\/td>\n<td style=\"text-align: center\">O PROCESSO DE CONSTRU\u00c7\u00c3O DA MORAL E DA COGNI\u00c7\u00c3O DE CRIAN\u00c7AS COM DEFICI\u00caNCIA INTELECTUAL:&nbsp;ind\u00edcios de interfer\u00eancias escolares<\/td>\n<td style=\"text-align: center\">Prof\u00aa. Dr\u00aa. Carla Luciane Blum Vestena<\/td>\n<td style=\"text-align: center\"><a href=\"http:\/\/tede.unicentro.br:8080\/jspui\/bitstream\/tede\/367\/1\/PR%20CARLA%20MARIA%20DE%20SCHIPPER.pdf\" target=\"_blank\" rel=\"noopener\"><img loading=\"lazy\" decoding=\"async\" class=\"alignnone\" src=\"http:\/\/www2.unicentro.br\/ppge\/files\/2016\/06\/d-pdf-100x100.png\" alt=\"\" width=\"30\" height=\"30\"><\/a><\/td>\n<\/tr>\n<tr>\n<td style=\"text-align: center\">&nbsp;Cec\u00edlia Rafaelly de Oliveira Rutkoski<\/td>\n<td style=\"text-align: center\">A DIMENS\u00c3O CULTURAL DO PROCESSO DE INCLUS\u00c3O: uma&nbsp;an\u00e1lise a partir&nbsp;da identidade do professor<\/td>\n<td style=\"text-align: center\">Prof. Dr. Jefferson Olivatto da Silva<\/td>\n<td style=\"text-align: center\"><a href=\"http:\/\/tede.unicentro.br:8080\/jspui\/bitstream\/tede\/368\/1\/PR%20CECILIA%20RAFAELLY%20DE%20OLIVEIRA%20RUTKOSKI.pdf\" target=\"_blank\" rel=\"noopener\"><img loading=\"lazy\" decoding=\"async\" class=\"alignnone\" src=\"http:\/\/www2.unicentro.br\/ppge\/files\/2016\/06\/d-pdf-100x100.png\" alt=\"\" width=\"30\" height=\"30\"><\/a><\/td>\n<\/tr>\n<tr style=\"background-color: #c4c4c4\">\n<td style=\"text-align: center\">&nbsp;Claudin\u00e9ia Schinemann<\/td>\n<td style=\"text-align: center\">O MOVIMENTO ESTUDANTIL SECUNDARISTA EM GUARAPUAVA DURANTE A DITADURA CIVIL-MILITAR BRASILEIRA<\/td>\n<td style=\"text-align: center\">Prof. Dr. Carlos Herold Junior<\/td>\n<td style=\"text-align: center\"><a href=\"http:\/\/tede.unicentro.br:8080\/jspui\/bitstream\/jspui\/830\/2\/CLAUDIN%C3%89IA%20SCHINEMANN.pdf\" target=\"_blank\" rel=\"noopener\"><img loading=\"lazy\" decoding=\"async\" class=\"alignnone\" src=\"http:\/\/www2.unicentro.br\/ppge\/files\/2016\/06\/d-pdf-100x100.png\" alt=\"\" width=\"30\" height=\"30\"><\/a><\/td>\n<\/tr>\n<tr>\n<td style=\"text-align: center\">&nbsp;Daniel Donato Piasecki<\/td>\n<td style=\"text-align: center\">O CUIDADO DE SI COMO PRINC\u00cdPIO EDUCATIVO PARA O ENSINO DE FILOSOFIA NO ENSINO M\u00c9DIO<\/td>\n<td style=\"text-align: center\">Prof. Dr. Alessandro de Melo<\/td>\n<td style=\"text-align: center\"><a href=\"http:\/\/tede.unicentro.br:8080\/jspui\/bitstream\/jspui\/831\/2\/DANIEL%20DONATO%20PIASECKI.pdf\" target=\"_blank\" rel=\"noopener\"><img loading=\"lazy\" decoding=\"async\" class=\"alignnone\" src=\"http:\/\/www2.unicentro.br\/ppge\/files\/2016\/06\/d-pdf-100x100.png\" alt=\"\" width=\"30\" height=\"30\"><\/a><\/td>\n<\/tr>\n<tr style=\"background-color: #c4c4c4\">\n<td style=\"text-align: center\">&nbsp;Edaniele Cristine Machado do Nascimento<\/td>\n<td style=\"text-align: center\">A ROTINA COM BEB\u00caS E CRIAN\u00c7AS BEM PEQUENAS NOS CENTROS MUNICIPAIS DE EDUCA\u00c7\u00c3O INFANTIL DE GUARAPUAVA-PR: invisibilidades e silenciamentos<\/td>\n<td style=\"text-align: center\">Prof\u00aa. Dr\u00aa. Aliandra Cristina Mesomo Lira<\/td>\n<td style=\"text-align: center\"><a href=\"http:\/\/tede.unicentro.br:8080\/jspui\/bitstream\/jspui\/832\/2\/EDANIELE%20CRISTINE%20MACHADO%20DO%20NASCIMENTO.pdf\" target=\"_blank\" rel=\"noopener\"><img loading=\"lazy\" decoding=\"async\" class=\"alignnone\" src=\"http:\/\/www2.unicentro.br\/ppge\/files\/2016\/06\/d-pdf-100x100.png\" alt=\"\" width=\"30\" height=\"30\"><\/a><\/td>\n<\/tr>\n<tr>\n<td style=\"text-align: center\">&nbsp;Fabio Augusto Gomes<\/td>\n<td style=\"text-align: center\">&nbsp;PEDAGOGIA DO \u00d3BVIO: uma an\u00e1lise Chomskyana para a educa\u00e7\u00e3o<\/td>\n<td style=\"text-align: center\">Prof. Dr. Alessandro de Melo<\/td>\n<td style=\"text-align: center\"><a href=\"http:\/\/tede.unicentro.br:8080\/jspui\/bitstream\/jspui\/833\/2\/FABIO%20AUGUSTO%20GOMES.pdf\" target=\"_blank\" rel=\"noopener\"><img loading=\"lazy\" decoding=\"async\" class=\"alignnone\" src=\"http:\/\/www2.unicentro.br\/ppge\/files\/2016\/06\/d-pdf-100x100.png\" alt=\"\" width=\"30\" height=\"30\"><\/a><\/td>\n<\/tr>\n<tr style=\"background-color: #c4c4c4\">\n<td style=\"text-align: center\">Francine Cordeiro Bobato<\/td>\n<td style=\"text-align: center\">POL\u00cdTICAS DE FORMA\u00c7\u00c3O INICIAL DE PROFESSORES PARA OS PRIMEIROS ANOS NO BRASIL E NA ARGENTINA: um estudo comparado<\/td>\n<td style=\"text-align: center\">&nbsp;Prof\u00aa. Dr\u00aa. Marisa Schneckenberg<\/td>\n<td style=\"text-align: center\"><a href=\"http:\/\/tede.unicentro.br:8080\/jspui\/bitstream\/jspui\/834\/2\/FRANCINE%20CORDEIRO%20BOBATO.pdf\" target=\"_blank\" rel=\"noopener\"><img loading=\"lazy\" decoding=\"async\" class=\"alignnone\" src=\"http:\/\/www2.unicentro.br\/ppge\/files\/2016\/06\/d-pdf-100x100.png\" alt=\"\" width=\"30\" height=\"30\"><\/a><\/td>\n<\/tr>\n<tr>\n<td style=\"text-align: center\">Jossiane Carla Bernar Luviza<\/td>\n<td style=\"text-align: center\">REPRESENTA\u00c7\u00d5ES SOCIAIS DE ALUNOS-PROFESSORES SOBRE L\u00cdNGUA(S) E CULTURA(S) NO EST\u00c1GIO SUPERVISIONADO DE INGL\u00caS<\/td>\n<td style=\"text-align: center\">&nbsp;Prof\u00aa. Dr\u00aa.&nbsp;Cibele Krause Lemke<\/td>\n<td style=\"text-align: center\"><a href=\"http:\/\/tede.unicentro.br:8080\/jspui\/bitstream\/jspui\/835\/2\/JOSSIANE%20CARLA%20BERNAR%20LUVIZA.pdf\" target=\"_blank\" rel=\"noopener\"><img loading=\"lazy\" decoding=\"async\" class=\"alignnone\" src=\"http:\/\/www2.unicentro.br\/ppge\/files\/2016\/06\/d-pdf-100x100.png\" alt=\"\" width=\"30\" height=\"30\"><\/a><\/td>\n<\/tr>\n<tr style=\"background-color: #c4c4c4\">\n<td style=\"text-align: center\">&nbsp;Maria Amelia Ingles<\/td>\n<td style=\"text-align: center\">AS POL\u00cdTICAS EDUCACIONAIS INCLUSIVAS E A FORMA\u00c7\u00c3O DE PROFESSORES PARA A INCLUS\u00c3O NO CURSO DE LICENCIATURA EM LETRAS\/PORTUGU\u00caS DA UNICENTRO\/IRATI<\/td>\n<td style=\"text-align: center\">Prof\u00aa. Dr\u00aa. Marisa Schneckenberg<\/td>\n<td style=\"text-align: center\"><a href=\"http:\/\/tede.unicentro.br:8080\/jspui\/bitstream\/tede\/370\/1\/PR%20MARIA%20AMELIA%20INGLES.pdf\" target=\"_blank\" rel=\"noopener\"><img loading=\"lazy\" decoding=\"async\" class=\"alignnone\" src=\"http:\/\/www2.unicentro.br\/ppge\/files\/2016\/06\/d-pdf-100x100.png\" alt=\"\" width=\"30\" height=\"30\"><\/a><\/td>\n<\/tr>\n<tr>\n<td style=\"text-align: center\">Mariclaudia Aparecida de Abreu<\/td>\n<td style=\"text-align: center\">O PROCESSO DE NUCLEARIZA\u00c7\u00c3O DAS ESCOLAS RURAIS ISOLADAS E MULTISSERIADAS: uma an\u00e1lise a partir do&nbsp;munic\u00edpio de Cand\u00f3i-PR, no per\u00edodo de 1993 a 2000<\/td>\n<td style=\"text-align: center\">Prof. Dr. Carlos Herold Junior<\/td>\n<td style=\"text-align: center\"><a href=\"http:\/\/tede.unicentro.br:8080\/jspui\/bitstream\/tede\/371\/1\/PR%20MARICLAUDIA%20APARECIDA%20DE%20ABREU.pdf\" target=\"_blank\" rel=\"noopener\"><img loading=\"lazy\" decoding=\"async\" class=\"alignnone\" src=\"http:\/\/www2.unicentro.br\/ppge\/files\/2016\/06\/d-pdf-100x100.png\" alt=\"\" width=\"30\" height=\"30\"><\/a><\/td>\n<\/tr>\n<tr style=\"background-color: #c4c4c4\">\n<td style=\"text-align: center\">&nbsp;Michele Hirsch de Medeiros<\/td>\n<td style=\"text-align: center\">&nbsp;O BRINCAR NO PRIMEIRO ANO DO ENSINO FUNDAMENTAL: expectativas, (in)compreens\u00f5es e aus\u00eancias<\/td>\n<td style=\"text-align: center\">Prof\u00aa. Dr\u00aa. Aliandra Cristina Mesomo Lira<\/td>\n<td style=\"text-align: center\"><a href=\"http:\/\/tede.unicentro.br:8080\/jspui\/bitstream\/tede\/372\/1\/PR%20MICHELE%20HIRSCH%20DE%20MEDEIROS.pdf\" target=\"_blank\" rel=\"noopener\"><img loading=\"lazy\" decoding=\"async\" class=\"alignnone\" src=\"http:\/\/www2.unicentro.br\/ppge\/files\/2016\/06\/d-pdf-100x100.png\" alt=\"\" width=\"30\" height=\"30\"><\/a><\/td>\n<\/tr>\n<tr>\n<td style=\"text-align: center\">Patricia Neumann<\/td>\n<td style=\"text-align: center\">O SENTIDO SIMB\u00d3LICO DAS ATITUDES EMOCIONAIS NA EXPERI\u00caNCIA EDUCATIVA EM JOHN DEWEY: uma perspectiva dos&nbsp;afetos na educa\u00e7\u00e3o<\/td>\n<td style=\"text-align: center\">&nbsp;Prof. Dr. Emerson Lu\u00eds Velozo<\/td>\n<td style=\"text-align: center\"><a href=\"http:\/\/tede.unicentro.br:8080\/jspui\/bitstream\/tede\/373\/1\/PR%20PATRICIA%20NEUMANN.pdf\" target=\"_blank\" rel=\"noopener\"><img loading=\"lazy\" decoding=\"async\" class=\"alignnone\" src=\"http:\/\/www2.unicentro.br\/ppge\/files\/2016\/06\/d-pdf-100x100.png\" alt=\"\" width=\"30\" height=\"30\"><\/a><\/td>\n<\/tr>\n<tr style=\"background-color: #c4c4c4\">\n<td style=\"text-align: center\">Simone Maria de Bastos Nascimento<\/td>\n<td style=\"text-align: center\">O PROFISSIONAL DA EDUCA\u00c7\u00c3O INFANTIL E OS CURSOS DE LICENCIATURA: desencontros na forma\u00e7\u00e3o inicial<\/td>\n<td style=\"text-align: center\">&nbsp;Prof\u00aa. Dr\u00aa. Aliandra Cristina Mesomo Lira<\/td>\n<td style=\"text-align: center\"><a href=\"http:\/\/tede.unicentro.br:8080\/jspui\/bitstream\/jspui\/836\/2\/SIMONE%20MARIA%20DE%20BASTOS%20NASCIMENTO.pdf\" target=\"_blank\" rel=\"noopener\"><img loading=\"lazy\" decoding=\"async\" class=\"alignnone\" src=\"http:\/\/www2.unicentro.br\/ppge\/files\/2016\/06\/d-pdf-100x100.png\" alt=\"\" width=\"30\" height=\"30\"><\/a><\/td>\n<\/tr>\n<tr>\n<td style=\"text-align: center\">Tatiane Pecoraro<\/td>\n<td style=\"text-align: center\">DISCURSOS SOBRE RELA\u00c7\u00d5ES DE G\u00caNERO E DIVERSIDADE SEXUAL NA FORMA\u00c7\u00c3O DE PSIC\u00d3LOGAS(OS)<\/td>\n<td style=\"text-align: center\">Prof. Dr. Rafael Siqueira de Guimar\u00e3es<\/td>\n<td style=\"text-align: center\"><a href=\"http:\/\/tede.unicentro.br:8080\/jspui\/handle\/jspui\/839\" target=\"_blank\" rel=\"noopener\"><img loading=\"lazy\" decoding=\"async\" class=\"alignnone\" src=\"http:\/\/www2.unicentro.br\/ppge\/files\/2016\/06\/d-pdf-100x100.png\" alt=\"\" width=\"30\" height=\"30\"><\/a><\/td>\n<\/tr>\n<tr style=\"background-color: #c4c4c4\">\n<td style=\"text-align: center\">Vanessa Elisabete Raue Rodrigues<\/td>\n<td style=\"text-align: center\">A RELA\u00c7\u00c3O DA EDUCA\u00c7\u00c3O E DO TRABALHO NA PENITENCI\u00c1RIA INDUSTRIAL DE GUARAPUAVA: mudan\u00e7as e&nbsp;perman\u00eancias hist\u00f3ricas<\/td>\n<td style=\"text-align: center\">Prof. Dr. Carlos Herold Junior<\/td>\n<td style=\"text-align: center\"><a href=\"http:\/\/tede.unicentro.br:8080\/jspui\/bitstream\/tede\/375\/1\/PR%20VANESSA%20ELISABETE%20RAUE%20RODRIGUES.pdf\" target=\"_blank\" rel=\"noopener\"><img loading=\"lazy\" decoding=\"async\" class=\"alignnone\" src=\"http:\/\/www2.unicentro.br\/ppge\/files\/2016\/06\/d-pdf-100x100.png\" alt=\"\" width=\"30\" height=\"30\"><\/a><\/td>\n<\/tr>\n<tr>\n<td style=\"text-align: center\">Vania Galliciano<\/td>\n<td style=\"text-align: center\">CANDOMBL\u00c9, PR\u00c1TICAS EDUCATIVAS E AS RELA\u00c7\u00d5ES DE G\u00caNERO NO ESPA\u00c7O SOCIAL ONDE FILHAS E FILHOS DE SANTO APRENDEM E ENSINAM POR MEIO DA ORALIDADE<\/td>\n<td style=\"text-align: center\">Prof. Dr. Jefferson Olivatto da Silva<\/td>\n<td style=\"text-align: center\"><a href=\"http:\/\/tede.unicentro.br:8080\/jspui\/bitstream\/jspui\/840\/2\/VANIA%20GALLICIANO.pdf\" target=\"_blank\" rel=\"noopener\"><img loading=\"lazy\" decoding=\"async\" class=\"alignnone\" src=\"http:\/\/www2.unicentro.br\/ppge\/files\/2016\/06\/d-pdf-100x100.png\" alt=\"\" width=\"30\" height=\"30\"><\/a><\/td>\n<\/tr>\n<tr style=\"background-color: #c4c4c4\">\n<td style=\"text-align: center\">Vanize Bee Boldrini<\/td>\n<td style=\"text-align: center\">PROGRAMA MAIS EDUCA\u00c7\u00c3O: mais tempo de qu\u00ea?<\/td>\n<td style=\"text-align: center\">Prof\u00aa. Dr\u00aa. Marlene Lucia Siebert Sapelli<\/td>\n<td style=\"text-align: center\"><a href=\"http:\/\/tede.unicentro.br:8080\/jspui\/bitstream\/tede\/361\/1\/PR%20VANIZE%20BEE%20BOLDRINI.pdf\" target=\"_blank\" rel=\"noopener\"><img loading=\"lazy\" decoding=\"async\" class=\"alignnone\" src=\"http:\/\/www2.unicentro.br\/ppge\/files\/2016\/06\/d-pdf-100x100.png\" alt=\"\" width=\"30\" height=\"30\"><\/a><\/td>\n<\/tr>\n<tr>\n<td style=\"text-align: center\">Veninha Bortoluzzi Pereira<\/td>\n<td style=\"text-align: center\">CONCEP\u00c7\u00c3O POL\u00cdTICO-PEDAG\u00d3GICA PARA FORMA\u00c7\u00c3O DE PROFESSORES DO PROGRAMA AGRINHO:&nbsp;do campo \u00e0 cidade<\/td>\n<td style=\"text-align: center\">Prof\u00aa. Dr\u00aa. Angela Maria Hidalgo<\/td>\n<td style=\"text-align: center\"><a href=\"http:\/\/tede.unicentro.br:8080\/jspui\/bitstream\/tede\/376\/1\/PR%20VENINHA%20BORTOLUZZI%20PEREIRA.pdf\" target=\"_blank\" rel=\"noopener\"><img loading=\"lazy\" decoding=\"async\" class=\"alignnone\" src=\"http:\/\/www2.unicentro.br\/ppge\/files\/2016\/06\/d-pdf-100x100.png\" alt=\"\" width=\"30\" height=\"30\"><\/a><\/td>\n<\/tr>\n<tr style=\"background-color: #c4c4c4\">\n<td style=\"text-align: center\">Ver\u00f4nica Volski<\/td>\n<td style=\"text-align: center\">O JOGO EM JOGO: educa\u00e7\u00e3o das rela\u00e7\u00f5es \u00e9tnico-raciais e a compreens\u00e3o das regras por crian\u00e7as quilombolas<\/td>\n<td style=\"text-align: center\">Prof\u00aa. Dr\u00aa. Carla Luciane Blum Vestena<\/td>\n<td style=\"text-align: center\"><a href=\"http:\/\/tede.unicentro.br:8080\/jspui\/bitstream\/jspui\/841\/2\/VER%C3%94NICA%20VOLSKI.pdf\" target=\"_blank\" rel=\"noopener\"><img loading=\"lazy\" decoding=\"async\" class=\"alignnone\" src=\"http:\/\/www2.unicentro.br\/ppge\/files\/2016\/06\/d-pdf-100x100.png\" alt=\"\" width=\"30\" height=\"30\"><\/a><\/td>\n<\/tr>\n<tr>\n<td style=\"text-align: center\">Vilma dos Santos Milit\u00e3o de Campos<\/td>\n<td style=\"text-align: center\">A INSER\u00c7\u00c3O DA ESFERA PRIVADA NO \u00c2MBITO DA ESFERA P\u00daBLICA: uma an\u00e1lise da gest\u00e3o no Estado do Paran\u00e1&nbsp;no per\u00edodo de&nbsp;2003 a 2010<\/td>\n<td style=\"text-align: center\">Prof\u00aa. Dr\u00aa. Angela Maria Hidalgo<\/td>\n<td style=\"text-align: center\"><a href=\"http:\/\/tede.unicentro.br:8080\/jspui\/bitstream\/tede\/377\/1\/PR%20VILMA%20DOS%20SANTOS%20MILITAO%20DE%20CAMPOS.pdf\" target=\"_blank\" rel=\"noopener\"><img loading=\"lazy\" decoding=\"async\" class=\"alignnone\" src=\"http:\/\/www2.unicentro.br\/ppge\/files\/2016\/06\/d-pdf-100x100.png\" alt=\"\" width=\"30\" height=\"30\"><\/a><\/td>\n<\/tr>\n<\/tbody>\n<\/table>\n","protected":false},"excerpt":{"rendered":"<p>&nbsp; AUTOR(A) T\u00cdTULO ORIENTADOR(A) DISSERTA\u00c7\u00c3O Bernadete de F\u00e1tima Bastos Valentim AN\u00c1LISE DA NO\u00c7\u00c3O DE JUSTI\u00c7A EM ESTUDANTES COM ALTAS HABILIDADES\/SUPERDOTA\u00c7\u00c3O:&nbsp;uma contribui\u00e7\u00e3o educacional Prof\u00aa. Dr\u00aa. Carla Luciane Blum Vestena Carla Maria de Schipper O PROCESSO DE CONSTRU\u00c7\u00c3O DA MORAL E DA COGNI\u00c7\u00c3O DE CRIAN\u00c7AS COM DEFICI\u00caNCIA INTELECTUAL:&nbsp;ind\u00edcios de interfer\u00eancias escolares Prof\u00aa. Dr\u00aa. Carla Luciane Blum Vestena [&hellip;]<\/p>\n","protected":false},"author":2,"featured_media":0,"parent":0,"menu_order":0,"comment_status":"closed","ping_status":"closed","template":"","meta":{"_exactmetrics_skip_tracking":false,"_exactmetrics_sitenote_active":false,"_exactmetrics_sitenote_note":"","_exactmetrics_sitenote_category":0,"ngg_post_thumbnail":0,"footnotes":"","_links_to":"","_links_to_target":""},"class_list":["post-1939","page","type-page","status-publish","hentry"],"publishpress_future_action":{"enabled":false,"date":"2026-04-17 11:47:37","action":"change-status","newStatus":"draft","terms":[],"taxonomy":"","extraData":[]},"publishpress_future_workflow_manual_trigger":{"enabledWorkflows":[]},"_links":{"self":[{"href":"https:\/\/www2.unicentro.br\/ppge\/wp-json\/wp\/v2\/pages\/1939","targetHints":{"allow":["GET"]}}],"collection":[{"href":"https:\/\/www2.unicentro.br\/ppge\/wp-json\/wp\/v2\/pages"}],"about":[{"href":"https:\/\/www2.unicentro.br\/ppge\/wp-json\/wp\/v2\/types\/page"}],"author":[{"embeddable":true,"href":"https:\/\/www2.unicentro.br\/ppge\/wp-json\/wp\/v2\/users\/2"}],"replies":[{"embeddable":true,"href":"https:\/\/www2.unicentro.br\/ppge\/wp-json\/wp\/v2\/comments?post=1939"}],"version-history":[{"count":70,"href":"https:\/\/www2.unicentro.br\/ppge\/wp-json\/wp\/v2\/pages\/1939\/revisions"}],"predecessor-version":[{"id":2858,"href":"https:\/\/www2.unicentro.br\/ppge\/wp-json\/wp\/v2\/pages\/1939\/revisions\/2858"}],"wp:attachment":[{"href":"https:\/\/www2.unicentro.br\/ppge\/wp-json\/wp\/v2\/media?parent=1939"}],"curies":[{"name":"wp","href":"https:\/\/api.w.org\/{rel}","templated":true}]}}