{"id":1911,"date":"2016-03-21T11:43:56","date_gmt":"2016-03-21T13:43:56","guid":{"rendered":"http:\/\/www2.unicentro.br\/ppge\/?page_id=1911"},"modified":"2025-06-16T15:13:52","modified_gmt":"2025-06-16T18:13:52","slug":"informacion","status":"publish","type":"page","link":"https:\/\/www2.unicentro.br\/ppge\/informacion\/","title":{"rendered":"Sele\u00e7\u00e3o"},"content":{"rendered":"<div class=\"expandir\">\n<span class=\"collapseomatic \" id=\"id69d8f93409cdf\" rel=\"animal-highlander\" tabindex=\"0\" title=\"Processo de Sele\u00e7\u00e3o Para Discentes Regulares\"    >Processo de Sele\u00e7\u00e3o Para Discentes Regulares<\/span><div id=\"target-id69d8f93409cdf\" class=\"collapseomatic_content \">\n<p><span style=\"line-height: 1.5em\">O processo de sele\u00e7\u00e3o para\u00a0aluno regular\u00a0ocorre anualmente, obedecendo aos crit\u00e9rios de sele\u00e7\u00e3o estipulados no Regulamento do Programa e Edital de abertura de inscri\u00e7\u00e3o.<\/span><\/p>\n<p>O aluno aprovado em processo de sele\u00e7\u00e3o deve cursar todas as disciplinas que forem indicadas pelo orientador e atender \u00e0s normas vigentes para obten\u00e7\u00e3o do T\u00edtulo de Mestre ou Doutor em Educa\u00e7\u00e3o.<\/p>\n<\/div>\n<\/div>\n<div class=\"expandir\">\n<span class=\"collapseomatic \" id=\"id69d8f93409d44\" rel=\"animal-highlander\" tabindex=\"0\" title=\"Processo de Sele\u00e7\u00e3o Para Discentes N\u00e3o Regulares\"    >Processo de Sele\u00e7\u00e3o Para Discentes N\u00e3o Regulares<\/span><div id=\"target-id69d8f93409d44\" class=\"collapseomatic_content \">\n<p>O\/A discente n\u00e3o-regular poder\u00e1 cursar at\u00e9 duas disciplinas do Curso anualmente, sendo limitado a uma por semestre.<br \/>\nEm caso de aprova\u00e7\u00e3o em processo como discente regular, poder\u00e1 solicitar aproveitamento dos cr\u00e9ditos cursados.<br \/>\nA inscri\u00e7\u00e3o para sele\u00e7\u00e3o e matr\u00edcula para aluno n\u00e3o-regular ocorre semestralmente, ap\u00f3s a matr\u00edcula dos alunos regulares, obedecendo aos crit\u00e9rios estipulados no Regulamento do Programa e Edital espec\u00edfico.<\/p>\n<ul>\n<li><span style=\"color: #800000\"><a style=\"color: #800000\" href=\"https:\/\/www2.unicentro.br\/ppge\/files\/2025\/04\/2024_IN_estudantes-nao-regulares_aprovada.pdf\">INSTRU\u00c7\u00c3O NORMATIVA N\u00ba 002\/2024-PPGE\/UNICENTRO &#8211; Instrui sobre a oferta de vagas e matr\u00edcula para cursar disciplinas do Programa de P\u00f3sGradua\u00e7\u00e3o em Educa\u00e7\u00e3o da UNICENTRO na condi\u00e7\u00e3o de estudante n\u00e3o-regular.<\/a><\/span><\/li>\n<\/ul>\n<\/div>\n<\/div>\n<div class=\"expandir\">\n<span class=\"collapseomatic \" id=\"id69d8f93409d70\" rel=\"animal-highlander\" tabindex=\"0\" title=\"Processo de Sele\u00e7\u00e3o Para Discentes Estrangeiros\"    >Processo de Sele\u00e7\u00e3o Para Discentes Estrangeiros<\/span><div id=\"target-id69d8f93409d70\" class=\"collapseomatic_content \">\n<p>Candidatos de outros pa\u00edses que desejarem ingressar no PPGE, devem se adequar \u00e0s normas da CAPES e aos editais para abertura de processo seletivo.<\/p>\n<ul>\n<li><a href=\"https:\/\/www2.unicentro.br\/ppge\/files\/2022\/04\/6D8B2316.pdf\"> Regulamento do Programa Institucional de A\u00e7\u00f5es Internacionais (PIAI) da UNICENTRO<\/a><\/li>\n<li><a href=\"\/eri\/\">Escrit\u00f3rio de Rela\u00e7\u00f5es Internacionais &#8211; Unicentro<\/a><\/li>\n<\/ul>\n<\/div>\n<\/div>\n<div class=\"expandir\">\n<span class=\"collapseomatic \" id=\"id69d8f93409d94\" rel=\"animal-highlander\" tabindex=\"0\" title=\"Processo de Sele\u00e7\u00e3o de Alunos de Outros Programas\"    >Processo de Sele\u00e7\u00e3o de Alunos de Outros Programas<\/span><div id=\"target-id69d8f93409d94\" class=\"collapseomatic_content \">\n<p>Alunos que j\u00e1 cursam Mestrado\/Doutorado em outros Programas de P\u00f3s-Gradua\u00e7\u00e3o poder\u00e3o encaminhar solicita\u00e7\u00e3o de ingresso em disciplinas do PPGE, \u00a0de acordo com o edital de abertura de oferta de disciplinas como aluno n\u00e3o regular e em conformidade com a INSTRU\u00c7\u00c3O NORMATIVA N\u00ba 002\/2024-PPGE, seguindo per\u00edodo informado no edital mencionado e disponibilidade de vagas.<\/p>\n<\/div>\n<\/div>\n","protected":false},"excerpt":{"rendered":"","protected":false},"author":134,"featured_media":0,"parent":0,"menu_order":0,"comment_status":"closed","ping_status":"closed","template":"","meta":{"_exactmetrics_skip_tracking":false,"_exactmetrics_sitenote_active":false,"_exactmetrics_sitenote_note":"","_exactmetrics_sitenote_category":0,"ngg_post_thumbnail":0,"footnotes":"","_links_to":"","_links_to_target":""},"class_list":["post-1911","page","type-page","status-publish","hentry"],"publishpress_future_action":{"enabled":false,"date":"2026-04-17 10:20:52","action":"change-status","newStatus":"draft","terms":[],"taxonomy":"","extraData":[]},"publishpress_future_workflow_manual_trigger":{"enabledWorkflows":[]},"_links":{"self":[{"href":"https:\/\/www2.unicentro.br\/ppge\/wp-json\/wp\/v2\/pages\/1911","targetHints":{"allow":["GET"]}}],"collection":[{"href":"https:\/\/www2.unicentro.br\/ppge\/wp-json\/wp\/v2\/pages"}],"about":[{"href":"https:\/\/www2.unicentro.br\/ppge\/wp-json\/wp\/v2\/types\/page"}],"author":[{"embeddable":true,"href":"https:\/\/www2.unicentro.br\/ppge\/wp-json\/wp\/v2\/users\/134"}],"replies":[{"embeddable":true,"href":"https:\/\/www2.unicentro.br\/ppge\/wp-json\/wp\/v2\/comments?post=1911"}],"version-history":[{"count":25,"href":"https:\/\/www2.unicentro.br\/ppge\/wp-json\/wp\/v2\/pages\/1911\/revisions"}],"predecessor-version":[{"id":8509,"href":"https:\/\/www2.unicentro.br\/ppge\/wp-json\/wp\/v2\/pages\/1911\/revisions\/8509"}],"wp:attachment":[{"href":"https:\/\/www2.unicentro.br\/ppge\/wp-json\/wp\/v2\/media?parent=1911"}],"curies":[{"name":"wp","href":"https:\/\/api.w.org\/{rel}","templated":true}]}}