{"id":176,"date":"2014-02-10T12:34:40","date_gmt":"2014-02-10T12:34:40","guid":{"rendered":"http:\/\/www2.unicentro.br\/ppge\/?page_id=176"},"modified":"2025-05-28T15:32:22","modified_gmt":"2025-05-28T18:32:22","slug":"politica-de-bolsas","status":"publish","type":"page","link":"https:\/\/www2.unicentro.br\/ppge\/politica-de-bolsas\/","title":{"rendered":"Pol\u00edtica de Bolsas"},"content":{"rendered":"<p>As bolsas s\u00e3o concedidas aos alunos regulares do PPGE, em atendimento aos editais de concess\u00e3o de bolsas.<br \/>\nAs candidaturas s\u00e3o analisadas pela Comiss\u00e3o de Sele\u00e7\u00e3o de Bolsas do PPGE e divulgadas no site do Programa, por meio de edital, de acordo com a disponibilidade das Ag\u00eancias de Fomento.<br \/>\nO aluno deve entrar com contato com o seu orientador para maiores esclarecimentos.<\/p>\n<div class=\"expandir\">\n<span class=\"collapseomatic \" id=\"id69d8f78a808b1\" rel=\"animal-highlander\" tabindex=\"0\" title=\"Bolsas de Estudo\"    >Bolsas de Estudo<\/span><div id=\"target-id69d8f78a808b1\" class=\"collapseomatic_content \">\n<p>Os discentes do Programa de P\u00f3s-Gradua\u00e7\u00e3o stricto sensu em Educa\u00e7\u00e3o poder\u00e3o concorrer \u00e0s bolsas de estudos, dentro do limite de cotas disponibilizadas pela Capes, Funda\u00e7\u00e3o Arauc\u00e1ria e CNPq.<\/p>\n<p><strong>a) Regulamento e Portarias:<\/strong><\/p>\n<ul>\n<li><a style=\"line-height: 1.5em\" href=\"http:\/\/www2.unicentro.br\/ppge\/files\/2014\/02\/Portaria_076_RegulamentoDS.pdf\">PORTARIA CAPES N\u00ba 76\/2010 &#8211; Regulamento do Programa de Demanda Social<\/a><\/li>\n<li><a href=\"https:\/\/www2.unicentro.br\/ppge\/files\/2014\/02\/Portaria_248_19dez2011_LicencaMaternidade.pdf?x16490\">PORTARIA CAPES N\u00ba 248\/2011\u00a0 &#8211; Licen\u00e7a Maternidade para bolsistas CAPES<\/a><\/li>\n<li><a href=\"https:\/\/www2.unicentro.br\/ppge\/files\/2025\/04\/Portaria-no-133-de-10-de-Julho-de-2023.pdf\">PORTARIA CAPES N\u00ba 133\/2023 &#8211; Regulamenta o ac\u00famulo de bolsas de mestrado, doutorado e p\u00f3s-doutorado concedidas pela CAPES<\/a><\/li>\n<\/ul>\n<\/div>\n<\/div>\n","protected":false},"excerpt":{"rendered":"<p>As bolsas s\u00e3o concedidas aos alunos regulares do PPGE, em atendimento aos editais de concess\u00e3o de bolsas. As candidaturas s\u00e3o analisadas pela Comiss\u00e3o de Sele\u00e7\u00e3o de Bolsas do PPGE e divulgadas no site do Programa, por meio de edital, de acordo com a disponibilidade das Ag\u00eancias de Fomento. O aluno deve entrar com contato com [&hellip;]<\/p>\n","protected":false},"author":2,"featured_media":0,"parent":0,"menu_order":0,"comment_status":"closed","ping_status":"closed","template":"","meta":{"_exactmetrics_skip_tracking":false,"_exactmetrics_sitenote_active":false,"_exactmetrics_sitenote_note":"","_exactmetrics_sitenote_category":0,"ngg_post_thumbnail":0,"footnotes":"","_links_to":"","_links_to_target":""},"class_list":["post-176","page","type-page","status-publish","hentry"],"publishpress_future_action":{"enabled":false,"date":"2026-04-17 10:13:46","action":"change-status","newStatus":"draft","terms":[],"taxonomy":"","extraData":[]},"publishpress_future_workflow_manual_trigger":{"enabledWorkflows":[]},"_links":{"self":[{"href":"https:\/\/www2.unicentro.br\/ppge\/wp-json\/wp\/v2\/pages\/176","targetHints":{"allow":["GET"]}}],"collection":[{"href":"https:\/\/www2.unicentro.br\/ppge\/wp-json\/wp\/v2\/pages"}],"about":[{"href":"https:\/\/www2.unicentro.br\/ppge\/wp-json\/wp\/v2\/types\/page"}],"author":[{"embeddable":true,"href":"https:\/\/www2.unicentro.br\/ppge\/wp-json\/wp\/v2\/users\/2"}],"replies":[{"embeddable":true,"href":"https:\/\/www2.unicentro.br\/ppge\/wp-json\/wp\/v2\/comments?post=176"}],"version-history":[{"count":48,"href":"https:\/\/www2.unicentro.br\/ppge\/wp-json\/wp\/v2\/pages\/176\/revisions"}],"predecessor-version":[{"id":8485,"href":"https:\/\/www2.unicentro.br\/ppge\/wp-json\/wp\/v2\/pages\/176\/revisions\/8485"}],"wp:attachment":[{"href":"https:\/\/www2.unicentro.br\/ppge\/wp-json\/wp\/v2\/media?parent=176"}],"curies":[{"name":"wp","href":"https:\/\/api.w.org\/{rel}","templated":true}]}}