{"id":1667,"date":"2015-09-17T10:44:51","date_gmt":"2015-09-17T12:44:51","guid":{"rendered":"http:\/\/www2.unicentro.br\/ppge\/?page_id=1667"},"modified":"2017-11-10T11:19:09","modified_gmt":"2017-11-10T13:19:09","slug":"dissertacoes","status":"publish","type":"page","link":"https:\/\/www2.unicentro.br\/ppge\/dissertacoes\/","title":{"rendered":"Disserta\u00e7\u00f5es 2014"},"content":{"rendered":"<p>&nbsp;<\/p>\n<table style=\"width: 100%\">\n<tbody>\n<tr style=\"background-color: #c4c4c4\">\n<td style=\"text-align: center\"><strong>AUTOR(A)<\/strong><\/td>\n<td style=\"text-align: center\"><strong>T\u00cdTULO<\/strong><\/td>\n<td style=\"text-align: center\"><strong>ORIENTADOR(A)<\/strong><\/td>\n<td style=\"text-align: center\"><strong>DISSERTA\u00c7\u00c3O<\/strong><\/td>\n<\/tr>\n<tr>\n<td style=\"text-align: center\">Ana Paula Zaboroski Oleinik<\/td>\n<td style=\"text-align: center\">O G\u00caNERO DE HIST\u00d3RIAS E ATIVIDADES METATEXTUAIS&nbsp;COMO RECURSOS DA PR\u00c1TICA PEDAG\u00d3GICA NA PRODU\u00c7\u00c3O&nbsp;DE NARRATIVAS &nbsp;ESCRITAS<\/td>\n<td style=\"text-align: center\">Prof\u00aa. Dr\u00aa. J\u00e1ima Pinheiro de Oliveira<\/td>\n<td style=\"text-align: center\"><a href=\"http:\/\/tede.unicentro.br:8080\/jspui\/bitstream\/tede\/365\/1\/PR%20ANA%20PAULA%20ZABOROSKI%20OLEINIK.pdf\" target=\"_blank\" rel=\"noopener\"><img loading=\"lazy\" decoding=\"async\" class=\"alignnone\" src=\"http:\/\/www2.unicentro.br\/ppge\/files\/2016\/06\/d-pdf-100x100.png\" alt=\"\" width=\"30\" height=\"30\"><\/a><\/td>\n<\/tr>\n<tr style=\"background-color: #c4c4c4\">\n<td style=\"text-align: center\">Andreia Straube Araujo<\/td>\n<td style=\"text-align: center\">DA SEGREGA\u00c7\u00c3O \u00c0 INCLUS\u00c3O: uma an\u00e1lise do servi\u00e7o de atendimento \u00e0&nbsp;Rede de Escolariza\u00e7\u00e3o Hospitalar (SAREH) em cl\u00ednica psiqui\u00e1trica no&nbsp;Estado do Paran\u00e1<\/td>\n<td style=\"text-align: center\">Prof. Dr. Gilmar de Carvalho Cruz<\/td>\n<td style=\"text-align: center\"><a href=\"http:\/\/tede.unicentro.br:8080\/jspui\/bitstream\/tede\/346\/1\/PR%20ANDREIA%20STRAUBE%20ARAUJO.pdf\" target=\"_blank\" rel=\"noopener\"><img loading=\"lazy\" decoding=\"async\" class=\"alignnone\" src=\"http:\/\/www2.unicentro.br\/ppge\/files\/2016\/06\/d-pdf-100x100.png\" alt=\"\" width=\"30\" height=\"30\"><\/a><\/td>\n<\/tr>\n<tr>\n<td style=\"text-align: center\">Angelo Juliano Carneiro Luz<\/td>\n<td style=\"text-align: center\">AS IMPLICA\u00c7\u00d5ES DA REORGANIZA\u00c7\u00c3O DO ESTADO BRASILEIRO (A PARTIR DOS ANOS 1990) NOS PROCESSOS DE PLANEJAMENTO DA EDUCA\u00c7\u00c3O BRASILEIRA E O CONTROLE SOCIAL: o caso do plano municipal&nbsp;de&nbsp;Carambe\u00ed&nbsp;(PR) \/2006<\/td>\n<td style=\"text-align: center\">Prof\u00aa. Dr\u00aa.&nbsp;Marlene Lucia Siebert Sapelli<\/td>\n<td style=\"text-align: center\"><a href=\"http:\/\/tede.unicentro.br:8080\/jspui\/bitstream\/jspui\/829\/2\/ANGELO%20JULIANO%20CARNEIRO%20LUZ.pdf\" target=\"_blank\" rel=\"noopener\"><img loading=\"lazy\" decoding=\"async\" class=\"alignnone\" src=\"http:\/\/www2.unicentro.br\/ppge\/files\/2016\/06\/d-pdf-100x100.png\" alt=\"\" width=\"30\" height=\"30\"><\/a><\/td>\n<\/tr>\n<tr style=\"background-color: #c4c4c4\">\n<td style=\"text-align: center\">Denise Sikora<\/td>\n<td style=\"text-align: center\">A ESCOLA DE TRABALHADORES RURAIS ARLINDO RIBEIRO: uma express\u00e3o da pol\u00edtica nacional e estadual<\/td>\n<td style=\"text-align: center\">Prof\u00aa. Dr\u00aa. Angela Maria Hidalgo<\/td>\n<td style=\"text-align: center\"><a href=\"http:\/\/tede.unicentro.br:8080\/jspui\/bitstream\/tede\/347\/1\/PR%20DENISE%20SIKORA.pdf\" target=\"_blank\" rel=\"noopener\"><img loading=\"lazy\" decoding=\"async\" class=\"alignnone\" src=\"http:\/\/www2.unicentro.br\/ppge\/files\/2016\/06\/d-pdf-100x100.png\" alt=\"\" width=\"30\" height=\"30\"><\/a><\/td>\n<\/tr>\n<tr>\n<td style=\"text-align: center\">&nbsp;Eliziane Manosso Streiechen<\/td>\n<td style=\"text-align: center\">A AQUISI\u00c7\u00c3O DA LIBRAS POR CRIAN\u00c7AS OUVINTES FILHAS DE M\u00c3E SURDA EM UM CONTEXTO MULTILINGU\u00cdSTICO:&nbsp;um estudo de caso<\/td>\n<td style=\"text-align: center\">Prof\u00aa. Dr\u00aa. Cibele Krause Lemke<\/td>\n<td style=\"text-align: center\"><a href=\"http:\/\/tede.unicentro.br:8080\/jspui\/bitstream\/tede\/348\/1\/PR%20ELIZIANE%20MANOSSO%20STREIECHEN.pdf\" target=\"_blank\" rel=\"noopener\"><img loading=\"lazy\" decoding=\"async\" class=\"alignnone\" src=\"http:\/\/www2.unicentro.br\/ppge\/files\/2016\/06\/d-pdf-100x100.png\" alt=\"\" width=\"30\" height=\"30\"><\/a><\/td>\n<\/tr>\n<tr style=\"background-color: #c4c4c4\">\n<td style=\"text-align: center\">&nbsp;\u00c9rica Dias Gomes<\/td>\n<td style=\"text-align: center\">ENSAIOS SOBRE M\u00daSICA E&nbsp;CONSTRU\u00c7\u00d5ES CONTEMPOR\u00c2NEAS:&nbsp;compreens\u00e3o musical por meio da aprecia\u00e7\u00e3o<\/td>\n<td style=\"text-align: center\">&nbsp;Prof. Dr. Rafael Siqueira de Guimar\u00e3es<\/td>\n<td style=\"text-align: center\"><a href=\"http:\/\/tede.unicentro.br:8080\/jspui\/bitstream\/tede\/349\/1\/PR%20ERICA%20DIAS%20GOMES.pdf\" target=\"_blank\" rel=\"noopener\"><img loading=\"lazy\" decoding=\"async\" class=\"alignnone\" src=\"http:\/\/www2.unicentro.br\/ppge\/files\/2016\/06\/d-pdf-100x100.png\" alt=\"\" width=\"30\" height=\"30\"><\/a><\/td>\n<\/tr>\n<tr>\n<td style=\"text-align: center\">Everton Ribeiro<\/td>\n<td style=\"text-align: center\">\u201cPARA QUE ESSE DRAMA?\u201d: transversalidade no ensino de teatro<\/td>\n<td style=\"text-align: center\">&nbsp;Prof. Dr. Rafael Siqueira de Guimar\u00e3es<\/td>\n<td style=\"text-align: center\"><a href=\"http:\/\/tede.unicentro.br:8080\/jspui\/bitstream\/tede\/350\/1\/PR%20EVERTON%20RIBEIRO.pdf\" target=\"_blank\" rel=\"noopener\"><img loading=\"lazy\" decoding=\"async\" class=\"alignnone\" src=\"http:\/\/www2.unicentro.br\/ppge\/files\/2016\/06\/d-pdf-100x100.png\" alt=\"\" width=\"30\" height=\"30\"><\/a><\/td>\n<\/tr>\n<tr style=\"background-color: #c4c4c4\">\n<td style=\"text-align: center\">&nbsp;Flaviane Pelloso Molina Freitas<\/td>\n<td style=\"text-align: center\">GEST\u00c3O E INCLUS\u00c3O ESCOLAR: a forma\u00e7\u00e3o do gestor escolar&nbsp;no programa \u201cEduca\u00e7\u00e3o Inclusiva: direito a diversidade\u201d (2003-2013).<\/td>\n<td style=\"text-align: center\">&nbsp;Prof\u00aa. Dr\u00aa. Marisa Schneckenberg<\/td>\n<td style=\"text-align: center\"><a href=\"http:\/\/tede.unicentro.br:8080\/jspui\/bitstream\/tede\/351\/1\/PR%20FLAVIANE%20PELLOSO%20MOLINA%20FREITAS.pdf\" target=\"_blank\" rel=\"noopener\"><img loading=\"lazy\" decoding=\"async\" class=\"alignnone\" src=\"http:\/\/www2.unicentro.br\/ppge\/files\/2016\/06\/d-pdf-100x100.png\" alt=\"\" width=\"30\" height=\"30\"><\/a><\/td>\n<\/tr>\n<tr>\n<td style=\"text-align: center\">Isabel Castilho Palhano<\/td>\n<td style=\"text-align: center\">A EDUCA\u00c7\u00c3O RURAL NO BRASIL E NO PARAN\u00c1 NOS ANOS 50 E&nbsp;A &nbsp;MATERIALIZA\u00c7\u00c3O NO CURSO NORMAL REGIONAL DE&nbsp;GUARAPUAVA<\/td>\n<td style=\"text-align: center\">&nbsp;Prof\u00aa. Dr\u00aa. Angela Maria Hidalgo<\/td>\n<td style=\"text-align: center\"><a href=\"http:\/\/tede.unicentro.br:8080\/jspui\/bitstream\/tede\/352\/1\/PR%20ISABEL%20CASTILHO%20PALHANO.pdf\" target=\"_blank\" rel=\"noopener\"><img loading=\"lazy\" decoding=\"async\" class=\"alignnone\" src=\"http:\/\/www2.unicentro.br\/ppge\/files\/2016\/06\/d-pdf-100x100.png\" alt=\"\" width=\"30\" height=\"30\"><\/a><\/td>\n<\/tr>\n<tr style=\"background-color: #c4c4c4\">\n<td style=\"text-align: center\">Jaqueline Puquevis de Souza<\/td>\n<td style=\"text-align: center\">AS ORGANIZA\u00c7\u00d5ES MULTILATERAIS, ESTADO E EMPRESARIADO NA LEI DE APRENDIZAGEM N\u00ba 10.097\/2000:&nbsp;a\u00e7\u00f5es e contradi\u00e7\u00f5es<\/td>\n<td style=\"text-align: center\">Prof. Dr. Adair Angelo Dalarosa<\/td>\n<td style=\"text-align: center\"><a href=\"http:\/\/tede.unicentro.br:8080\/jspui\/bitstream\/tede\/353\/1\/PR%20JAQUELINE%20PUQUEVIS%20DE%20SOUZA.pdf\" target=\"_blank\" rel=\"noopener\"><img loading=\"lazy\" decoding=\"async\" class=\"alignnone\" src=\"http:\/\/www2.unicentro.br\/ppge\/files\/2016\/06\/d-pdf-100x100.png\" alt=\"\" width=\"30\" height=\"30\"><\/a><\/td>\n<\/tr>\n<tr>\n<td style=\"text-align: center\">Juliana Berg<\/td>\n<td style=\"text-align: center\">&nbsp;JULGAMENTO MORAL EM MENINAS QUILOMBOLA: um estudo educacional da Comunidade Invernada Paiol de Telha, Paran\u00e1<\/td>\n<td style=\"text-align: center\">Prof\u00aa. Dr\u00aa. Carla Luciane Blum Vestena<\/td>\n<td style=\"text-align: center\"><a href=\"http:\/\/tede.unicentro.br:8080\/jspui\/bitstream\/tede\/369\/1\/PR%20JULIANA%20BERG.pdf\" target=\"_blank\" rel=\"noopener\"><img loading=\"lazy\" decoding=\"async\" class=\"alignnone\" src=\"http:\/\/www2.unicentro.br\/ppge\/files\/2016\/06\/d-pdf-100x100.png\" alt=\"\" width=\"30\" height=\"30\"><\/a><\/td>\n<\/tr>\n<tr style=\"background-color: #c4c4c4\">\n<td style=\"text-align: center\">Karolina Siebert Sapelli Schadeck<\/td>\n<td style=\"text-align: center\">CONCEP\u00c7\u00d5ES E PR\u00c1TICAS DE PROFESSORAS DE UMA PROPOSTA DE ESTIMULA\u00c7\u00c3O ESSENCIAL E SUAS IMPLICA\u00c7\u00d5ES PARA O DESENVOLVIMENTO DA LINGUAGEM DE CRIAN\u00c7AS COM DEFICI\u00caNCIA<\/td>\n<td style=\"text-align: center\">Prof\u00aa. Dr\u00aa. J\u00e1ima Pinheiro de Oliveira<\/td>\n<td style=\"text-align: center\"><a href=\"http:\/\/tede.unicentro.br:8080\/jspui\/bitstream\/tede\/354\/1\/PR%20KAROLINA%20SIEBERT%20SAPELLI%20SCHADECK.pdf\" target=\"_blank\" rel=\"noopener\"><img loading=\"lazy\" decoding=\"async\" class=\"alignnone\" src=\"http:\/\/www2.unicentro.br\/ppge\/files\/2016\/06\/d-pdf-100x100.png\" alt=\"\" width=\"30\" height=\"30\"><\/a><\/td>\n<\/tr>\n<tr>\n<td style=\"text-align: center\">Katiane dos Santos<\/td>\n<td style=\"text-align: center\">OS SABERES DA EDUCA\u00c7\u00c3O F\u00cdSICA EM PAUTA: conte\u00fados de ensino da educa\u00e7\u00e3o b\u00e1sica&nbsp;e conhecimentos&nbsp;constituintes dos&nbsp;processos de sele\u00e7\u00e3o para&nbsp;ingresso no ensino superior<\/td>\n<td style=\"text-align: center\">&nbsp;Prof. Dr. Emerson Lu\u00eds Velozo<\/td>\n<td style=\"text-align: center\"><a href=\"http:\/\/tede.unicentro.br:8080\/jspui\/bitstream\/tede\/355\/1\/PR%20KATIANE%20DOS%20SANTOS.pdf\" target=\"_blank\" rel=\"noopener\"><img loading=\"lazy\" decoding=\"async\" class=\"alignnone\" src=\"http:\/\/www2.unicentro.br\/ppge\/files\/2016\/06\/d-pdf-100x100.png\" alt=\"\" width=\"30\" height=\"30\"><\/a><\/td>\n<\/tr>\n<tr style=\"background-color: #c4c4c4\">\n<td style=\"text-align: center\">Liliani Hermes Cordeiro Schvarz<\/td>\n<td style=\"text-align: center\">A ESFERA DA COTIDIANIDADE E DA N\u00c3O-COTIDIANIDADE: desafios e limites na a\u00e7\u00e3o&nbsp;do pedagogo na escola<\/td>\n<td style=\"text-align: center\">Prof. Dr. Alessandro de Melo<\/td>\n<td style=\"text-align: center\"><a href=\"http:\/\/tede.unicentro.br:8080\/jspui\/bitstream\/tede\/356\/1\/PR%20LILIANI%20HERMES%20CORDEIRO%20SCHVARZ.pdf\" target=\"_blank\" rel=\"noopener\"><img loading=\"lazy\" decoding=\"async\" class=\"alignnone\" src=\"http:\/\/www2.unicentro.br\/ppge\/files\/2016\/06\/d-pdf-100x100.png\" alt=\"\" width=\"30\" height=\"30\"><\/a><\/td>\n<\/tr>\n<tr>\n<td style=\"text-align: center\">Luana Pires Weissb\u00f6ck<\/td>\n<td style=\"text-align: center\">BRINCANDO DE ESCONDE-ESCONDE: \u00e0 procura da arte na&nbsp;educa\u00e7\u00e3o infantil<\/td>\n<td style=\"text-align: center\">Prof\u00aa. Dr\u00aa. Aliandra Cristina Mesomo Lira<\/td>\n<td style=\"text-align: center\"><a href=\"http:\/\/tede.unicentro.br:8080\/jspui\/bitstream\/tede\/357\/1\/PR%20LUANA%20PIRES%20WEISSBOCK.pdf\" target=\"_blank\" rel=\"noopener\"><img loading=\"lazy\" decoding=\"async\" class=\"alignnone\" src=\"http:\/\/www2.unicentro.br\/ppge\/files\/2016\/06\/d-pdf-100x100.png\" alt=\"\" width=\"30\" height=\"30\"><\/a><\/td>\n<\/tr>\n<tr style=\"background-color: #c4c4c4\">\n<td style=\"text-align: center\">Lucineia Moreira de Souza<\/td>\n<td style=\"text-align: center\">\u201cAVANTE GUARAPUAVA\u201d: educa\u00e7\u00e3o e moderniza\u00e7\u00e3o na&nbsp;d\u00e9cada de 50<\/td>\n<td style=\"text-align: center\">Prof. Dr. Carlos Herold Junior<\/td>\n<td style=\"text-align: center\"><a href=\"http:\/\/tede.unicentro.br:8080\/jspui\/bitstream\/tede\/358\/1\/PR%20LUCINEIA%20MOREIRA%20DE%20SOUZA.pdf\" target=\"_blank\" rel=\"noopener\"><img loading=\"lazy\" decoding=\"async\" class=\"alignnone\" src=\"http:\/\/www2.unicentro.br\/ppge\/files\/2016\/06\/d-pdf-100x100.png\" alt=\"\" width=\"30\" height=\"30\"><\/a><\/td>\n<\/tr>\n<tr>\n<td style=\"text-align: center\">Marielli Ramos Pinheiro<\/td>\n<td style=\"text-align: center\">COTAS RACIAIS NA UNIVERSIDADE P\u00daBLICA BRASILEIRA:&nbsp;com a palavra, o cotista negro<\/td>\n<td style=\"text-align: center\">&nbsp;Prof. Dr. Emerson Lu\u00eds Velozo<\/td>\n<td style=\"text-align: center\"><a href=\"http:\/\/tede.unicentro.br:8080\/jspui\/bitstream\/tede\/359\/1\/PR%20MARIELLI%20RAMOS%20PINHEIRO.pdf\" target=\"_blank\" rel=\"noopener\"><img loading=\"lazy\" decoding=\"async\" class=\"alignnone\" src=\"http:\/\/www2.unicentro.br\/ppge\/files\/2016\/06\/d-pdf-100x100.png\" alt=\"\" width=\"30\" height=\"30\"><\/a><\/td>\n<\/tr>\n<tr style=\"background-color: #c4c4c4\">\n<td style=\"text-align: center\">Patr\u00edcia Regina Ciaramello<\/td>\n<td style=\"text-align: center\">(DES)CAMINHOS EDUCACIONAIS: da educa\u00e7\u00e3o ind\u00edgena&nbsp;comunit\u00e1ria \u00e0 universidade<\/td>\n<td style=\"text-align: center\">&nbsp;Prof\u00aa. Dr\u00aa. Carla Luciane Blum Vestena<\/td>\n<td style=\"text-align: center\"><a href=\"http:\/\/tede.unicentro.br:8080\/jspui\/bitstream\/tede\/360\/1\/PR%20PATRICIA%20REGINA%20CIARAMELLO.pdf\" target=\"_blank\" rel=\"noopener\"><img loading=\"lazy\" decoding=\"async\" class=\"alignnone\" src=\"http:\/\/www2.unicentro.br\/ppge\/files\/2016\/06\/d-pdf-100x100.png\" alt=\"\" width=\"30\" height=\"30\"><\/a><\/td>\n<\/tr>\n<tr>\n<td style=\"text-align: center\">Silvia Iris Afonso Lopes Semkiv<\/td>\n<td style=\"text-align: center\">AN\u00c1LISE DA DIN\u00c2MICA DE AVALIA\u00c7\u00c3O E ENCAMINHAMENTOS DE CRIAN\u00c7AS COM NECESSIDADES EDUCACIONAIS ESPECIAIS NUM SISTEMA MUNICIPAL DE ENSINO<\/td>\n<td style=\"text-align: center\">&nbsp;Prof\u00aa. Dr\u00aa. J\u00e1ima Pinheiro de Oliveira<\/td>\n<td style=\"text-align: center\"><a href=\"http:\/\/tede.unicentro.br:8080\/jspui\/bitstream\/tede\/374\/1\/PR%20SILVIA%20IRIS%20AFONSO%20LOPES%20SEMKIV.pdf\" target=\"_blank\" rel=\"noopener\"><img loading=\"lazy\" decoding=\"async\" class=\"alignnone\" src=\"http:\/\/www2.unicentro.br\/ppge\/files\/2016\/06\/d-pdf-100x100.png\" alt=\"\" width=\"30\" height=\"30\"><\/a><\/td>\n<\/tr>\n<tr style=\"background-color: #c4c4c4\">\n<td style=\"text-align: center\">Vitor de Moraes<\/td>\n<td style=\"text-align: center\">PROGRAMA NACIONAL DE EDUCA\u00c7\u00c3O DO CAMPO (PRONACAMPO): entre a pauta dos povos do campo e o decidido pelo Estado<\/td>\n<td style=\"text-align: center\">&nbsp;Prof\u00aa. Dr\u00aa. Angela Maria Hidalgo<\/td>\n<td style=\"text-align: center\"><a href=\"http:\/\/tede.unicentro.br:8080\/jspui\/bitstream\/tede\/362\/1\/PR%20VITOR%20DE%20MORAES.pdf\" target=\"_blank\" rel=\"noopener\"><img loading=\"lazy\" decoding=\"async\" class=\"alignnone\" src=\"http:\/\/www2.unicentro.br\/ppge\/files\/2016\/06\/d-pdf-100x100.png\" alt=\"\" width=\"30\" height=\"30\"><\/a><\/td>\n<\/tr>\n<tr>\n<td style=\"text-align: center\">Viviane Silveira Batista<\/td>\n<td style=\"text-align: center\">AN\u00c1LISE DO PERCURSO ESCOLAR E O PROCESSO DO DELITO DOS ASSISTIDOS PELO PROGRAMA PATRONATO MUNICIPAL DA CIDADE DE GUARAPUAVA-PR<\/td>\n<td style=\"text-align: center\">Prof. Dr. Alessandro de Melo<\/td>\n<td style=\"text-align: center\"><a href=\"http:\/\/tede.unicentro.br:8080\/jspui\/bitstream\/tede\/363\/1\/PR%20VIVIANE%20SILVEIRA%20BATISTA.pdf\" target=\"_blank\" rel=\"noopener\"><img loading=\"lazy\" decoding=\"async\" class=\"alignnone\" src=\"http:\/\/www2.unicentro.br\/ppge\/files\/2016\/06\/d-pdf-100x100.png\" alt=\"\" width=\"30\" height=\"30\"><\/a><\/td>\n<\/tr>\n<tr style=\"background-color: #c4c4c4\">\n<td style=\"text-align: center\">Zenira Maria Malacarne Signori<\/td>\n<td style=\"text-align: center\">&nbsp;RETRATO DO TRABALHO E EDUCA\u00c7\u00c3O EM GUARAPUAVA-PR: tempo do trabalho e do&nbsp;trabalhador\/estudante&nbsp;do ensino noturno&nbsp;da educa\u00e7\u00e3o b\u00e1sica<\/td>\n<td style=\"text-align: center\">Prof. Dr. Alessandro de Melo<\/td>\n<td style=\"text-align: center\"><a href=\"http:\/\/tede.unicentro.br:8080\/jspui\/bitstream\/tede\/364\/1\/PR%20ZENIRA%20MARIA%20MALACARNE%20SIGNORI.pdf\" target=\"_blank\" rel=\"noopener\"><img loading=\"lazy\" decoding=\"async\" class=\"alignnone\" src=\"http:\/\/www2.unicentro.br\/ppge\/files\/2016\/06\/d-pdf-100x100.png\" alt=\"\" width=\"30\" height=\"30\"><\/a><\/td>\n<\/tr>\n<\/tbody>\n<\/table>\n","protected":false},"excerpt":{"rendered":"<p>&nbsp; AUTOR(A) T\u00cdTULO ORIENTADOR(A) DISSERTA\u00c7\u00c3O Ana Paula Zaboroski Oleinik O G\u00caNERO DE HIST\u00d3RIAS E ATIVIDADES METATEXTUAIS&nbsp;COMO RECURSOS DA PR\u00c1TICA PEDAG\u00d3GICA NA PRODU\u00c7\u00c3O&nbsp;DE NARRATIVAS &nbsp;ESCRITAS Prof\u00aa. Dr\u00aa. J\u00e1ima Pinheiro de Oliveira Andreia Straube Araujo DA SEGREGA\u00c7\u00c3O \u00c0 INCLUS\u00c3O: uma an\u00e1lise do servi\u00e7o de atendimento \u00e0&nbsp;Rede de Escolariza\u00e7\u00e3o Hospitalar (SAREH) em cl\u00ednica psiqui\u00e1trica no&nbsp;Estado do Paran\u00e1 Prof. [&hellip;]<\/p>\n","protected":false},"author":2,"featured_media":0,"parent":0,"menu_order":0,"comment_status":"closed","ping_status":"closed","template":"","meta":{"_exactmetrics_skip_tracking":false,"_exactmetrics_sitenote_active":false,"_exactmetrics_sitenote_note":"","_exactmetrics_sitenote_category":0,"ngg_post_thumbnail":0,"footnotes":"","_links_to":"","_links_to_target":""},"class_list":["post-1667","page","type-page","status-publish","hentry"],"publishpress_future_action":{"enabled":false,"date":"2026-04-17 07:43:32","action":"change-status","newStatus":"draft","terms":[],"taxonomy":"","extraData":[]},"publishpress_future_workflow_manual_trigger":{"enabledWorkflows":[]},"_links":{"self":[{"href":"https:\/\/www2.unicentro.br\/ppge\/wp-json\/wp\/v2\/pages\/1667","targetHints":{"allow":["GET"]}}],"collection":[{"href":"https:\/\/www2.unicentro.br\/ppge\/wp-json\/wp\/v2\/pages"}],"about":[{"href":"https:\/\/www2.unicentro.br\/ppge\/wp-json\/wp\/v2\/types\/page"}],"author":[{"embeddable":true,"href":"https:\/\/www2.unicentro.br\/ppge\/wp-json\/wp\/v2\/users\/2"}],"replies":[{"embeddable":true,"href":"https:\/\/www2.unicentro.br\/ppge\/wp-json\/wp\/v2\/comments?post=1667"}],"version-history":[{"count":165,"href":"https:\/\/www2.unicentro.br\/ppge\/wp-json\/wp\/v2\/pages\/1667\/revisions"}],"predecessor-version":[{"id":1977,"href":"https:\/\/www2.unicentro.br\/ppge\/wp-json\/wp\/v2\/pages\/1667\/revisions\/1977"}],"wp:attachment":[{"href":"https:\/\/www2.unicentro.br\/ppge\/wp-json\/wp\/v2\/media?parent=1667"}],"curies":[{"name":"wp","href":"https:\/\/api.w.org\/{rel}","templated":true}]}}