{"id":15,"date":"2013-11-29T14:06:35","date_gmt":"2013-11-29T14:06:35","guid":{"rendered":"http:\/\/www2.unicentro.br\/ppge\/?page_id=15"},"modified":"2020-12-08T11:22:43","modified_gmt":"2020-12-08T14:22:43","slug":"linhas-de-pesquisa","status":"publish","type":"page","link":"https:\/\/www2.unicentro.br\/ppge\/linhas-de-pesquisa\/","title":{"rendered":"Linhas de Pesquisa"},"content":{"rendered":"<h3>Linha 1 &#8211; Pol\u00edticas Educacionais, Hist\u00f3ria e Organiza\u00e7\u00e3o da Educa\u00e7\u00e3o<\/h3>\n<p>Esta linha de pesquisa investiga, sob uma diversidade de perspectivas te\u00f3rico-metodol\u00f3gicas, o fen\u00f4meno educativo em suas dimens\u00f5es hist\u00f3ricas, filos\u00f3ficas, antropol\u00f3gicas e sociol\u00f3gicas, bem como analisa as pol\u00edticas educacionais, suas interfaces com as din\u00e2micas do capital, do Estado e da sociedade civil, e a gest\u00e3o educacional em contextos escolares e n\u00e3o-escolares, com \u00eanfase tamb\u00e9m para as quest\u00f5es da inclus\u00e3o.<\/p>\n<h3>Linha 2 &#8211; Educa\u00e7\u00e3o, Cultura e Diversidade<\/h3>\n<p>Esta Linha de Pesquisa investiga, sob uma diversidade de perspectivas te\u00f3rico-metodol\u00f3gicas, a educa\u00e7\u00e3o e sua rela\u00e7\u00e3o com a cultura e a sociedade, caracterizada fundamentalmente pela express\u00e3o\/produ\u00e7\u00e3o das diversidades no \u00e2mbito educacional. Esse \u00e9 um tema que se destaca num contexto de tens\u00e3o entre as diferen\u00e7as e desigualdades, considerando que os processos educativos se desenvolvem numa sociedade permeada por mudan\u00e7as e contradi\u00e7\u00f5es entre a reivindica\u00e7\u00e3o, o estabelecimento e a consolida\u00e7\u00e3o de direitos.<\/p>\n","protected":false},"excerpt":{"rendered":"<p>Linha 1 &#8211; Pol\u00edticas Educacionais, Hist\u00f3ria e Organiza\u00e7\u00e3o da Educa\u00e7\u00e3o Esta linha de pesquisa investiga, sob uma diversidade de perspectivas te\u00f3rico-metodol\u00f3gicas, o fen\u00f4meno educativo em suas dimens\u00f5es hist\u00f3ricas, filos\u00f3ficas, antropol\u00f3gicas e sociol\u00f3gicas, bem como analisa as pol\u00edticas educacionais, suas interfaces com as din\u00e2micas do capital, do Estado e da sociedade civil, e a gest\u00e3o educacional [&hellip;]<\/p>\n","protected":false},"author":2,"featured_media":0,"parent":0,"menu_order":0,"comment_status":"closed","ping_status":"closed","template":"","meta":{"_exactmetrics_skip_tracking":false,"_exactmetrics_sitenote_active":false,"_exactmetrics_sitenote_note":"","_exactmetrics_sitenote_category":0,"ngg_post_thumbnail":0,"footnotes":"","_links_to":"","_links_to_target":""},"class_list":["post-15","page","type-page","status-publish","hentry"],"publishpress_future_action":{"enabled":false,"date":"2026-04-17 14:50:59","action":"change-status","newStatus":"draft","terms":[],"taxonomy":"","extraData":[]},"publishpress_future_workflow_manual_trigger":{"enabledWorkflows":[]},"_links":{"self":[{"href":"https:\/\/www2.unicentro.br\/ppge\/wp-json\/wp\/v2\/pages\/15","targetHints":{"allow":["GET"]}}],"collection":[{"href":"https:\/\/www2.unicentro.br\/ppge\/wp-json\/wp\/v2\/pages"}],"about":[{"href":"https:\/\/www2.unicentro.br\/ppge\/wp-json\/wp\/v2\/types\/page"}],"author":[{"embeddable":true,"href":"https:\/\/www2.unicentro.br\/ppge\/wp-json\/wp\/v2\/users\/2"}],"replies":[{"embeddable":true,"href":"https:\/\/www2.unicentro.br\/ppge\/wp-json\/wp\/v2\/comments?post=15"}],"version-history":[{"count":3,"href":"https:\/\/www2.unicentro.br\/ppge\/wp-json\/wp\/v2\/pages\/15\/revisions"}],"predecessor-version":[{"id":4177,"href":"https:\/\/www2.unicentro.br\/ppge\/wp-json\/wp\/v2\/pages\/15\/revisions\/4177"}],"wp:attachment":[{"href":"https:\/\/www2.unicentro.br\/ppge\/wp-json\/wp\/v2\/media?parent=15"}],"curies":[{"name":"wp","href":"https:\/\/api.w.org\/{rel}","templated":true}]}}