{"id":13,"date":"2013-11-29T14:02:46","date_gmt":"2013-11-29T14:02:46","guid":{"rendered":"http:\/\/www2.unicentro.br\/ppge\/?page_id=13"},"modified":"2022-04-11T15:18:46","modified_gmt":"2022-04-11T18:18:46","slug":"mestrado","status":"publish","type":"page","link":"https:\/\/www2.unicentro.br\/ppge\/mestrado\/","title":{"rendered":"Mestrado em Educa\u00e7\u00e3o"},"content":{"rendered":"<p><b>N\u00edvel<\/b><br \/>\nMestrado Acad\u00eamico<\/p>\n<p><b>\u00c1rea de Concentra\u00e7\u00e3o<\/b><br \/>\nEduca\u00e7\u00e3o<\/p>\n<p><b>Periodicidade de Sele\u00e7\u00e3o<\/b><br \/>\nAnual<\/p>\n<p><b>Objetivos do Curso\/Perfil do profissional a ser formado:<\/b><\/p>\n<p>O Mestrado em Educa\u00e7\u00e3o do PPGE\/Unicentro tem como objetivo formar profissionais pesquisadores de alto n\u00edvel capazes de produzir pesquisas, reflex\u00f5es cr\u00edticas e propostas sobre a educa\u00e7\u00e3o, compreendida como pr\u00e1tica social inclusiva, cultural e pol\u00edtica, bem como proporcionar a forma\u00e7\u00e3o de profissionais para a doc\u00eancia no ensino superior e na forma\u00e7\u00e3o continuada de professores da educa\u00e7\u00e3o b\u00e1sica, e em outras atividades que requeiram conhecimentos na \u00e1rea educacional. Pretende ainda formar profissionais que impactem o contexto regional em que est\u00e3o inseridos, qualificando-os para agir, interagir, propor e realizar propostas educativas que sejam significativas para o desenvolvimento regional e a inclus\u00e3o social.<\/p>\n<ol>\n<li>Formar pesquisadores na \u00e1rea de educa\u00e7\u00e3o a partir das tem\u00e1ticas propostas nas Linhas de Pesquisa;<\/li>\n<li>Proporcionar aos mestres em educa\u00e7\u00e3o, formados pelo curso, os fundamentos te\u00f3rico metodol\u00f3gicos que lhes possibilitem mobilizar, na sua pr\u00e1tica profissional, os conhecimentos filos\u00f3ficos\/cient\u00edficos da \u00e1rea da educa\u00e7\u00e3o;<\/li>\n<li>Formar professores para atua\u00e7\u00e3o no Ensino Superior.<\/li>\n<\/ol>\n<p>&nbsp;<\/p>\n","protected":false},"excerpt":{"rendered":"<p>N\u00edvel Mestrado Acad\u00eamico \u00c1rea de Concentra\u00e7\u00e3o Educa\u00e7\u00e3o Periodicidade de Sele\u00e7\u00e3o Anual Objetivos do Curso\/Perfil do profissional a ser formado: O Mestrado em Educa\u00e7\u00e3o do PPGE\/Unicentro tem como objetivo formar profissionais pesquisadores de alto n\u00edvel capazes de produzir pesquisas, reflex\u00f5es cr\u00edticas e propostas sobre a educa\u00e7\u00e3o, compreendida como pr\u00e1tica social inclusiva, cultural e pol\u00edtica, bem como [&hellip;]<\/p>\n","protected":false},"author":2,"featured_media":0,"parent":0,"menu_order":0,"comment_status":"closed","ping_status":"closed","template":"","meta":{"_exactmetrics_skip_tracking":false,"_exactmetrics_sitenote_active":false,"_exactmetrics_sitenote_note":"","_exactmetrics_sitenote_category":0,"ngg_post_thumbnail":0,"footnotes":"","_links_to":"","_links_to_target":""},"class_list":["post-13","page","type-page","status-publish","hentry"],"publishpress_future_action":{"enabled":false,"date":"2026-04-17 10:13:47","action":"change-status","newStatus":"draft","terms":[],"taxonomy":"","extraData":[]},"publishpress_future_workflow_manual_trigger":{"enabledWorkflows":[]},"_links":{"self":[{"href":"https:\/\/www2.unicentro.br\/ppge\/wp-json\/wp\/v2\/pages\/13","targetHints":{"allow":["GET"]}}],"collection":[{"href":"https:\/\/www2.unicentro.br\/ppge\/wp-json\/wp\/v2\/pages"}],"about":[{"href":"https:\/\/www2.unicentro.br\/ppge\/wp-json\/wp\/v2\/types\/page"}],"author":[{"embeddable":true,"href":"https:\/\/www2.unicentro.br\/ppge\/wp-json\/wp\/v2\/users\/2"}],"replies":[{"embeddable":true,"href":"https:\/\/www2.unicentro.br\/ppge\/wp-json\/wp\/v2\/comments?post=13"}],"version-history":[{"count":9,"href":"https:\/\/www2.unicentro.br\/ppge\/wp-json\/wp\/v2\/pages\/13\/revisions"}],"predecessor-version":[{"id":5283,"href":"https:\/\/www2.unicentro.br\/ppge\/wp-json\/wp\/v2\/pages\/13\/revisions\/5283"}],"wp:attachment":[{"href":"https:\/\/www2.unicentro.br\/ppge\/wp-json\/wp\/v2\/media?parent=13"}],"curies":[{"name":"wp","href":"https:\/\/api.w.org\/{rel}","templated":true}]}}