{"id":11,"date":"2013-11-29T13:58:42","date_gmt":"2013-11-29T13:58:42","guid":{"rendered":"http:\/\/www2.unicentro.br\/ppge\/?page_id=11"},"modified":"2020-12-02T21:10:55","modified_gmt":"2020-12-03T00:10:55","slug":"area-de-concentracao","status":"publish","type":"page","link":"https:\/\/www2.unicentro.br\/ppge\/area-de-concentracao\/","title":{"rendered":"\u00c1rea de Concentra\u00e7\u00e3o"},"content":{"rendered":"<h3>EDUCA\u00c7\u00c3O<\/h3>\n<p>Produz conhecimento sobre a educa\u00e7\u00e3o em seus aspectos hist\u00f3ricos, pol\u00edticos, filos\u00f3ficos, sociol\u00f3gicos, psicol\u00f3gicos e culturais. Discute a diversidade cultural relacionada com a problem\u00e1tica das desigualdades, da inclus\u00e3o e da atua\u00e7\u00e3o do Estado e da sociedade civil no processo de concep\u00e7\u00e3o, implementa\u00e7\u00e3o e avalia\u00e7\u00e3o de pol\u00edticas educacionais.<\/p>\n","protected":false},"excerpt":{"rendered":"<p>EDUCA\u00c7\u00c3O Produz conhecimento sobre a educa\u00e7\u00e3o em seus aspectos hist\u00f3ricos, pol\u00edticos, filos\u00f3ficos, sociol\u00f3gicos, psicol\u00f3gicos e culturais. Discute a diversidade cultural relacionada com a problem\u00e1tica das desigualdades, da inclus\u00e3o e da atua\u00e7\u00e3o do Estado e da sociedade civil no processo de concep\u00e7\u00e3o, implementa\u00e7\u00e3o e avalia\u00e7\u00e3o de pol\u00edticas educacionais.<\/p>\n","protected":false},"author":2,"featured_media":0,"parent":0,"menu_order":0,"comment_status":"closed","ping_status":"closed","template":"","meta":{"_exactmetrics_skip_tracking":false,"_exactmetrics_sitenote_active":false,"_exactmetrics_sitenote_note":"","_exactmetrics_sitenote_category":0,"ngg_post_thumbnail":0,"footnotes":"","_links_to":"","_links_to_target":""},"class_list":["post-11","page","type-page","status-publish","hentry"],"publishpress_future_action":{"enabled":false,"date":"2026-04-17 14:47:05","action":"change-status","newStatus":"draft","terms":[],"taxonomy":"","extraData":[]},"publishpress_future_workflow_manual_trigger":{"enabledWorkflows":[]},"_links":{"self":[{"href":"https:\/\/www2.unicentro.br\/ppge\/wp-json\/wp\/v2\/pages\/11","targetHints":{"allow":["GET"]}}],"collection":[{"href":"https:\/\/www2.unicentro.br\/ppge\/wp-json\/wp\/v2\/pages"}],"about":[{"href":"https:\/\/www2.unicentro.br\/ppge\/wp-json\/wp\/v2\/types\/page"}],"author":[{"embeddable":true,"href":"https:\/\/www2.unicentro.br\/ppge\/wp-json\/wp\/v2\/users\/2"}],"replies":[{"embeddable":true,"href":"https:\/\/www2.unicentro.br\/ppge\/wp-json\/wp\/v2\/comments?post=11"}],"version-history":[{"count":2,"href":"https:\/\/www2.unicentro.br\/ppge\/wp-json\/wp\/v2\/pages\/11\/revisions"}],"predecessor-version":[{"id":4123,"href":"https:\/\/www2.unicentro.br\/ppge\/wp-json\/wp\/v2\/pages\/11\/revisions\/4123"}],"wp:attachment":[{"href":"https:\/\/www2.unicentro.br\/ppge\/wp-json\/wp\/v2\/media?parent=11"}],"curies":[{"name":"wp","href":"https:\/\/api.w.org\/{rel}","templated":true}]}}