{"id":35,"date":"2015-09-18T15:21:57","date_gmt":"2015-09-18T18:21:57","guid":{"rendered":"http:\/\/www2.unicentro.br\/pet-letras\/?page_id=35"},"modified":"2018-05-03T17:33:44","modified_gmt":"2018-05-03T20:33:44","slug":"galerias-de-fotos","status":"publish","type":"page","link":"https:\/\/www2.unicentro.br\/pet-letras\/galerias-de-fotos\/","title":{"rendered":"Galerias de Fotos"},"content":{"rendered":"<p>Hora do conto!!!<\/p>\n<p>Nos dias 10 e 11 de outubro, os petianos realizaram a &#8220;Hora do conto&#8221; na Escola Lobo Kids. &#8220;A verdadeira hist\u00f3ria dos tr\u00eas porquinhos&#8221; e &#8220;A fada Sempre-Viva e a Galinha Fada&#8221; foram as hist\u00f3rias contadas.<\/p>\n<p><img decoding=\"async\" src=\"https:\/\/scontent.fcwb2-2.fna.fbcdn.net\/v\/t1.0-9\/14938258_765293800286205_3874014581400542732_n.jpg?oh=136082e182b4c49d97c95afdc9570986&amp;oe=59611E13\" alt=\"A imagem pode conter: 3 pessoas, pessoas em p\u00e9\" \/><\/p>\n<p><img decoding=\"async\" src=\"https:\/\/scontent.fcwb2-2.fna.fbcdn.net\/v\/t1.0-9\/14937463_765293753619543_4861513508543006596_n.jpg?oh=a19063b00b7cb8b42f3dacfb6367e03d&amp;oe=59250C30\" alt=\"A imagem pode conter: 4 pessoas, pessoas em p\u00e9\" \/><\/p>\n<p><img decoding=\"async\" src=\"https:\/\/scontent.fcwb2-2.fna.fbcdn.net\/v\/t1.0-9\/14980694_765293720286213_2190635682106133705_n.jpg?oh=deca5dffed962247c6d50859b2c136e0&amp;oe=596E6F28\" alt=\"A imagem pode conter: 6 pessoas, pessoas no palco e pessoas em p\u00e9\" \/><\/p>\n<p><img decoding=\"async\" class=\"aligncenter\" src=\"https:\/\/scontent.fcwb2-2.fna.fbcdn.net\/v\/t1.0-9\/14937371_765293683619550_4667483036236205050_n.jpg?oh=737126d006d238103c96965bf8047e1d&amp;oe=59254C68\" alt=\"A imagem pode conter: 1 pessoa\" \/><\/p>\n<p><img decoding=\"async\" src=\"https:\/\/scontent.fcwb2-2.fna.fbcdn.net\/v\/t1.0-9\/15036684_765293593619559_917869586606323154_n.jpg?oh=4c1301817c9b586896f9e5ef7363bf9f&amp;oe=59252B21\" alt=\"A imagem pode conter: 3 pessoas\" \/><\/p>\n<p>&nbsp;<\/p>\n","protected":false},"excerpt":{"rendered":"<p>Hora do conto!!! Nos dias 10 e 11 de outubro, os petianos realizaram a &#8220;Hora do conto&#8221; na Escola Lobo Kids. &#8220;A verdadeira hist\u00f3ria dos tr\u00eas porquinhos&#8221; e &#8220;A fada Sempre-Viva e a Galinha Fada&#8221; foram as hist\u00f3rias contadas. &nbsp;<\/p>\n","protected":false},"author":2,"featured_media":0,"parent":0,"menu_order":0,"comment_status":"closed","ping_status":"closed","template":"","meta":{"_exactmetrics_skip_tracking":false,"_exactmetrics_sitenote_active":false,"_exactmetrics_sitenote_note":"","_exactmetrics_sitenote_category":0,"ngg_post_thumbnail":0,"footnotes":"","_links_to":"","_links_to_target":""},"class_list":["post-35","page","type-page","status-publish","hentry"],"_links":{"self":[{"href":"https:\/\/www2.unicentro.br\/pet-letras\/wp-json\/wp\/v2\/pages\/35","targetHints":{"allow":["GET"]}}],"collection":[{"href":"https:\/\/www2.unicentro.br\/pet-letras\/wp-json\/wp\/v2\/pages"}],"about":[{"href":"https:\/\/www2.unicentro.br\/pet-letras\/wp-json\/wp\/v2\/types\/page"}],"author":[{"embeddable":true,"href":"https:\/\/www2.unicentro.br\/pet-letras\/wp-json\/wp\/v2\/users\/2"}],"replies":[{"embeddable":true,"href":"https:\/\/www2.unicentro.br\/pet-letras\/wp-json\/wp\/v2\/comments?post=35"}],"version-history":[{"count":4,"href":"https:\/\/www2.unicentro.br\/pet-letras\/wp-json\/wp\/v2\/pages\/35\/revisions"}],"predecessor-version":[{"id":130,"href":"https:\/\/www2.unicentro.br\/pet-letras\/wp-json\/wp\/v2\/pages\/35\/revisions\/130"}],"wp:attachment":[{"href":"https:\/\/www2.unicentro.br\/pet-letras\/wp-json\/wp\/v2\/media?parent=35"}],"curies":[{"name":"wp","href":"https:\/\/api.w.org\/{rel}","templated":true}]}}