{"id":31,"date":"2015-09-18T16:09:53","date_gmt":"2015-09-18T19:09:53","guid":{"rendered":"http:\/\/www2.unicentro.br\/pet-letras\/?page_id=31"},"modified":"2017-03-24T17:04:08","modified_gmt":"2017-03-24T20:04:08","slug":"publicacoes","status":"publish","type":"page","link":"https:\/\/www2.unicentro.br\/pet-letras\/publicacoes\/","title":{"rendered":"Publica\u00e7\u00f5es"},"content":{"rendered":"<p style=\"text-align: center\"><strong>LITERAPARTILHA<\/strong><\/p>\n<p>O projeto LITERAPARTILHA pretende levar a poesia, a arte e a prosa para o cotidiano das pessoas. O grupo PET- LETRAS lan\u00e7a a ideia e conta com a ajuda de todos que acreditam que a literatura nos liberta.<br \/>\nA ideia \u00e9 deixar poemas, dobraduras, x\u00e9rox, livros e roupas a disposi\u00e7\u00e3o de todos, mas para isso pedimos sua colabora\u00e7\u00e3o nessa corrente liter\u00e1ria. Escreva e deixe no mural, pegue a sua e retribua. Pode ser poema, livros, x\u00e9rox, dobraduras ou roupas.\u00a0Ajude nossa alma a se enfeitar.<br \/>\n<a href=\"http:\/\/www2.unicentro.br\/pet-letras\/files\/2015\/09\/13568777_697102363772016_341865006987551_o.jpg\"><img loading=\"lazy\" decoding=\"async\" class=\"alignnone size-medium wp-image-87\" src=\"http:\/\/www2.unicentro.br\/pet-letras\/files\/2015\/09\/13568777_697102363772016_341865006987551_o-300x225.jpg\" alt=\"13568777_697102363772016_341865006987551_o\" width=\"300\" height=\"225\" srcset=\"https:\/\/www2.unicentro.br\/pet-letras\/files\/2015\/09\/13568777_697102363772016_341865006987551_o-300x225.jpg 300w, https:\/\/www2.unicentro.br\/pet-letras\/files\/2015\/09\/13568777_697102363772016_341865006987551_o-768x575.jpg 768w, https:\/\/www2.unicentro.br\/pet-letras\/files\/2015\/09\/13568777_697102363772016_341865006987551_o-1024x767.jpg 1024w, https:\/\/www2.unicentro.br\/pet-letras\/files\/2015\/09\/13568777_697102363772016_341865006987551_o.jpg 1280w\" sizes=\"auto, (max-width: 300px) 100vw, 300px\" \/><\/a> <a href=\"http:\/\/www2.unicentro.br\/pet-letras\/files\/2015\/09\/13575768_697102103772042_7567531186260177955_o.jpg\"><img loading=\"lazy\" decoding=\"async\" class=\"alignnone size-medium wp-image-88\" src=\"http:\/\/www2.unicentro.br\/pet-letras\/files\/2015\/09\/13575768_697102103772042_7567531186260177955_o-300x225.jpg\" alt=\"13575768_697102103772042_7567531186260177955_o\" width=\"300\" height=\"225\" srcset=\"https:\/\/www2.unicentro.br\/pet-letras\/files\/2015\/09\/13575768_697102103772042_7567531186260177955_o-300x225.jpg 300w, https:\/\/www2.unicentro.br\/pet-letras\/files\/2015\/09\/13575768_697102103772042_7567531186260177955_o-768x575.jpg 768w, https:\/\/www2.unicentro.br\/pet-letras\/files\/2015\/09\/13575768_697102103772042_7567531186260177955_o-1024x767.jpg 1024w, https:\/\/www2.unicentro.br\/pet-letras\/files\/2015\/09\/13575768_697102103772042_7567531186260177955_o.jpg 1280w\" sizes=\"auto, (max-width: 300px) 100vw, 300px\" \/><\/a> <a href=\"http:\/\/www2.unicentro.br\/pet-letras\/files\/2015\/09\/13592835_697102317105354_5234103798788502708_n.jpg\"><img loading=\"lazy\" decoding=\"async\" class=\"alignnone size-medium wp-image-91\" src=\"http:\/\/www2.unicentro.br\/pet-letras\/files\/2015\/09\/13592835_697102317105354_5234103798788502708_n-300x300.jpg\" alt=\"13592835_697102317105354_5234103798788502708_n\" width=\"300\" height=\"300\" srcset=\"https:\/\/www2.unicentro.br\/pet-letras\/files\/2015\/09\/13592835_697102317105354_5234103798788502708_n-300x300.jpg 300w, https:\/\/www2.unicentro.br\/pet-letras\/files\/2015\/09\/13592835_697102317105354_5234103798788502708_n-150x150.jpg 150w, https:\/\/www2.unicentro.br\/pet-letras\/files\/2015\/09\/13592835_697102317105354_5234103798788502708_n-768x768.jpg 768w, https:\/\/www2.unicentro.br\/pet-letras\/files\/2015\/09\/13592835_697102317105354_5234103798788502708_n.jpg 959w\" sizes=\"auto, (max-width: 300px) 100vw, 300px\" \/><\/a><img loading=\"lazy\" decoding=\"async\" class=\"alignnone size-medium wp-image-90\" src=\"http:\/\/www2.unicentro.br\/pet-letras\/files\/2015\/09\/13582031_697102270438692_2866652097057071391_o-300x225.jpg\" alt=\"13582031_697102270438692_2866652097057071391_o\" width=\"300\" height=\"225\" srcset=\"https:\/\/www2.unicentro.br\/pet-letras\/files\/2015\/09\/13582031_697102270438692_2866652097057071391_o-300x225.jpg 300w, https:\/\/www2.unicentro.br\/pet-letras\/files\/2015\/09\/13582031_697102270438692_2866652097057071391_o-768x575.jpg 768w, https:\/\/www2.unicentro.br\/pet-letras\/files\/2015\/09\/13582031_697102270438692_2866652097057071391_o-1024x767.jpg 1024w, https:\/\/www2.unicentro.br\/pet-letras\/files\/2015\/09\/13582031_697102270438692_2866652097057071391_o.jpg 1280w\" sizes=\"auto, (max-width: 300px) 100vw, 300px\" \/><a href=\"http:\/\/www2.unicentro.br\/pet-letras\/files\/2015\/09\/13603607_697102227105363_7644819555598052533_o.jpg\"><img loading=\"lazy\" decoding=\"async\" class=\"alignnone size-medium wp-image-92\" src=\"http:\/\/www2.unicentro.br\/pet-letras\/files\/2015\/09\/13603607_697102227105363_7644819555598052533_o-300x169.jpg\" alt=\"13603607_697102227105363_7644819555598052533_o\" width=\"300\" height=\"169\" srcset=\"https:\/\/www2.unicentro.br\/pet-letras\/files\/2015\/09\/13603607_697102227105363_7644819555598052533_o-300x169.jpg 300w, https:\/\/www2.unicentro.br\/pet-letras\/files\/2015\/09\/13603607_697102227105363_7644819555598052533_o-768x432.jpg 768w, https:\/\/www2.unicentro.br\/pet-letras\/files\/2015\/09\/13603607_697102227105363_7644819555598052533_o-1024x576.jpg 1024w, https:\/\/www2.unicentro.br\/pet-letras\/files\/2015\/09\/13603607_697102227105363_7644819555598052533_o.jpg 1280w\" sizes=\"auto, (max-width: 300px) 100vw, 300px\" \/><\/a><a href=\"http:\/\/www2.unicentro.br\/pet-letras\/files\/2015\/09\/13576701_697102120438707_2888805311717421021_o.jpg\"><img loading=\"lazy\" decoding=\"async\" class=\"alignnone size-medium wp-image-89\" src=\"http:\/\/www2.unicentro.br\/pet-letras\/files\/2015\/09\/13576701_697102120438707_2888805311717421021_o-300x169.jpg\" alt=\"13576701_697102120438707_2888805311717421021_o\" width=\"300\" height=\"169\" srcset=\"https:\/\/www2.unicentro.br\/pet-letras\/files\/2015\/09\/13576701_697102120438707_2888805311717421021_o-300x169.jpg 300w, https:\/\/www2.unicentro.br\/pet-letras\/files\/2015\/09\/13576701_697102120438707_2888805311717421021_o-768x432.jpg 768w, https:\/\/www2.unicentro.br\/pet-letras\/files\/2015\/09\/13576701_697102120438707_2888805311717421021_o-1024x576.jpg 1024w, https:\/\/www2.unicentro.br\/pet-letras\/files\/2015\/09\/13576701_697102120438707_2888805311717421021_o.jpg 1280w\" sizes=\"auto, (max-width: 300px) 100vw, 300px\" \/><\/a><\/p>\n<p>&nbsp;<\/p>\n<p style=\"text-align: left\"><strong>Jos\u00e9<\/strong><\/p>\n<p style=\"text-align: left\">E agora, Jos\u00e9?<br \/>\nA festa acabou,<br \/>\na luz apagou,<br \/>\no povo sumiu,<br \/>\na noite esfriou,<br \/>\ne agora, Jos\u00e9?<br \/>\ne agora, voc\u00ea?<br \/>\nvoc\u00ea que \u00e9 sem nome,<br \/>\nque zomba dos outros,<br \/>\nVoc\u00ea que faz versos,<br \/>\nque ama, protesta?<br \/>\ne agora, Jos\u00e9?<\/p>\n<p style=\"text-align: left\">Est\u00e1 sem mulher,<br \/>\nest\u00e1 sem discurso,<br \/>\nest\u00e1 sem carinho,<br \/>\nj\u00e1 n\u00e3o pode beber,<br \/>\nj\u00e1 n\u00e3o pode fumar,<br \/>\ncuspir j\u00e1 n\u00e3o pode,<br \/>\na noite esfriou,<br \/>\no dia n\u00e3o veio,<br \/>\no bonde n\u00e3o veio,<br \/>\no riso n\u00e3o veio,<br \/>\nn\u00e3o veio a utopia<br \/>\ne tudo acabou<br \/>\ne tudo fugiu<br \/>\ne tudo mofou,<br \/>\ne agora, Jos\u00e9?<\/p>\n<p style=\"text-align: left\">E agora, Jos\u00e9?<br \/>\nSua doce palavra,<br \/>\nseu instante de febre,<br \/>\nsua gula e jejum,<br \/>\nsua biblioteca,<br \/>\nsua lavra de ouro,<br \/>\nseu terno de vidro,<br \/>\nsua incoer\u00eancia,<br \/>\nseu \u00f3dio \u2013 e agora?<\/p>\n<p style=\"text-align: left\">Com a chave na m\u00e3o<br \/>\nquer abrir a porta,<br \/>\nn\u00e3o existe porta;<br \/>\nquer morrer no mar,<br \/>\nmas o mar secou;<br \/>\nquer ir para Minas,<br \/>\nMinas n\u00e3o h\u00e1 mais.<br \/>\nJos\u00e9, e agora?<\/p>\n<p style=\"text-align: left\">Se voc\u00ea gritasse,<br \/>\nse voc\u00ea gemesse,<br \/>\nse voc\u00ea tocasse<br \/>\na valsa vienense,<br \/>\nse voc\u00ea dormisse,<br \/>\nse voc\u00ea cansasse,<br \/>\nse voc\u00ea morresse\u2026<br \/>\nMas voc\u00ea n\u00e3o morre,<br \/>\nvoc\u00ea \u00e9 duro, Jos\u00e9!<\/p>\n<p style=\"text-align: left\">Sozinho no escuro<br \/>\nqual bicho-do-mato,<br \/>\nsem teogonia,<br \/>\nsem parede nua<br \/>\npara se encostar,<br \/>\nsem cavalo preto<br \/>\nque fuja do galope,<br \/>\nvoc\u00ea marcha, Jos\u00e9!<br \/>\nJos\u00e9, para onde?<\/p>\n<p style=\"text-align: left\">(\u00a0<a href=\"http:\/\/www.poesiaspoemaseversos.com.br\/carlos-drummond-de-andrade-poemas\/\">Carlos Drummond de Andrade<\/a>\u00a0)<br \/>\n<em>(Publicado em Antologia Po\u00e9tica \u2013 12a edi\u00e7\u00e3o \u2013 Rio de Janeiro: Jos\u00e9 Olympio, 1978, ps. 10,11 e 12)<\/em><\/p>\n","protected":false},"excerpt":{"rendered":"<p>LITERAPARTILHA O projeto LITERAPARTILHA pretende levar a poesia, a arte e a prosa para o cotidiano das pessoas. O grupo PET- LETRAS lan\u00e7a a ideia e conta com a ajuda de todos que acreditam que a literatura nos liberta. A ideia \u00e9 deixar poemas, dobraduras, x\u00e9rox, livros e roupas a disposi\u00e7\u00e3o de todos, mas para [&hellip;]<\/p>\n","protected":false},"author":2,"featured_media":0,"parent":0,"menu_order":0,"comment_status":"closed","ping_status":"closed","template":"","meta":{"_exactmetrics_skip_tracking":false,"_exactmetrics_sitenote_active":false,"_exactmetrics_sitenote_note":"","_exactmetrics_sitenote_category":0,"ngg_post_thumbnail":0,"footnotes":"","_links_to":"","_links_to_target":""},"class_list":["post-31","page","type-page","status-publish","hentry"],"_links":{"self":[{"href":"https:\/\/www2.unicentro.br\/pet-letras\/wp-json\/wp\/v2\/pages\/31","targetHints":{"allow":["GET"]}}],"collection":[{"href":"https:\/\/www2.unicentro.br\/pet-letras\/wp-json\/wp\/v2\/pages"}],"about":[{"href":"https:\/\/www2.unicentro.br\/pet-letras\/wp-json\/wp\/v2\/types\/page"}],"author":[{"embeddable":true,"href":"https:\/\/www2.unicentro.br\/pet-letras\/wp-json\/wp\/v2\/users\/2"}],"replies":[{"embeddable":true,"href":"https:\/\/www2.unicentro.br\/pet-letras\/wp-json\/wp\/v2\/comments?post=31"}],"version-history":[{"count":6,"href":"https:\/\/www2.unicentro.br\/pet-letras\/wp-json\/wp\/v2\/pages\/31\/revisions"}],"predecessor-version":[{"id":150,"href":"https:\/\/www2.unicentro.br\/pet-letras\/wp-json\/wp\/v2\/pages\/31\/revisions\/150"}],"wp:attachment":[{"href":"https:\/\/www2.unicentro.br\/pet-letras\/wp-json\/wp\/v2\/media?parent=31"}],"curies":[{"name":"wp","href":"https:\/\/api.w.org\/{rel}","templated":true}]}}