{"id":18,"date":"2015-09-18T15:16:00","date_gmt":"2015-09-18T18:16:00","guid":{"rendered":"http:\/\/www2.unicentro.br\/pet-letras\/?page_id=18"},"modified":"2015-09-18T15:16:01","modified_gmt":"2015-09-18T18:16:01","slug":"pet-letras-unicentro","status":"publish","type":"page","link":"https:\/\/www2.unicentro.br\/pet-letras\/pet-letras-unicentro\/","title":{"rendered":"PET Letras Unicentro"},"content":{"rendered":"<p>Na Unicentro o PET Letras foi institu\u00eddo em novembro de 1991, por iniciativa da Professora Mail Marques de Azevedo, na \u00e9poca Coordenadora de Pesquisa. Desde ent\u00e3o, j\u00e1 fizeram parte do grupo cerca de 60 bolsistas, muitos dos quais s\u00e3o, atualmente, especialistas, mestres e doutores, inclusive professores na nossa Institui\u00e7\u00e3o. Nesse per\u00edodo o grupo PET desenvolveu, al\u00e9m de pesquisas individuais e em grupo, palestras, grupos de estudos e mini-cursos voltados para os acad\u00eamicos da Institui\u00e7\u00e3o e em outros momentos para a comunidade.<\/p>\n<p>Para ingressar no Programa de Educa\u00e7\u00e3o Tutorial \u2013 PET\/Letras, o aluno interessado ter\u00e1, al\u00e9m de atender os requisitos que constam no Regimento, que passar por um teste seletivo, constitu\u00eddo de uma prova escrita e entrevista. Caso julgue necess\u00e1rio, o grupo poder\u00e1 aplicar outros m\u00e9todos avaliativos, como debates e din\u00e2micas de grupo.<\/p>\n<p>Caso o grupo PET\/Letras opte em ter colaboradores como integrantes, estes ter\u00e3o os mesmos direitos e deveres que os bolsistas. E, t\u00e3o logo abra uma vaga para bolsista, o colaborador assumir\u00e1 esta vaga, respeitando-se a ordem de classifica\u00e7\u00e3o do processo seletivo.<\/p>\n","protected":false},"excerpt":{"rendered":"<p>Na Unicentro o PET Letras foi institu\u00eddo em novembro de 1991, por iniciativa da Professora Mail Marques de Azevedo, na \u00e9poca Coordenadora de Pesquisa. Desde ent\u00e3o, j\u00e1 fizeram parte do grupo cerca de 60 bolsistas, muitos dos quais s\u00e3o, atualmente, especialistas, mestres e doutores, inclusive professores na nossa Institui\u00e7\u00e3o. Nesse per\u00edodo o grupo PET desenvolveu, [&hellip;]<\/p>\n","protected":false},"author":2,"featured_media":0,"parent":0,"menu_order":0,"comment_status":"closed","ping_status":"closed","template":"","meta":{"_exactmetrics_skip_tracking":false,"_exactmetrics_sitenote_active":false,"_exactmetrics_sitenote_note":"","_exactmetrics_sitenote_category":0,"ngg_post_thumbnail":0,"footnotes":"","_links_to":"","_links_to_target":""},"class_list":["post-18","page","type-page","status-publish","hentry"],"_links":{"self":[{"href":"https:\/\/www2.unicentro.br\/pet-letras\/wp-json\/wp\/v2\/pages\/18","targetHints":{"allow":["GET"]}}],"collection":[{"href":"https:\/\/www2.unicentro.br\/pet-letras\/wp-json\/wp\/v2\/pages"}],"about":[{"href":"https:\/\/www2.unicentro.br\/pet-letras\/wp-json\/wp\/v2\/types\/page"}],"author":[{"embeddable":true,"href":"https:\/\/www2.unicentro.br\/pet-letras\/wp-json\/wp\/v2\/users\/2"}],"replies":[{"embeddable":true,"href":"https:\/\/www2.unicentro.br\/pet-letras\/wp-json\/wp\/v2\/comments?post=18"}],"version-history":[{"count":1,"href":"https:\/\/www2.unicentro.br\/pet-letras\/wp-json\/wp\/v2\/pages\/18\/revisions"}],"predecessor-version":[{"id":19,"href":"https:\/\/www2.unicentro.br\/pet-letras\/wp-json\/wp\/v2\/pages\/18\/revisions\/19"}],"wp:attachment":[{"href":"https:\/\/www2.unicentro.br\/pet-letras\/wp-json\/wp\/v2\/media?parent=18"}],"curies":[{"name":"wp","href":"https:\/\/api.w.org\/{rel}","templated":true}]}}