{"id":179,"date":"2017-04-03T11:06:44","date_gmt":"2017-04-03T14:06:44","guid":{"rendered":"http:\/\/www2.unicentro.br\/pet-letras\/?page_id=179"},"modified":"2017-04-03T11:06:44","modified_gmt":"2017-04-03T14:06:44","slug":"maria-clara-machado","status":"publish","type":"page","link":"https:\/\/www2.unicentro.br\/pet-letras\/maria-clara-machado\/","title":{"rendered":"Maria Clara Machado"},"content":{"rendered":"<p><a href=\"http:\/\/www2.unicentro.br\/pet-letras\/files\/2017\/04\/download.jpg\"><img loading=\"lazy\" decoding=\"async\" class=\"alignnone size-full wp-image-180 aligncenter\" src=\"http:\/\/www2.unicentro.br\/pet-letras\/files\/2017\/04\/download.jpg\" alt=\"\" width=\"203\" height=\"249\" \/><\/a><\/p>\n<p>Maria Clara Machado\u00a0nasceu em\u00a0Belo Horizonte, Minas Gerais, no dia 3 de abril de 1921 e faleceu no\u00a0Rio de Janeiro, em 30 de abril de 2001. Foi escritora e dramaturga brasileira, autora de reconhecidas pe\u00e7as infantis. Um dos seus grandes feitos foi a funda\u00e7\u00e3o do\u00a0Tablado, em 1951, escola de teatro muito famosa do\u00a0Rio de Janeiro, de onde sa\u00edram diversos atores conhecidos.<\/p>\n<p>\u00c9 considerada a maior autora de teatro infantil do pa\u00eds. Escreveu quase 30 pe\u00e7as infantis, livros para crian\u00e7as e 3 pe\u00e7as para adultos (As interfer\u00eancias,\u00a0Os Embrulhos\u00a0e\u00a0Miss Brasil).<\/p>\n<p>Em 1955\u00a0surgiu o maior sucesso do Tablado e o texto mais montado de Maria Clara Machado: \u201cPluft, o fantasminha\u201d. Essa pe\u00e7a, que conta com humor, poesia e diversas situa\u00e7\u00f5es, \u00e9\u00a0considerada pela pr\u00f3pria autora como sua obra mais completa.<\/p>\n<p>Depois do sucesso de \u201cPluft, o fantasminha\u201d, Maria Clara Machado escreveu mais de 25 pe\u00e7as, entre as quais \u201cO cavalinho azul\u201d, \u201cA bruxinha que era boa\u201d e \u201cA menina e o vento\u201d.\u00a0Sua \u00faltima pe\u00e7a foi escrita em 2000, \u201cJonas e a baleia\u201d, na qual Maria Clara reconta esse epis\u00f3dio b\u00edblico em parceria com Cac\u00e1 Mourth\u00e9. Faleceu aos oitenta anos\u00a0no Rio de Janeiro.<\/p>\n<p>O programa De L\u00e1 Pra C\u00e1 conta a hist\u00f3ria de Maria Clara Machado, assista:\u00a0<a href=\"https:\/\/www.youtube.com\/watch?v=T1Tub_XkIHc\">https:\/\/www.youtube.com\/watch?v=T1Tub_XkIHc<\/a><\/p>\n<p>Leia a pe\u00e7a\u00a0<em>Os mentirosos<\/em>, de Maria Clara Machado:\u00a0<a href=\"http:\/\/www2.unicentro.br\/pet-letras\/files\/2017\/04\/Os-Mentirosos-Maria-Clara-MAchado.pdf\">Os Mentirosos &#8211; Maria Clara MAchado<\/a><\/p>\n<p>Fontes: <a href=\"https:\/\/pt.wikipedia.org\/wiki\/Maria_Clara_Machado\" target=\"_blank\">Wikipedia<\/a>, <a href=\"http:\/\/otablado.com.br\/maria-clara-machado\/vida\/\" target=\"_blank\">O Tablado<\/a>, <a href=\"http:\/\/mariaclaramachado.com.br\/\">http:\/\/mariaclaramachado.com.br\/<\/a>\u00a0e <a href=\"http:\/\/redeglobo.globo.com\/globoteatro\/bis\/noticia\/2013\/09\/influencia-de-maria-clara-machado-para-o-teatro-infantil-foi-fundamental.html\" target=\"_blank\">Rede Globo<\/a>.<\/p>\n","protected":false},"excerpt":{"rendered":"<p>Maria Clara Machado\u00a0nasceu em\u00a0Belo Horizonte, Minas Gerais, no dia 3 de abril de 1921 e faleceu no\u00a0Rio de Janeiro, em 30 de abril de 2001. Foi escritora e dramaturga brasileira, autora de reconhecidas pe\u00e7as infantis. Um dos seus grandes feitos foi a funda\u00e7\u00e3o do\u00a0Tablado, em 1951, escola de teatro muito famosa do\u00a0Rio de Janeiro, de [&hellip;]<\/p>\n","protected":false},"author":142,"featured_media":0,"parent":0,"menu_order":0,"comment_status":"closed","ping_status":"closed","template":"","meta":{"_exactmetrics_skip_tracking":false,"_exactmetrics_sitenote_active":false,"_exactmetrics_sitenote_note":"","_exactmetrics_sitenote_category":0,"ngg_post_thumbnail":0,"footnotes":"","_links_to":"","_links_to_target":""},"class_list":["post-179","page","type-page","status-publish","hentry"],"_links":{"self":[{"href":"https:\/\/www2.unicentro.br\/pet-letras\/wp-json\/wp\/v2\/pages\/179","targetHints":{"allow":["GET"]}}],"collection":[{"href":"https:\/\/www2.unicentro.br\/pet-letras\/wp-json\/wp\/v2\/pages"}],"about":[{"href":"https:\/\/www2.unicentro.br\/pet-letras\/wp-json\/wp\/v2\/types\/page"}],"author":[{"embeddable":true,"href":"https:\/\/www2.unicentro.br\/pet-letras\/wp-json\/wp\/v2\/users\/142"}],"replies":[{"embeddable":true,"href":"https:\/\/www2.unicentro.br\/pet-letras\/wp-json\/wp\/v2\/comments?post=179"}],"version-history":[{"count":2,"href":"https:\/\/www2.unicentro.br\/pet-letras\/wp-json\/wp\/v2\/pages\/179\/revisions"}],"predecessor-version":[{"id":183,"href":"https:\/\/www2.unicentro.br\/pet-letras\/wp-json\/wp\/v2\/pages\/179\/revisions\/183"}],"wp:attachment":[{"href":"https:\/\/www2.unicentro.br\/pet-letras\/wp-json\/wp\/v2\/media?parent=179"}],"curies":[{"name":"wp","href":"https:\/\/api.w.org\/{rel}","templated":true}]}}