{"id":16,"date":"2015-09-18T15:15:24","date_gmt":"2015-09-18T18:15:24","guid":{"rendered":"http:\/\/www2.unicentro.br\/pet-letras\/?page_id=16"},"modified":"2015-09-18T15:15:24","modified_gmt":"2015-09-18T18:15:24","slug":"o-que-e-o-pet","status":"publish","type":"page","link":"https:\/\/www2.unicentro.br\/pet-letras\/o-que-e-o-pet\/","title":{"rendered":"O que \u00e9 o PET?"},"content":{"rendered":"<p>Criado e implantado em 1979 pela CAPES, o PET \u2013 Programa de Educa\u00e7\u00e3o Tutorial \u2013 \u00e9 um Programa acad\u00eamico direcionado a alunos regularmente matriculados em cursos de gradua\u00e7\u00e3o. Eles s\u00e3o selecionados pelas IES \u2013 Institui\u00e7\u00f5es de Ensino Superior \u2013 que participam do Programa e se organizam em grupos, recebendo orienta\u00e7\u00e3o acad\u00eamica de professores-tutores. O PET objetiva envolver os estudantes que dele participam num processo de forma\u00e7\u00e3o integral, propiciando-lhes uma compreens\u00e3o abrangente e aprofundada de sua \u00e1rea de estudos.<\/p>\n<p>S\u00e3o objetivos deste Programa: a melhoria do ensino de gradua\u00e7\u00e3o, a forma\u00e7\u00e3o acad\u00eamica ampla do aluno, a interdisciplinaridade, a atua\u00e7\u00e3o coletiva e o planejamento e a execu\u00e7\u00e3o, em grupos sob tutoria, de um programa diversificado de atividades acad\u00eamicas.<\/p>\n<p>At\u00e9 o ano de 1999, o Programa foi coordenado pela CAPES. A partir de 31 de dezembro de 1999, o PET teve sua gest\u00e3o transferida para a Secretaria de Educa\u00e7\u00e3o Superior &#8211; SESu\/MEC, ficando sob a responsabilidade do Departamento de Projetos Especiais de Moderniza\u00e7\u00e3o e Qualifica\u00e7\u00e3o do Ensino Superior &#8211; DEPEM. Desde ent\u00e3o, vem sendo executado, levando em conta as diretrizes e os interesses acad\u00eamicos das Universidades \u00e0s quais se vincula, e que passaram a ser respons\u00e1veis por sua estrutura\u00e7\u00e3o e coordena\u00e7\u00e3o.<\/p>\n","protected":false},"excerpt":{"rendered":"<p>Criado e implantado em 1979 pela CAPES, o PET \u2013 Programa de Educa\u00e7\u00e3o Tutorial \u2013 \u00e9 um Programa acad\u00eamico direcionado a alunos regularmente matriculados em cursos de gradua\u00e7\u00e3o. Eles s\u00e3o selecionados pelas IES \u2013 Institui\u00e7\u00f5es de Ensino Superior \u2013 que participam do Programa e se organizam em grupos, recebendo orienta\u00e7\u00e3o acad\u00eamica de professores-tutores. O PET [&hellip;]<\/p>\n","protected":false},"author":2,"featured_media":0,"parent":0,"menu_order":0,"comment_status":"closed","ping_status":"closed","template":"","meta":{"_exactmetrics_skip_tracking":false,"_exactmetrics_sitenote_active":false,"_exactmetrics_sitenote_note":"","_exactmetrics_sitenote_category":0,"ngg_post_thumbnail":0,"footnotes":"","_links_to":"","_links_to_target":""},"class_list":["post-16","page","type-page","status-publish","hentry"],"_links":{"self":[{"href":"https:\/\/www2.unicentro.br\/pet-letras\/wp-json\/wp\/v2\/pages\/16","targetHints":{"allow":["GET"]}}],"collection":[{"href":"https:\/\/www2.unicentro.br\/pet-letras\/wp-json\/wp\/v2\/pages"}],"about":[{"href":"https:\/\/www2.unicentro.br\/pet-letras\/wp-json\/wp\/v2\/types\/page"}],"author":[{"embeddable":true,"href":"https:\/\/www2.unicentro.br\/pet-letras\/wp-json\/wp\/v2\/users\/2"}],"replies":[{"embeddable":true,"href":"https:\/\/www2.unicentro.br\/pet-letras\/wp-json\/wp\/v2\/comments?post=16"}],"version-history":[{"count":1,"href":"https:\/\/www2.unicentro.br\/pet-letras\/wp-json\/wp\/v2\/pages\/16\/revisions"}],"predecessor-version":[{"id":17,"href":"https:\/\/www2.unicentro.br\/pet-letras\/wp-json\/wp\/v2\/pages\/16\/revisions\/17"}],"wp:attachment":[{"href":"https:\/\/www2.unicentro.br\/pet-letras\/wp-json\/wp\/v2\/media?parent=16"}],"curies":[{"name":"wp","href":"https:\/\/api.w.org\/{rel}","templated":true}]}}