{"id":14,"date":"2015-09-18T15:14:27","date_gmt":"2015-09-18T18:14:27","guid":{"rendered":"http:\/\/www2.unicentro.br\/pet-letras\/?page_id=14"},"modified":"2018-06-01T16:54:52","modified_gmt":"2018-06-01T19:54:52","slug":"inicial","status":"publish","type":"page","link":"https:\/\/www2.unicentro.br\/pet-letras\/","title":{"rendered":"Inicial"},"content":{"rendered":"<p style=\"padding-left: 60px;text-align: center\">Seja bem-vindo!<\/p>\n<p style=\"text-align: left\">\u00a0 \u00a0 \u00a0 \u00a0 \u00a0 O PET Letras foi institu\u00eddo na Unicentro em novembro de 1991, por iniciativa da Professora Mail Marques de Azevedo, na \u00e9poca Coordenadora de Pesquisa. Desde ent\u00e3o, j\u00e1 fizeram parte do grupo cerca de 60 bolsistas, muitos dos quais s\u00e3o, atualmente, especialistas, mestres e doutores, inclusive professores na nossa Institui\u00e7\u00e3o. Nesse per\u00edodo o grupo PET desenvolveu, al\u00e9m de pesquisas individuais e em grupo, palestras, grupos de estudos e mini-cursos voltados para os acad\u00eamicos da Institui\u00e7\u00e3o e em outros momentos para a comunidade.<\/p>\n<p style=\"text-align: left\">\u00a0 \u00a0 \u00a0 \u00a0 \u00a0 O Programa de Educa\u00e7\u00e3o Tutorial busca propiciar aos alunos condi\u00e7\u00f5es para a realiza\u00e7\u00e3o de atividades extracurriculares que complementem sua forma\u00e7\u00e3o acad\u00eamica, procurando atender mais plenamente as necessidades do Curso de Letras bem como ampliar e aprofundar os objetivos e os conte\u00fados que integram a estrutura curricular dessa gradua\u00e7\u00e3o. Espera-se que o aluno vivencie novas experi\u00eancias, visando sua forma\u00e7\u00e3o acad\u00eamica global e interdisciplinar, integrando ensino, pesquisa e extens\u00e3o.<\/p>\n<h5 style=\"padding-left: 30px;text-align: left\"><\/h5>\n","protected":false},"excerpt":{"rendered":"<p>Seja bem-vindo! \u00a0 \u00a0 \u00a0 \u00a0 \u00a0 O PET Letras foi institu\u00eddo na Unicentro em novembro de 1991, por iniciativa da Professora Mail Marques de Azevedo, na \u00e9poca Coordenadora de Pesquisa. Desde ent\u00e3o, j\u00e1 fizeram parte do grupo cerca de 60 bolsistas, muitos dos quais s\u00e3o, atualmente, especialistas, mestres e doutores, inclusive professores na nossa [&hellip;]<\/p>\n","protected":false},"author":2,"featured_media":430,"parent":0,"menu_order":0,"comment_status":"closed","ping_status":"closed","template":"","meta":{"_exactmetrics_skip_tracking":false,"_exactmetrics_sitenote_active":false,"_exactmetrics_sitenote_note":"","_exactmetrics_sitenote_category":0,"ngg_post_thumbnail":0,"footnotes":"","_links_to":"","_links_to_target":""},"class_list":["post-14","page","type-page","status-publish","has-post-thumbnail","hentry"],"_links":{"self":[{"href":"https:\/\/www2.unicentro.br\/pet-letras\/wp-json\/wp\/v2\/pages\/14","targetHints":{"allow":["GET"]}}],"collection":[{"href":"https:\/\/www2.unicentro.br\/pet-letras\/wp-json\/wp\/v2\/pages"}],"about":[{"href":"https:\/\/www2.unicentro.br\/pet-letras\/wp-json\/wp\/v2\/types\/page"}],"author":[{"embeddable":true,"href":"https:\/\/www2.unicentro.br\/pet-letras\/wp-json\/wp\/v2\/users\/2"}],"replies":[{"embeddable":true,"href":"https:\/\/www2.unicentro.br\/pet-letras\/wp-json\/wp\/v2\/comments?post=14"}],"version-history":[{"count":7,"href":"https:\/\/www2.unicentro.br\/pet-letras\/wp-json\/wp\/v2\/pages\/14\/revisions"}],"predecessor-version":[{"id":431,"href":"https:\/\/www2.unicentro.br\/pet-letras\/wp-json\/wp\/v2\/pages\/14\/revisions\/431"}],"wp:featuredmedia":[{"embeddable":true,"href":"https:\/\/www2.unicentro.br\/pet-letras\/wp-json\/wp\/v2\/media\/430"}],"wp:attachment":[{"href":"https:\/\/www2.unicentro.br\/pet-letras\/wp-json\/wp\/v2\/media?parent=14"}],"curies":[{"name":"wp","href":"https:\/\/api.w.org\/{rel}","templated":true}]}}