{"id":6,"date":"2015-03-24T18:46:53","date_gmt":"2015-03-24T21:46:53","guid":{"rendered":"http:\/\/www2.unicentro.br\/orteseprotese\/?page_id=6"},"modified":"2015-07-06T14:57:50","modified_gmt":"2015-07-06T17:57:50","slug":"sobre-o-projeto","status":"publish","type":"page","link":"https:\/\/www2.unicentro.br\/orteseprotese\/sobre-o-projeto\/","title":{"rendered":"Sobre o projeto"},"content":{"rendered":"<p>O \u201cProjeto \u00d3rtese e Pr\u00f3tese\u201d foi proposto pelo Departamento de Enfermagem da UNICENTRO com o intuito de atender ao descrito na Portaria GM\/MS n\u00ba 818 de 05 de junho de 2001, do Minist\u00e9rio da Sa\u00fade, a qual criou Redes Estaduais de Assist\u00eancia \u00e0 pessoa portadora de defici\u00eancia f\u00edsica. O programa de \u00f3rtese e pr\u00f3tese do Minist\u00e9rio da Sa\u00fade visa fornecer o acesso da pessoa portadora de defici\u00eancia f\u00edsica a assist\u00eancia \u00e0 sa\u00fade em servi\u00e7os hierarquizados e regionalizados, com base nos princ\u00edpios da universalidade e integralidade das a\u00e7\u00f5es de sa\u00fade.<\/p>\n<p>Neste sentido o Projeto \u00d3rtese e Pr\u00f3tese tem como objetivos:<\/p>\n<p><strong>Objetivo geral<\/strong><\/p>\n<ul>\n<li>Realizar prescri\u00e7\u00e3o, avalia\u00e7\u00e3o, adequa\u00e7\u00e3o, treinamento, acompanhamento e dispensa\u00e7\u00e3o de \u00f3rteses, pr\u00f3teses e meios auxiliares de locomo\u00e7\u00e3o;<\/li>\n<\/ul>\n<p><strong>Objetivos espec\u00edficos: <\/strong><\/p>\n<ul>\n<li>Realizar prescri\u00e7\u00e3o do procedimento a ser realizado e acompanhamento m\u00e9dico;<\/li>\n<li>Realizar consulta de enfermagem visando o controle de doen\u00e7as de base e a melhor adapta\u00e7\u00e3o do paciente ao meio fornecido;<\/li>\n<li>Realizar assist\u00eancia psicoter\u00e1pica, de terapia ocupacional e fonoaudiologia ao pacientes do projeto;<\/li>\n<li>Realizar adequa\u00e7\u00e3o e treinamento por meio de assist\u00eancia fisioterap\u00eautica aos pacientes;<\/li>\n<li>Encaminhar os pacientes a atividades laborativas e reinser\u00ed-los socialmente.<\/li>\n<li>Fornecer campo de est\u00e1gio e aprendizado aos estudantes de gradua\u00e7\u00e3o dos cursos de Enfermagem, Fisioterapia, Psicologia, Servi\u00e7o Social, Pedagogia e Educa\u00e7\u00e3o F\u00edsica da UNICENTRO e de outras institui\u00e7\u00f5es de ensino que se fizerem interessadas, profissionais de sa\u00fade, estudantes de cursos de especializa\u00e7\u00e3o.<\/li>\n<\/ul>\n<p>Os atendimentos est\u00e3o dispon\u00edveis a todos os munic\u00edpios da 5\u00aa Regional da Sa\u00fade do Estado do Paran\u00e1, sejam eles: Boa Ventura de S\u00e3o Roque, Campina do Sim\u00e3o, Cand\u00f3i, Cantagalo, Foz do Jord\u00e3o, Goioxim, Guarapuava, Laranjal, Laranjeiras do Sul, Nova Laranjeiras, Palmital, Pinh\u00e3o, Pitanga, Porto Barreiro, Prudent\u00f3polis, Reserva do Igua\u00e7u, Rio Bonito do Igua\u00e7u, Turvo e Virmond.<\/p>\n<p>A administra\u00e7\u00e3o financeira deste projeto \u00e9 realizada pela Funda\u00e7\u00e3o de Apoio ao Desenvolvimento da UNICENTRO (FAU).<\/p>\n","protected":false},"excerpt":{"rendered":"<p>O \u201cProjeto \u00d3rtese e Pr\u00f3tese\u201d foi proposto pelo Departamento de Enfermagem da UNICENTRO com o intuito de atender ao descrito na Portaria GM\/MS n\u00ba 818 de 05 de junho de 2001, do Minist\u00e9rio da Sa\u00fade, a qual criou Redes Estaduais de Assist\u00eancia \u00e0 pessoa portadora de defici\u00eancia f\u00edsica. O programa de \u00f3rtese e pr\u00f3tese do [&hellip;]<\/p>\n","protected":false},"author":2,"featured_media":0,"parent":0,"menu_order":1,"comment_status":"closed","ping_status":"closed","template":"twocolumns-page-2-1.php","meta":{"_exactmetrics_skip_tracking":false,"_exactmetrics_sitenote_active":false,"_exactmetrics_sitenote_note":"","_exactmetrics_sitenote_category":0,"footnotes":"","_links_to":"","_links_to_target":""},"class_list":["post-6","page","type-page","status-publish","hentry"],"_links":{"self":[{"href":"https:\/\/www2.unicentro.br\/orteseprotese\/wp-json\/wp\/v2\/pages\/6","targetHints":{"allow":["GET"]}}],"collection":[{"href":"https:\/\/www2.unicentro.br\/orteseprotese\/wp-json\/wp\/v2\/pages"}],"about":[{"href":"https:\/\/www2.unicentro.br\/orteseprotese\/wp-json\/wp\/v2\/types\/page"}],"author":[{"embeddable":true,"href":"https:\/\/www2.unicentro.br\/orteseprotese\/wp-json\/wp\/v2\/users\/2"}],"replies":[{"embeddable":true,"href":"https:\/\/www2.unicentro.br\/orteseprotese\/wp-json\/wp\/v2\/comments?post=6"}],"version-history":[{"count":8,"href":"https:\/\/www2.unicentro.br\/orteseprotese\/wp-json\/wp\/v2\/pages\/6\/revisions"}],"predecessor-version":[{"id":161,"href":"https:\/\/www2.unicentro.br\/orteseprotese\/wp-json\/wp\/v2\/pages\/6\/revisions\/161"}],"wp:attachment":[{"href":"https:\/\/www2.unicentro.br\/orteseprotese\/wp-json\/wp\/v2\/media?parent=6"}],"curies":[{"name":"wp","href":"https:\/\/api.w.org\/{rel}","templated":true}]}}