{"id":44,"date":"2015-04-02T09:18:53","date_gmt":"2015-04-02T12:18:53","guid":{"rendered":"http:\/\/www2.unicentro.br\/orteseprotese\/?page_id=44"},"modified":"2015-07-06T14:49:06","modified_gmt":"2015-07-06T17:49:06","slug":"tratamentos-oferecidos","status":"publish","type":"page","link":"https:\/\/www2.unicentro.br\/orteseprotese\/tratamentos-oferecidos\/","title":{"rendered":"Tratamentos oferecidos"},"content":{"rendered":"<p>O Projeto \u00d3rtese e Pr\u00f3tese da UNICENTRO entende a reabilita\u00e7\u00e3o como uma atividade multiprofissional.<\/p>\n<p>Os pacientes s\u00e3o atendidos por uma equipe multiprofissional no momento da avalia\u00e7\u00e3o, composta por: m\u00e9dico, enfermeiro e assistente social.<\/p>\n<p>A partir deste atendimento inicial s\u00e3o levantadas as necessidades de encaminhamentos para terapia com outros profissionais do servi\u00e7o, como: terapeuta ocupacional, fisioterapeuta, psicol\u00f3gico e\/ou fonoaudiol\u00f3gico.<\/p>\n<p>O Projeto \u00d3rtese e Pr\u00f3tese ainda conta com parceria com o Ambulat\u00f3rio Escola de Nutri\u00e7\u00e3o para os casos onde haja necessidade de acompanhamento nutricional.<\/p>\n<p><strong>O atendimento est\u00e1 dispon\u00edvel exclusivamente pelo SUS, ao p\u00fablico infantil e adulto com defici\u00eancia f\u00edsica natural ou adquirida, residente em um dos munic\u00edpios que comp\u00f5em a 5\u00aa Regional de Sa\u00fade.<\/strong><\/p>\n<p>A defini\u00e7\u00e3o do programa de reabilita\u00e7\u00e3o \u00e9 realizada pela equipe multidisciplinar\u00a0de acordo com os crit\u00e9rios de atendimento\u00a0do servi\u00e7o.<\/p>\n<p>&nbsp;<\/p>\n<p><em><strong>M\u00e9dico Ortopedista<\/strong><\/em>: realiza a avalia\u00e7\u00f5es cl\u00ednicas dos pacientes e em conjunto com a equipe solicita\/indica os melhores procedimentos para os pacientes que s\u00e3o referenciados ao servi\u00e7o.<br \/>\n<strong><em>Enfermeira<\/em><\/strong>: realizada avalia\u00e7\u00e3o espec\u00edfica do pacientes que contribui para a indica\u00e7\u00e3o conjunta do procedimento para o paciente<br \/>\n<strong><em>Assistente Social<\/em><\/strong>:\u00a0identificar demandas visando formular respostas profissionais para o enfrentamento das situa\u00e7\u00f5es e demandas sociais. Acompanhamento e articula\u00e7\u00e3o no processo de reinser\u00e7\u00e3o social, desenvolvimento de a\u00e7\u00f5es que contribuam para o processo de reabilita\u00e7\u00e3o, autonomia dos usu\u00e1rios e defesa dos direitos.<br \/>\n<strong><em>Fisioterapeutas<\/em><\/strong>: respons\u00e1veis pela reabilita\u00e7\u00e3o f\u00edsica dos pacientes do servi\u00e7o e avalia\u00e7\u00e3o f\u00edsica.<br \/>\n<strong><em>Psic\u00f3loga:<\/em><\/strong> favorece um espa\u00e7o de escuta qualificada e reflex\u00e3o frente as demandas apresentadas pela pessoa com defici\u00eancia. Tem como finalidade: realizar o acompanhamento individual e familiar da pessoa com defici\u00eancia, tendo como foco a elabora\u00e7\u00e3o e conscientiza\u00e7\u00e3o das perdas decorrentes. Busca o envolvimento de novos recursos de enfrentamento, considerando as limita\u00e7\u00f5es e potencialidades de forma \u00fanica e singular, bem como a estimula\u00e7\u00e3o e o encorajamento para maior independ\u00eancia poss\u00edvel na vida di\u00e1ria da pessoa com defici\u00eancia.<br \/>\n<strong><em>Fonoaudi\u00f3loga<\/em><\/strong>:\u00a0avalia\u00e7\u00e3o, orienta\u00e7\u00e3o e tratamento da comunica\u00e7\u00e3o oral e escrita, voz, audi\u00e7\u00e3o e fun\u00e7\u00f5es da mastiga\u00e7\u00e3o, degluti\u00e7\u00e3o e respira\u00e7\u00e3o.<br \/>\n<strong><em>Terapeuta Ocupacional:<\/em><\/strong> respons\u00e1vel pela terapia de membro superior e de mem\u00f3ria.<\/p>\n","protected":false},"excerpt":{"rendered":"<p>O Projeto \u00d3rtese e Pr\u00f3tese da UNICENTRO entende a reabilita\u00e7\u00e3o como uma atividade multiprofissional. Os pacientes s\u00e3o atendidos por uma equipe multiprofissional no momento da avalia\u00e7\u00e3o, composta por: m\u00e9dico, enfermeiro e assistente social. A partir deste atendimento inicial s\u00e3o levantadas as necessidades de encaminhamentos para terapia com outros profissionais do servi\u00e7o, como: terapeuta ocupacional, fisioterapeuta, [&hellip;]<\/p>\n","protected":false},"author":99,"featured_media":0,"parent":0,"menu_order":0,"comment_status":"closed","ping_status":"closed","template":"","meta":{"_exactmetrics_skip_tracking":false,"_exactmetrics_sitenote_active":false,"_exactmetrics_sitenote_note":"","_exactmetrics_sitenote_category":0,"footnotes":"","_links_to":"","_links_to_target":""},"class_list":["post-44","page","type-page","status-publish","hentry"],"_links":{"self":[{"href":"https:\/\/www2.unicentro.br\/orteseprotese\/wp-json\/wp\/v2\/pages\/44","targetHints":{"allow":["GET"]}}],"collection":[{"href":"https:\/\/www2.unicentro.br\/orteseprotese\/wp-json\/wp\/v2\/pages"}],"about":[{"href":"https:\/\/www2.unicentro.br\/orteseprotese\/wp-json\/wp\/v2\/types\/page"}],"author":[{"embeddable":true,"href":"https:\/\/www2.unicentro.br\/orteseprotese\/wp-json\/wp\/v2\/users\/99"}],"replies":[{"embeddable":true,"href":"https:\/\/www2.unicentro.br\/orteseprotese\/wp-json\/wp\/v2\/comments?post=44"}],"version-history":[{"count":9,"href":"https:\/\/www2.unicentro.br\/orteseprotese\/wp-json\/wp\/v2\/pages\/44\/revisions"}],"predecessor-version":[{"id":152,"href":"https:\/\/www2.unicentro.br\/orteseprotese\/wp-json\/wp\/v2\/pages\/44\/revisions\/152"}],"wp:attachment":[{"href":"https:\/\/www2.unicentro.br\/orteseprotese\/wp-json\/wp\/v2\/media?parent=44"}],"curies":[{"name":"wp","href":"https:\/\/api.w.org\/{rel}","templated":true}]}}