{"id":17,"date":"2015-03-24T16:08:39","date_gmt":"2015-03-24T19:08:39","guid":{"rendered":"http:\/\/www2.unicentro.br\/orteseprotese\/?page_id=17"},"modified":"2015-04-23T10:12:00","modified_gmt":"2015-04-23T13:12:00","slug":"agende-sua-consulta","status":"publish","type":"page","link":"https:\/\/www2.unicentro.br\/orteseprotese\/agende-sua-consulta\/","title":{"rendered":"Agende sua consulta"},"content":{"rendered":"<h1><span style=\"font-size: 16pt\">Encaminhamento<\/span><\/h1>\n<p><strong>Saiba como proceder para ser atendido no Projeto \u00d3rtese e Pr\u00f3tese:<\/strong><\/p>\n<p>Pacientes SUS, residentes em Guarapuava &#8211; PR<br \/>\nO paciente deve procurar a unidade de sa\u00fade mais pr\u00f3xima da sua resid\u00eancia, para que a unidade de sa\u00fade realize o encaminhamento\/agendamento para o Projeto \u00d3rtese e Pr\u00f3tese.<\/p>\n<p>Pacientes SUS, residentes em outros munic\u00edpios da 5\u00aa Regional de Sa\u00fade<br \/>\nO paciente deve procurar a Secretaria de Sa\u00fade de seu munic\u00edpio com o pedido do m\u00e9dico para que seja providenciado o agendamento no Projeto \u00d3rtese e Pr\u00f3tese.<\/p>\n<p>&nbsp;<\/p>\n<p>Os pacientes dever\u00e3o apresentar os seguintes documentos, para a realiza\u00e7\u00e3o de quaisquer procedimentos no Projeto \u00d3rtese e Pr\u00f3tese.<\/p>\n<ul>\n<li>Encaminhamento de um profissional de sa\u00fade ou pedido m\u00e9dico<\/li>\n<li>RG ou Certid\u00e3o de Nascimento para crian\u00e7as<\/li>\n<li>CPF<\/li>\n<li>Comprovante de endere\u00e7o com CEP<\/li>\n<\/ul>\n<p>Cart\u00e3o Nacional de Sa\u00fade (Cart\u00e3o SUS).<br \/>\nAten\u00e7\u00e3o: todas as consultas s\u00e3o agendadas para as nove (09) \u00a0horas, pois as avalia\u00e7\u00f5es s\u00e3o multiprofissionais.<br \/>\nSolicitamos aos pacientes que cheguem com pelo menos 15 minutos de anteced\u00eancia para fazer seu cadastro.<\/p>\n        <style type=\"text\/css\">\n        <\/style>\n <div class=\"birchschedule\" id=\"birs_booking_box\"><form id=\"birs_appointment_form\"><input type=\"hidden\" id=\"birs_appointment_price\" name=\"birs_appointment_price\" \/><input type=\"hidden\" id=\"birs_appointment_duration\" name=\"birs_appointment_duration\" \/><input type=\"hidden\" id=\"birs_appointment_alternative_staff\" name=\"birs_appointment_alternative_staff\" value=\"\" \/><input type=\"hidden\" id=\"birs_shortcode_page_url\" name=\"birs_shortcode_page_url\" value=\"https:\/\/www2.unicentro.br:443\/orteseprotese\/wp-json\/wp\/v2\/pages\/17\" \/><div><input type=\"hidden\" id=\"_wpnonce\" name=\"_wpnonce\" value=\"e665ad97d1\" \/><input type=\"hidden\" name=\"_wp_http_referer\" value=\"\/orteseprotese\/wp-json\/wp\/v2\/pages\/17\" \/><ul><li class=\"birs_form_field birs_appointment_section\"><h2 class=\"birs_section\">Appointment Info<\/h2><\/li><li class=\"birs_form_field birs_appointment_location\"><label>Location<\/label><div class=\"birs_field_content\"><select id=\"birs_appointment_location\" name=\"birs_appointment_location\"><\/select><\/div><\/li><li class=\"birs_form_field birs_appointment_service\"><label>Service<\/label><div class=\"birs_field_content\"><select id=\"birs_appointment_service\" name=\"birs_appointment_service\"><\/select><\/div><\/li><li class=\"birs_form_field birs_appointment_staff\"><label>Provider<\/label><div class=\"birs_field_content\"><select id=\"birs_appointment_staff\" name=\"birs_appointment_staff\"><\/select><input type=\"hidden\" id=\"birs_appointment_avaliable_staff\" name=\"birs_appointment_avaliable_staff\" \/><\/div><div class=\"birs_error\" id=\"birs_appointment_service_error\"><\/div><\/li><li class=\"birs_form_field birs_appointment_date\"><label>Date<\/label><input id=\"birs_appointment_date\" name=\"birs_appointment_date\" type=\"hidden\"><div class=\"birs_field_content\"><div id=\"birs_appointment_datepicker\"><\/div><\/div><div class=\"birs_error\" id=\"birs_appointment_date_error\"><\/div><\/li><li class=\"birs_form_field birs_appointment_time\"><label>Time<\/label><div class=\"birs_field_content\"><\/div><div class=\"birs_error\" id=\"birs_appointment_time_error\"><\/div><\/li><li class=\"birs_form_field birs_appointment_notes\"><label>Notes<\/label><div class=\"birs_field_content birs_field_paragraph\"><textarea id=\"birs_appointment_notes\" name=\"birs_appointment_notes\"><\/textarea><input type=\"hidden\" name=\"birs_appointment_fields[]\" value=\"_birs_appointment_notes\" \/><\/div><\/li><li class=\"birs_form_field birs_client_section\"><h2 class=\"birs_section\">Your Info<\/h2><\/li><li class=\"birs_form_field birs_client_name_first\"><label>First Name<\/label><div class=\"birs_field_content\"><input id=\"birs_client_name_first\" name=\"birs_client_name_first\" type=\"text\"><input type=\"hidden\" name=\"birs_client_fields[]\" value=\"_birs_client_name_first\" \/><\/div><div class=\"birs_error\" id=\"birs_client_name_first_error\"><\/div><\/li><li class=\"birs_form_field birs_client_name_last\"><label>Last Name<\/label><div class=\"birs_field_content\"><input id=\"birs_client_name_last\" name=\"birs_client_name_last\" type=\"text\"><input type=\"hidden\" name=\"birs_client_fields[]\" value=\"_birs_client_name_last\" \/><\/div><div class=\"birs_error\" id=\"birs_client_name_last_error\"><\/div><\/li><li class=\"birs_form_field birs_client_email\"><label>Email<\/label><div class=\"birs_field_content\"><input id=\"birs_client_email\" name=\"birs_client_email\" type=\"text\"><input type=\"hidden\" name=\"birs_client_fields[]\" value=\"_birs_client_email\" \/><\/div><div class=\"birs_error\" id=\"birs_client_email_error\"><\/div><\/li><li class=\"birs_form_field birs_client_phone\"><label>Phone<\/label><div class=\"birs_field_content\"><input id=\"birs_client_phone\" name=\"birs_client_phone\" type=\"text\"><input type=\"hidden\" name=\"birs_client_fields[]\" value=\"_birs_client_phone\" \/><\/div><div class=\"birs_error\" id=\"birs_client_phone_error\"><\/div><\/li><li class=\"birs_footer\"><div class=\"birs_error\" id=\"birs_booking_error\"><\/div><div style=\"display:none;\" id=\"birs_please_wait\">Please wait...<\/div><div class=\"birs_field_content\"><input type=\"button\" value=\"Submit\" class=\"button\" id=\"birs_book_appointment\"><\/div><\/li><\/ul><\/div><\/form><\/div><div id=\"birs_booking_success\"><\/div>\n","protected":false},"excerpt":{"rendered":"<p>Encaminhamento Saiba como proceder para ser atendido no Projeto \u00d3rtese e Pr\u00f3tese: Pacientes SUS, residentes em Guarapuava &#8211; PR O paciente deve procurar a unidade de sa\u00fade mais pr\u00f3xima da sua resid\u00eancia, para que a unidade de sa\u00fade realize o encaminhamento\/agendamento para o Projeto \u00d3rtese e Pr\u00f3tese. Pacientes SUS, residentes em outros munic\u00edpios da 5\u00aa [&hellip;]<\/p>\n","protected":false},"author":2,"featured_media":0,"parent":0,"menu_order":2,"comment_status":"closed","ping_status":"closed","template":"","meta":{"_exactmetrics_skip_tracking":false,"_exactmetrics_sitenote_active":false,"_exactmetrics_sitenote_note":"","_exactmetrics_sitenote_category":0,"footnotes":"","_links_to":"","_links_to_target":""},"class_list":["post-17","page","type-page","status-publish","hentry"],"_links":{"self":[{"href":"https:\/\/www2.unicentro.br\/orteseprotese\/wp-json\/wp\/v2\/pages\/17","targetHints":{"allow":["GET"]}}],"collection":[{"href":"https:\/\/www2.unicentro.br\/orteseprotese\/wp-json\/wp\/v2\/pages"}],"about":[{"href":"https:\/\/www2.unicentro.br\/orteseprotese\/wp-json\/wp\/v2\/types\/page"}],"author":[{"embeddable":true,"href":"https:\/\/www2.unicentro.br\/orteseprotese\/wp-json\/wp\/v2\/users\/2"}],"replies":[{"embeddable":true,"href":"https:\/\/www2.unicentro.br\/orteseprotese\/wp-json\/wp\/v2\/comments?post=17"}],"version-history":[{"count":16,"href":"https:\/\/www2.unicentro.br\/orteseprotese\/wp-json\/wp\/v2\/pages\/17\/revisions"}],"predecessor-version":[{"id":151,"href":"https:\/\/www2.unicentro.br\/orteseprotese\/wp-json\/wp\/v2\/pages\/17\/revisions\/151"}],"wp:attachment":[{"href":"https:\/\/www2.unicentro.br\/orteseprotese\/wp-json\/wp\/v2\/media?parent=17"}],"curies":[{"name":"wp","href":"https:\/\/api.w.org\/{rel}","templated":true}]}}