{"id":162,"date":"2015-07-06T14:58:04","date_gmt":"2015-07-06T17:58:04","guid":{"rendered":"http:\/\/www2.unicentro.br\/orteseprotese\/?page_id=162"},"modified":"2015-07-14T15:55:04","modified_gmt":"2015-07-14T18:55:04","slug":"inicial","status":"publish","type":"page","link":"https:\/\/www2.unicentro.br\/orteseprotese\/","title":{"rendered":"Inicial"},"content":{"rendered":"<h3><strong><\/strong>Entenda a diferen\u00e7a entre \u00f3rtese e pr\u00f3tese<\/h3>\n<ul>\n<li>http:\/\/g1.globo.com\/bemestar\/videos\/t\/edicoes\/v\/entenda-a-diferenca-entre-ortese-e-protese\/3790663\/<\/li>\n<\/ul>\n<p>&nbsp;<\/p>\n<p>&nbsp;<\/p>\n","protected":false},"excerpt":{"rendered":"<p>Entenda a diferen\u00e7a entre \u00f3rtese e pr\u00f3tese http:\/\/g1.globo.com\/bemestar\/videos\/t\/edicoes\/v\/entenda-a-diferenca-entre-ortese-e-protese\/3790663\/ &nbsp; &nbsp;<\/p>\n","protected":false},"author":2,"featured_media":0,"parent":0,"menu_order":0,"comment_status":"closed","ping_status":"closed","template":"twocolumns-page-2-1.php","meta":{"_exactmetrics_skip_tracking":false,"_exactmetrics_sitenote_active":false,"_exactmetrics_sitenote_note":"","_exactmetrics_sitenote_category":0,"footnotes":"","_links_to":"","_links_to_target":""},"class_list":["post-162","page","type-page","status-publish","hentry"],"_links":{"self":[{"href":"https:\/\/www2.unicentro.br\/orteseprotese\/wp-json\/wp\/v2\/pages\/162","targetHints":{"allow":["GET"]}}],"collection":[{"href":"https:\/\/www2.unicentro.br\/orteseprotese\/wp-json\/wp\/v2\/pages"}],"about":[{"href":"https:\/\/www2.unicentro.br\/orteseprotese\/wp-json\/wp\/v2\/types\/page"}],"author":[{"embeddable":true,"href":"https:\/\/www2.unicentro.br\/orteseprotese\/wp-json\/wp\/v2\/users\/2"}],"replies":[{"embeddable":true,"href":"https:\/\/www2.unicentro.br\/orteseprotese\/wp-json\/wp\/v2\/comments?post=162"}],"version-history":[{"count":3,"href":"https:\/\/www2.unicentro.br\/orteseprotese\/wp-json\/wp\/v2\/pages\/162\/revisions"}],"predecessor-version":[{"id":169,"href":"https:\/\/www2.unicentro.br\/orteseprotese\/wp-json\/wp\/v2\/pages\/162\/revisions\/169"}],"wp:attachment":[{"href":"https:\/\/www2.unicentro.br\/orteseprotese\/wp-json\/wp\/v2\/media?parent=162"}],"curies":[{"name":"wp","href":"https:\/\/api.w.org\/{rel}","templated":true}]}}