{"id":21,"date":"2014-04-29T12:45:49","date_gmt":"2014-04-29T12:45:49","guid":{"rendered":"http:\/\/www2.unicentro.br\/neurociencias\/?page_id=21"},"modified":"2025-03-07T18:46:41","modified_gmt":"2025-03-07T18:46:41","slug":"projetos","status":"publish","type":"page","link":"https:\/\/www2.unicentro.br\/neurociencias\/projetos\/","title":{"rendered":"Projetos"},"content":{"rendered":"<p><strong>Em andamento:<\/strong><\/p>\n<p><strong>&#8211; Mestrado:<\/strong><\/p>\n<ul>\n<li>Avalia\u00e7\u00e3o de Estresse Oxidativo em Pacientes com Doen\u00e7a de\u00a0Alzheimer;<\/li>\n<li>AVALIA\u00c7\u00c3O DA FREQU\u00caNCIA DE APOE E-4 E K-BCHE EM PACIENTES PORTADORES DA DOEN\u00c7A DE ALZHEIMER DO MUNIC\u00cdPIO DE GUARAPUAVA-PR;<\/li>\n<\/ul>\n<p><strong>&#8211; Inicia\u00e7\u00e3o Cientifica:<\/strong><\/p>\n<ul>\n<li>An\u00e1lise da mini avalia\u00e7\u00e3o nutricional (man) em pacientes com doen\u00e7a de Alzheimer usu\u00e1rios do programa de medicamentos de alto custo no sistema \u00fanico de sa\u00fade no munic\u00edpio de Guarapuava\/PR<\/li>\n<li>Avalia\u00e7\u00e3o da atividade da \u03b4-Aminolevulinato Desidratase (ALA-D)<\/li>\n<li>Avalia\u00e7\u00e3o do estado nutricional em pacientes com diagn\u00f3stico\u00a0cl\u00ednico de Alzheimer.<\/li>\n<li>Contribui\u00e7\u00e3o da educa\u00e7\u00e3o em sa\u00fade na pr\u00e1tica escolar: uma abordagem longitudinal.<\/li>\n<li>Descri\u00e7\u00e3o demogr\u00e1fica, avalia\u00e7\u00e3o do estado cognitivo e an\u00e1lise do\u00a0estadiamento da dem\u00eancia de Alzheimer dos ingressantes ao Programa de Medicamentos de<\/li>\n<li>Alto Custo no Sistema \u00danico de Sa\u00fade no munic\u00edpio de Guarapuava\/PR. 2013.<\/li>\n<li>Processo de experimenta\u00e7\u00e3o promovendo aprendizagens e\u00a0conhecimento cient\u00edfico.<\/li>\n<\/ul>\n<p>&nbsp;<\/p>\n","protected":false},"excerpt":{"rendered":"<p>Em andamento: &#8211; Mestrado: Avalia\u00e7\u00e3o de Estresse Oxidativo em Pacientes com Doen\u00e7a de\u00a0Alzheimer; AVALIA\u00c7\u00c3O DA FREQU\u00caNCIA DE APOE E-4 E K-BCHE EM PACIENTES PORTADORES DA DOEN\u00c7A DE ALZHEIMER DO MUNIC\u00cdPIO DE GUARAPUAVA-PR; &#8211; Inicia\u00e7\u00e3o Cientifica: An\u00e1lise da mini avalia\u00e7\u00e3o nutricional (man) em pacientes com doen\u00e7a de Alzheimer usu\u00e1rios do programa de medicamentos de alto custo [&hellip;]<\/p>\n","protected":false},"author":2,"featured_media":0,"parent":0,"menu_order":0,"comment_status":"closed","ping_status":"closed","template":"","meta":{"_exactmetrics_skip_tracking":false,"_exactmetrics_sitenote_active":false,"_exactmetrics_sitenote_note":"","_exactmetrics_sitenote_category":0,"ngg_post_thumbnail":0,"footnotes":"","_links_to":"","_links_to_target":""},"class_list":["post-21","page","type-page","status-publish","hentry"],"_links":{"self":[{"href":"https:\/\/www2.unicentro.br\/neurociencias\/wp-json\/wp\/v2\/pages\/21","targetHints":{"allow":["GET"]}}],"collection":[{"href":"https:\/\/www2.unicentro.br\/neurociencias\/wp-json\/wp\/v2\/pages"}],"about":[{"href":"https:\/\/www2.unicentro.br\/neurociencias\/wp-json\/wp\/v2\/types\/page"}],"author":[{"embeddable":true,"href":"https:\/\/www2.unicentro.br\/neurociencias\/wp-json\/wp\/v2\/users\/2"}],"replies":[{"embeddable":true,"href":"https:\/\/www2.unicentro.br\/neurociencias\/wp-json\/wp\/v2\/comments?post=21"}],"version-history":[{"count":6,"href":"https:\/\/www2.unicentro.br\/neurociencias\/wp-json\/wp\/v2\/pages\/21\/revisions"}],"predecessor-version":[{"id":381,"href":"https:\/\/www2.unicentro.br\/neurociencias\/wp-json\/wp\/v2\/pages\/21\/revisions\/381"}],"wp:attachment":[{"href":"https:\/\/www2.unicentro.br\/neurociencias\/wp-json\/wp\/v2\/media?parent=21"}],"curies":[{"name":"wp","href":"https:\/\/api.w.org\/{rel}","templated":true}]}}