{"id":17,"date":"2014-04-29T12:44:59","date_gmt":"2014-04-29T12:44:59","guid":{"rendered":"http:\/\/www2.unicentro.br\/neurociencias\/?page_id=17"},"modified":"2014-05-05T02:46:07","modified_gmt":"2014-05-05T02:46:07","slug":"publicacoes","status":"publish","type":"page","link":"https:\/\/www2.unicentro.br\/neurociencias\/publicacoes\/","title":{"rendered":"Publica\u00e7\u00f5es"},"content":{"rendered":"<ul>\n<li><a href=\"http:\/\/lattes.cnpq.br\/1892865713778963\">DA SILVA, W. C.<\/a>\u00a0; CARDOSO, G. ;\u00a0<b>BONINI, J. S.<\/b>\u00a0;\u00a0<a href=\"http:\/\/lattes.cnpq.br\/2630366822189538\">BENETTI, F.<\/a>\u00a0;\u00a0<a href=\"http:\/\/lattes.cnpq.br\/0862583266198572\">IZQUIERDO, I.<\/a>\u00a0. Memoryreconsolidationand its maintenancedependon L-voltage-dependentcalciumchannelsandCaMKIIfunctionsregulatingproteinturnover in thehippocampus. ProceedingsoftheNationalAcademyofSciencesofthe United StatesofAmerica (Online)<\/li>\n<li>De Souza, M.A. ; Centenaro, L.A. ; Menegotto, P.R. ; Henriques, T.P. ;\u00a0<b>BONINI, J. S.<\/b>\u00a0; Achaval, M ; Lucion, A.B. . Prenatal Stress Produces Social BehaviorDeficitsandAlterstheNumberofOxytocinandVasopressinNeurons in AdultRats. NeurochemicalResearch<\/li>\n<li>Almeida, P. ; De Ara\u00fajo, F.T.Q. ;\u00a0<b>BONINI, J. S.<\/b>\u00a0; PAGANINI, J. C. A. .\u00a0<a href=\"http:\/\/buscatextual.cnpq.br\/buscatextual\/visualizacv.do?id=K4765206J6\">Estudo <\/a>\u00a0comparativo do limiar anaer\u00f3bico de atletas de futsal entre o per\u00edodo de pr\u00e9 e alta temporada. Revista Brasileira de Prescri\u00e7\u00e3o e Fisiologia do Exerc\u00edcio<\/li>\n<li>Almeida, P. ; Neto, C.O.L. ; PAGANINI, J. C. A. ;\u00a0<b>BONINI, J. S.<\/b>\u00a0. Avalia\u00e7\u00e3o e compara\u00e7\u00e3o da perda h\u00eddrica em diferentes situa\u00e7\u00f5es no futsal masculino. Revista Brasileira de Prescri\u00e7\u00e3o e Fisiologia do Exerc\u00edcio<\/li>\n<li>Pio de Almeida, Laura Sigaran ;\u00a0<a href=\"http:\/\/lattes.cnpq.br\/4981619972998976\">Jansen<\/a><a href=\"http:\/\/lattes.cnpq.br\/4981619972998976\">, Karen<\/a>\u00a0;\u00a0<a href=\"http:\/\/lattes.cnpq.br\/5198822041947354\">K\u00f6hler, Cristiano Andr\u00e9<\/a>\u00a0;\u00a0<a href=\"http:\/\/lattes.cnpq.br\/4881638668585444\">Pinheiro, Ricardo Tavares<\/a>\u00a0;\u00a0<a href=\"http:\/\/lattes.cnpq.br\/8795197544874093\">da Silva, Ricardo Azevedo<\/a>\u00a0;\u00a0<b>Bonini<\/b><b>, Juliana Sartori<\/b>\u00a0. Workingand short-term memories are impaired in postpartumdepression. JournalofAffectiveDisorders (Print)<\/li>\n<li><b>BONINI, J. S.<\/b>\u00a0;\u00a0<a href=\"http:\/\/lattes.cnpq.br\/1892865713778963\">SILVA, W. C.<\/a>\u00a0; BORGES, C. K. ;\u00a0<a href=\"http:\/\/lattes.cnpq.br\/5198822041947354\">KOHLER, C. A.<\/a>\u00a0;\u00a0<a href=\"http:\/\/lattes.cnpq.br\/0862583266198572\">IZQUIERDO, I.<\/a>\u00a0;\u00a0<a href=\"http:\/\/lattes.cnpq.br\/0423007599935963\">CAMMAROTA, M.<\/a>\u00a0. Histaminefacilitatesconsolidationoffearextinction.\u00a0<a href=\"http:\/\/buscatextual.cnpq.br\/buscatextual\/visualizacv.do?id=K4765206J6\">International<\/a>\u00a0JournalofNeuropsychopharmacology (Print)<\/li>\n<li><a href=\"http:\/\/lattes.cnpq.br\/5198822041947354\">Kohler<\/a><a href=\"http:\/\/lattes.cnpq.br\/5198822041947354\">, C.A.<\/a>\u00a0;\u00a0<a href=\"http:\/\/lattes.cnpq.br\/1892865713778963\">SILVA, Weber Cl\u00e1udio Francisco Nunes da<\/a>\u00a0;\u00a0<a href=\"http:\/\/lattes.cnpq.br\/2630366822189538\">Benetti, Fernando<\/a>\u00a0;\u00a0<b>Bonini<\/b><b>, Juliana Sartori<\/b>\u00a0. HistaminergicMechanisms for ModulationofMemory Systems. Neural Plasticity<\/li>\n<li><a href=\"http:\/\/lattes.cnpq.br\/2630366822189538\">BENETTI, F.<\/a>\u00a0;\u00a0<a href=\"http:\/\/lattes.cnpq.br\/0450761543923331\">MELLO, P<\/a>\u00a0;\u00a0<a href=\"http:\/\/lattes.cnpq.br\/7239838542231670\">Bonini<\/a><a href=\"http:\/\/lattes.cnpq.br\/7239838542231670\">, J. S.<\/a>\u00a0;\u00a0<a href=\"http:\/\/lattes.cnpq.br\/1176485529871741\">MONTEIRO, S<\/a>\u00a0;\u00a0<a href=\"http:\/\/lattes.cnpq.br\/0423007599935963\">CAMMAROTA, M<\/a>\u00a0;\u00a0<a href=\"http:\/\/lattes.cnpq.br\/0862583266198572\">IZQUIERDO, I<\/a>\u00a0;\u00a0<b>BONINI, J. S.<\/b>\u00a0. Earlypostnatal maternal deprivation in ratsinducesmemorydeficits in adultlifethatcanbereversedbydonepezilandgalantamine. InternationalJournalofDevelopmentalNeuroscience<\/li>\n<li><a href=\"http:\/\/lattes.cnpq.br\/1892865713778963\">SILVA, W. C.<\/a>\u00a0;\u00a0<b>BONINI, J. S.<\/b>\u00a0;\u00a0<a href=\"http:\/\/lattes.cnpq.br\/0449468009607784\">BEVILAQUA, L. R. M.<\/a>\u00a0; MEDINA, J. H. ;\u00a0<a href=\"http:\/\/lattes.cnpq.br\/0862583266198572\">IZQUIERDO, I.<\/a>\u00a0;\u00a0<a href=\"http:\/\/lattes.cnpq.br\/0423007599935963\">CAMMAROTA, M.<\/a>\u00a0. InhibitionofmRNAsynthesis in thehippocampusimpairsconsolidationandreconsolidationofspatialmemory. Hippocampus (New York, N.Y. Print)<\/li>\n<li><b>BONINI, J. S.<\/b>\u00a0;\u00a0<a href=\"http:\/\/lattes.cnpq.br\/8136970112250481\">ROSSATO, J. I.<\/a>\u00a0;\u00a0<a href=\"http:\/\/lattes.cnpq.br\/3146559515066831\">MYSKIW, J. C.<\/a>\u00a0;\u00a0<a href=\"http:\/\/lattes.cnpq.br\/7927868800339662\">CLARKE, J. R.<\/a>\u00a0;\u00a0<a href=\"http:\/\/lattes.cnpq.br\/1176485529871741\">MONTEIRO, S.<\/a>\u00a0;\u00a0<a href=\"http:\/\/lattes.cnpq.br\/9065102569052213\">LIMA, R. H.<\/a>\u00a0; MEDINA, J. H. ;\u00a0<a href=\"http:\/\/lattes.cnpq.br\/0423007599935963\">CAMMAROTA, M.<\/a>\u00a0;\u00a0<a href=\"http:\/\/lattes.cnpq.br\/0862583266198572\">IZQUIERDO, I.<\/a>\u00a0. The Role oftheEntorhinalCortex in Extinction: InfluencesofAging. Journalof Neural Transplantation &amp; Plasticity<\/li>\n<li><a href=\"http:\/\/lattes.cnpq.br\/0862583266198572\">IZQUIERDO, I.<\/a>\u00a0;\u00a0<a href=\"http:\/\/lattes.cnpq.br\/0423007599935963\">CAMMAROTA, M.<\/a>\u00a0;\u00a0<a href=\"http:\/\/lattes.cnpq.br\/1892865713778963\">SILVA, W. C.<\/a>\u00a0;\u00a0<a href=\"http:\/\/lattes.cnpq.br\/0449468009607784\">BEVILAQUA, L. R. M.<\/a>\u00a0;\u00a0<a href=\"http:\/\/lattes.cnpq.br\/8136970112250481\">ROSSATO, J. I.<\/a>\u00a0; MEDINA, Jorge H. ;\u00a0<b>BONINI, J. S.<\/b>\u00a0;\u00a0<a href=\"http:\/\/lattes.cnpq.br\/0450761543923331\">MELLO, P.<\/a>\u00a0;\u00a0<a href=\"http:\/\/lattes.cnpq.br\/2630366822189538\">BENETTI, F.<\/a>\u00a0;\u00a0<a href=\"http:\/\/lattes.cnpq.br\/9962204158580009\">COSTA, J. C.<\/a>\u00a0. The evidence for hippocampallong-termpotentiation as a basisofmemory for simpletasks. Anais da Academia Brasileira de Ci\u00eancias (Impresso)<\/li>\n<li><a href=\"http:\/\/lattes.cnpq.br\/0862583266198572\">IZQUIERDO, I.<\/a>\u00a0;\u00a0<a href=\"http:\/\/lattes.cnpq.br\/0449468009607784\">BEVILAQUA, L. R. M.<\/a>\u00a0;\u00a0<a href=\"http:\/\/lattes.cnpq.br\/8136970112250481\">ROSSATO, J. I.<\/a>\u00a0;\u00a0<a href=\"http:\/\/lattes.cnpq.br\/1892865713778963\">SILVA, W. C.<\/a>\u00a0;\u00a0<b>BONINI, J. S.<\/b>\u00a0; MEDINA, J. H. ;\u00a0<a href=\"http:\/\/lattes.cnpq.br\/0423007599935963\">CAMMAROTA, M.<\/a>\u00a0. The molecular cascadesoflong-termpotentiationunderliememoryconsolidationofone-trialavoidance in the CA1\u00a0<a href=\"http:\/\/buscatextual.cnpq.br\/buscatextual\/visualizacv.do?id=K4765206J6\">region<\/a>\u00a0ofthe dorsal hippocampus, butnot in thebasolateralamygdalaortheneocortex. NeurotoxicityResearch<\/li>\n<li><b>BONINI, J. S.<\/b>\u00a0;\u00a0<a href=\"http:\/\/lattes.cnpq.br\/1892865713778963\">SILVA, W. C.<\/a>\u00a0;\u00a0<a href=\"http:\/\/lattes.cnpq.br\/0449468009607784\">BEVILAQUA, L. R. M.<\/a>\u00a0; MEDINA, J. H. ;\u00a0<a href=\"http:\/\/lattes.cnpq.br\/0862583266198572\">IZQUIERDO, I.<\/a>\u00a0;\u00a0<a href=\"http:\/\/lattes.cnpq.br\/0423007599935963\">CAMMAROTA, M.<\/a>\u00a0. Ontheparticipationofhippocampal PKC in acquisition, consolidationandreconsolidationofspatial\u00a0<a href=\"http:\/\/buscatextual.cnpq.br\/buscatextual\/visualizacv.do?id=K4765206J6\">memory<\/a><\/li>\n<li><b>BONINI, J. S.<\/b>\u00a0;\u00a0<a href=\"http:\/\/lattes.cnpq.br\/0449468009607784\">BEVILAQUA, L. R. M.<\/a>\u00a0;\u00a0<a href=\"http:\/\/lattes.cnpq.br\/3149373768925182\">ZINN, C. G.<\/a>\u00a0; MEDINA, J. H. ;\u00a0<a href=\"http:\/\/lattes.cnpq.br\/0862583266198572\">IZQUIERDO, I.<\/a>\u00a0;\u00a0<a href=\"http:\/\/lattes.cnpq.br\/0423007599935963\">CAMMAROTA, M.<\/a>\u00a0. Angiotensin II disruptsinhibitoryavoidancememoryretrieval. HormonesandBehavior (Print)<\/li>\n<li><a href=\"http:\/\/lattes.cnpq.br\/1892865713778963\">SILVA, W. C.<\/a>\u00a0;\u00a0<a href=\"http:\/\/lattes.cnpq.br\/7239838542231670\">Bonini<\/a><a href=\"http:\/\/lattes.cnpq.br\/7239838542231670\">, J. S.<\/a>\u00a0;\u00a0<a href=\"http:\/\/lattes.cnpq.br\/0449468009607784\">BEVILAQUA, L. R. M.<\/a>\u00a0;\u00a0<a href=\"http:\/\/lattes.cnpq.br\/0862583266198572\">IZQUIERDO, I.<\/a>\u00a0;\u00a0<a href=\"http:\/\/lattes.cnpq.br\/0423007599935963\">CAMMAROTA, M.<\/a>\u00a0;\u00a0<b>BONINI, J. S.<\/b>\u00a0. Histamineenhancesinhibitoryavoidancememoryconsolidationthrough a H2 receptor-dependentmechanism. Neurobiologyof Learning andMemory (Print)<\/li>\n<li><a href=\"http:\/\/lattes.cnpq.br\/0862583266198572\">IZQUIERDO, I.<\/a>\u00a0;\u00a0<a href=\"http:\/\/lattes.cnpq.br\/0449468009607784\">BEVILAQUA, L. R. M.<\/a>\u00a0;\u00a0<a href=\"http:\/\/lattes.cnpq.br\/8136970112250481\">ROSSATO, J. I.<\/a>\u00a0;\u00a0<a href=\"http:\/\/lattes.cnpq.br\/7239838542231670\">Bonini<\/a><a href=\"http:\/\/lattes.cnpq.br\/7239838542231670\">, J. S.<\/a>\u00a0; MEDINA, J. H. ;\u00a0<a href=\"http:\/\/lattes.cnpq.br\/0423007599935963\">CAMMAROTA, M.<\/a>\u00a0;\u00a0<b>BONINI, J. S.<\/b>\u00a0. Different molecular cascades in different sites ofthebraincontrolmemoryconsolidation. Trends in Neurosciences (Regular ed.)<\/li>\n<li><a href=\"http:\/\/lattes.cnpq.br\/0449468009607784\">BEVILAQUA, L. R. M.<\/a>\u00a0;\u00a0<b>BONINI, J. S.<\/b>\u00a0;\u00a0<a href=\"http:\/\/lattes.cnpq.br\/8136970112250481\">ROSSATO, J. I.<\/a>\u00a0; IZQUIERDO, L. A. ;\u00a0<a href=\"http:\/\/lattes.cnpq.br\/0423007599935963\">CAMMAROTA, M.<\/a>\u00a0;\u00a0<a href=\"http:\/\/lattes.cnpq.br\/0862583266198572\">IZQUIERDO, I.<\/a>\u00a0. The entorhinalcortex plays a role in extinction. Neurobiologyof Learning andMemory (Print)<\/li>\n<li><a href=\"http:\/\/lattes.cnpq.br\/0862583266198572\">IZQUIERDO, I.<\/a>\u00a0;\u00a0<a href=\"http:\/\/lattes.cnpq.br\/0449468009607784\">BEVILAQUA, L. R. M.<\/a>\u00a0;\u00a0<a href=\"http:\/\/lattes.cnpq.br\/8136970112250481\">ROSSATO, J. I.<\/a>\u00a0;\u00a0<b>BONINI, J. S.<\/b>\u00a0;\u00a0<a href=\"http:\/\/lattes.cnpq.br\/1892865713778963\">SILVA, W. C.<\/a>\u00a0; MEDINA, J. H. ;\u00a0<a href=\"http:\/\/lattes.cnpq.br\/0423007599935963\">CAMMAROTA, M.<\/a>\u00a0. The Connection BetweenhippocampalandStriatalMemory System oftheBrain: a Reviewof\u00a0<a href=\"http:\/\/buscatextual.cnpq.br\/buscatextual\/visualizacv.do?id=K4765206J6\">Recent<\/a>\u00a0Findings. NeurotoxicityResearch<\/li>\n<li><b>BONINI, J. S.<\/b>\u00a0;\u00a0<a href=\"http:\/\/lattes.cnpq.br\/0423007599935963\">CAMMAROTA, M.<\/a>\u00a0;\u00a0<a href=\"http:\/\/lattes.cnpq.br\/0449468009607784\">BEVILAQUA, L. R. M.<\/a>\u00a0;\u00a0<a href=\"http:\/\/lattes.cnpq.br\/0862583266198572\">IZQUIERDO, I.<\/a>\u00a0. Inhibitionof PKC in basolateralamygdalaand\u00a0<a href=\"http:\/\/buscatextual.cnpq.br\/buscatextual\/visualizacv.do?id=K4765206J6\">posterior <\/a>\u00a0parietal cortex. Pharmacology, BiochemistryandBehavior<\/li>\n<li><a href=\"http:\/\/lattes.cnpq.br\/4861431383393921\">KERR, D. S.<\/a>\u00a0;\u00a0<a href=\"http:\/\/lattes.cnpq.br\/0449468009607784\">BEVILAQUA, L. R. M.<\/a>\u00a0;\u00a0<b>BONINI, J. S.<\/b>\u00a0;\u00a0<a href=\"http:\/\/lattes.cnpq.br\/8136970112250481\">ROSSATO, J. I.<\/a>\u00a0; MEDINA, J. H. ;\u00a0<a href=\"http:\/\/lattes.cnpq.br\/0862583266198572\">IZQUIERDO, I.<\/a>\u00a0;\u00a0<a href=\"http:\/\/lattes.cnpq.br\/0423007599935963\">CAMMAROTA, M.<\/a>\u00a0. Angiotensin II blocksmemoryconsolidationthroughan AT2. Psychopharmacologia<\/li>\n<li>FIGUERA, M. R. ;\u00a0<b>BONINI, J. S.<\/b>\u00a0;\u00a0<a href=\"http:\/\/lattes.cnpq.br\/0326665625873009\">FRUSSA FILHO, R.<\/a>\u00a0; DUTRA-FILHO, C. S. ; HAGEN, M. E. K. ;\u00a0<a href=\"http:\/\/lattes.cnpq.br\/3913887223894236\">MELLO, C. F.<\/a>\u00a0. MonosialogangliosideIncreasesCatalaseActivity in Cerebral CortexofRats. Free Radical Research<\/li>\n<li><a href=\"http:\/\/lattes.cnpq.br\/0423007599935963\">CAMMAROTA, M.<\/a>\u00a0;\u00a0<a href=\"http:\/\/lattes.cnpq.br\/0449468009607784\">BEVILAQUA, L. R. M.<\/a>\u00a0;\u00a0<b>BONINI, J. S.<\/b>\u00a0;\u00a0<a href=\"http:\/\/lattes.cnpq.br\/8136970112250481\">ROSSATO, J. I.<\/a>\u00a0; MEDINA, J. H. ;\u00a0<a href=\"http:\/\/lattes.cnpq.br\/0862583266198572\">IZQUIERDO, I.<\/a>\u00a0. Hippocampalglutamatereceptors in fearmemoryconsolidation. NeurotoxicityResearch<\/li>\n<li><a href=\"http:\/\/lattes.cnpq.br\/1892865713778963\">SILVA, W. C.<\/a>\u00a0;\u00a0<a href=\"http:\/\/lattes.cnpq.br\/7239838542231670\">Bonini<\/a><a href=\"http:\/\/lattes.cnpq.br\/7239838542231670\">, J. S.<\/a>\u00a0;\u00a0<a href=\"http:\/\/lattes.cnpq.br\/0449468009607784\">BEVILAQUA, L. R. M.<\/a>\u00a0;\u00a0<a href=\"http:\/\/lattes.cnpq.br\/0862583266198572\">IZQUIERDO, I.<\/a>\u00a0;\u00a0<a href=\"http:\/\/lattes.cnpq.br\/0423007599935963\">CAMMAROTA, M.<\/a>\u00a0;\u00a0<b>BONINI, J. S.<\/b>\u00a0. Histamineenhancesinhibitoryavoidancememoryconsolidationthrough a H2 receptor-dependentmechanism. Neurobiologyof Learning andMemory (Print)<\/li>\n<li><a href=\"http:\/\/lattes.cnpq.br\/0862583266198572\">IZQUIERDO, I.<\/a>\u00a0;\u00a0<a href=\"http:\/\/lattes.cnpq.br\/0449468009607784\">BEVILAQUA, L. R. M.<\/a>\u00a0;\u00a0<a href=\"http:\/\/lattes.cnpq.br\/8136970112250481\">ROSSATO, J. I.<\/a>\u00a0;\u00a0<a href=\"http:\/\/lattes.cnpq.br\/7239838542231670\">Bonini<\/a><a href=\"http:\/\/lattes.cnpq.br\/7239838542231670\">, J. S.<\/a>\u00a0; MEDINA, J. H. ;\u00a0<a href=\"http:\/\/lattes.cnpq.br\/0423007599935963\">CAMMAROTA, M.<\/a>\u00a0;\u00a0<b>BONINI, J. S.<\/b>\u00a0. Different molecular cascades in different sites ofthebraincontrolmemoryconsolidation. Trends in Neurosciences (Regular ed.)<\/li>\n<li><a href=\"http:\/\/lattes.cnpq.br\/0449468009607784\">BEVILAQUA, L. R. M.<\/a>\u00a0;\u00a0<b>BONINI, J. S.<\/b>\u00a0;\u00a0<a href=\"http:\/\/lattes.cnpq.br\/8136970112250481\">ROSSATO, J. I.<\/a>\u00a0; IZQUIERDO, L. A. ;\u00a0<a href=\"http:\/\/lattes.cnpq.br\/0423007599935963\">CAMMAROTA, M.<\/a>\u00a0;\u00a0<a href=\"http:\/\/lattes.cnpq.br\/0862583266198572\">IZQUIERDO, I.<\/a>\u00a0. The entorhinalcortex plays a role in extinction. Neurobiologyof Learning andMemory (Print)<\/li>\n<li><a href=\"http:\/\/lattes.cnpq.br\/0862583266198572\">IZQUIERDO, I.<\/a>\u00a0;\u00a0<a href=\"http:\/\/lattes.cnpq.br\/0449468009607784\">BEVILAQUA, L. R. M.<\/a>\u00a0;\u00a0<a href=\"http:\/\/lattes.cnpq.br\/8136970112250481\">ROSSATO, J. I.<\/a>\u00a0;\u00a0<b>BONINI, J. S.<\/b>\u00a0;\u00a0<a href=\"http:\/\/lattes.cnpq.br\/1892865713778963\">SILVA, W. C.<\/a>\u00a0; MEDINA, J. H. ;\u00a0<a href=\"http:\/\/lattes.cnpq.br\/0423007599935963\">CAMMAROTA, M.<\/a>\u00a0. The Connection BetweenhippocampalandStriatalMemory System oftheBrain: a Reviewof\u00a0<a href=\"http:\/\/buscatextual.cnpq.br\/buscatextual\/visualizacv.do?id=K4765206J6\">Recent<\/a>\u00a0Findings. NeurotoxicityResearch<\/li>\n<li><b>BONINI, J. S.<\/b>\u00a0;\u00a0<a href=\"http:\/\/lattes.cnpq.br\/0423007599935963\">CAMMAROTA, M.<\/a>\u00a0;\u00a0<a href=\"http:\/\/lattes.cnpq.br\/0449468009607784\">BEVILAQUA, L. R. M.<\/a>\u00a0;\u00a0<a href=\"http:\/\/lattes.cnpq.br\/0862583266198572\">IZQUIERDO, I.<\/a>\u00a0. Inhibitionof PKC in basolateralamygdalaand\u00a0<a href=\"http:\/\/buscatextual.cnpq.br\/buscatextual\/visualizacv.do?id=K4765206J6\">posterior <\/a>\u00a0parietal cortex. Pharmacology, BiochemistryandBehavior<\/li>\n<li><a href=\"http:\/\/lattes.cnpq.br\/4861431383393921\">KERR, D. S.<\/a>\u00a0;\u00a0<a href=\"http:\/\/lattes.cnpq.br\/0449468009607784\">BEVILAQUA, L. R. M.<\/a>\u00a0;\u00a0<b>BONINI, J. S.<\/b>\u00a0;\u00a0<a href=\"http:\/\/lattes.cnpq.br\/8136970112250481\">ROSSATO, J. I.<\/a>\u00a0; MEDINA, J. H. ;\u00a0<a href=\"http:\/\/lattes.cnpq.br\/0862583266198572\">IZQUIERDO, I.<\/a>\u00a0;\u00a0<a href=\"http:\/\/lattes.cnpq.br\/0423007599935963\">CAMMAROTA, M.<\/a>\u00a0. Angiotensin II blocksmemoryconsolidationthroughan AT2. Psychopharmacologia<\/li>\n<li>FIGUERA, M. R. ;\u00a0<b>BONINI, J. S.<\/b>\u00a0;\u00a0<a href=\"http:\/\/lattes.cnpq.br\/0326665625873009\">FRUSSA FILHO, R.<\/a>\u00a0; DUTRA-FILHO, C. S. ; HAGEN, M. E. K. ;\u00a0<a href=\"http:\/\/lattes.cnpq.br\/3913887223894236\">MELLO, C. F.<\/a>\u00a0. MonosialogangliosideIncreasesCatalaseActivity in Cerebral CortexofRats. Free Radical Research<\/li>\n<li><a href=\"http:\/\/lattes.cnpq.br\/0423007599935963\">CAMMAROTA, M.<\/a>\u00a0;\u00a0<a href=\"http:\/\/lattes.cnpq.br\/0449468009607784\">BEVILAQUA, L. R. M.<\/a>\u00a0;\u00a0<b>BONINI, J. S.<\/b>\u00a0;\u00a0<a href=\"http:\/\/lattes.cnpq.br\/8136970112250481\">ROSSATO, J. I.<\/a>\u00a0; MEDINA, J. H. ;\u00a0<a href=\"http:\/\/lattes.cnpq.br\/0862583266198572\">IZQUIERDO, I.<\/a>\u00a0. Hippocampalglutamatereceptors in fearmemoryconsolidation. NeurotoxicityResearch<\/li>\n<\/ul>\n","protected":false},"excerpt":{"rendered":"<p>DA SILVA, W. C.\u00a0; CARDOSO, G. ;\u00a0BONINI, J. S.\u00a0;\u00a0BENETTI, F.\u00a0;\u00a0IZQUIERDO, I.\u00a0. Memoryreconsolidationand its maintenancedependon L-voltage-dependentcalciumchannelsandCaMKIIfunctionsregulatingproteinturnover in thehippocampus. ProceedingsoftheNationalAcademyofSciencesofthe United StatesofAmerica (Online) De Souza, M.A. ; Centenaro, L.A. ; Menegotto, P.R. ; Henriques, T.P. ;\u00a0BONINI, J. S.\u00a0; Achaval, M ; Lucion, A.B. . Prenatal Stress Produces Social BehaviorDeficitsandAlterstheNumberofOxytocinandVasopressinNeurons in AdultRats. NeurochemicalResearch Almeida, P. ; De Ara\u00fajo, [&hellip;]<\/p>\n","protected":false},"author":2,"featured_media":0,"parent":0,"menu_order":0,"comment_status":"closed","ping_status":"closed","template":"","meta":{"_exactmetrics_skip_tracking":false,"_exactmetrics_sitenote_active":false,"_exactmetrics_sitenote_note":"","_exactmetrics_sitenote_category":0,"ngg_post_thumbnail":0,"footnotes":"","_links_to":"","_links_to_target":""},"class_list":["post-17","page","type-page","status-publish","hentry"],"_links":{"self":[{"href":"https:\/\/www2.unicentro.br\/neurociencias\/wp-json\/wp\/v2\/pages\/17","targetHints":{"allow":["GET"]}}],"collection":[{"href":"https:\/\/www2.unicentro.br\/neurociencias\/wp-json\/wp\/v2\/pages"}],"about":[{"href":"https:\/\/www2.unicentro.br\/neurociencias\/wp-json\/wp\/v2\/types\/page"}],"author":[{"embeddable":true,"href":"https:\/\/www2.unicentro.br\/neurociencias\/wp-json\/wp\/v2\/users\/2"}],"replies":[{"embeddable":true,"href":"https:\/\/www2.unicentro.br\/neurociencias\/wp-json\/wp\/v2\/comments?post=17"}],"version-history":[{"count":3,"href":"https:\/\/www2.unicentro.br\/neurociencias\/wp-json\/wp\/v2\/pages\/17\/revisions"}],"predecessor-version":[{"id":93,"href":"https:\/\/www2.unicentro.br\/neurociencias\/wp-json\/wp\/v2\/pages\/17\/revisions\/93"}],"wp:attachment":[{"href":"https:\/\/www2.unicentro.br\/neurociencias\/wp-json\/wp\/v2\/media?parent=17"}],"curies":[{"name":"wp","href":"https:\/\/api.w.org\/{rel}","templated":true}]}}