{"id":15,"date":"2014-04-29T12:44:35","date_gmt":"2014-04-29T12:44:35","guid":{"rendered":"http:\/\/www2.unicentro.br\/neurociencias\/?page_id=15"},"modified":"2014-05-13T01:02:26","modified_gmt":"2014-05-13T01:02:26","slug":"artigosuteis","status":"publish","type":"page","link":"https:\/\/www2.unicentro.br\/neurociencias\/artigosuteis\/","title":{"rendered":"Artigos Pubmed"},"content":{"rendered":"<p>&nbsp;<\/p>\n<h2 style=\"color: #222222\">-Is the aluminum hypothesis dead?<\/h2>\n<p><span style=\"font-size: 12pt\"><strong>Dispon\u00edvel em:\u00a0<a href=\"http:\/\/www.ncbi.nlm.nih.gov\/m\/pubmed\/24806729\/\">http:\/\/www.ncbi.nlm.nih.gov\/m\/pubmed\/24806729\/<\/a><\/strong><\/span><\/p>\n<h1 style=\"color: #000000\"><span style=\"color: #000000;font-size: 14pt;font-family: arial, helvetica, sans-serif\">-Prenatal stress produces social behavior deficits and alters the number of oxytocin and vasopressin neurons in adult rats \/ Estresse pr\u00e9-natal produz d\u00e9ficits de comportamento social e altera o n\u00famero de ocitocina e vasopressina nos neur\u00f4nios de ratos adultos.\u00a0<\/span><\/h1>\n<h1 style=\"color: #000000\"><span style=\"color: #000000;font-size: 14pt;font-family: arial, helvetica, sans-serif\">Dispon\u00edvel\u00a0em:\u00a0<a href=\"http:\/\/www.ncbi.nlm.nih.gov\/pubmed\/23624943\">http:\/\/www.ncbi.nlm.nih.gov\/pubmed\/23624943<\/a><\/span><\/h1>\n","protected":false},"excerpt":{"rendered":"<p>&nbsp; -Is the aluminum hypothesis dead? Dispon\u00edvel em:\u00a0http:\/\/www.ncbi.nlm.nih.gov\/m\/pubmed\/24806729\/ -Prenatal stress produces social behavior deficits and alters the number of oxytocin and vasopressin neurons in adult rats \/ Estresse pr\u00e9-natal produz d\u00e9ficits de comportamento social e altera o n\u00famero de ocitocina e vasopressina nos neur\u00f4nios de ratos adultos.\u00a0 Dispon\u00edvel\u00a0em:\u00a0http:\/\/www.ncbi.nlm.nih.gov\/pubmed\/23624943<\/p>\n","protected":false},"author":2,"featured_media":0,"parent":0,"menu_order":0,"comment_status":"closed","ping_status":"closed","template":"","meta":{"_exactmetrics_skip_tracking":false,"_exactmetrics_sitenote_active":false,"_exactmetrics_sitenote_note":"","_exactmetrics_sitenote_category":0,"ngg_post_thumbnail":0,"footnotes":"","_links_to":"","_links_to_target":""},"class_list":["post-15","page","type-page","status-publish","hentry"],"_links":{"self":[{"href":"https:\/\/www2.unicentro.br\/neurociencias\/wp-json\/wp\/v2\/pages\/15","targetHints":{"allow":["GET"]}}],"collection":[{"href":"https:\/\/www2.unicentro.br\/neurociencias\/wp-json\/wp\/v2\/pages"}],"about":[{"href":"https:\/\/www2.unicentro.br\/neurociencias\/wp-json\/wp\/v2\/types\/page"}],"author":[{"embeddable":true,"href":"https:\/\/www2.unicentro.br\/neurociencias\/wp-json\/wp\/v2\/users\/2"}],"replies":[{"embeddable":true,"href":"https:\/\/www2.unicentro.br\/neurociencias\/wp-json\/wp\/v2\/comments?post=15"}],"version-history":[{"count":13,"href":"https:\/\/www2.unicentro.br\/neurociencias\/wp-json\/wp\/v2\/pages\/15\/revisions"}],"predecessor-version":[{"id":149,"href":"https:\/\/www2.unicentro.br\/neurociencias\/wp-json\/wp\/v2\/pages\/15\/revisions\/149"}],"wp:attachment":[{"href":"https:\/\/www2.unicentro.br\/neurociencias\/wp-json\/wp\/v2\/media?parent=15"}],"curies":[{"name":"wp","href":"https:\/\/api.w.org\/{rel}","templated":true}]}}