{"id":13,"date":"2014-04-29T12:33:37","date_gmt":"2014-04-29T12:33:37","guid":{"rendered":"http:\/\/www2.unicentro.br\/neurociencias\/?page_id=13"},"modified":"2014-11-05T15:11:19","modified_gmt":"2014-11-05T15:11:19","slug":"membros","status":"publish","type":"page","link":"https:\/\/www2.unicentro.br\/neurociencias\/membros\/","title":{"rendered":"Membros"},"content":{"rendered":"<table class=\" aligncenter\" width=\"624\">\n<tbody>\n<tr>\n<td width=\"624\"><em><strong>Pesquisadores:<\/strong><\/em><\/td>\n<\/tr>\n<tr>\n<td width=\"624\">Weber Cl\u00e1udio Francisco Nunes da Silva<\/td>\n<\/tr>\n<tr>\n<td width=\"624\">Carla Evelyn Coimbra Nu\u00f1ez<\/td>\n<\/tr>\n<tr>\n<td width=\"624\">Juliana Sartori Bonini<\/td>\n<\/tr>\n<tr>\n<td width=\"624\">Joao Batista Teixeira da Rocha<\/td>\n<\/tr>\n<tr>\n<td width=\"624\">Fernando Benetti<\/td>\n<\/tr>\n<tr>\n<td width=\"624\">Mauro Miazaki<\/td>\n<\/tr>\n<tr>\n<td width=\"624\"><em><strong>Estudantes:<\/strong><\/em><\/td>\n<\/tr>\n<tr>\n<td width=\"624\">Aline Jacoski de Oliveira Kr\u00fcger<\/td>\n<\/tr>\n<tr>\n<td width=\"624\">B\u00e1rbara Luisa Fermino<\/td>\n<\/tr>\n<tr>\n<td width=\"624\">Camila Daniele Fermino<\/td>\n<\/tr>\n<tr>\n<td width=\"624\">J\u00e9ssica Duarte Verbaneck<\/td>\n<\/tr>\n<tr>\n<td width=\"624\">Larissa de Lima Faustino<\/td>\n<\/tr>\n<tr>\n<td width=\"624\">Leonildo Jos\u00e9 de Melo de Azevedo<\/td>\n<\/tr>\n<tr>\n<td width=\"624\">Lilian Oliveira de Oliveira<\/td>\n<\/tr>\n<tr>\n<td width=\"624\">Lizziane de Paula Nascimento<\/td>\n<\/tr>\n<tr>\n<td width=\"624\">Luana Bortoluzzi Trombim<\/td>\n<\/tr>\n<tr>\n<td width=\"624\">Lucas Bosetto<\/td>\n<\/tr>\n<tr>\n<td width=\"624\">Maria Vaitsa Loch Haskel<\/td>\n<\/tr>\n<tr>\n<td width=\"624\">Mariana de S\u00e1 Gaspar<\/td>\n<\/tr>\n<tr>\n<td width=\"624\">Michele Caroline Milanez<\/td>\n<\/tr>\n<tr>\n<td width=\"624\">Suzane Cristina Santos<\/td>\n<\/tr>\n<tr>\n<td width=\"624\">Timothy Gustavo Cavazzotto<\/td>\n<\/tr>\n<tr>\n<td width=\"624\"><em><strong>T\u00e9cnicos:<\/strong><\/em><\/td>\n<\/tr>\n<tr>\n<td width=\"624\">Marilze Lilian Mariano<\/td>\n<\/tr>\n<tr>\n<td width=\"624\">Katiuscia de Oliveira Francisco<\/td>\n<\/tr>\n<tr>\n<td width=\"624\">Vera Lucia Borges<\/td>\n<\/tr>\n<tr>\n<td width=\"624\">Tiago dos Santos Gomes<\/td>\n<\/tr>\n<tr>\n<td width=\"624\">Elaine Silva Ramos<\/td>\n<\/tr>\n<tr>\n<td width=\"624\">Ivonete de F\u00e1tima Moraes<\/td>\n<\/tr>\n<\/tbody>\n<\/table>\n<p><a href=\"http:\/\/www2.unicentro.br\/neurociencias\/files\/2014\/04\/aepapa-equipe.png\"><img loading=\"lazy\" decoding=\"async\" class=\"alignnone  wp-image-61\" src=\"http:\/\/www2.unicentro.br\/neurociencias\/files\/2014\/04\/aepapa-equipe.png\" alt=\"aepapa equipe\" width=\"623\" height=\"462\" srcset=\"https:\/\/www2.unicentro.br\/neurociencias\/files\/2014\/04\/aepapa-equipe.png 733w, https:\/\/www2.unicentro.br\/neurociencias\/files\/2014\/04\/aepapa-equipe-300x222.png 300w\" sizes=\"auto, (max-width: 623px) 100vw, 623px\" \/><\/a><\/p>\n","protected":false},"excerpt":{"rendered":"<p>Pesquisadores: Weber Cl\u00e1udio Francisco Nunes da Silva Carla Evelyn Coimbra Nu\u00f1ez Juliana Sartori Bonini Joao Batista Teixeira da Rocha Fernando Benetti Mauro Miazaki Estudantes: Aline Jacoski de Oliveira Kr\u00fcger B\u00e1rbara Luisa Fermino Camila Daniele Fermino J\u00e9ssica Duarte Verbaneck Larissa de Lima Faustino Leonildo Jos\u00e9 de Melo de Azevedo Lilian Oliveira de Oliveira Lizziane de Paula [&hellip;]<\/p>\n","protected":false},"author":2,"featured_media":0,"parent":0,"menu_order":0,"comment_status":"closed","ping_status":"closed","template":"","meta":{"_exactmetrics_skip_tracking":false,"_exactmetrics_sitenote_active":false,"_exactmetrics_sitenote_note":"","_exactmetrics_sitenote_category":0,"ngg_post_thumbnail":0,"footnotes":"","_links_to":"","_links_to_target":""},"class_list":["post-13","page","type-page","status-publish","hentry"],"_links":{"self":[{"href":"https:\/\/www2.unicentro.br\/neurociencias\/wp-json\/wp\/v2\/pages\/13","targetHints":{"allow":["GET"]}}],"collection":[{"href":"https:\/\/www2.unicentro.br\/neurociencias\/wp-json\/wp\/v2\/pages"}],"about":[{"href":"https:\/\/www2.unicentro.br\/neurociencias\/wp-json\/wp\/v2\/types\/page"}],"author":[{"embeddable":true,"href":"https:\/\/www2.unicentro.br\/neurociencias\/wp-json\/wp\/v2\/users\/2"}],"replies":[{"embeddable":true,"href":"https:\/\/www2.unicentro.br\/neurociencias\/wp-json\/wp\/v2\/comments?post=13"}],"version-history":[{"count":15,"href":"https:\/\/www2.unicentro.br\/neurociencias\/wp-json\/wp\/v2\/pages\/13\/revisions"}],"predecessor-version":[{"id":280,"href":"https:\/\/www2.unicentro.br\/neurociencias\/wp-json\/wp\/v2\/pages\/13\/revisions\/280"}],"wp:attachment":[{"href":"https:\/\/www2.unicentro.br\/neurociencias\/wp-json\/wp\/v2\/media?parent=13"}],"curies":[{"name":"wp","href":"https:\/\/api.w.org\/{rel}","templated":true}]}}