{"id":11,"date":"2025-06-10T12:00:35","date_gmt":"2025-06-10T12:00:35","guid":{"rendered":"http:\/\/www2.unicentro.br\/neurociencias\/?page_id=11"},"modified":"2025-06-10T13:21:28","modified_gmt":"2025-06-10T13:21:28","slug":"area-de-pesquisa","status":"publish","type":"page","link":"https:\/\/www2.unicentro.br\/neurociencias\/area-de-pesquisa\/","title":{"rendered":"Quem Somos"},"content":{"rendered":"<p dir=\"ltr\">\u00a0 \u00a0 \u00a0 \u00a0 \u00a0O <strong>Laborat\u00f3rio de Neuroci\u00eancias e Comportamento (LabNEURO)<\/strong>, localizado na Universidade Estadual do Centro-Oeste (UNICENTRO) do Paran\u00e1 \u00e9 coordenado pela Prof\u00aa Dra. Juliana Sartori Bonini. \u00c9 composto por um total de 20 alunos de gradua\u00e7\u00e3o, 9 alunos de p\u00f3s gradua\u00e7\u00e3o (mestrado e doutorado) e por 16 professores, profissionais da universidade e de associa\u00e7\u00f5es parceiras.<\/p>\n<p><strong>\u00c1reas de atua\u00e7\u00e3o visam:<\/strong><\/p>\n<p>&#8211; Avaliar a frequ\u00eancia de APO E-4 e K BCHE;<br \/>\n&#8211; Avaliar a neurobiologia das sinapses e mem\u00f3ria;<br \/>\n&#8211; Avaliar a preval\u00eancia de TEA em crian\u00e7as de 0 a 3 anos nas CMEIs do munic\u00edpio de Guarapuava-PR;<br \/>\n&#8211; Acompanhar e avaliar o estado nutricional e cognitivo de pacientes com doen\u00e7a de Alzheimer da 5\u00aa Regional do munic\u00edpio de Guarapuava-PR.<\/p>\n<p>Sendo um laborat\u00f3rio multidisciplinar abrange as \u00e1reas da Sa\u00fade (<em>Enfermagem, Fisioterapia, Farm\u00e1cia, Nutri\u00e7\u00e3o<\/em> e <em>Medicina<\/em>), de Ci\u00eancias Biol\u00f3gicas (<em>Biologia<\/em> e <em>Bioqu\u00edmica<\/em>) e tamb\u00e9m das Ci\u00eancias Humanas (<em>Psicologia<\/em> e <em>Pedagogia<\/em>).<\/p>\n<p><strong>Funda\u00e7\u00f5es parceiras:<\/strong><\/p>\n<ul>\n<li>Funda\u00e7\u00e3o Arauc\u00e1ria\/PR\/BR<\/li>\n<li>CNPq\/BR<\/li>\n<li>CAPES\/BR<\/li>\n<li>AEPAPA\/PR\/BR<\/li>\n<\/ul>\n<p><a href=\"http:\/\/www2.unicentro.br\/neurociencias\/files\/2014\/04\/images.jpg\"><img loading=\"lazy\" decoding=\"async\" class=\"alignnone wp-image-50\" src=\"http:\/\/www2.unicentro.br\/neurociencias\/files\/2014\/04\/images.jpg\" alt=\"images\" width=\"185\" height=\"82\" \/> <\/a><a href=\"http:\/\/www2.unicentro.br\/neurociencias\/files\/2014\/04\/download-1.jpg\"><img loading=\"lazy\" decoding=\"async\" class=\"alignnone wp-image-52\" src=\"http:\/\/www2.unicentro.br\/neurociencias\/files\/2014\/04\/download-1-300x127.jpg\" alt=\"download (1)\" width=\"191\" height=\"81\" srcset=\"https:\/\/www2.unicentro.br\/neurociencias\/files\/2014\/04\/download-1-300x127.jpg 300w, https:\/\/www2.unicentro.br\/neurociencias\/files\/2014\/04\/download-1.jpg 334w\" sizes=\"auto, (max-width: 191px) 100vw, 191px\" \/><\/a> \u00a0 <a href=\"http:\/\/www2.unicentro.br\/neurociencias\/files\/2014\/04\/download.jpg\"><img loading=\"lazy\" decoding=\"async\" class=\"alignnone wp-image-53\" src=\"http:\/\/www2.unicentro.br\/neurociencias\/files\/2014\/04\/download.jpg\" alt=\"download\" width=\"105\" height=\"77\" \/><\/a><img loading=\"lazy\" decoding=\"async\" class=\"\" src=\"https:\/\/temp.aepapa.com.br\/wp-content\/uploads\/2024\/05\/315174087_3261906554047209_707875099053209861_n-removebg-preview.png\" alt=\"Aepapa |\" width=\"75\" height=\"75\" \/><\/p>\n<p>&nbsp;<\/p>\n","protected":false},"excerpt":{"rendered":"<p>\u00a0 \u00a0 \u00a0 \u00a0 \u00a0O Laborat\u00f3rio de Neuroci\u00eancias e Comportamento (LabNEURO), localizado na Universidade Estadual do Centro-Oeste (UNICENTRO) do Paran\u00e1 \u00e9 coordenado pela Prof\u00aa Dra. Juliana Sartori Bonini. \u00c9 composto por um total de 20 alunos de gradua\u00e7\u00e3o, 9 alunos de p\u00f3s gradua\u00e7\u00e3o (mestrado e doutorado) e por 16 professores, profissionais da universidade e de [&hellip;]<\/p>\n","protected":false},"author":2,"featured_media":0,"parent":0,"menu_order":0,"comment_status":"closed","ping_status":"closed","template":"","meta":{"_exactmetrics_skip_tracking":false,"_exactmetrics_sitenote_active":false,"_exactmetrics_sitenote_note":"","_exactmetrics_sitenote_category":0,"ngg_post_thumbnail":0,"footnotes":"","_links_to":"","_links_to_target":""},"class_list":["post-11","page","type-page","status-publish","hentry"],"_links":{"self":[{"href":"https:\/\/www2.unicentro.br\/neurociencias\/wp-json\/wp\/v2\/pages\/11","targetHints":{"allow":["GET"]}}],"collection":[{"href":"https:\/\/www2.unicentro.br\/neurociencias\/wp-json\/wp\/v2\/pages"}],"about":[{"href":"https:\/\/www2.unicentro.br\/neurociencias\/wp-json\/wp\/v2\/types\/page"}],"author":[{"embeddable":true,"href":"https:\/\/www2.unicentro.br\/neurociencias\/wp-json\/wp\/v2\/users\/2"}],"replies":[{"embeddable":true,"href":"https:\/\/www2.unicentro.br\/neurociencias\/wp-json\/wp\/v2\/comments?post=11"}],"version-history":[{"count":15,"href":"https:\/\/www2.unicentro.br\/neurociencias\/wp-json\/wp\/v2\/pages\/11\/revisions"}],"predecessor-version":[{"id":397,"href":"https:\/\/www2.unicentro.br\/neurociencias\/wp-json\/wp\/v2\/pages\/11\/revisions\/397"}],"wp:attachment":[{"href":"https:\/\/www2.unicentro.br\/neurociencias\/wp-json\/wp\/v2\/media?parent=11"}],"curies":[{"name":"wp","href":"https:\/\/api.w.org\/{rel}","templated":true}]}}