{"id":24,"date":"2013-11-22T18:20:05","date_gmt":"2013-11-22T18:20:05","guid":{"rendered":"http:\/\/www2.unicentro.br\/nees\/?page_id=24"},"modified":"2013-11-22T18:20:17","modified_gmt":"2013-11-22T18:20:17","slug":"eventos","status":"publish","type":"page","link":"https:\/\/www2.unicentro.br\/nees\/eventos\/","title":{"rendered":"Eventos"},"content":{"rendered":"<h3>II Simp\u00f3sio Internacional de Estudos Eslavos<\/h3>\n<p>Per\u00edodo de realiza\u00e7\u00e3o: 2012<br \/>\nCarga hor\u00e1ria total: 20h<br \/>\ntotal de participantes: 400<\/p>\n<h3>I Col\u00f3quio Internacional de Estudos Eslavos<\/h3>\n<p>Per\u00edodo de realiza\u00e7\u00e3o: 3 de maio de 2010 e 14, 15 e 16 de junho de 2010.<br \/>\nCarga hor\u00e1ria total: 20h<br \/>\ntotal de participantes: 315<\/p>\n<h3>I Di\u00e1logos com Taras<\/h3>\n<p>Per\u00edodo de realiza\u00e7\u00e3o: 14\/3\/2012 A 16\/3\/2012<br \/>\nCarga hor\u00e1ria total: 25H<br \/>\ntotal de participantes: 400<\/p>\n<h3>II Di\u00e1logos com Taras<\/h3>\n<p>Per\u00edodo de realiza\u00e7\u00e3o:<br \/>\nCarga hor\u00e1ria total: 20h<br \/>\ntotal de participantes:<\/p>\n","protected":false},"excerpt":{"rendered":"<p>II Simp\u00f3sio Internacional de Estudos Eslavos Per\u00edodo de realiza\u00e7\u00e3o: 2012 Carga hor\u00e1ria total: 20h total de participantes: 400 I Col\u00f3quio Internacional de Estudos Eslavos Per\u00edodo de realiza\u00e7\u00e3o: 3 de maio de 2010 e 14, 15 e 16 de junho de 2010. Carga hor\u00e1ria total: 20h total de participantes: 315 I Di\u00e1logos com Taras Per\u00edodo de [&hellip;]<\/p>\n","protected":false},"author":2,"featured_media":0,"parent":0,"menu_order":0,"comment_status":"closed","ping_status":"closed","template":"","meta":{"_exactmetrics_skip_tracking":false,"_exactmetrics_sitenote_active":false,"_exactmetrics_sitenote_note":"","_exactmetrics_sitenote_category":0,"footnotes":"","_links_to":"","_links_to_target":""},"class_list":["post-24","page","type-page","status-publish","hentry"],"_links":{"self":[{"href":"https:\/\/www2.unicentro.br\/nees\/wp-json\/wp\/v2\/pages\/24","targetHints":{"allow":["GET"]}}],"collection":[{"href":"https:\/\/www2.unicentro.br\/nees\/wp-json\/wp\/v2\/pages"}],"about":[{"href":"https:\/\/www2.unicentro.br\/nees\/wp-json\/wp\/v2\/types\/page"}],"author":[{"embeddable":true,"href":"https:\/\/www2.unicentro.br\/nees\/wp-json\/wp\/v2\/users\/2"}],"replies":[{"embeddable":true,"href":"https:\/\/www2.unicentro.br\/nees\/wp-json\/wp\/v2\/comments?post=24"}],"version-history":[{"count":2,"href":"https:\/\/www2.unicentro.br\/nees\/wp-json\/wp\/v2\/pages\/24\/revisions"}],"predecessor-version":[{"id":26,"href":"https:\/\/www2.unicentro.br\/nees\/wp-json\/wp\/v2\/pages\/24\/revisions\/26"}],"wp:attachment":[{"href":"https:\/\/www2.unicentro.br\/nees\/wp-json\/wp\/v2\/media?parent=24"}],"curies":[{"name":"wp","href":"https:\/\/api.w.org\/{rel}","templated":true}]}}