{"id":22,"date":"2013-11-22T18:19:01","date_gmt":"2013-11-22T18:19:01","guid":{"rendered":"http:\/\/www2.unicentro.br\/nees\/?page_id=22"},"modified":"2013-11-22T18:19:01","modified_gmt":"2013-11-22T18:19:01","slug":"parcerias","status":"publish","type":"page","link":"https:\/\/www2.unicentro.br\/nees\/parcerias\/","title":{"rendered":"Parcerias"},"content":{"rendered":"<p align=\"JUSTIFY\"><span style=\"font-family: Arial, sans-serif\">Universidade Nacional de Dnipropetrovsk Oles Honchar \u2013 Ucr\u00e2nia<\/span><\/p>\n<p align=\"JUSTIFY\"><span style=\"color: #000000\"><span style=\"font-family: Arial, sans-serif\">Universidade<\/span><\/span><span style=\"color: #000000\"><span style=\"font-family: Arial, sans-serif\"> Pedag\u00f3gica Nacional Mykhailo Dragomanov, de Kiev, Ucr\u00e2nia;<\/span><\/span><\/p>\n<p align=\"JUSTIFY\"><span style=\"font-family: Arial, sans-serif\">Representa\u00e7\u00e3o Central Ucraniano Brasileira \u2013 RCUB<\/span><\/p>\n<p align=\"JUSTIFY\"><span style=\"font-family: Arial, sans-serif\">Associa\u00e7\u00e3o da Juventude Ucraniana Brasileira &#8211; AJUB<\/span><\/p>\n<p align=\"JUSTIFY\"><span style=\"font-family: Arial, sans-serif\">Consulado da Ucr\u00e2nia<\/span><span style=\"font-family: Arial, sans-serif\"> no Paran\u00e1, Brasil<\/span><\/p>\n","protected":false},"excerpt":{"rendered":"<p>Universidade Nacional de Dnipropetrovsk Oles Honchar \u2013 Ucr\u00e2nia Universidade Pedag\u00f3gica Nacional Mykhailo Dragomanov, de Kiev, Ucr\u00e2nia; Representa\u00e7\u00e3o Central Ucraniano Brasileira \u2013 RCUB Associa\u00e7\u00e3o da Juventude Ucraniana Brasileira &#8211; AJUB Consulado da Ucr\u00e2nia no Paran\u00e1, Brasil<\/p>\n","protected":false},"author":2,"featured_media":0,"parent":0,"menu_order":0,"comment_status":"closed","ping_status":"closed","template":"","meta":{"_exactmetrics_skip_tracking":false,"_exactmetrics_sitenote_active":false,"_exactmetrics_sitenote_note":"","_exactmetrics_sitenote_category":0,"footnotes":"","_links_to":"","_links_to_target":""},"class_list":["post-22","page","type-page","status-publish","hentry"],"_links":{"self":[{"href":"https:\/\/www2.unicentro.br\/nees\/wp-json\/wp\/v2\/pages\/22","targetHints":{"allow":["GET"]}}],"collection":[{"href":"https:\/\/www2.unicentro.br\/nees\/wp-json\/wp\/v2\/pages"}],"about":[{"href":"https:\/\/www2.unicentro.br\/nees\/wp-json\/wp\/v2\/types\/page"}],"author":[{"embeddable":true,"href":"https:\/\/www2.unicentro.br\/nees\/wp-json\/wp\/v2\/users\/2"}],"replies":[{"embeddable":true,"href":"https:\/\/www2.unicentro.br\/nees\/wp-json\/wp\/v2\/comments?post=22"}],"version-history":[{"count":1,"href":"https:\/\/www2.unicentro.br\/nees\/wp-json\/wp\/v2\/pages\/22\/revisions"}],"predecessor-version":[{"id":23,"href":"https:\/\/www2.unicentro.br\/nees\/wp-json\/wp\/v2\/pages\/22\/revisions\/23"}],"wp:attachment":[{"href":"https:\/\/www2.unicentro.br\/nees\/wp-json\/wp\/v2\/media?parent=22"}],"curies":[{"name":"wp","href":"https:\/\/api.w.org\/{rel}","templated":true}]}}