{"id":20,"date":"2013-11-22T18:18:33","date_gmt":"2013-11-22T18:18:33","guid":{"rendered":"http:\/\/www2.unicentro.br\/nees\/?page_id=20"},"modified":"2013-11-22T18:18:33","modified_gmt":"2013-11-22T18:18:33","slug":"grupo-de-pesquisa","status":"publish","type":"page","link":"https:\/\/www2.unicentro.br\/nees\/grupo-de-pesquisa\/","title":{"rendered":"Grupo de Pesquisa"},"content":{"rendered":"<p><strong>Nome do grupo: <\/strong><\/p>\n<p>L\u00edngua, Hist\u00f3ria e Literatura Ucraniana<\/p>\n<p><strong>Ano de forma\u00e7\u00e3o:\u00a0<\/strong>2006<\/p>\n<p><strong>L\u00edder(es)\u00a0do\u00a0grupo:<\/strong> Loremi Loregian-Penkal e Regina Chicoski<\/p>\n","protected":false},"excerpt":{"rendered":"<p>Nome do grupo: L\u00edngua, Hist\u00f3ria e Literatura Ucraniana Ano de forma\u00e7\u00e3o:\u00a02006 L\u00edder(es)\u00a0do\u00a0grupo: Loremi Loregian-Penkal e Regina Chicoski<\/p>\n","protected":false},"author":2,"featured_media":0,"parent":0,"menu_order":0,"comment_status":"closed","ping_status":"closed","template":"","meta":{"_exactmetrics_skip_tracking":false,"_exactmetrics_sitenote_active":false,"_exactmetrics_sitenote_note":"","_exactmetrics_sitenote_category":0,"footnotes":"","_links_to":"","_links_to_target":""},"class_list":["post-20","page","type-page","status-publish","hentry"],"_links":{"self":[{"href":"https:\/\/www2.unicentro.br\/nees\/wp-json\/wp\/v2\/pages\/20","targetHints":{"allow":["GET"]}}],"collection":[{"href":"https:\/\/www2.unicentro.br\/nees\/wp-json\/wp\/v2\/pages"}],"about":[{"href":"https:\/\/www2.unicentro.br\/nees\/wp-json\/wp\/v2\/types\/page"}],"author":[{"embeddable":true,"href":"https:\/\/www2.unicentro.br\/nees\/wp-json\/wp\/v2\/users\/2"}],"replies":[{"embeddable":true,"href":"https:\/\/www2.unicentro.br\/nees\/wp-json\/wp\/v2\/comments?post=20"}],"version-history":[{"count":1,"href":"https:\/\/www2.unicentro.br\/nees\/wp-json\/wp\/v2\/pages\/20\/revisions"}],"predecessor-version":[{"id":21,"href":"https:\/\/www2.unicentro.br\/nees\/wp-json\/wp\/v2\/pages\/20\/revisions\/21"}],"wp:attachment":[{"href":"https:\/\/www2.unicentro.br\/nees\/wp-json\/wp\/v2\/media?parent=20"}],"curies":[{"name":"wp","href":"https:\/\/api.w.org\/{rel}","templated":true}]}}