{"id":18,"date":"2013-11-22T18:17:21","date_gmt":"2013-11-22T18:17:21","guid":{"rendered":"http:\/\/www2.unicentro.br\/nees\/?page_id=18"},"modified":"2013-11-27T12:11:27","modified_gmt":"2013-11-27T12:11:27","slug":"participantes","status":"publish","type":"page","link":"https:\/\/www2.unicentro.br\/nees\/participantes\/","title":{"rendered":"Participantes"},"content":{"rendered":"<h3>EQUIPE DOCENTE<\/h3>\n<ul>\n<li><a href=\"http:\/\/lattes.cnpq.br\/9551626877143095\" target=\"_blank\">Prof. Dr. Ancelmo Sch\u00f6rner<\/a>;<\/li>\n<li><a href=\"http:\/\/lattes.cnpq.br\/6827638510072708\" target=\"_blank\">Profa. Dra. Cibele Krause Lemke<\/a>;<\/li>\n<li><a href=\"http:\/\/lattes.cnpq.br\/1115081145275971\" target=\"_blank\">Prof. Me. Clodogil Fabiano Ribeiro dos Santos<\/a>;<\/li>\n<li><a href=\"http:\/\/lattes.cnpq.br\/2855415041274093\" target=\"_blank\">Prof. Dr. Edson Santos Silva<\/a>;<\/li>\n<li><a href=\"http:\/\/lattes.cnpq.br\/1387231652305882\" target=\"_blank\">Prof. Dr. Jos\u00e9 Adil\u00e7on Campigoto<\/a>;<\/li>\n<li><a href=\"http:\/\/lattes.cnpq.br\/1766652516268724\" target=\"_blank\">Profa. Dra. Loremi Loregian-Penkal<\/a>;<\/li>\n<li><a href=\"http:\/\/lattes.cnpq.br\/0019182505248618\" target=\"_blank\">Profa. Dra. Luciane Trennephol da Costa<\/a>;<\/li>\n<li><a href=\"http:\/\/lattes.cnpq.br\/2762959038491793\" target=\"_blank\">Profa. Dra. Maril\u00e9ia Gartner<\/a>;<\/li>\n<li><a href=\"http:\/\/lattes.cnpq.br\/2497903962548855\" target=\"_blank\">Profa. Dra. Marta Maria Simionato<\/a>;<\/li>\n<li><a href=\"http:\/\/lattes.cnpq.br\/4021570767153451\" target=\"_blank\">Profa. Dra. Regina Chicoski<\/a>;<\/li>\n<li><a href=\"http:\/\/lattes.cnpq.br\/1826258645097740\" target=\"_blank\">Prof. Dr. Ricardo Andr\u00e9 Ferreira Martins<\/a>;<\/li>\n<li><a href=\"http:\/\/lattes.cnpq.br\/2625690960471858\" target=\"_blank\">Prof. Me. Tadinei Daniel Jacumasso<\/a>.<\/li>\n<\/ul>\n<h3>EQUIPE DISCENTE<\/h3>\n<ul>\n<li>Estudantes de Gradua\u00e7\u00e3o<\/li>\n<li>Bolsistas<\/li>\n<li>Volut\u00e1rios<\/li>\n<\/ul>\n","protected":false},"excerpt":{"rendered":"<p>EQUIPE DOCENTE Prof. Dr. Ancelmo Sch\u00f6rner; Profa. Dra. Cibele Krause Lemke; Prof. Me. Clodogil Fabiano Ribeiro dos Santos; Prof. Dr. Edson Santos Silva; Prof. Dr. Jos\u00e9 Adil\u00e7on Campigoto; Profa. Dra. Loremi Loregian-Penkal; Profa. Dra. Luciane Trennephol da Costa; Profa. Dra. Maril\u00e9ia Gartner; Profa. Dra. Marta Maria Simionato; Profa. Dra. Regina Chicoski; Prof. Dr. Ricardo Andr\u00e9 [&hellip;]<\/p>\n","protected":false},"author":2,"featured_media":0,"parent":0,"menu_order":0,"comment_status":"closed","ping_status":"closed","template":"","meta":{"_exactmetrics_skip_tracking":false,"_exactmetrics_sitenote_active":false,"_exactmetrics_sitenote_note":"","_exactmetrics_sitenote_category":0,"footnotes":"","_links_to":"","_links_to_target":""},"class_list":["post-18","page","type-page","status-publish","hentry"],"_links":{"self":[{"href":"https:\/\/www2.unicentro.br\/nees\/wp-json\/wp\/v2\/pages\/18","targetHints":{"allow":["GET"]}}],"collection":[{"href":"https:\/\/www2.unicentro.br\/nees\/wp-json\/wp\/v2\/pages"}],"about":[{"href":"https:\/\/www2.unicentro.br\/nees\/wp-json\/wp\/v2\/types\/page"}],"author":[{"embeddable":true,"href":"https:\/\/www2.unicentro.br\/nees\/wp-json\/wp\/v2\/users\/2"}],"replies":[{"embeddable":true,"href":"https:\/\/www2.unicentro.br\/nees\/wp-json\/wp\/v2\/comments?post=18"}],"version-history":[{"count":3,"href":"https:\/\/www2.unicentro.br\/nees\/wp-json\/wp\/v2\/pages\/18\/revisions"}],"predecessor-version":[{"id":58,"href":"https:\/\/www2.unicentro.br\/nees\/wp-json\/wp\/v2\/pages\/18\/revisions\/58"}],"wp:attachment":[{"href":"https:\/\/www2.unicentro.br\/nees\/wp-json\/wp\/v2\/media?parent=18"}],"curies":[{"name":"wp","href":"https:\/\/api.w.org\/{rel}","templated":true}]}}