{"id":16,"date":"2013-11-22T18:15:51","date_gmt":"2013-11-22T18:15:51","guid":{"rendered":"http:\/\/www2.unicentro.br\/nees\/?page_id=16"},"modified":"2013-11-27T11:53:49","modified_gmt":"2013-11-27T11:53:49","slug":"area-de-abrangencia","status":"publish","type":"page","link":"https:\/\/www2.unicentro.br\/nees\/area-de-abrangencia\/","title":{"rendered":"\u00c1rea de Abrang\u00eancia"},"content":{"rendered":"<p align=\"JUSTIFY\"><span style=\"color: #000000\"><span style=\"font-family: Arial, sans-serif\">O Nees atua nos seguintes munic\u00edpios do centro-sul do Paran\u00e1:<\/span><\/span><\/p>\n<p align=\"JUSTIFY\"><span style=\"font-family: Arial, sans-serif\">Irati, Prudent\u00f3polis, Iva\u00ed, Rio Azul, Mallet e Rebou\u00e7as<\/span><\/p>\n<p style=\"text-align: center\" align=\"JUSTIFY\"><a href=\"http:\/\/www2.unicentro.br\/nees\/files\/2013\/11\/abrangencia.png\"><img loading=\"lazy\" decoding=\"async\" class=\"aligncenter  wp-image-54\" alt=\"\u00c1rea de Abrang\u00eancia\" src=\"http:\/\/www2.unicentro.br\/nees\/files\/2013\/11\/abrangencia-1024x704.png\" width=\"717\" height=\"493\" srcset=\"https:\/\/www2.unicentro.br\/nees\/files\/2013\/11\/abrangencia-1024x704.png 1024w, https:\/\/www2.unicentro.br\/nees\/files\/2013\/11\/abrangencia-300x206.png 300w\" sizes=\"auto, (max-width: 717px) 100vw, 717px\" \/><\/a><\/p>\n","protected":false},"excerpt":{"rendered":"<p>O Nees atua nos seguintes munic\u00edpios do centro-sul do Paran\u00e1: Irati, Prudent\u00f3polis, Iva\u00ed, Rio Azul, Mallet e Rebou\u00e7as<\/p>\n","protected":false},"author":2,"featured_media":0,"parent":0,"menu_order":0,"comment_status":"closed","ping_status":"closed","template":"","meta":{"_exactmetrics_skip_tracking":false,"_exactmetrics_sitenote_active":false,"_exactmetrics_sitenote_note":"","_exactmetrics_sitenote_category":0,"footnotes":"","_links_to":"","_links_to_target":""},"class_list":["post-16","page","type-page","status-publish","hentry"],"_links":{"self":[{"href":"https:\/\/www2.unicentro.br\/nees\/wp-json\/wp\/v2\/pages\/16","targetHints":{"allow":["GET"]}}],"collection":[{"href":"https:\/\/www2.unicentro.br\/nees\/wp-json\/wp\/v2\/pages"}],"about":[{"href":"https:\/\/www2.unicentro.br\/nees\/wp-json\/wp\/v2\/types\/page"}],"author":[{"embeddable":true,"href":"https:\/\/www2.unicentro.br\/nees\/wp-json\/wp\/v2\/users\/2"}],"replies":[{"embeddable":true,"href":"https:\/\/www2.unicentro.br\/nees\/wp-json\/wp\/v2\/comments?post=16"}],"version-history":[{"count":3,"href":"https:\/\/www2.unicentro.br\/nees\/wp-json\/wp\/v2\/pages\/16\/revisions"}],"predecessor-version":[{"id":56,"href":"https:\/\/www2.unicentro.br\/nees\/wp-json\/wp\/v2\/pages\/16\/revisions\/56"}],"wp:attachment":[{"href":"https:\/\/www2.unicentro.br\/nees\/wp-json\/wp\/v2\/media?parent=16"}],"curies":[{"name":"wp","href":"https:\/\/api.w.org\/{rel}","templated":true}]}}