{"id":14,"date":"2013-11-22T18:15:08","date_gmt":"2013-11-22T18:15:08","guid":{"rendered":"http:\/\/www2.unicentro.br\/nees\/?page_id=14"},"modified":"2013-11-22T18:15:08","modified_gmt":"2013-11-22T18:15:08","slug":"objetivos","status":"publish","type":"page","link":"https:\/\/www2.unicentro.br\/nees\/objetivos\/","title":{"rendered":"Objetivos"},"content":{"rendered":"<p>O N\u00facleo de Estudos Eslavos \u2013 Nees tem como objetivos:<\/p>\n<ul>\n<li>Agrupar pesquisadores e extensionistas para, numa a\u00e7\u00e3o conjunta, ampliar as discuss\u00f5es em torno da tem\u00e1tica eslava;<\/li>\n<li>Desenvolver atividades extensionistas, vinculadas a a\u00e7\u00f5es de pesquisa e ensino, que possibilitem a promo\u00e7\u00e3o da visibilidade da cultura eslava na regi\u00e3o de abrang\u00eancia da Unicentro.<\/li>\n<li>Despertar o interesse das comunidades eslavas sobre a necessidade e import\u00e2ncia de mapear seu patrim\u00f4nio cultural;<\/li>\n<li>Registrar alguns elementos do patrim\u00f4nio lingu\u00edstico por meio de dados orais e escritos \u2013 montagem do banco de dados Varia\u00e7\u00e3o Lingu\u00edstica de Fala Eslava \u2013 Varlinfe;<\/li>\n<li>Documentar e difundir os saberes e modos de fazer, as formas de se expressar, os rituais, as brincadeiras, o idioma, as cren\u00e7as, entre outros aspectos culturais e lingu\u00edsticos da cultura eslava.<\/li>\n<\/ul>\n","protected":false},"excerpt":{"rendered":"<p>O N\u00facleo de Estudos Eslavos \u2013 Nees tem como objetivos: Agrupar pesquisadores e extensionistas para, numa a\u00e7\u00e3o conjunta, ampliar as discuss\u00f5es em torno da tem\u00e1tica eslava; Desenvolver atividades extensionistas, vinculadas a a\u00e7\u00f5es de pesquisa e ensino, que possibilitem a promo\u00e7\u00e3o da visibilidade da cultura eslava na regi\u00e3o de abrang\u00eancia da Unicentro. Despertar o interesse das [&hellip;]<\/p>\n","protected":false},"author":2,"featured_media":0,"parent":0,"menu_order":0,"comment_status":"closed","ping_status":"closed","template":"","meta":{"_exactmetrics_skip_tracking":false,"_exactmetrics_sitenote_active":false,"_exactmetrics_sitenote_note":"","_exactmetrics_sitenote_category":0,"footnotes":"","_links_to":"","_links_to_target":""},"class_list":["post-14","page","type-page","status-publish","hentry"],"_links":{"self":[{"href":"https:\/\/www2.unicentro.br\/nees\/wp-json\/wp\/v2\/pages\/14","targetHints":{"allow":["GET"]}}],"collection":[{"href":"https:\/\/www2.unicentro.br\/nees\/wp-json\/wp\/v2\/pages"}],"about":[{"href":"https:\/\/www2.unicentro.br\/nees\/wp-json\/wp\/v2\/types\/page"}],"author":[{"embeddable":true,"href":"https:\/\/www2.unicentro.br\/nees\/wp-json\/wp\/v2\/users\/2"}],"replies":[{"embeddable":true,"href":"https:\/\/www2.unicentro.br\/nees\/wp-json\/wp\/v2\/comments?post=14"}],"version-history":[{"count":1,"href":"https:\/\/www2.unicentro.br\/nees\/wp-json\/wp\/v2\/pages\/14\/revisions"}],"predecessor-version":[{"id":15,"href":"https:\/\/www2.unicentro.br\/nees\/wp-json\/wp\/v2\/pages\/14\/revisions\/15"}],"wp:attachment":[{"href":"https:\/\/www2.unicentro.br\/nees\/wp-json\/wp\/v2\/media?parent=14"}],"curies":[{"name":"wp","href":"https:\/\/api.w.org\/{rel}","templated":true}]}}