{"id":12,"date":"2013-11-22T18:13:58","date_gmt":"2013-11-22T18:13:58","guid":{"rendered":"http:\/\/www2.unicentro.br\/nees\/?page_id=12"},"modified":"2013-11-22T18:13:58","modified_gmt":"2013-11-22T18:13:58","slug":"o-que-e","status":"publish","type":"page","link":"https:\/\/www2.unicentro.br\/nees\/o-que-e\/","title":{"rendered":"O que \u00e9"},"content":{"rendered":"<p>O N\u00facleo de Estudos Eslavos \u2013 Nees &#8211; \u00e9 um Programa de Extens\u00e3o Permanente desenvolvido na Unicentro, Campus de Irati, por uma equipe interdisciplinar formada por professores e acad\u00eamicos. O N\u00facleo de Estudos Eslavos (Nees), busca dar visibilidade \u00e0 cultura eslava, fazendo levantamento dos aspectos culturais de povos eslavos que imigraram para a regi\u00e3o centro-sul do Paran\u00e1.<\/p>\n<p>As principais a\u00e7\u00f5es do Nees, centradas no mapeamento da cultura eslava, s\u00e3o apoiadas pelo ProExt-MEC\/SESu.<\/p>\n","protected":false},"excerpt":{"rendered":"<p>O N\u00facleo de Estudos Eslavos \u2013 Nees &#8211; \u00e9 um Programa de Extens\u00e3o Permanente desenvolvido na Unicentro, Campus de Irati, por uma equipe interdisciplinar formada por professores e acad\u00eamicos. O N\u00facleo de Estudos Eslavos (Nees), busca dar visibilidade \u00e0 cultura eslava, fazendo levantamento dos aspectos culturais de povos eslavos que imigraram para a regi\u00e3o centro-sul [&hellip;]<\/p>\n","protected":false},"author":2,"featured_media":0,"parent":0,"menu_order":0,"comment_status":"closed","ping_status":"closed","template":"","meta":{"_exactmetrics_skip_tracking":false,"_exactmetrics_sitenote_active":false,"_exactmetrics_sitenote_note":"","_exactmetrics_sitenote_category":0,"footnotes":"","_links_to":"","_links_to_target":""},"class_list":["post-12","page","type-page","status-publish","hentry"],"_links":{"self":[{"href":"https:\/\/www2.unicentro.br\/nees\/wp-json\/wp\/v2\/pages\/12","targetHints":{"allow":["GET"]}}],"collection":[{"href":"https:\/\/www2.unicentro.br\/nees\/wp-json\/wp\/v2\/pages"}],"about":[{"href":"https:\/\/www2.unicentro.br\/nees\/wp-json\/wp\/v2\/types\/page"}],"author":[{"embeddable":true,"href":"https:\/\/www2.unicentro.br\/nees\/wp-json\/wp\/v2\/users\/2"}],"replies":[{"embeddable":true,"href":"https:\/\/www2.unicentro.br\/nees\/wp-json\/wp\/v2\/comments?post=12"}],"version-history":[{"count":1,"href":"https:\/\/www2.unicentro.br\/nees\/wp-json\/wp\/v2\/pages\/12\/revisions"}],"predecessor-version":[{"id":13,"href":"https:\/\/www2.unicentro.br\/nees\/wp-json\/wp\/v2\/pages\/12\/revisions\/13"}],"wp:attachment":[{"href":"https:\/\/www2.unicentro.br\/nees\/wp-json\/wp\/v2\/media?parent=12"}],"curies":[{"name":"wp","href":"https:\/\/api.w.org\/{rel}","templated":true}]}}