{"id":803,"date":"2016-06-09T19:20:04","date_gmt":"2016-06-09T19:20:04","guid":{"rendered":"http:\/\/www2.unicentro.br\/neaa\/?page_id=803"},"modified":"2016-07-15T13:38:57","modified_gmt":"2016-07-15T13:38:57","slug":"visita-para-capacitacao-em-foz-do-jordao","status":"publish","type":"page","link":"https:\/\/www2.unicentro.br\/neaa\/visita-para-capacitacao-em-foz-do-jordao\/","title":{"rendered":"Capacita\u00e7\u00e3o em Foz do Jord\u00e3o."},"content":{"rendered":"\n\t\t<style type=\"text\/css\">\n\t\t\t#gallery-1 {\n\t\t\t\tmargin: auto;\n\t\t\t}\n\t\t\t#gallery-1 .gallery-item {\n\t\t\t\tfloat: left;\n\t\t\t\tmargin-top: 10px;\n\t\t\t\ttext-align: center;\n\t\t\t\twidth: 20%;\n\t\t\t}\n\t\t\t#gallery-1 img {\n\t\t\t\tborder: 2px solid #cfcfcf;\n\t\t\t}\n\t\t\t#gallery-1 .gallery-caption {\n\t\t\t\tmargin-left: 0;\n\t\t\t}\n\t\t\t\/* see gallery_shortcode() in wp-includes\/media.php *\/\n\t\t<\/style>\n\t\t<div id='gallery-1' class='gallery galleryid-803 gallery-columns-5 gallery-size-thumbnail'><dl class='gallery-item'>\n\t\t\t<dt class='gallery-icon landscape'>\n\t\t\t\t<a href='https:\/\/www2.unicentro.br\/neaa\/visita-para-capacitacao-em-foz-do-jordao\/3af8d6ad-0973-4644-8ab3-8b63898e1180\/'><img loading=\"lazy\" decoding=\"async\" width=\"150\" height=\"150\" src=\"https:\/\/www2.unicentro.br\/neaa\/files\/2016\/06\/3af8d6ad-0973-4644-8ab3-8b63898e1180-150x150.jpg\" class=\"attachment-thumbnail size-thumbnail\" alt=\"\" \/><\/a>\n\t\t\t<\/dt><\/dl><dl class='gallery-item'>\n\t\t\t<dt class='gallery-icon landscape'>\n\t\t\t\t<a href='https:\/\/www2.unicentro.br\/neaa\/visita-para-capacitacao-em-foz-do-jordao\/9d9ca77e-e90b-44ed-9e3c-5322b8bda08c\/'><img loading=\"lazy\" decoding=\"async\" width=\"150\" height=\"150\" src=\"https:\/\/www2.unicentro.br\/neaa\/files\/2016\/06\/9d9ca77e-e90b-44ed-9e3c-5322b8bda08c-150x150.jpg\" class=\"attachment-thumbnail size-thumbnail\" alt=\"\" \/><\/a>\n\t\t\t<\/dt><\/dl><dl class='gallery-item'>\n\t\t\t<dt class='gallery-icon landscape'>\n\t\t\t\t<a href='https:\/\/www2.unicentro.br\/neaa\/visita-para-capacitacao-em-foz-do-jordao\/9fca76d2-7f0f-4154-b589-146a1f5dbaf1\/'><img loading=\"lazy\" decoding=\"async\" width=\"150\" height=\"150\" src=\"https:\/\/www2.unicentro.br\/neaa\/files\/2016\/06\/9fca76d2-7f0f-4154-b589-146a1f5dbaf1-150x150.jpg\" class=\"attachment-thumbnail size-thumbnail\" alt=\"\" \/><\/a>\n\t\t\t<\/dt><\/dl><dl class='gallery-item'>\n\t\t\t<dt class='gallery-icon landscape'>\n\t\t\t\t<a href='https:\/\/www2.unicentro.br\/neaa\/visita-para-capacitacao-em-foz-do-jordao\/45f3a033-20ef-4f97-8ec5-e09bb6fc7556\/'><img loading=\"lazy\" decoding=\"async\" width=\"150\" height=\"150\" src=\"https:\/\/www2.unicentro.br\/neaa\/files\/2016\/06\/45f3a033-20ef-4f97-8ec5-e09bb6fc7556-150x150.jpg\" class=\"attachment-thumbnail size-thumbnail\" alt=\"\" \/><\/a>\n\t\t\t<\/dt><\/dl><dl class='gallery-item'>\n\t\t\t<dt class='gallery-icon portrait'>\n\t\t\t\t<a href='https:\/\/www2.unicentro.br\/neaa\/visita-para-capacitacao-em-foz-do-jordao\/60a14686-5255-4ff5-8227-d530b4619bfe\/'><img loading=\"lazy\" decoding=\"async\" width=\"150\" height=\"150\" src=\"https:\/\/www2.unicentro.br\/neaa\/files\/2016\/06\/60a14686-5255-4ff5-8227-d530b4619bfe-150x150.jpg\" class=\"attachment-thumbnail size-thumbnail\" alt=\"\" \/><\/a>\n\t\t\t<\/dt><\/dl><br style=\"clear: both\" \/><dl class='gallery-item'>\n\t\t\t<dt class='gallery-icon landscape'>\n\t\t\t\t<a href='https:\/\/www2.unicentro.br\/neaa\/visita-para-capacitacao-em-foz-do-jordao\/3769abfe-44c5-4e9f-a32d-6b85fa1b014d\/'><img loading=\"lazy\" decoding=\"async\" width=\"150\" height=\"150\" src=\"https:\/\/www2.unicentro.br\/neaa\/files\/2016\/06\/3769abfe-44c5-4e9f-a32d-6b85fa1b014d-150x150.jpg\" class=\"attachment-thumbnail size-thumbnail\" alt=\"\" \/><\/a>\n\t\t\t<\/dt><\/dl><dl class='gallery-item'>\n\t\t\t<dt class='gallery-icon landscape'>\n\t\t\t\t<a href='https:\/\/www2.unicentro.br\/neaa\/visita-para-capacitacao-em-foz-do-jordao\/af920fab-4487-4738-860c-f31941ffb2e1\/'><img loading=\"lazy\" decoding=\"async\" width=\"150\" height=\"150\" src=\"https:\/\/www2.unicentro.br\/neaa\/files\/2016\/06\/af920fab-4487-4738-860c-f31941ffb2e1-150x150.jpg\" class=\"attachment-thumbnail size-thumbnail\" alt=\"\" \/><\/a>\n\t\t\t<\/dt><\/dl><dl class='gallery-item'>\n\t\t\t<dt class='gallery-icon landscape'>\n\t\t\t\t<a href='https:\/\/www2.unicentro.br\/neaa\/visita-para-capacitacao-em-foz-do-jordao\/13418797_216361912096964_3056466763668287691_n\/'><img loading=\"lazy\" decoding=\"async\" width=\"150\" height=\"150\" src=\"https:\/\/www2.unicentro.br\/neaa\/files\/2016\/06\/13418797_216361912096964_3056466763668287691_n-150x150.jpg\" class=\"attachment-thumbnail size-thumbnail\" alt=\"\" \/><\/a>\n\t\t\t<\/dt><\/dl><dl class='gallery-item'>\n\t\t\t<dt class='gallery-icon landscape'>\n\t\t\t\t<a href='https:\/\/www2.unicentro.br\/neaa\/visita-para-capacitacao-em-foz-do-jordao\/13495081_216361648763657_5699640262789672570_n\/'><img loading=\"lazy\" decoding=\"async\" width=\"150\" height=\"150\" src=\"https:\/\/www2.unicentro.br\/neaa\/files\/2016\/06\/13495081_216361648763657_5699640262789672570_n-150x150.jpg\" class=\"attachment-thumbnail size-thumbnail\" alt=\"\" \/><\/a>\n\t\t\t<\/dt><\/dl><dl class='gallery-item'>\n\t\t\t<dt class='gallery-icon landscape'>\n\t\t\t\t<a href='https:\/\/www2.unicentro.br\/neaa\/visita-para-capacitacao-em-foz-do-jordao\/13599936_216361598763662_5763174654156870943_n\/'><img loading=\"lazy\" decoding=\"async\" width=\"150\" height=\"150\" src=\"https:\/\/www2.unicentro.br\/neaa\/files\/2016\/06\/13599936_216361598763662_5763174654156870943_n-150x150.jpg\" class=\"attachment-thumbnail size-thumbnail\" alt=\"\" \/><\/a>\n\t\t\t<\/dt><\/dl><br style=\"clear: both\" \/><dl class='gallery-item'>\n\t\t\t<dt class='gallery-icon landscape'>\n\t\t\t\t<a href='https:\/\/www2.unicentro.br\/neaa\/visita-para-capacitacao-em-foz-do-jordao\/13600145_216361168763705_3583445691326077130_n\/'><img loading=\"lazy\" decoding=\"async\" width=\"150\" height=\"150\" src=\"https:\/\/www2.unicentro.br\/neaa\/files\/2016\/06\/13600145_216361168763705_3583445691326077130_n-150x150.jpg\" class=\"attachment-thumbnail size-thumbnail\" alt=\"\" \/><\/a>\n\t\t\t<\/dt><\/dl><dl class='gallery-item'>\n\t\t\t<dt class='gallery-icon landscape'>\n\t\t\t\t<a href='https:\/\/www2.unicentro.br\/neaa\/visita-para-capacitacao-em-foz-do-jordao\/13600145_216361778763644_5425579711052297460_n\/'><img loading=\"lazy\" decoding=\"async\" width=\"150\" height=\"150\" src=\"https:\/\/www2.unicentro.br\/neaa\/files\/2016\/06\/13600145_216361778763644_5425579711052297460_n-150x150.jpg\" class=\"attachment-thumbnail size-thumbnail\" alt=\"\" \/><\/a>\n\t\t\t<\/dt><\/dl><dl class='gallery-item'>\n\t\t\t<dt class='gallery-icon landscape'>\n\t\t\t\t<a href='https:\/\/www2.unicentro.br\/neaa\/visita-para-capacitacao-em-foz-do-jordao\/13606479_216362048763617_4920254790277887589_n\/'><img loading=\"lazy\" decoding=\"async\" width=\"150\" height=\"150\" src=\"https:\/\/www2.unicentro.br\/neaa\/files\/2016\/06\/13606479_216362048763617_4920254790277887589_n-150x150.jpg\" class=\"attachment-thumbnail size-thumbnail\" alt=\"\" \/><\/a>\n\t\t\t<\/dt><\/dl><dl class='gallery-item'>\n\t\t\t<dt class='gallery-icon landscape'>\n\t\t\t\t<a href='https:\/\/www2.unicentro.br\/neaa\/visita-para-capacitacao-em-foz-do-jordao\/13606512_216360945430394_4714020048653503925_n\/'><img loading=\"lazy\" decoding=\"async\" width=\"150\" height=\"150\" src=\"https:\/\/www2.unicentro.br\/neaa\/files\/2016\/06\/13606512_216360945430394_4714020048653503925_n-150x150.jpg\" class=\"attachment-thumbnail size-thumbnail\" alt=\"\" \/><\/a>\n\t\t\t<\/dt><\/dl><dl class='gallery-item'>\n\t\t\t<dt class='gallery-icon landscape'>\n\t\t\t\t<a href='https:\/\/www2.unicentro.br\/neaa\/visita-para-capacitacao-em-foz-do-jordao\/13606613_216361538763668_4416915285725328544_n\/'><img loading=\"lazy\" decoding=\"async\" width=\"150\" height=\"150\" src=\"https:\/\/www2.unicentro.br\/neaa\/files\/2016\/06\/13606613_216361538763668_4416915285725328544_n-150x150.jpg\" class=\"attachment-thumbnail size-thumbnail\" alt=\"\" \/><\/a>\n\t\t\t<\/dt><\/dl><br style=\"clear: both\" \/><dl class='gallery-item'>\n\t\t\t<dt class='gallery-icon landscape'>\n\t\t\t\t<a href='https:\/\/www2.unicentro.br\/neaa\/visita-para-capacitacao-em-foz-do-jordao\/13606733_216361645430324_5399879400492426377_n\/'><img loading=\"lazy\" decoding=\"async\" width=\"150\" height=\"150\" src=\"https:\/\/www2.unicentro.br\/neaa\/files\/2016\/06\/13606733_216361645430324_5399879400492426377_n-150x150.jpg\" class=\"attachment-thumbnail size-thumbnail\" alt=\"\" \/><\/a>\n\t\t\t<\/dt><\/dl><dl class='gallery-item'>\n\t\t\t<dt class='gallery-icon landscape'>\n\t\t\t\t<a href='https:\/\/www2.unicentro.br\/neaa\/visita-para-capacitacao-em-foz-do-jordao\/13606881_216361435430345_8729329012316266374_n\/'><img loading=\"lazy\" decoding=\"async\" width=\"150\" height=\"150\" src=\"https:\/\/www2.unicentro.br\/neaa\/files\/2016\/06\/13606881_216361435430345_8729329012316266374_n-150x150.jpg\" class=\"attachment-thumbnail size-thumbnail\" alt=\"\" \/><\/a>\n\t\t\t<\/dt><\/dl><dl class='gallery-item'>\n\t\t\t<dt class='gallery-icon landscape'>\n\t\t\t\t<a href='https:\/\/www2.unicentro.br\/neaa\/visita-para-capacitacao-em-foz-do-jordao\/13607042_216360835430405_8490121790470589343_n\/'><img loading=\"lazy\" decoding=\"async\" width=\"150\" height=\"150\" src=\"https:\/\/www2.unicentro.br\/neaa\/files\/2016\/06\/13607042_216360835430405_8490121790470589343_n-150x150.jpg\" class=\"attachment-thumbnail size-thumbnail\" alt=\"\" \/><\/a>\n\t\t\t<\/dt><\/dl><dl class='gallery-item'>\n\t\t\t<dt class='gallery-icon landscape'>\n\t\t\t\t<a href='https:\/\/www2.unicentro.br\/neaa\/visita-para-capacitacao-em-foz-do-jordao\/13612173_216361055430383_5887035019257618995_n\/'><img loading=\"lazy\" decoding=\"async\" width=\"150\" height=\"150\" src=\"https:\/\/www2.unicentro.br\/neaa\/files\/2016\/06\/13612173_216361055430383_5887035019257618995_n-150x150.jpg\" class=\"attachment-thumbnail size-thumbnail\" alt=\"\" \/><\/a>\n\t\t\t<\/dt><\/dl><dl class='gallery-item'>\n\t\t\t<dt class='gallery-icon landscape'>\n\t\t\t\t<a href='https:\/\/www2.unicentro.br\/neaa\/visita-para-capacitacao-em-foz-do-jordao\/13612244_216361915430297_5501984714945926829_n\/'><img loading=\"lazy\" decoding=\"async\" width=\"150\" height=\"150\" src=\"https:\/\/www2.unicentro.br\/neaa\/files\/2016\/06\/13612244_216361915430297_5501984714945926829_n-150x150.jpg\" class=\"attachment-thumbnail size-thumbnail\" alt=\"\" \/><\/a>\n\t\t\t<\/dt><\/dl><br style=\"clear: both\" \/><dl class='gallery-item'>\n\t\t\t<dt class='gallery-icon landscape'>\n\t\t\t\t<a href='https:\/\/www2.unicentro.br\/neaa\/visita-para-capacitacao-em-foz-do-jordao\/13615029_216362022096953_7398153328756232681_n\/'><img loading=\"lazy\" decoding=\"async\" width=\"150\" height=\"150\" src=\"https:\/\/www2.unicentro.br\/neaa\/files\/2016\/06\/13615029_216362022096953_7398153328756232681_n-150x150.jpg\" class=\"attachment-thumbnail size-thumbnail\" alt=\"\" \/><\/a>\n\t\t\t<\/dt><\/dl><dl class='gallery-item'>\n\t\t\t<dt class='gallery-icon landscape'>\n\t\t\t\t<a href='https:\/\/www2.unicentro.br\/neaa\/visita-para-capacitacao-em-foz-do-jordao\/13615085_216360938763728_3166852424858078584_n\/'><img loading=\"lazy\" decoding=\"async\" width=\"150\" height=\"150\" src=\"https:\/\/www2.unicentro.br\/neaa\/files\/2016\/06\/13615085_216360938763728_3166852424858078584_n-150x150.jpg\" class=\"attachment-thumbnail size-thumbnail\" alt=\"\" \/><\/a>\n\t\t\t<\/dt><\/dl><dl class='gallery-item'>\n\t\t\t<dt class='gallery-icon landscape'>\n\t\t\t\t<a href='https:\/\/www2.unicentro.br\/neaa\/visita-para-capacitacao-em-foz-do-jordao\/13615183_216362108763611_4964391849825444792_n\/'><img loading=\"lazy\" decoding=\"async\" width=\"150\" height=\"150\" src=\"https:\/\/www2.unicentro.br\/neaa\/files\/2016\/06\/13615183_216362108763611_4964391849825444792_n-150x150.jpg\" class=\"attachment-thumbnail size-thumbnail\" alt=\"\" \/><\/a>\n\t\t\t<\/dt><\/dl><dl class='gallery-item'>\n\t\t\t<dt class='gallery-icon landscape'>\n\t\t\t\t<a href='https:\/\/www2.unicentro.br\/neaa\/visita-para-capacitacao-em-foz-do-jordao\/13615289_216361575430331_964403170277007457_n\/'><img loading=\"lazy\" decoding=\"async\" width=\"150\" height=\"150\" src=\"https:\/\/www2.unicentro.br\/neaa\/files\/2016\/06\/13615289_216361575430331_964403170277007457_n-150x150.jpg\" class=\"attachment-thumbnail size-thumbnail\" alt=\"\" \/><\/a>\n\t\t\t<\/dt><\/dl><dl class='gallery-item'>\n\t\t\t<dt class='gallery-icon landscape'>\n\t\t\t\t<a href='https:\/\/www2.unicentro.br\/neaa\/visita-para-capacitacao-em-foz-do-jordao\/13619812_216361062097049_328026464835353325_n\/'><img loading=\"lazy\" decoding=\"async\" width=\"150\" height=\"150\" src=\"https:\/\/www2.unicentro.br\/neaa\/files\/2016\/06\/13619812_216361062097049_328026464835353325_n-150x150.jpg\" class=\"attachment-thumbnail size-thumbnail\" alt=\"\" \/><\/a>\n\t\t\t<\/dt><\/dl><br style=\"clear: both\" \/><dl class='gallery-item'>\n\t\t\t<dt class='gallery-icon landscape'>\n\t\t\t\t<a href='https:\/\/www2.unicentro.br\/neaa\/visita-para-capacitacao-em-foz-do-jordao\/13619864_216360942097061_8580587212724495238_n\/'><img loading=\"lazy\" decoding=\"async\" width=\"150\" height=\"150\" src=\"https:\/\/www2.unicentro.br\/neaa\/files\/2016\/06\/13619864_216360942097061_8580587212724495238_n-150x150.jpg\" class=\"attachment-thumbnail size-thumbnail\" alt=\"\" \/><\/a>\n\t\t\t<\/dt><\/dl><dl class='gallery-item'>\n\t\t\t<dt class='gallery-icon landscape'>\n\t\t\t\t<a href='https:\/\/www2.unicentro.br\/neaa\/visita-para-capacitacao-em-foz-do-jordao\/13619870_216361595430329_905600324444568733_n\/'><img loading=\"lazy\" decoding=\"async\" width=\"150\" height=\"150\" src=\"https:\/\/www2.unicentro.br\/neaa\/files\/2016\/06\/13619870_216361595430329_905600324444568733_n-150x150.jpg\" class=\"attachment-thumbnail size-thumbnail\" alt=\"\" \/><\/a>\n\t\t\t<\/dt><\/dl><dl class='gallery-item'>\n\t\t\t<dt class='gallery-icon landscape'>\n\t\t\t\t<a href='https:\/\/www2.unicentro.br\/neaa\/visita-para-capacitacao-em-foz-do-jordao\/13619873_216361138763708_891183827079111331_n\/'><img loading=\"lazy\" decoding=\"async\" width=\"150\" height=\"150\" src=\"https:\/\/www2.unicentro.br\/neaa\/files\/2016\/06\/13619873_216361138763708_891183827079111331_n-150x150.jpg\" class=\"attachment-thumbnail size-thumbnail\" alt=\"\" \/><\/a>\n\t\t\t<\/dt><\/dl><dl class='gallery-item'>\n\t\t\t<dt class='gallery-icon landscape'>\n\t\t\t\t<a href='https:\/\/www2.unicentro.br\/neaa\/visita-para-capacitacao-em-foz-do-jordao\/13619962_216362215430267_5984018820234186330_n\/'><img loading=\"lazy\" decoding=\"async\" width=\"150\" height=\"150\" src=\"https:\/\/www2.unicentro.br\/neaa\/files\/2016\/06\/13619962_216362215430267_5984018820234186330_n-150x150.jpg\" class=\"attachment-thumbnail size-thumbnail\" alt=\"\" \/><\/a>\n\t\t\t<\/dt><\/dl><dl class='gallery-item'>\n\t\t\t<dt class='gallery-icon landscape'>\n\t\t\t\t<a href='https:\/\/www2.unicentro.br\/neaa\/visita-para-capacitacao-em-foz-do-jordao\/13620115_216361512097004_1560149567236113816_n\/'><img loading=\"lazy\" decoding=\"async\" width=\"150\" height=\"150\" src=\"https:\/\/www2.unicentro.br\/neaa\/files\/2016\/06\/13620115_216361512097004_1560149567236113816_n-150x150.jpg\" class=\"attachment-thumbnail size-thumbnail\" alt=\"\" \/><\/a>\n\t\t\t<\/dt><\/dl><br style=\"clear: both\" \/><dl class='gallery-item'>\n\t\t\t<dt class='gallery-icon landscape'>\n\t\t\t\t<a href='https:\/\/www2.unicentro.br\/neaa\/visita-para-capacitacao-em-foz-do-jordao\/13620191_216361405430348_6771868603847891751_n\/'><img loading=\"lazy\" decoding=\"async\" width=\"150\" height=\"150\" src=\"https:\/\/www2.unicentro.br\/neaa\/files\/2016\/06\/13620191_216361405430348_6771868603847891751_n-150x150.jpg\" class=\"attachment-thumbnail size-thumbnail\" alt=\"\" \/><\/a>\n\t\t\t<\/dt><\/dl><dl class='gallery-item'>\n\t\t\t<dt class='gallery-icon landscape'>\n\t\t\t\t<a href='https:\/\/www2.unicentro.br\/neaa\/visita-para-capacitacao-em-foz-do-jordao\/13620333_216361482097007_3803416980791298490_n\/'><img loading=\"lazy\" decoding=\"async\" width=\"150\" height=\"150\" src=\"https:\/\/www2.unicentro.br\/neaa\/files\/2016\/06\/13620333_216361482097007_3803416980791298490_n-150x150.jpg\" class=\"attachment-thumbnail size-thumbnail\" alt=\"\" \/><\/a>\n\t\t\t<\/dt><\/dl><dl class='gallery-item'>\n\t\t\t<dt class='gallery-icon landscape'>\n\t\t\t\t<a href='https:\/\/www2.unicentro.br\/neaa\/visita-para-capacitacao-em-foz-do-jordao\/13620829_216361898763632_5399978436433413947_n\/'><img loading=\"lazy\" decoding=\"async\" width=\"150\" height=\"150\" src=\"https:\/\/www2.unicentro.br\/neaa\/files\/2016\/06\/13620829_216361898763632_5399978436433413947_n-150x150.jpg\" class=\"attachment-thumbnail size-thumbnail\" alt=\"\" \/><\/a>\n\t\t\t<\/dt><\/dl><dl class='gallery-item'>\n\t\t\t<dt class='gallery-icon landscape'>\n\t\t\t\t<a href='https:\/\/www2.unicentro.br\/neaa\/visita-para-capacitacao-em-foz-do-jordao\/13627127_216362145430274_2582831090612995604_n\/'><img loading=\"lazy\" decoding=\"async\" width=\"150\" height=\"150\" src=\"https:\/\/www2.unicentro.br\/neaa\/files\/2016\/06\/13627127_216362145430274_2582831090612995604_n-150x150.jpg\" class=\"attachment-thumbnail size-thumbnail\" alt=\"\" \/><\/a>\n\t\t\t<\/dt><\/dl><dl class='gallery-item'>\n\t\t\t<dt class='gallery-icon landscape'>\n\t\t\t\t<a href='https:\/\/www2.unicentro.br\/neaa\/visita-para-capacitacao-em-foz-do-jordao\/13631438_216361242097031_8558470293393214644_n\/'><img loading=\"lazy\" decoding=\"async\" width=\"150\" height=\"150\" src=\"https:\/\/www2.unicentro.br\/neaa\/files\/2016\/06\/13631438_216361242097031_8558470293393214644_n-150x150.jpg\" class=\"attachment-thumbnail size-thumbnail\" alt=\"\" \/><\/a>\n\t\t\t<\/dt><\/dl><br style=\"clear: both\" \/><dl class='gallery-item'>\n\t\t\t<dt class='gallery-icon landscape'>\n\t\t\t\t<a href='https:\/\/www2.unicentro.br\/neaa\/visita-para-capacitacao-em-foz-do-jordao\/13631525_216361392097016_9095291575767073237_n\/'><img loading=\"lazy\" decoding=\"async\" width=\"150\" height=\"150\" src=\"https:\/\/www2.unicentro.br\/neaa\/files\/2016\/06\/13631525_216361392097016_9095291575767073237_n-150x150.jpg\" class=\"attachment-thumbnail size-thumbnail\" alt=\"\" \/><\/a>\n\t\t\t<\/dt><\/dl><dl class='gallery-item'>\n\t\t\t<dt class='gallery-icon landscape'>\n\t\t\t\t<a href='https:\/\/www2.unicentro.br\/neaa\/visita-para-capacitacao-em-foz-do-jordao\/13631532_216361315430357_8902144661146971835_n\/'><img loading=\"lazy\" decoding=\"async\" width=\"150\" height=\"150\" src=\"https:\/\/www2.unicentro.br\/neaa\/files\/2016\/06\/13631532_216361315430357_8902144661146971835_n-150x150.jpg\" class=\"attachment-thumbnail size-thumbnail\" alt=\"\" \/><\/a>\n\t\t\t<\/dt><\/dl><dl class='gallery-item'>\n\t\t\t<dt class='gallery-icon landscape'>\n\t\t\t\t<a href='https:\/\/www2.unicentro.br\/neaa\/visita-para-capacitacao-em-foz-do-jordao\/13631641_216361158763706_8153109519190719210_n\/'><img loading=\"lazy\" decoding=\"async\" width=\"150\" height=\"150\" src=\"https:\/\/www2.unicentro.br\/neaa\/files\/2016\/06\/13631641_216361158763706_8153109519190719210_n-150x150.jpg\" class=\"attachment-thumbnail size-thumbnail\" alt=\"\" \/><\/a>\n\t\t\t<\/dt><\/dl><dl class='gallery-item'>\n\t\t\t<dt class='gallery-icon landscape'>\n\t\t\t\t<a href='https:\/\/www2.unicentro.br\/neaa\/visita-para-capacitacao-em-foz-do-jordao\/13645283_216362222096933_5053570783763624019_n\/'><img loading=\"lazy\" decoding=\"async\" width=\"150\" height=\"150\" src=\"https:\/\/www2.unicentro.br\/neaa\/files\/2016\/06\/13645283_216362222096933_5053570783763624019_n-150x150.jpg\" class=\"attachment-thumbnail size-thumbnail\" alt=\"\" \/><\/a>\n\t\t\t<\/dt><\/dl><dl class='gallery-item'>\n\t\t\t<dt class='gallery-icon landscape'>\n\t\t\t\t<a href='https:\/\/www2.unicentro.br\/neaa\/visita-para-capacitacao-em-foz-do-jordao\/13654124_216361665430322_3133066691627403153_n\/'><img loading=\"lazy\" decoding=\"async\" width=\"150\" height=\"150\" src=\"https:\/\/www2.unicentro.br\/neaa\/files\/2016\/06\/13654124_216361665430322_3133066691627403153_n-150x150.jpg\" class=\"attachment-thumbnail size-thumbnail\" alt=\"\" \/><\/a>\n\t\t\t<\/dt><\/dl><br style=\"clear: both\" \/><dl class='gallery-item'>\n\t\t\t<dt class='gallery-icon landscape'>\n\t\t\t\t<a href='https:\/\/www2.unicentro.br\/neaa\/visita-para-capacitacao-em-foz-do-jordao\/13654238_216360838763738_7467594190507800174_n\/'><img loading=\"lazy\" decoding=\"async\" width=\"150\" height=\"150\" src=\"https:\/\/www2.unicentro.br\/neaa\/files\/2016\/06\/13654238_216360838763738_7467594190507800174_n-150x150.jpg\" class=\"attachment-thumbnail size-thumbnail\" alt=\"\" \/><\/a>\n\t\t\t<\/dt><\/dl><dl class='gallery-item'>\n\t\t\t<dt class='gallery-icon landscape'>\n\t\t\t\t<a href='https:\/\/www2.unicentro.br\/neaa\/visita-para-capacitacao-em-foz-do-jordao\/13659065_216362155430273_4382048332465236264_n\/'><img loading=\"lazy\" decoding=\"async\" width=\"150\" height=\"150\" src=\"https:\/\/www2.unicentro.br\/neaa\/files\/2016\/06\/13659065_216362155430273_4382048332465236264_n-150x150.jpg\" class=\"attachment-thumbnail size-thumbnail\" alt=\"\" \/><\/a>\n\t\t\t<\/dt><\/dl><dl class='gallery-item'>\n\t\t\t<dt class='gallery-icon landscape'>\n\t\t\t\t<a href='https:\/\/www2.unicentro.br\/neaa\/visita-para-capacitacao-em-foz-do-jordao\/13659183_216361322097023_4815493553185721223_n\/'><img loading=\"lazy\" decoding=\"async\" width=\"150\" height=\"150\" src=\"https:\/\/www2.unicentro.br\/neaa\/files\/2016\/06\/13659183_216361322097023_4815493553185721223_n-150x150.jpg\" class=\"attachment-thumbnail size-thumbnail\" alt=\"\" \/><\/a>\n\t\t\t<\/dt><\/dl><dl class='gallery-item'>\n\t\t\t<dt class='gallery-icon portrait'>\n\t\t\t\t<a href='https:\/\/www2.unicentro.br\/neaa\/visita-para-capacitacao-em-foz-do-jordao\/13669179_216361248763697_516274069489522580_n\/'><img loading=\"lazy\" decoding=\"async\" width=\"150\" height=\"150\" src=\"https:\/\/www2.unicentro.br\/neaa\/files\/2016\/06\/13669179_216361248763697_516274069489522580_n-150x150.jpg\" class=\"attachment-thumbnail size-thumbnail\" alt=\"\" \/><\/a>\n\t\t\t<\/dt><\/dl><dl class='gallery-item'>\n\t\t\t<dt class='gallery-icon landscape'>\n\t\t\t\t<a href='https:\/\/www2.unicentro.br\/neaa\/visita-para-capacitacao-em-foz-do-jordao\/13669762_216360842097071_1438201013340548265_n\/'><img loading=\"lazy\" decoding=\"async\" width=\"150\" height=\"150\" src=\"https:\/\/www2.unicentro.br\/neaa\/files\/2016\/06\/13669762_216360842097071_1438201013340548265_n-150x150.jpg\" class=\"attachment-thumbnail size-thumbnail\" alt=\"\" \/><\/a>\n\t\t\t<\/dt><\/dl><br style=\"clear: both\" \/><dl class='gallery-item'>\n\t\t\t<dt class='gallery-icon portrait'>\n\t\t\t\t<a href='https:\/\/www2.unicentro.br\/neaa\/visita-para-capacitacao-em-foz-do-jordao\/13680527_216361072097048_1541441858030670220_n\/'><img loading=\"lazy\" decoding=\"async\" width=\"150\" height=\"150\" src=\"https:\/\/www2.unicentro.br\/neaa\/files\/2016\/06\/13680527_216361072097048_1541441858030670220_n-150x150.jpg\" class=\"attachment-thumbnail size-thumbnail\" alt=\"\" \/><\/a>\n\t\t\t<\/dt><\/dl><dl class='gallery-item'>\n\t\t\t<dt class='gallery-icon landscape'>\n\t\t\t\t<a href='https:\/\/www2.unicentro.br\/neaa\/visita-para-capacitacao-em-foz-do-jordao\/13680867_216361525430336_2688422556648106044_n\/'><img loading=\"lazy\" decoding=\"async\" width=\"150\" height=\"150\" src=\"https:\/\/www2.unicentro.br\/neaa\/files\/2016\/06\/13680867_216361525430336_2688422556648106044_n-150x150.jpg\" class=\"attachment-thumbnail size-thumbnail\" alt=\"\" \/><\/a>\n\t\t\t<\/dt><\/dl><dl class='gallery-item'>\n\t\t\t<dt class='gallery-icon landscape'>\n\t\t\t\t<a href='https:\/\/www2.unicentro.br\/neaa\/visita-para-capacitacao-em-foz-do-jordao\/13680987_216361235430365_5640740474368429307_n\/'><img loading=\"lazy\" decoding=\"async\" width=\"150\" height=\"150\" src=\"https:\/\/www2.unicentro.br\/neaa\/files\/2016\/06\/13680987_216361235430365_5640740474368429307_n-150x150.jpg\" class=\"attachment-thumbnail size-thumbnail\" alt=\"\" \/><\/a>\n\t\t\t<\/dt><\/dl>\n\t\t\t<br style='clear: both' \/>\n\t\t<\/div>\n\n","protected":false},"excerpt":{"rendered":"","protected":false},"author":75,"featured_media":0,"parent":0,"menu_order":0,"comment_status":"closed","ping_status":"closed","template":"","meta":{"_exactmetrics_skip_tracking":false,"_exactmetrics_sitenote_active":false,"_exactmetrics_sitenote_note":"","_exactmetrics_sitenote_category":0,"ngg_post_thumbnail":0,"footnotes":"","_links_to":"","_links_to_target":""},"class_list":["post-803","page","type-page","status-publish","hentry"],"_links":{"self":[{"href":"https:\/\/www2.unicentro.br\/neaa\/wp-json\/wp\/v2\/pages\/803","targetHints":{"allow":["GET"]}}],"collection":[{"href":"https:\/\/www2.unicentro.br\/neaa\/wp-json\/wp\/v2\/pages"}],"about":[{"href":"https:\/\/www2.unicentro.br\/neaa\/wp-json\/wp\/v2\/types\/page"}],"author":[{"embeddable":true,"href":"https:\/\/www2.unicentro.br\/neaa\/wp-json\/wp\/v2\/users\/75"}],"replies":[{"embeddable":true,"href":"https:\/\/www2.unicentro.br\/neaa\/wp-json\/wp\/v2\/comments?post=803"}],"version-history":[{"count":6,"href":"https:\/\/www2.unicentro.br\/neaa\/wp-json\/wp\/v2\/pages\/803\/revisions"}],"predecessor-version":[{"id":891,"href":"https:\/\/www2.unicentro.br\/neaa\/wp-json\/wp\/v2\/pages\/803\/revisions\/891"}],"wp:attachment":[{"href":"https:\/\/www2.unicentro.br\/neaa\/wp-json\/wp\/v2\/media?parent=803"}],"curies":[{"name":"wp","href":"https:\/\/api.w.org\/{rel}","templated":true}]}}