{"id":800,"date":"2016-06-09T19:12:18","date_gmt":"2016-06-09T19:12:18","guid":{"rendered":"http:\/\/www2.unicentro.br\/neaa\/?page_id=800"},"modified":"2016-06-09T19:25:05","modified_gmt":"2016-06-09T19:25:05","slug":"visita-para-a-capacitacao-dos-professores-das-comunidades-indigenas-de-marrecas-comunidade-guarani-e-kaigang-em-conjunto-com-o-nucleo-regional-de-educacao-de-guarapuava","status":"publish","type":"page","link":"https:\/\/www2.unicentro.br\/neaa\/visita-para-a-capacitacao-dos-professores-das-comunidades-indigenas-de-marrecas-comunidade-guarani-e-kaigang-em-conjunto-com-o-nucleo-regional-de-educacao-de-guarapuava\/","title":{"rendered":"Visita para a capacita\u00e7\u00e3o dos professores das comunidades ind\u00edgenas de Marrecas &#8211; comunidade Guarani e Kaigang &#8211; em conjunto com o N\u00facleo Regional de Educa\u00e7\u00e3o de Guarapuava"},"content":{"rendered":"<p><a href=\"http:\/\/www2.unicentro.br\/neaa\/files\/2016\/06\/Visita-Aldeia-Kaigang-Copia.jpg\"><img loading=\"lazy\" decoding=\"async\" class=\"alignnone wp-image-801 size-medium\" src=\"http:\/\/www2.unicentro.br\/neaa\/files\/2016\/06\/Visita-Aldeia-Kaigang-Copia-300x169.jpg\" alt=\"Visita Aldeia Kaigang - Copia\" width=\"300\" height=\"169\" srcset=\"https:\/\/www2.unicentro.br\/neaa\/files\/2016\/06\/Visita-Aldeia-Kaigang-Copia-300x169.jpg 300w, https:\/\/www2.unicentro.br\/neaa\/files\/2016\/06\/Visita-Aldeia-Kaigang-Copia-768x432.jpg 768w, https:\/\/www2.unicentro.br\/neaa\/files\/2016\/06\/Visita-Aldeia-Kaigang-Copia-1024x576.jpg 1024w, https:\/\/www2.unicentro.br\/neaa\/files\/2016\/06\/Visita-Aldeia-Kaigang-Copia.jpg 1600w\" sizes=\"auto, (max-width: 300px) 100vw, 300px\" \/><\/a><\/p>\n","protected":false},"excerpt":{"rendered":"","protected":false},"author":75,"featured_media":0,"parent":0,"menu_order":0,"comment_status":"closed","ping_status":"closed","template":"","meta":{"_exactmetrics_skip_tracking":false,"_exactmetrics_sitenote_active":false,"_exactmetrics_sitenote_note":"","_exactmetrics_sitenote_category":0,"ngg_post_thumbnail":0,"footnotes":"","_links_to":"","_links_to_target":""},"class_list":["post-800","page","type-page","status-publish","hentry"],"_links":{"self":[{"href":"https:\/\/www2.unicentro.br\/neaa\/wp-json\/wp\/v2\/pages\/800","targetHints":{"allow":["GET"]}}],"collection":[{"href":"https:\/\/www2.unicentro.br\/neaa\/wp-json\/wp\/v2\/pages"}],"about":[{"href":"https:\/\/www2.unicentro.br\/neaa\/wp-json\/wp\/v2\/types\/page"}],"author":[{"embeddable":true,"href":"https:\/\/www2.unicentro.br\/neaa\/wp-json\/wp\/v2\/users\/75"}],"replies":[{"embeddable":true,"href":"https:\/\/www2.unicentro.br\/neaa\/wp-json\/wp\/v2\/comments?post=800"}],"version-history":[{"count":3,"href":"https:\/\/www2.unicentro.br\/neaa\/wp-json\/wp\/v2\/pages\/800\/revisions"}],"predecessor-version":[{"id":818,"href":"https:\/\/www2.unicentro.br\/neaa\/wp-json\/wp\/v2\/pages\/800\/revisions\/818"}],"wp:attachment":[{"href":"https:\/\/www2.unicentro.br\/neaa\/wp-json\/wp\/v2\/media?parent=800"}],"curies":[{"name":"wp","href":"https:\/\/api.w.org\/{rel}","templated":true}]}}