{"id":798,"date":"2016-06-09T19:10:11","date_gmt":"2016-06-09T19:10:11","guid":{"rendered":"http:\/\/www2.unicentro.br\/neaa\/?page_id=798"},"modified":"2016-07-15T13:43:02","modified_gmt":"2016-07-15T13:43:02","slug":"apresentacao-no-colegio-ana-vanda-bassara-30052016-formacao-de-professores","status":"publish","type":"page","link":"https:\/\/www2.unicentro.br\/neaa\/apresentacao-no-colegio-ana-vanda-bassara-30052016-formacao-de-professores\/","title":{"rendered":"Capacita\u00e7\u00e3o no Col\u00e9gio Ana Vanda Bassara."},"content":{"rendered":"\n\t\t<style type=\"text\/css\">\n\t\t\t#gallery-1 {\n\t\t\t\tmargin: auto;\n\t\t\t}\n\t\t\t#gallery-1 .gallery-item {\n\t\t\t\tfloat: left;\n\t\t\t\tmargin-top: 10px;\n\t\t\t\ttext-align: center;\n\t\t\t\twidth: 20%;\n\t\t\t}\n\t\t\t#gallery-1 img {\n\t\t\t\tborder: 2px solid #cfcfcf;\n\t\t\t}\n\t\t\t#gallery-1 .gallery-caption {\n\t\t\t\tmargin-left: 0;\n\t\t\t}\n\t\t\t\/* see gallery_shortcode() in wp-includes\/media.php *\/\n\t\t<\/style>\n\t\t<div id='gallery-1' class='gallery galleryid-798 gallery-columns-5 gallery-size-thumbnail'><dl class='gallery-item'>\n\t\t\t<dt class='gallery-icon landscape'>\n\t\t\t\t<a href='https:\/\/www2.unicentro.br\/neaa\/pitanga-2015\/060fe927-07cc-4f23-80d8-d613ad6065b7\/'><img loading=\"lazy\" decoding=\"async\" width=\"150\" height=\"150\" src=\"https:\/\/www2.unicentro.br\/neaa\/files\/2016\/06\/060fe927-07cc-4f23-80d8-d613ad6065b7-150x150.jpg\" class=\"attachment-thumbnail size-thumbnail\" alt=\"\" \/><\/a>\n\t\t\t<\/dt><\/dl><dl class='gallery-item'>\n\t\t\t<dt class='gallery-icon landscape'>\n\t\t\t\t<a href='https:\/\/www2.unicentro.br\/neaa\/pitanga-2015\/77ab8b86-17f9-4c22-86a9-72d9e4bad4ae\/'><img loading=\"lazy\" decoding=\"async\" width=\"150\" height=\"150\" src=\"https:\/\/www2.unicentro.br\/neaa\/files\/2016\/06\/77ab8b86-17f9-4c22-86a9-72d9e4bad4ae-150x150.jpg\" class=\"attachment-thumbnail size-thumbnail\" alt=\"\" \/><\/a>\n\t\t\t<\/dt><\/dl><dl class='gallery-item'>\n\t\t\t<dt class='gallery-icon landscape'>\n\t\t\t\t<a href='https:\/\/www2.unicentro.br\/neaa\/apresentacao-no-colegio-ana-vanda-bassara-30052016-formacao-de-professores\/13599787_216354772097678_2296693100762299247_n\/'><img loading=\"lazy\" decoding=\"async\" width=\"150\" height=\"150\" src=\"https:\/\/www2.unicentro.br\/neaa\/files\/2016\/06\/13599787_216354772097678_2296693100762299247_n-150x150.jpg\" class=\"attachment-thumbnail size-thumbnail\" alt=\"\" \/><\/a>\n\t\t\t<\/dt><\/dl><dl class='gallery-item'>\n\t\t\t<dt class='gallery-icon landscape'>\n\t\t\t\t<a href='https:\/\/www2.unicentro.br\/neaa\/apresentacao-no-colegio-ana-vanda-bassara-30052016-formacao-de-professores\/13600199_216353802097775_3454386696177857331_n\/'><img loading=\"lazy\" decoding=\"async\" width=\"150\" height=\"150\" src=\"https:\/\/www2.unicentro.br\/neaa\/files\/2016\/06\/13600199_216353802097775_3454386696177857331_n-150x150.jpg\" class=\"attachment-thumbnail size-thumbnail\" alt=\"\" \/><\/a>\n\t\t\t<\/dt><\/dl><dl class='gallery-item'>\n\t\t\t<dt class='gallery-icon landscape'>\n\t\t\t\t<a href='https:\/\/www2.unicentro.br\/neaa\/apresentacao-no-colegio-ana-vanda-bassara-30052016-formacao-de-professores\/13606635_216354125431076_6115016768594092590_n\/'><img loading=\"lazy\" decoding=\"async\" width=\"150\" height=\"150\" src=\"https:\/\/www2.unicentro.br\/neaa\/files\/2016\/06\/13606635_216354125431076_6115016768594092590_n-150x150.jpg\" class=\"attachment-thumbnail size-thumbnail\" alt=\"\" \/><\/a>\n\t\t\t<\/dt><\/dl><br style=\"clear: both\" \/><dl class='gallery-item'>\n\t\t\t<dt class='gallery-icon landscape'>\n\t\t\t\t<a href='https:\/\/www2.unicentro.br\/neaa\/apresentacao-no-colegio-ana-vanda-bassara-30052016-formacao-de-professores\/13606803_216353638764458_3973921988331032832_n\/'><img loading=\"lazy\" decoding=\"async\" width=\"150\" height=\"150\" src=\"https:\/\/www2.unicentro.br\/neaa\/files\/2016\/06\/13606803_216353638764458_3973921988331032832_n-150x150.jpg\" class=\"attachment-thumbnail size-thumbnail\" alt=\"\" \/><\/a>\n\t\t\t<\/dt><\/dl><dl class='gallery-item'>\n\t\t\t<dt class='gallery-icon portrait'>\n\t\t\t\t<a href='https:\/\/www2.unicentro.br\/neaa\/apresentacao-no-colegio-ana-vanda-bassara-30052016-formacao-de-professores\/13606985_216356308764191_6284800758559257411_n\/'><img loading=\"lazy\" decoding=\"async\" width=\"150\" height=\"150\" src=\"https:\/\/www2.unicentro.br\/neaa\/files\/2016\/06\/13606985_216356308764191_6284800758559257411_n-150x150.jpg\" class=\"attachment-thumbnail size-thumbnail\" alt=\"\" \/><\/a>\n\t\t\t<\/dt><\/dl><dl class='gallery-item'>\n\t\t\t<dt class='gallery-icon landscape'>\n\t\t\t\t<a href='https:\/\/www2.unicentro.br\/neaa\/apresentacao-no-colegio-ana-vanda-bassara-30052016-formacao-de-professores\/13607051_216353685431120_1854411866296321432_n\/'><img loading=\"lazy\" decoding=\"async\" width=\"150\" height=\"150\" src=\"https:\/\/www2.unicentro.br\/neaa\/files\/2016\/06\/13607051_216353685431120_1854411866296321432_n-150x150.jpg\" class=\"attachment-thumbnail size-thumbnail\" alt=\"\" \/><\/a>\n\t\t\t<\/dt><\/dl><dl class='gallery-item'>\n\t\t\t<dt class='gallery-icon landscape'>\n\t\t\t\t<a href='https:\/\/www2.unicentro.br\/neaa\/apresentacao-no-colegio-ana-vanda-bassara-30052016-formacao-de-professores\/13612344_216353745431114_8768820724654446405_n\/'><img loading=\"lazy\" decoding=\"async\" width=\"150\" height=\"150\" src=\"https:\/\/www2.unicentro.br\/neaa\/files\/2016\/06\/13612344_216353745431114_8768820724654446405_n-150x150.jpg\" class=\"attachment-thumbnail size-thumbnail\" alt=\"\" \/><\/a>\n\t\t\t<\/dt><\/dl><dl class='gallery-item'>\n\t\t\t<dt class='gallery-icon landscape'>\n\t\t\t\t<a href='https:\/\/www2.unicentro.br\/neaa\/apresentacao-no-colegio-ana-vanda-bassara-30052016-formacao-de-professores\/13614929_216355802097575_7149243081247862287_n\/'><img loading=\"lazy\" decoding=\"async\" width=\"150\" height=\"150\" src=\"https:\/\/www2.unicentro.br\/neaa\/files\/2016\/06\/13614929_216355802097575_7149243081247862287_n-150x150.jpg\" class=\"attachment-thumbnail size-thumbnail\" alt=\"\" \/><\/a>\n\t\t\t<\/dt><\/dl><br style=\"clear: both\" \/><dl class='gallery-item'>\n\t\t\t<dt class='gallery-icon landscape'>\n\t\t\t\t<a href='https:\/\/www2.unicentro.br\/neaa\/apresentacao-no-colegio-ana-vanda-bassara-30052016-formacao-de-professores\/13615017_216353695431119_5488994415811884680_n\/'><img loading=\"lazy\" decoding=\"async\" width=\"150\" height=\"150\" src=\"https:\/\/www2.unicentro.br\/neaa\/files\/2016\/06\/13615017_216353695431119_5488994415811884680_n-150x150.jpg\" class=\"attachment-thumbnail size-thumbnail\" alt=\"\" \/><\/a>\n\t\t\t<\/dt><\/dl><dl class='gallery-item'>\n\t\t\t<dt class='gallery-icon landscape'>\n\t\t\t\t<a href='https:\/\/www2.unicentro.br\/neaa\/apresentacao-no-colegio-ana-vanda-bassara-30052016-formacao-de-professores\/13615241_216353885431100_2697591347332821526_n\/'><img loading=\"lazy\" decoding=\"async\" width=\"150\" height=\"150\" src=\"https:\/\/www2.unicentro.br\/neaa\/files\/2016\/06\/13615241_216353885431100_2697591347332821526_n-150x150.jpg\" class=\"attachment-thumbnail size-thumbnail\" alt=\"\" \/><\/a>\n\t\t\t<\/dt><\/dl><dl class='gallery-item'>\n\t\t\t<dt class='gallery-icon portrait'>\n\t\t\t\t<a href='https:\/\/www2.unicentro.br\/neaa\/apresentacao-no-colegio-ana-vanda-bassara-30052016-formacao-de-professores\/13615416_216355208764301_3387338773225508107_n\/'><img loading=\"lazy\" decoding=\"async\" width=\"150\" height=\"150\" src=\"https:\/\/www2.unicentro.br\/neaa\/files\/2016\/06\/13615416_216355208764301_3387338773225508107_n-150x150.jpg\" class=\"attachment-thumbnail size-thumbnail\" alt=\"\" \/><\/a>\n\t\t\t<\/dt><\/dl><dl class='gallery-item'>\n\t\t\t<dt class='gallery-icon landscape'>\n\t\t\t\t<a href='https:\/\/www2.unicentro.br\/neaa\/apresentacao-no-colegio-ana-vanda-bassara-30052016-formacao-de-professores\/13615418_216353625431126_4013618487397577834_n\/'><img loading=\"lazy\" decoding=\"async\" width=\"150\" height=\"150\" src=\"https:\/\/www2.unicentro.br\/neaa\/files\/2016\/06\/13615418_216353625431126_4013618487397577834_n-150x150.jpg\" class=\"attachment-thumbnail size-thumbnail\" alt=\"\" \/><\/a>\n\t\t\t<\/dt><\/dl><dl class='gallery-item'>\n\t\t\t<dt class='gallery-icon landscape'>\n\t\t\t\t<a href='https:\/\/www2.unicentro.br\/neaa\/apresentacao-no-colegio-ana-vanda-bassara-30052016-formacao-de-professores\/13615460_216353575431131_3509854000960758852_n\/'><img loading=\"lazy\" decoding=\"async\" width=\"150\" height=\"150\" src=\"https:\/\/www2.unicentro.br\/neaa\/files\/2016\/06\/13615460_216353575431131_3509854000960758852_n-150x150.jpg\" class=\"attachment-thumbnail size-thumbnail\" alt=\"\" \/><\/a>\n\t\t\t<\/dt><\/dl><br style=\"clear: both\" \/><dl class='gallery-item'>\n\t\t\t<dt class='gallery-icon landscape'>\n\t\t\t\t<a href='https:\/\/www2.unicentro.br\/neaa\/apresentacao-no-colegio-ana-vanda-bassara-30052016-formacao-de-professores\/13619798_216353722097783_5718760276721386012_n\/'><img loading=\"lazy\" decoding=\"async\" width=\"150\" height=\"150\" src=\"https:\/\/www2.unicentro.br\/neaa\/files\/2016\/06\/13619798_216353722097783_5718760276721386012_n-150x150.jpg\" class=\"attachment-thumbnail size-thumbnail\" alt=\"\" \/><\/a>\n\t\t\t<\/dt><\/dl><dl class='gallery-item'>\n\t\t\t<dt class='gallery-icon portrait'>\n\t\t\t\t<a href='https:\/\/www2.unicentro.br\/neaa\/apresentacao-no-colegio-ana-vanda-bassara-30052016-formacao-de-professores\/13619966_216356365430852_2503611548900329238_n\/'><img loading=\"lazy\" decoding=\"async\" width=\"150\" height=\"150\" src=\"https:\/\/www2.unicentro.br\/neaa\/files\/2016\/06\/13619966_216356365430852_2503611548900329238_n-150x150.jpg\" class=\"attachment-thumbnail size-thumbnail\" alt=\"\" \/><\/a>\n\t\t\t<\/dt><\/dl><dl class='gallery-item'>\n\t\t\t<dt class='gallery-icon landscape'>\n\t\t\t\t<a href='https:\/\/www2.unicentro.br\/neaa\/apresentacao-no-colegio-ana-vanda-bassara-30052016-formacao-de-professores\/13620024_216355528764269_4310999090033674178_n\/'><img loading=\"lazy\" decoding=\"async\" width=\"150\" height=\"150\" src=\"https:\/\/www2.unicentro.br\/neaa\/files\/2016\/06\/13620024_216355528764269_4310999090033674178_n-150x150.jpg\" class=\"attachment-thumbnail size-thumbnail\" alt=\"\" \/><\/a>\n\t\t\t<\/dt><\/dl><dl class='gallery-item'>\n\t\t\t<dt class='gallery-icon landscape'>\n\t\t\t\t<a href='https:\/\/www2.unicentro.br\/neaa\/apresentacao-no-colegio-ana-vanda-bassara-30052016-formacao-de-professores\/13620025_216353905431098_774412992475685985_n\/'><img loading=\"lazy\" decoding=\"async\" width=\"150\" height=\"150\" src=\"https:\/\/www2.unicentro.br\/neaa\/files\/2016\/06\/13620025_216353905431098_774412992475685985_n-150x150.jpg\" class=\"attachment-thumbnail size-thumbnail\" alt=\"\" \/><\/a>\n\t\t\t<\/dt><\/dl><dl class='gallery-item'>\n\t\t\t<dt class='gallery-icon landscape'>\n\t\t\t\t<a href='https:\/\/www2.unicentro.br\/neaa\/apresentacao-no-colegio-ana-vanda-bassara-30052016-formacao-de-professores\/13620065_216355502097605_8963920457112022664_n\/'><img loading=\"lazy\" decoding=\"async\" width=\"150\" height=\"150\" src=\"https:\/\/www2.unicentro.br\/neaa\/files\/2016\/06\/13620065_216355502097605_8963920457112022664_n-150x150.jpg\" class=\"attachment-thumbnail size-thumbnail\" alt=\"\" \/><\/a>\n\t\t\t<\/dt><\/dl><br style=\"clear: both\" \/><dl class='gallery-item'>\n\t\t\t<dt class='gallery-icon landscape'>\n\t\t\t\t<a href='https:\/\/www2.unicentro.br\/neaa\/apresentacao-no-colegio-ana-vanda-bassara-30052016-formacao-de-professores\/13620119_216353678764454_6489450309004127280_n\/'><img loading=\"lazy\" decoding=\"async\" width=\"150\" height=\"150\" src=\"https:\/\/www2.unicentro.br\/neaa\/files\/2016\/06\/13620119_216353678764454_6489450309004127280_n-150x150.jpg\" class=\"attachment-thumbnail size-thumbnail\" alt=\"\" \/><\/a>\n\t\t\t<\/dt><\/dl><dl class='gallery-item'>\n\t\t\t<dt class='gallery-icon landscape'>\n\t\t\t\t<a href='https:\/\/www2.unicentro.br\/neaa\/apresentacao-no-colegio-ana-vanda-bassara-30052016-formacao-de-professores\/13626333_216355918764230_1479862202326990337_n\/'><img loading=\"lazy\" decoding=\"async\" width=\"150\" height=\"150\" src=\"https:\/\/www2.unicentro.br\/neaa\/files\/2016\/06\/13626333_216355918764230_1479862202326990337_n-150x150.jpg\" class=\"attachment-thumbnail size-thumbnail\" alt=\"\" \/><\/a>\n\t\t\t<\/dt><\/dl><dl class='gallery-item'>\n\t\t\t<dt class='gallery-icon landscape'>\n\t\t\t\t<a href='https:\/\/www2.unicentro.br\/neaa\/apresentacao-no-colegio-ana-vanda-bassara-30052016-formacao-de-professores\/13626401_216353988764423_4849035540712907822_n\/'><img loading=\"lazy\" decoding=\"async\" width=\"150\" height=\"150\" src=\"https:\/\/www2.unicentro.br\/neaa\/files\/2016\/06\/13626401_216353988764423_4849035540712907822_n-150x150.jpg\" class=\"attachment-thumbnail size-thumbnail\" alt=\"\" \/><\/a>\n\t\t\t<\/dt><\/dl><dl class='gallery-item'>\n\t\t\t<dt class='gallery-icon landscape'>\n\t\t\t\t<a href='https:\/\/www2.unicentro.br\/neaa\/apresentacao-no-colegio-ana-vanda-bassara-30052016-formacao-de-professores\/13626516_216353578764464_7493427991345330212_n\/'><img loading=\"lazy\" decoding=\"async\" width=\"150\" height=\"150\" src=\"https:\/\/www2.unicentro.br\/neaa\/files\/2016\/06\/13626516_216353578764464_7493427991345330212_n-150x150.jpg\" class=\"attachment-thumbnail size-thumbnail\" alt=\"\" \/><\/a>\n\t\t\t<\/dt><\/dl><dl class='gallery-item'>\n\t\t\t<dt class='gallery-icon landscape'>\n\t\t\t\t<a href='https:\/\/www2.unicentro.br\/neaa\/apresentacao-no-colegio-ana-vanda-bassara-30052016-formacao-de-professores\/13627225_216354885431000_3820846023783712296_n\/'><img loading=\"lazy\" decoding=\"async\" width=\"150\" height=\"150\" src=\"https:\/\/www2.unicentro.br\/neaa\/files\/2016\/06\/13627225_216354885431000_3820846023783712296_n-150x150.jpg\" class=\"attachment-thumbnail size-thumbnail\" alt=\"\" \/><\/a>\n\t\t\t<\/dt><\/dl><br style=\"clear: both\" \/><dl class='gallery-item'>\n\t\t\t<dt class='gallery-icon landscape'>\n\t\t\t\t<a href='https:\/\/www2.unicentro.br\/neaa\/apresentacao-no-colegio-ana-vanda-bassara-30052016-formacao-de-professores\/13654298_216356318764190_4646998448386740693_n\/'><img loading=\"lazy\" decoding=\"async\" width=\"150\" height=\"150\" src=\"https:\/\/www2.unicentro.br\/neaa\/files\/2016\/06\/13654298_216356318764190_4646998448386740693_n-150x150.jpg\" class=\"attachment-thumbnail size-thumbnail\" alt=\"\" \/><\/a>\n\t\t\t<\/dt><\/dl><dl class='gallery-item'>\n\t\t\t<dt class='gallery-icon landscape'>\n\t\t\t\t<a href='https:\/\/www2.unicentro.br\/neaa\/apresentacao-no-colegio-ana-vanda-bassara-30052016-formacao-de-professores\/13658974_216354825431006_1803667129662638369_n\/'><img loading=\"lazy\" decoding=\"async\" width=\"150\" height=\"150\" src=\"https:\/\/www2.unicentro.br\/neaa\/files\/2016\/06\/13658974_216354825431006_1803667129662638369_n-150x150.jpg\" class=\"attachment-thumbnail size-thumbnail\" alt=\"\" \/><\/a>\n\t\t\t<\/dt><\/dl><dl class='gallery-item'>\n\t\t\t<dt class='gallery-icon landscape'>\n\t\t\t\t<a href='https:\/\/www2.unicentro.br\/neaa\/apresentacao-no-colegio-ana-vanda-bassara-30052016-formacao-de-professores\/13658975_216353635431125_7215551076874779816_n\/'><img loading=\"lazy\" decoding=\"async\" width=\"150\" height=\"150\" src=\"https:\/\/www2.unicentro.br\/neaa\/files\/2016\/06\/13658975_216353635431125_7215551076874779816_n-150x150.jpg\" class=\"attachment-thumbnail size-thumbnail\" alt=\"\" \/><\/a>\n\t\t\t<\/dt><\/dl><dl class='gallery-item'>\n\t\t\t<dt class='gallery-icon landscape'>\n\t\t\t\t<a href='https:\/\/www2.unicentro.br\/neaa\/apresentacao-no-colegio-ana-vanda-bassara-30052016-formacao-de-professores\/13669618_216354162097739_3716525669597603744_n\/'><img loading=\"lazy\" decoding=\"async\" width=\"150\" height=\"150\" src=\"https:\/\/www2.unicentro.br\/neaa\/files\/2016\/06\/13669618_216354162097739_3716525669597603744_n-150x150.jpg\" class=\"attachment-thumbnail size-thumbnail\" alt=\"\" \/><\/a>\n\t\t\t<\/dt><\/dl><dl class='gallery-item'>\n\t\t\t<dt class='gallery-icon landscape'>\n\t\t\t\t<a href='https:\/\/www2.unicentro.br\/neaa\/apresentacao-no-colegio-ana-vanda-bassara-30052016-formacao-de-professores\/13669640_216353738764448_7920076900840280964_n\/'><img loading=\"lazy\" decoding=\"async\" width=\"150\" height=\"150\" src=\"https:\/\/www2.unicentro.br\/neaa\/files\/2016\/06\/13669640_216353738764448_7920076900840280964_n-150x150.jpg\" class=\"attachment-thumbnail size-thumbnail\" alt=\"\" \/><\/a>\n\t\t\t<\/dt><\/dl><br style=\"clear: both\" \/><dl class='gallery-item'>\n\t\t\t<dt class='gallery-icon landscape'>\n\t\t\t\t<a href='https:\/\/www2.unicentro.br\/neaa\/apresentacao-no-colegio-ana-vanda-bassara-30052016-formacao-de-professores\/13669789_216356272097528_7837587218904608838_n\/'><img loading=\"lazy\" decoding=\"async\" width=\"150\" height=\"150\" src=\"https:\/\/www2.unicentro.br\/neaa\/files\/2016\/06\/13669789_216356272097528_7837587218904608838_n-150x150.jpg\" class=\"attachment-thumbnail size-thumbnail\" alt=\"\" \/><\/a>\n\t\t\t<\/dt><\/dl><dl class='gallery-item'>\n\t\t\t<dt class='gallery-icon landscape'>\n\t\t\t\t<a href='https:\/\/www2.unicentro.br\/neaa\/apresentacao-no-colegio-ana-vanda-bassara-30052016-formacao-de-professores\/13669830_216354448764377_2417181078700462151_n\/'><img loading=\"lazy\" decoding=\"async\" width=\"150\" height=\"150\" src=\"https:\/\/www2.unicentro.br\/neaa\/files\/2016\/06\/13669830_216354448764377_2417181078700462151_n-150x150.jpg\" class=\"attachment-thumbnail size-thumbnail\" alt=\"\" \/><\/a>\n\t\t\t<\/dt><\/dl>\n\t\t\t<br style='clear: both' \/>\n\t\t<\/div>\n\n","protected":false},"excerpt":{"rendered":"","protected":false},"author":75,"featured_media":0,"parent":0,"menu_order":0,"comment_status":"closed","ping_status":"closed","template":"","meta":{"_exactmetrics_skip_tracking":false,"_exactmetrics_sitenote_active":false,"_exactmetrics_sitenote_note":"","_exactmetrics_sitenote_category":0,"ngg_post_thumbnail":0,"footnotes":"","_links_to":"","_links_to_target":""},"class_list":["post-798","page","type-page","status-publish","hentry"],"_links":{"self":[{"href":"https:\/\/www2.unicentro.br\/neaa\/wp-json\/wp\/v2\/pages\/798","targetHints":{"allow":["GET"]}}],"collection":[{"href":"https:\/\/www2.unicentro.br\/neaa\/wp-json\/wp\/v2\/pages"}],"about":[{"href":"https:\/\/www2.unicentro.br\/neaa\/wp-json\/wp\/v2\/types\/page"}],"author":[{"embeddable":true,"href":"https:\/\/www2.unicentro.br\/neaa\/wp-json\/wp\/v2\/users\/75"}],"replies":[{"embeddable":true,"href":"https:\/\/www2.unicentro.br\/neaa\/wp-json\/wp\/v2\/comments?post=798"}],"version-history":[{"count":4,"href":"https:\/\/www2.unicentro.br\/neaa\/wp-json\/wp\/v2\/pages\/798\/revisions"}],"predecessor-version":[{"id":923,"href":"https:\/\/www2.unicentro.br\/neaa\/wp-json\/wp\/v2\/pages\/798\/revisions\/923"}],"wp:attachment":[{"href":"https:\/\/www2.unicentro.br\/neaa\/wp-json\/wp\/v2\/media?parent=798"}],"curies":[{"name":"wp","href":"https:\/\/api.w.org\/{rel}","templated":true}]}}