{"id":6,"date":"2014-09-25T18:56:27","date_gmt":"2014-09-25T18:56:27","guid":{"rendered":"http:\/\/www2.unicentro.br\/neaa\/?page_id=6"},"modified":"2016-06-03T14:05:56","modified_gmt":"2016-06-03T14:05:56","slug":"inicial","status":"publish","type":"page","link":"https:\/\/www2.unicentro.br\/neaa\/","title":{"rendered":"Inicial"},"content":{"rendered":"<p><strong>Apresenta\u00e7\u00e3o.<\/strong><\/p>\n<p>Nossas atividades foram iniciadas em 2014 contando com profissionais de diferentes \u00e1reas: sa\u00fade, licenciaturas e agr\u00e1rias. O objetivo foi agregar interesses em torno da tem\u00e1tica africana e amer\u00edndia, j\u00e1 que contamos com popula\u00e7\u00f5es quilombolas, ind\u00edgenas e faxinalenses na regi\u00e3o, bem como desenvolvemos estudos sobre o continente africano.\u00a0A Sa\u00fade tem sido o foco agregador de nossas a\u00e7\u00f5es, resgatando saberes tradicionais e populares para dialogar com as pol\u00edticas de sa\u00fade comunit\u00e1ria e a forma\u00e7\u00e3o de profissionais em diferentes \u00e1reas.<\/p>\n<div class=\"font_8\">\n<div>Voc\u00ea poder\u00e1:<\/div>\n<\/div>\n<div class=\"font_8\">\n<ol>\n<li>Acompanhar nossas atividades virtualmente e participar presencialmente em nossas a\u00e7\u00f5es<\/li>\n<li>Estabelecer parcerias sobre capacita\u00e7\u00e3o docente sobre a lei 10.639\/2003 e 11.645\/2008, tanto para a rede municipal como estadual.<\/li>\n<li>Estabelecer parcerias para a\u00a0capacita\u00e7\u00e3o multidisciplinar de profissionais da sa\u00fade (psic\u00f3logos, enfermeiros, nutricionistas, educadores f\u00edsicos\u00a0e farmac\u00eauticos) e agr\u00e1rias (ge\u00f3grafos) para a\u00e7\u00f5es com comunidades tradicionais e em situa\u00e7\u00e3o de risco.<\/li>\n<li>Organizar palestras, debates e minicursos sobre os saberes comunit\u00e1rios amer\u00edndios e africanos.<\/li>\n<\/ol>\n<\/div>\n<div class=\"font_8\"><\/div>\n<div class=\"font_8\">Nos reunimos em Guarapuava, Unicentro\/Santa Cruz, Bloco D, 1\u00b0 Andar, ao lado da sala do DEPED,\u00a0\u00e0s segundas-feiras, 19:15-21:00. (ver calend\u00e1rio em <a href=\"http:\/\/neaaunicentro.blogspot.com.br\/\">http:\/\/neaaunicentro.blogspot.com.br\/<\/a>)<\/div>\n","protected":false},"excerpt":{"rendered":"<p>Apresenta\u00e7\u00e3o. Nossas atividades foram iniciadas em 2014 contando com profissionais de diferentes \u00e1reas: sa\u00fade, licenciaturas e agr\u00e1rias. O objetivo foi agregar interesses em torno da tem\u00e1tica africana e amer\u00edndia, j\u00e1 que contamos com popula\u00e7\u00f5es quilombolas, ind\u00edgenas e faxinalenses na regi\u00e3o, bem como desenvolvemos estudos sobre o continente africano.\u00a0A Sa\u00fade tem sido o foco agregador de [&hellip;]<\/p>\n","protected":false},"author":2,"featured_media":0,"parent":0,"menu_order":0,"comment_status":"closed","ping_status":"closed","template":"","meta":{"_exactmetrics_skip_tracking":false,"_exactmetrics_sitenote_active":false,"_exactmetrics_sitenote_note":"","_exactmetrics_sitenote_category":0,"ngg_post_thumbnail":0,"footnotes":"","_links_to":"","_links_to_target":""},"class_list":["post-6","page","type-page","status-publish","hentry"],"_links":{"self":[{"href":"https:\/\/www2.unicentro.br\/neaa\/wp-json\/wp\/v2\/pages\/6","targetHints":{"allow":["GET"]}}],"collection":[{"href":"https:\/\/www2.unicentro.br\/neaa\/wp-json\/wp\/v2\/pages"}],"about":[{"href":"https:\/\/www2.unicentro.br\/neaa\/wp-json\/wp\/v2\/types\/page"}],"author":[{"embeddable":true,"href":"https:\/\/www2.unicentro.br\/neaa\/wp-json\/wp\/v2\/users\/2"}],"replies":[{"embeddable":true,"href":"https:\/\/www2.unicentro.br\/neaa\/wp-json\/wp\/v2\/comments?post=6"}],"version-history":[{"count":6,"href":"https:\/\/www2.unicentro.br\/neaa\/wp-json\/wp\/v2\/pages\/6\/revisions"}],"predecessor-version":[{"id":231,"href":"https:\/\/www2.unicentro.br\/neaa\/wp-json\/wp\/v2\/pages\/6\/revisions\/231"}],"wp:attachment":[{"href":"https:\/\/www2.unicentro.br\/neaa\/wp-json\/wp\/v2\/media?parent=6"}],"curies":[{"name":"wp","href":"https:\/\/api.w.org\/{rel}","templated":true}]}}