{"id":16,"date":"2014-09-25T19:13:27","date_gmt":"2014-09-25T19:13:27","guid":{"rendered":"http:\/\/www2.unicentro.br\/neaa\/?page_id=16"},"modified":"2016-06-09T19:36:52","modified_gmt":"2016-06-09T19:36:52","slug":"equipe","status":"publish","type":"page","link":"https:\/\/www2.unicentro.br\/neaa\/equipe\/","title":{"rendered":"Equipe"},"content":{"rendered":"<table style=\"height: 1530px\" width=\"657\">\n<tbody>\n<tr>\n<td><img loading=\"lazy\" decoding=\"async\" class=\"aligncenter size-full wp-image-23\" src=\"http:\/\/www2.unicentro.br\/neaa\/files\/2014\/09\/jefferson.jpg\" alt=\"jefferson\" width=\"150\" height=\"150\" \/><\/td>\n<td><strong><span style=\"font-family: 'times new roman', times, serif;font-size: 12pt\">Prof. Dr. Jefferson Olivatto da Silva<\/span><\/strong><\/p>\n<p><span style=\"font-family: 'times new roman', times, serif;font-size: 12pt\">Forma\u00e7\u00e3o: Filosofia, Psicologia; Mestre em Educa\u00e7\u00e3o; Doutor em Ci\u00eancias Sociais; P\u00f3s-Doutor em Hist\u00f3ria. Docente de Psicologia (Depto. Pedagogia) na gradua\u00e7\u00e3o e P\u00f3s-Gradua\u00e7\u00e3o em Educa\u00e7\u00e3o sobre a tem\u00e1tica \u00e9tnico-racial &#8211; UNICENTRO. Coordenador do NEAA e projetos de Pesquisa (CNPq) e Extens\u00e3o (SETI-USF\/PR) sobre a lei 10.639\/2003 e 11.645\/2008 por meio de estudos interdisciplinares (sa\u00fade, educa\u00e7\u00e3o e cultura).<\/span><br \/>\n<span style=\"font-family: 'times new roman', times, serif;font-size: 12pt\">\u00a0<a href=\"http:\/\/lattes.cnpq.br\/0088578024264046\">http:\/\/lattes.cnpq.br\/0088578024264046<\/a><\/span><\/p>\n<p><a href=\"https:\/\/scholar.google.com.br\/citations?user=sK-QeZQAAAAJ&amp;hl=pt-BR\">https:\/\/scholar.google.com.br\/citations?user=sK-QeZQAAAAJ&amp;hl=pt-BR<\/a><\/td>\n<\/tr>\n<tr>\n<td><span style=\"font-family: 'times new roman', times, serif;font-size: 12pt\"><a href=\"http:\/\/www2.unicentro.br\/neaa\/files\/2014\/09\/983825_626288220815552_2362748247775708266_n.jpg\"><img loading=\"lazy\" decoding=\"async\" class=\"alignnone size-thumbnail wp-image-612\" src=\"http:\/\/www2.unicentro.br\/neaa\/files\/2014\/09\/983825_626288220815552_2362748247775708266_n-150x150.jpg\" alt=\"983825_626288220815552_2362748247775708266_n\" width=\"150\" height=\"150\" \/><\/a><\/span><\/td>\n<td>\n<div class=\"separator\"><strong><span style=\"font-family: 'times new roman', times, serif;font-size: 12pt\">Lucas Collito<\/span><\/strong><\/div>\n<div class=\"separator\"><\/div>\n<div class=\"separator\"><span style=\"font-family: 'times new roman', times, serif;font-size: 12pt\">Graduando em Nutri\u00e7\u00e3o,\u00a0experi\u00eancia nas \u00e1reas de Sociologias da Alimenta\u00e7\u00e3o e Educa\u00e7\u00e3o Afrodescendente, Colabora no N\u00facleo de Estudos Amer\u00edndios e Africanos (NEAA) da mesma institui\u00e7\u00e3o.<\/span><\/div>\n<div class=\"separator\"><span style=\"font-family: 'times new roman', times, serif;font-size: 12pt\">http:\/\/lattes.cnpq.br\/3481125997191899<\/span><\/div>\n<\/td>\n<\/tr>\n<tr>\n<td><span style=\"font-family: 'times new roman', times, serif;font-size: 12pt\"><a href=\"http:\/\/www2.unicentro.br\/neaa\/files\/2014\/09\/11796321_668857803216068_6859766885595302706_n.jpg\"><img loading=\"lazy\" decoding=\"async\" class=\"alignnone size-thumbnail wp-image-616\" src=\"http:\/\/www2.unicentro.br\/neaa\/files\/2014\/09\/11796321_668857803216068_6859766885595302706_n-150x150.jpg\" alt=\"11796321_668857803216068_6859766885595302706_n\" width=\"150\" height=\"150\" srcset=\"https:\/\/www2.unicentro.br\/neaa\/files\/2014\/09\/11796321_668857803216068_6859766885595302706_n-150x150.jpg 150w, https:\/\/www2.unicentro.br\/neaa\/files\/2014\/09\/11796321_668857803216068_6859766885595302706_n-300x300.jpg 300w, https:\/\/www2.unicentro.br\/neaa\/files\/2014\/09\/11796321_668857803216068_6859766885595302706_n.jpg 640w\" sizes=\"auto, (max-width: 150px) 100vw, 150px\" \/><\/a><\/span><\/td>\n<td><strong><span style=\"font-family: 'times new roman', times, serif;font-size: 12pt\">Eder Augusto Gurski<\/span><\/strong><\/p>\n<p><span style=\"font-family: 'times new roman', times, serif;font-size: 12pt\">Possui gradua\u00e7\u00e3o em Hist\u00f3ria pela Universidade Estadual do Centro-Oeste, Paran\u00e1 (2012) e gradua\u00e7\u00e3o em Filosofia pelo Centro Universit\u00e1rio Claretiano de Batatais (2013). \u00c9 mestre pelo programa de p\u00f3s-gradua\u00e7\u00e3o: Hist\u00f3ria e Regi\u00f5es da Universidade Estadual do Centro-Oeste, Paran\u00e1, vinculado a linha de pesquisa regi\u00f5es, pr\u00e1ticas socioculturais e rela\u00e7\u00f5es de poder. Tem experi\u00eancia na \u00e1rea de Hist\u00f3ria, atuando principalmente nos seguintes temas: regi\u00f5es, identidades sociais, rela\u00e7\u00f5es \u00e9tnico-raciais, rela\u00e7\u00f5es de poder, etno-hist\u00f3ria e territorialidades.\u00a0<\/span><br \/>\n<span style=\"font-family: 'times new roman', times, serif;font-size: 12pt\">\u00a0http:\/\/lattes.cnpq.br\/7366957353136097<\/span><\/td>\n<\/tr>\n<tr>\n<td><span style=\"font-family: 'times new roman', times, serif;font-size: 12pt\"><a href=\"http:\/\/www2.unicentro.br\/neaa\/files\/2014\/09\/13102721_1338036726210499_4624341519881781961_n.jpg\"><img loading=\"lazy\" decoding=\"async\" class=\"alignnone size-thumbnail wp-image-823\" src=\"http:\/\/www2.unicentro.br\/neaa\/files\/2014\/09\/13102721_1338036726210499_4624341519881781961_n-150x150.jpg\" alt=\"13102721_1338036726210499_4624341519881781961_n\" width=\"150\" height=\"150\" srcset=\"https:\/\/www2.unicentro.br\/neaa\/files\/2014\/09\/13102721_1338036726210499_4624341519881781961_n-150x150.jpg 150w, https:\/\/www2.unicentro.br\/neaa\/files\/2014\/09\/13102721_1338036726210499_4624341519881781961_n-300x300.jpg 300w, https:\/\/www2.unicentro.br\/neaa\/files\/2014\/09\/13102721_1338036726210499_4624341519881781961_n-768x768.jpg 768w, https:\/\/www2.unicentro.br\/neaa\/files\/2014\/09\/13102721_1338036726210499_4624341519881781961_n.jpg 960w\" sizes=\"auto, (max-width: 150px) 100vw, 150px\" \/><\/a><\/span><\/td>\n<td><strong><span style=\"font-family: 'times new roman', times, serif;font-size: 12pt\">Pedro D\u2019Allagnol<\/span><\/strong><\/p>\n<p><span style=\"font-family: 'times new roman', times, serif;font-size: 12pt\">Acad\u00eamico do curso de Hist\u00f3ria da Universidade Estadual do Centro Oeste do Paran\u00e1 &#8211; Unicentro, \u00e9 bolsista do programa Universidade Sem Fronteiras e membro do Conselho de Administra\u00e7\u00e3o do Campus Santa Cruz, al\u00e9m de ser militante da Assembleia Nacional dos Estudantes Livre &#8211; ANEL e ser Coordenador Geral do Centro Acad\u00eamico de Hist\u00f3ria. Foi membro do Conselho Universit\u00e1rio &#8211; COU e do Diret\u00f3rio Central dos Estudantes &#8211; DCE por duas gest\u00f5es.<\/span><\/p>\n<p><span style=\"font-family: 'times new roman', times, serif;font-size: 12pt\">\u00a0http:\/\/lattes.cnpq.br\/3796690625037812<\/span><\/td>\n<\/tr>\n<tr>\n<td><span style=\"font-family: 'times new roman', times, serif;font-size: 12pt\"><a href=\"http:\/\/www2.unicentro.br\/neaa\/files\/2014\/09\/11698489_730305190413204_4399935734154237713_n.jpg\"><img loading=\"lazy\" decoding=\"async\" class=\"alignnone size-thumbnail wp-image-615\" src=\"http:\/\/www2.unicentro.br\/neaa\/files\/2014\/09\/11698489_730305190413204_4399935734154237713_n-150x150.jpg\" alt=\"11698489_730305190413204_4399935734154237713_n\" width=\"150\" height=\"150\" srcset=\"https:\/\/www2.unicentro.br\/neaa\/files\/2014\/09\/11698489_730305190413204_4399935734154237713_n-150x150.jpg 150w, https:\/\/www2.unicentro.br\/neaa\/files\/2014\/09\/11698489_730305190413204_4399935734154237713_n-300x300.jpg 300w, https:\/\/www2.unicentro.br\/neaa\/files\/2014\/09\/11698489_730305190413204_4399935734154237713_n.jpg 688w\" sizes=\"auto, (max-width: 150px) 100vw, 150px\" \/><\/a><\/span><\/td>\n<td>\n<div><strong><span style=\"font-family: 'times new roman', times, serif;font-size: 12pt\">Beatriz Carvalho Pimentel\u00a0<\/span><\/strong><\/div>\n<div><span style=\"font-family: 'times new roman', times, serif;font-size: 12pt\">Graduanda em Jornalismo\u00a0&#8211; Unicentro \u00a0 \u00a0<\/span><\/div>\n<\/td>\n<\/tr>\n<tr>\n<td><span style=\"font-family: 'times new roman', times, serif;font-size: 12pt\"><a href=\"http:\/\/www2.unicentro.br\/neaa\/files\/2014\/09\/10500422_781256515279020_7691050053002909612_n.jpg\"><img loading=\"lazy\" decoding=\"async\" class=\"alignnone size-thumbnail wp-image-613\" src=\"http:\/\/www2.unicentro.br\/neaa\/files\/2014\/09\/10500422_781256515279020_7691050053002909612_n-150x150.jpg\" alt=\"10500422_781256515279020_7691050053002909612_n\" width=\"150\" height=\"150\" \/><\/a><\/span><\/td>\n<td>\n<div><strong><span style=\"font-family: 'times new roman', times, serif;font-size: 12pt\">Tauana Aparecida de Oliveira<\/span><\/strong><\/div>\n<div><\/div>\n<div><span style=\"font-family: 'times new roman', times, serif;font-size: 12pt\">Graduada em Educa\u00e7\u00e3o F\u00edsica\/Bacharelado pela Universidade Estadual do Centro-Oeste (2006-2009\/Guarapuava), obteve novo t\u00edtulo em Educa\u00e7\u00e3o F\u00edsica\/Licenciatura pela Faculdadde Guairac\u00e1 (2010-2011\/Guarapuava). Especialista em Medicina do Esporte pela Universidade Estadual do Centro-Oeste (2010-2011\/Irati). Profissional de Educa\u00e7\u00e3o F\u00edsica da Prefeitura Municipal de Pinh\u00e3o atuando na Secretaria Municipal de Esporte e Turismo (SMET) desde mar\u00e7o de 2010. &#8220;O lance \u00e9 manter o corpo vivo e saud\u00e1vel, para que ele n\u00e3o sabote a mente quando ela atingir o auge.&#8221; (A. P. A.) \u00a0 \u00a0 \u00a0 \u00a0 \u00a0 \u00a0 \u00a0 \u00a0 \u00a0 \u00a0 \u00a0 \u00a0 \u00a0 \u00a0 \u00a0 \u00a0 \u00a0 \u00a0 \u00a0 \u00a0 \u00a0 \u00a0 \u00a0http:\/\/lattes.cnpq.br\/0268994852517255<\/span><\/div>\n<\/td>\n<\/tr>\n<tr>\n<td><span style=\"font-family: 'times new roman', times, serif;font-size: 12pt\"><a href=\"http:\/\/www2.unicentro.br\/neaa\/files\/2014\/09\/servletrecuperafoto.jpg\"><img loading=\"lazy\" decoding=\"async\" class=\"alignnone size-thumbnail wp-image-620\" src=\"http:\/\/www2.unicentro.br\/neaa\/files\/2014\/09\/servletrecuperafoto-150x150.jpg\" alt=\"servletrecuperafoto\" width=\"150\" height=\"150\" \/><\/a><\/span><\/td>\n<td><strong><span style=\"font-family: 'times new roman', times, serif;font-size: 12pt\">\u00a0Eliane de Jesus de Oliveira<\/span><\/strong><\/p>\n<p><span style=\"font-family: 'times new roman', times, serif;font-size: 12pt\">Mestranda em Educa\u00e7\u00e3o (UNICENTRO) Possui gradua\u00e7\u00e3o em Direito pela Faculdade Campo Real(2012). Atualmente \u00e9 Agente Educacional II da Secretaria de Educa\u00e7\u00e3o do Estado do Paran\u00e1.\u00a0 \u00a0http:\/\/lattes.cnpq.br\/3764310140063318<\/span><\/td>\n<\/tr>\n<tr>\n<td><span style=\"font-family: 'times new roman', times, serif;font-size: 12pt\"><a href=\"http:\/\/www2.unicentro.br\/neaa\/files\/2014\/09\/11898864_489704834539377_4276061007366788672_n-2.jpg\"><img loading=\"lazy\" decoding=\"async\" class=\"alignnone wp-image-617 size-thumbnail\" src=\"http:\/\/www2.unicentro.br\/neaa\/files\/2014\/09\/11898864_489704834539377_4276061007366788672_n-2-137x150.jpg\" alt=\"11898864_489704834539377_4276061007366788672_n (2)\" width=\"137\" height=\"150\" \/><\/a><\/span><\/td>\n<td>\n<div><span style=\"font-family: 'times new roman', times, serif;font-size: 12pt\">\u00a0<strong> Osmir Marques Souza<\/strong><\/span><\/div>\n<div><\/div>\n<div><span style=\"font-family: 'times new roman', times, serif;font-size: 12pt\">Graduando em Hist\u00f3ria &#8211; UNICENTRO<\/span><\/div>\n<\/td>\n<\/tr>\n<tr>\n<td><span style=\"font-family: 'times new roman', times, serif;font-size: 12pt\"><a href=\"http:\/\/www2.unicentro.br\/neaa\/files\/2014\/09\/MANO.jpg\"><img loading=\"lazy\" decoding=\"async\" class=\"alignnone size-thumbnail wp-image-619\" src=\"http:\/\/www2.unicentro.br\/neaa\/files\/2014\/09\/MANO-150x150.jpg\" alt=\"MANO\" width=\"150\" height=\"150\" \/><\/a><\/span><\/td>\n<td>\n<h2 class=\"nome\"><span style=\"font-family: 'times new roman', times, serif;font-size: 12pt\">Rudimar da Rocha Lyra Rebello<\/span><\/h2>\n<div>\n<div>\n<div><span style=\"font-family: 'times new roman', times, serif;font-size: 12pt\">Formado como Socorrista pela Universidade Estadual do Centro-Oeste em 2001, pela mesma Universidade formou-se em Geografia Licenciatura em 2015, no mesmo ano iniciou no Mestrado em Educa\u00e7\u00e3o pela UNICENTRO na linha de pesquisa em ensino, cultura e diversidade, participa do NEAA, militante do Hip Hop e apresentador do Programa Sintonia Hip Hop desde o ano de 2003 sendo este veiculado pela R\u00e1dio UNICENTRO FM 99,7.<\/span><\/div>\n<\/div>\n<div><span style=\"font-family: 'times new roman', times, serif;font-size: 12pt\">http:\/\/lattes.cnpq.br\/0418360483331424<\/span><\/div>\n<\/div>\n<\/td>\n<\/tr>\n<tr>\n<td><span style=\"font-family: 'times new roman', times, serif;font-size: 12pt\"><img loading=\"lazy\" decoding=\"async\" class=\"aligncenter size-full wp-image-19\" src=\"http:\/\/www2.unicentro.br\/neaa\/files\/2014\/09\/alessandra.jpg\" alt=\"alessandra\" width=\"150\" height=\"150\" \/><\/span><\/td>\n<td>\n<div>\n<p><span style=\"font-family: 'times new roman', times, serif;font-size: 12pt\"><b>Alessandra Lopes Castelini<\/b><\/span><\/p>\n<div><\/div>\n<div><span style=\"font-family: 'times new roman', times, serif;font-size: 12pt\">Mestranda em Educa\u00e7\u00e3o pela Unicentro &#8211; PR. Especialista em Gest\u00e3o Escolar. Graduada em Pedagogia. Coordenadora Pedag\u00f3gica dos Anos finais do Ensino Fundamental e Docente no Ensino Superior. Integrante do Neaa. Desenvolve pesquisa nas \u00e1reas de Educa\u00e7\u00e3o e Diversidade com \u00eanfase nos estudos \u00e9tnico raciais<\/span><br \/>\n<span style=\"font-family: 'times new roman', times, serif;font-size: 12pt\"> <a href=\"http:\/\/lattes.cnpq.br\/1247821221528038\">http:\/\/lattes.cnpq.br\/1247821221528038<\/a><\/span><\/div>\n<\/div>\n<\/td>\n<\/tr>\n<tr>\n<td><span style=\"font-family: 'times new roman', times, serif;font-size: 12pt\"><img loading=\"lazy\" decoding=\"async\" class=\"aligncenter size-full wp-image-27\" src=\"http:\/\/www2.unicentro.br\/neaa\/files\/2014\/09\/rosa.jpg\" alt=\"rosa\" width=\"150\" height=\"150\" \/><\/span><\/td>\n<td>\n<h2 class=\"nome\"><span style=\"font-family: 'times new roman', times, serif;font-size: 12pt\">Rosa Maria Cavalheiro<\/span><\/h2>\n<div><span style=\"font-family: 'times new roman', times, serif;font-size: 12pt\">Possui gradua\u00e7\u00e3o em Hist\u00f3ria pela Universidade Estadual do Centro-Oeste (1992). Especializa\u00e7\u00e3o em Supervis\u00e3o Escolar, Planejamento, Ensino e Avalia\u00e7\u00e3o. Tem experi\u00eancia na \u00e1rea de Hist\u00f3ria, com \u00eanfase em Hist\u00f3ria e Cultura Afro Brasileira Africana e Ind\u00edgena<\/span><\/div>\n<p><span style=\"font-family: 'times new roman', times, serif;font-size: 12pt\"><a href=\"http:\/\/lattes.cnpq.br\/6209761711953351\">http:\/\/lattes.cnpq.br\/6209761711953351<\/a><\/span><\/td>\n<\/tr>\n<tr>\n<td><span style=\"font-family: 'times new roman', times, serif;font-size: 12pt\"><img loading=\"lazy\" decoding=\"async\" class=\"aligncenter size-full wp-image-24\" src=\"http:\/\/www2.unicentro.br\/neaa\/files\/2014\/09\/liliane.jpg\" alt=\"liliane\" width=\"150\" height=\"150\" \/><\/span><\/td>\n<td><span style=\"font-family: 'times new roman', times, serif;font-size: 12pt\"><b>Liliane Volochati Guimar\u00e3es<\/b><\/span><\/p>\n<div><\/div>\n<div><span style=\"font-family: 'times new roman', times, serif;font-size: 12pt\">Mestranda em Educa\u00e7\u00e3o pela Universidade Estadual do Centro-Oeste Unicentro, Forma\u00e7\u00e3o em Educa\u00e7\u00e3o F\u00edsica &#8211; Licenciatura, Especialista em Educa\u00e7\u00e3o F\u00edsica Escolar,\u00a0bolsista do programa Universidade Sem Fronteiras, Integrante do grupo NEAA &#8211; Unicentro e do Grupo Capoeira Brasil &#8211; Guarapuava PR. \u00a0<\/span><br \/>\n<span style=\"font-family: 'times new roman', times, serif;font-size: 12pt\">\u00a0 <a href=\"http:\/\/lattes.cnpq.br\/5789213328892928\">http:\/\/lattes.cnpq.br\/5789213328892928<\/a><\/span><\/div>\n<\/td>\n<\/tr>\n<tr>\n<td><span style=\"font-family: 'times new roman', times, serif;font-size: 12pt\">\u00a0<a href=\"http:\/\/www2.unicentro.br\/neaa\/files\/2014\/09\/IMG-20150408-WA0001.jpg\"><img loading=\"lazy\" decoding=\"async\" class=\"alignnone size-thumbnail wp-image-618\" src=\"http:\/\/www2.unicentro.br\/neaa\/files\/2014\/09\/IMG-20150408-WA0001-150x150.jpg\" alt=\"IMG-20150408-WA0001\" width=\"150\" height=\"150\" \/><\/a><\/span><\/td>\n<td>\n<h2 class=\"nome\"><span style=\"font-family: 'times new roman', times, serif;font-size: 12pt;background-color: #ffffff\">Marilene Aparecida Soares Uchak Raimondo<\/span><\/h2>\n<div><span style=\"font-family: 'times new roman', times, serif;font-size: 12pt;background-color: #ffffff\">Mestranda em Educa\u00e7\u00e3o pela Universidade Estadual do Centro Oeste- Unicentro. Forma\u00e7\u00e3o em pedagogia, p\u00f3s gradua\u00e7\u00e3o em educa\u00e7\u00e3o especial. Integrante no grupo de pesquisa Neaa\/Unicentro.<\/span><br \/>\n<span style=\"font-family: 'times new roman', times, serif;font-size: 12pt;background-color: #ffffff\"> \u00a0http:\/\/lattes.cnpq.br\/3323861242786287<\/span><\/div>\n<\/td>\n<\/tr>\n<tr>\n<td><span style=\"font-family: 'times new roman', times, serif;font-size: 12pt\"><img loading=\"lazy\" decoding=\"async\" class=\"aligncenter size-full wp-image-20\" src=\"http:\/\/www2.unicentro.br\/neaa\/files\/2014\/09\/clayton.jpg\" alt=\"clayton\" width=\"150\" height=\"150\" \/><\/span><\/td>\n<td><strong><span style=\"font-family: 'times new roman', times, serif;font-size: 12pt\">Prof, Dr. Clayton Luiz da Silva<\/span><\/strong><\/p>\n<div><span style=\"font-family: 'times new roman', times, serif;font-size: 12pt\">Graduado em Geografia (bacharelado, bolsa FAPESP &#8211; 2002 e licenciatura &#8211; 2005), Mestrado &#8211; bolsa FAPESP (2005) e Doutorado &#8211; bolsa CAPES (2010) no Departamento de Geografia do Instituto de Geoci\u00eancias da Universidade Estadual de Campinas &#8211; UNICAMP. Foi membro pesquisador do Laborat\u00f3rio de Investiga\u00e7\u00f5es Geogr\u00e1ficas e Planejamento Territorial &#8211; GEOPLAN, locado nesta mesma Universidade. Tem experi\u00eancia em pesquisa e ensino na \u00e1rea de Geografia e desde 2011 leciona na Universidade Estadual do Centro-Oeste &#8211; UNICENTRO\/Cedeteg. Em 2014 lecionou as disciplinas: Est\u00e1gios Supervisionados para o ensino de Geografia no ensino fundamental e m\u00e9dio, bem com a disciplina de Tecnologias da Representa\u00e7\u00e3o do Espa\u00e7o e Metodologia para o Ensino de Geografia. Desde de maio de 2014 \u00e9 Tutor do Grupo GeoPet da Unicentro.<\/span><\/div>\n<div>\n<div><span style=\"font-family: 'times new roman', times, serif;font-size: 12pt\">\u00a0 \u00a0 \u00a0 \u00a0\u00a0<a href=\"http:\/\/lattes.cnpq.br\/3145718166793003\">http:\/\/lattes.cnpq.br\/3145718166793003<\/a><\/span><\/div>\n<\/div>\n<\/td>\n<\/tr>\n<tr>\n<td><span style=\"font-family: 'times new roman', times, serif;font-size: 12pt\"><img loading=\"lazy\" decoding=\"async\" class=\"aligncenter size-full wp-image-26\" src=\"http:\/\/www2.unicentro.br\/neaa\/files\/2014\/09\/patricia.jpg\" alt=\"patricia\" width=\"150\" height=\"150\" \/><\/span><\/td>\n<td>\n<div>\n<div><span style=\"font-family: 'times new roman', times, serif;font-size: 12pt\">\u00a0<strong>Patr\u00edcia Regina Ciaramello<\/strong><\/span><\/div>\n<div><\/div>\n<div><span style=\"font-family: 'times new roman', times, serif;font-size: 12pt\">Possui gradua\u00e7\u00e3o em Pedagogia pela Universidade Estadual de Campinas (2005). e Especializa\u00e7\u00e3o em Educa\u00e7\u00e3o, Diversidade e Cultura Ind\u00edgena pelas Faculdades EST (2010). Atualmente est\u00e1 cursando o Mestrado em Educa\u00e7\u00e3o pela Univeridade Estadual do Centro-Oeste do Paran\u00e1 &#8211; UNICENTRO . Tem experi\u00eancia na \u00e1rea de Educa\u00e7\u00e3o, com \u00eanfase em Educa\u00e7\u00e3o B\u00e1sica e Educa\u00e7\u00e3o \u00cdndigena e na \u00e1rea de Artes C\u00eanicas (Dan\u00e7a e Teatro), com \u00eanfase em Dan\u00e7as Brasileiras.<\/span><\/div>\n<\/div>\n<div>\n<div>\n<div><span style=\"font-family: 'times new roman', times, serif;font-size: 12pt\">\u00a0<a href=\"http:\/\/lattes.cnpq.br\/3944751254654841\">http:\/\/lattes.cnpq.br\/3944751254654841<\/a><\/span><\/div>\n<\/div>\n<\/div>\n<\/td>\n<\/tr>\n<tr>\n<td><span style=\"font-family: 'times new roman', times, serif;font-size: 12pt\"><img loading=\"lazy\" decoding=\"async\" class=\"aligncenter size-full wp-image-21\" src=\"http:\/\/www2.unicentro.br\/neaa\/files\/2014\/09\/danieli.jpg\" alt=\"danieli\" width=\"150\" height=\"150\" \/><\/span><\/td>\n<td><span style=\"font-family: 'times new roman', times, serif;font-size: 12pt\"><strong>Danieli Christiane Moreira<\/strong><\/span><\/p>\n<p><span style=\"font-family: 'times new roman', times, serif;font-size: 12pt\">Possui gradua\u00e7\u00e3o em Enfermagem pela Universidade Estadual do Centro-Oeste (2007). Conquistou o titulo de especialista em Sa\u00fade Coletiva pela Universidade Positivo (2011) e atua como Enfermeira na Secret\u00e1ria de Sa\u00fade de Boa Ventura de S\u00e3o Roque, com Uma Equipe de Sa\u00fade da Fam\u00edlia para a popula\u00e7\u00e3o rural. Atualmente, cursa nova gradua\u00e7\u00e3o em Ci\u00eancias Sociais pela Faculdade Guarapuava e ir\u00e1 adquirir o t\u00edtulo de especialista em Farmacologia B\u00e1sica e Cl\u00ednica pela Universidade Estadual do Centro-Oeste. Integrante do NEAA\u00a0 \u00a0 \u00a0\u00a0<a href=\"http:\/\/lattes.cnpq.br\/4930440544428180\">http:\/\/lattes.cnpq.br\/4930440544428180<\/a>\u00a0\u00a0<\/span><\/td>\n<\/tr>\n<tr>\n<td><span style=\"font-family: 'times new roman', times, serif;font-size: 12pt\">\u00a0<img loading=\"lazy\" decoding=\"async\" class=\"alignnone wp-image-609 size-thumbnail\" src=\"http:\/\/www2.unicentro.br\/neaa\/files\/2014\/09\/1434973822951-150x150.jpg\" alt=\"1434973822951\" width=\"150\" height=\"150\" \/><\/span><\/td>\n<td><strong>Thais Rodrigues dos Santos<\/strong><\/p>\n<p><span style=\"font-family: 'times new roman', times, serif;font-size: 12pt\">Tem forma\u00e7\u00e3o em Psicologia pela Universidade Estadual do Centro-Oeste (2016) e no momento mestranda do Programa de P\u00f3s-Gradua\u00e7\u00e3o em Educa\u00e7\u00e3o da mesma institui\u00e7\u00e3o. O projeto de Pesquisa se prop\u00f5e a investiga\u00e7\u00e3o de processos de aprendizagem nas diferentes pr\u00e1ticas presentes nas religi\u00f5es de matriz africana em terreiros da regi\u00e3o, a partir de aspectos te\u00f3ricos da Antropologia da Educa\u00e7\u00e3o.<\/span><\/td>\n<\/tr>\n<\/tbody>\n<\/table>\n","protected":false},"excerpt":{"rendered":"<p>Prof. Dr. Jefferson Olivatto da Silva Forma\u00e7\u00e3o: Filosofia, Psicologia; Mestre em Educa\u00e7\u00e3o; Doutor em Ci\u00eancias Sociais; P\u00f3s-Doutor em Hist\u00f3ria. Docente de Psicologia (Depto. Pedagogia) na gradua\u00e7\u00e3o e P\u00f3s-Gradua\u00e7\u00e3o em Educa\u00e7\u00e3o sobre a tem\u00e1tica \u00e9tnico-racial &#8211; UNICENTRO. Coordenador do NEAA e projetos de Pesquisa (CNPq) e Extens\u00e3o (SETI-USF\/PR) sobre a lei 10.639\/2003 e 11.645\/2008 por meio [&hellip;]<\/p>\n","protected":false},"author":2,"featured_media":0,"parent":0,"menu_order":0,"comment_status":"closed","ping_status":"closed","template":"","meta":{"_exactmetrics_skip_tracking":false,"_exactmetrics_sitenote_active":false,"_exactmetrics_sitenote_note":"","_exactmetrics_sitenote_category":0,"ngg_post_thumbnail":0,"footnotes":"","_links_to":"","_links_to_target":""},"class_list":["post-16","page","type-page","status-publish","hentry"],"_links":{"self":[{"href":"https:\/\/www2.unicentro.br\/neaa\/wp-json\/wp\/v2\/pages\/16","targetHints":{"allow":["GET"]}}],"collection":[{"href":"https:\/\/www2.unicentro.br\/neaa\/wp-json\/wp\/v2\/pages"}],"about":[{"href":"https:\/\/www2.unicentro.br\/neaa\/wp-json\/wp\/v2\/types\/page"}],"author":[{"embeddable":true,"href":"https:\/\/www2.unicentro.br\/neaa\/wp-json\/wp\/v2\/users\/2"}],"replies":[{"embeddable":true,"href":"https:\/\/www2.unicentro.br\/neaa\/wp-json\/wp\/v2\/comments?post=16"}],"version-history":[{"count":14,"href":"https:\/\/www2.unicentro.br\/neaa\/wp-json\/wp\/v2\/pages\/16\/revisions"}],"predecessor-version":[{"id":824,"href":"https:\/\/www2.unicentro.br\/neaa\/wp-json\/wp\/v2\/pages\/16\/revisions\/824"}],"wp:attachment":[{"href":"https:\/\/www2.unicentro.br\/neaa\/wp-json\/wp\/v2\/media?parent=16"}],"curies":[{"name":"wp","href":"https:\/\/api.w.org\/{rel}","templated":true}]}}