{"id":150,"date":"2014-09-26T12:48:40","date_gmt":"2014-09-26T12:48:40","guid":{"rendered":"http:\/\/www2.unicentro.br\/neaa\/?page_id=150"},"modified":"2014-09-26T12:58:37","modified_gmt":"2014-09-26T12:58:37","slug":"eventos","status":"publish","type":"page","link":"https:\/\/www2.unicentro.br\/neaa\/eventos\/","title":{"rendered":"Eventos"},"content":{"rendered":"<p>\t<div class=\"ngg-albumoverview default-view\">\n\t\t\t\t\t<div class=\"ngg-album-compact\">\n\t\t\t\t<div class=\"ngg-album-compactbox\">\n\t\t\t\t\t<div class=\"ngg-album-link\">\n\t\t\t\t\t\t\t\t\t\t\t\t\t\t\t\t\t\t\t\t\t<a title='Forma\u00e7\u00e3o sobre a lei 10.639\/2003  e 11.645\/2008 em Pitanga - PR' href='https:\/\/www2.unicentro.br\/neaa\/eventos\/nggallery\/formacao-sobre-a-lei-10-6392003-e-11-6452008-em-pitanga-pr\/formacao-sobre-a-lei-10-6392003-e-11-6452008-em-pitanga-pr'>\n\t\t\t\t\t\t\t\t\t<img class=\"Thumb\"\n\t\t\t\t\t\t\t\t\t\talt=\"Forma\u00e7\u00e3o sobre a lei 10.639\/2003  e 11.645\/2008 em Pitanga - PR\"\n\t\t\t\t\t\t\t\t\t\tsrc=\"https:\/\/www2.unicentro.br\/neaa\/wp-content\/blogs.dir\/55\/files\/formacao-sobre-a-lei-10-6392003-e-11-6452008-em-pitanga-pr\/cache\/WP_20140809_003.jpg-nggid017-ngg0dyn-91x68-00f0w010c011r110f110r010t010.jpg\"\/>\n\t\t\t\t\t\t\t\t<\/a>\n\t\t\t\t\t\t\t\t\t\t\t\t\t\t\t\t\t\t<\/div>\n\t\t\t\t<\/div>\n\t\t\t\t\t\t\t\t<h4>\n\t\t\t\t\t<a class='ngg-album-desc'\n\t\t\t\t\ttitle='Forma\u00e7\u00e3o sobre a lei 10.639\/2003  e 11.645\/2008 em Pitanga - PR' href='https:\/\/www2.unicentro.br\/neaa\/eventos\/nggallery\/formacao-sobre-a-lei-10-6392003-e-11-6452008-em-pitanga-pr\/formacao-sobre-a-lei-10-6392003-e-11-6452008-em-pitanga-pr'style=\"max-width: 111px\"\t\t\t\t\t>\n\t\t\t\t\t\tForma\u00e7\u00e3o sobre a lei 10.639\/2003  e 11.645\/2008 em Pitanga - PR\t\t\t\t\t<\/a>\n\t\t\t\t<\/h4>\n\t\t\t\t<p class=\"ngg-album-gallery-image-counter\">\n\t\t\t\t\t\t\t\t\t\t\t<strong>18<\/strong>&nbsp;Photos\t\t\t\t\t\t\t\t\t<\/p>\n\t\t\t<\/div>\n\t\t\t\t\t<div class=\"ngg-album-compact\">\n\t\t\t\t<div class=\"ngg-album-compactbox\">\n\t\t\t\t\t<div class=\"ngg-album-link\">\n\t\t\t\t\t\t\t\t\t\t\t\t\t\t\t\t\t\t\t\t\t<a title='Forma\u00e7\u00e3o sobre a lei 10.639\/2003 em Guarapuava com a participa\u00e7\u00e3o da Secretaria Municipal de Educa\u00e7\u00e3o de Guarapuava e secretarias da regi\u00e3o' href='https:\/\/www2.unicentro.br\/neaa\/eventos\/nggallery\/formacao-sobre-a-lei-10-6392003-em-guarapuava-com-a-participacao-da-secretaria-municipal-de-educacao-de-guarapuava-e-secretarias-da-regiao\/formacao-sobre-a-lei-10-6392003-em-guarapuava-com-a-participacao-da-secretaria-municipal-de-educacao-de-guarapuava-e-secretarias-da-regiao'>\n\t\t\t\t\t\t\t\t\t<img class=\"Thumb\"\n\t\t\t\t\t\t\t\t\t\talt=\"Forma\u00e7\u00e3o sobre a lei 10.639\/2003 em Guarapuava com a participa\u00e7\u00e3o da Secretaria Municipal de Educa\u00e7\u00e3o de Guarapuava e secretarias da regi\u00e3o\"\n\t\t\t\t\t\t\t\t\t\tsrc=\"https:\/\/www2.unicentro.br\/neaa\/wp-content\/blogs.dir\/55\/files\/formacao-sobre-a-lei-10-6392003-em-guarapuava-com-a-participacao-da-secretaria-municipal-de-educacao-de-guarapuava-e-secretarias-da-regiao\/cache\/Palestra-Prof.-Jefferson-Olivatto-Cor.-NEAA-Seminario-de-Educa%C3%A7%C3%A3o-Inclu%C3%A7%C3%A3o-Direito-%C3%A1-Diversidade-2.JPG-nggid011-ngg0dyn-91x68-00f0w010c011r110f110r010t010.JPG\"\/>\n\t\t\t\t\t\t\t\t<\/a>\n\t\t\t\t\t\t\t\t\t\t\t\t\t\t\t\t\t\t<\/div>\n\t\t\t\t<\/div>\n\t\t\t\t\t\t\t\t<h4>\n\t\t\t\t\t<a class='ngg-album-desc'\n\t\t\t\t\ttitle='Forma\u00e7\u00e3o sobre a lei 10.639\/2003 em Guarapuava com a participa\u00e7\u00e3o da Secretaria Municipal de Educa\u00e7\u00e3o de Guarapuava e secretarias da regi\u00e3o' href='https:\/\/www2.unicentro.br\/neaa\/eventos\/nggallery\/formacao-sobre-a-lei-10-6392003-em-guarapuava-com-a-participacao-da-secretaria-municipal-de-educacao-de-guarapuava-e-secretarias-da-regiao\/formacao-sobre-a-lei-10-6392003-em-guarapuava-com-a-participacao-da-secretaria-municipal-de-educacao-de-guarapuava-e-secretarias-da-regiao'style=\"max-width: 111px\"\t\t\t\t\t>\n\t\t\t\t\t\tForma\u00e7\u00e3o sobre a lei 10.639\/2003 em Guarapuava com a participa\u00e7\u00e3o da Secretaria Municipal de Educa\u00e7\u00e3o de Guarapuava e secretarias da regi\u00e3o\t\t\t\t\t<\/a>\n\t\t\t\t<\/h4>\n\t\t\t\t<p class=\"ngg-album-gallery-image-counter\">\n\t\t\t\t\t\t\t\t\t\t\t<strong>4<\/strong>&nbsp;Photos\t\t\t\t\t\t\t\t\t<\/p>\n\t\t\t<\/div>\n\t\t\t\t\t<div class=\"ngg-album-compact\">\n\t\t\t\t<div class=\"ngg-album-compactbox\">\n\t\t\t\t\t<div class=\"ngg-album-link\">\n\t\t\t\t\t\t\t\t\t\t\t\t\t\t\t\t\t\t\t\t\t<a title='Visita para a capacita\u00e7\u00e3o dos professores das comunidades ind\u00edgenas de Marrecas - comunidade Guarani e Kaigang' href='https:\/\/www2.unicentro.br\/neaa\/eventos\/nggallery\/visita-para-a-capacitacao-dos-professores-das-comunidades-indigenas-de-marrecas-comunidade-guarani-e-kaigang-em-conjunto-com-o-nucleo-regional-de-educacao-de-guarapuava\/visita-para-a-capacitacao-dos-professores-das-comunidades-indigenas-de-marrecas-comunidade-guarani-e-kaigang'>\n\t\t\t\t\t\t\t\t\t<img class=\"Thumb\"\n\t\t\t\t\t\t\t\t\t\talt=\"Visita para a capacita\u00e7\u00e3o dos professores das comunidades ind\u00edgenas de Marrecas - comunidade Guarani e Kaigang\"\n\t\t\t\t\t\t\t\t\t\tsrc=\"https:\/\/www2.unicentro.br\/neaa\/wp-content\/blogs.dir\/55\/files\/visita-para-a-capacitacao-dos-professores-das-comunidades-indigenas-de-marrecas-comunidade-guarani-e-kaigang\/cache\/Reuni%C3%A3o-Escola-Aldeia-Kaigangi.JPG-nggid015-ngg0dyn-91x68-00f0w010c011r110f110r010t010.JPG\"\/>\n\t\t\t\t\t\t\t\t<\/a>\n\t\t\t\t\t\t\t\t\t\t\t\t\t\t\t\t\t\t<\/div>\n\t\t\t\t<\/div>\n\t\t\t\t\t\t\t\t<h4>\n\t\t\t\t\t<a class='ngg-album-desc'\n\t\t\t\t\ttitle='Visita para a capacita\u00e7\u00e3o dos professores das comunidades ind\u00edgenas de Marrecas - comunidade Guarani e Kaigang' href='https:\/\/www2.unicentro.br\/neaa\/eventos\/nggallery\/visita-para-a-capacitacao-dos-professores-das-comunidades-indigenas-de-marrecas-comunidade-guarani-e-kaigang-em-conjunto-com-o-nucleo-regional-de-educacao-de-guarapuava\/visita-para-a-capacitacao-dos-professores-das-comunidades-indigenas-de-marrecas-comunidade-guarani-e-kaigang'style=\"max-width: 111px\"\t\t\t\t\t>\n\t\t\t\t\t\tVisita para a capacita\u00e7\u00e3o dos professores das comunidades ind\u00edgenas de Marrecas - comunidade Guarani e Kaigang\t\t\t\t\t<\/a>\n\t\t\t\t<\/h4>\n\t\t\t\t<p class=\"ngg-album-gallery-image-counter\">\n\t\t\t\t\t\t\t\t\t\t\t<strong>2<\/strong>&nbsp;Photos\t\t\t\t\t\t\t\t\t<\/p>\n\t\t\t<\/div>\n\t\t\t\t\t<div class=\"ngg-album-compact\">\n\t\t\t\t<div class=\"ngg-album-compactbox\">\n\t\t\t\t\t<div class=\"ngg-album-link\">\n\t\t\t\t\t\t\t\t\t\t\t\t\t\t\t\t\t\t\t\t\t<a title='II Encontro de Ci\u00eancias Sociais- Faculdade Guarapuava 18\/06' href='https:\/\/www2.unicentro.br\/neaa\/eventos\/nggallery\/ii-encontro-de-ciencias-sociais-faculdade-guarapuava-1806\/ii-encontro-de-ciencias-sociais-faculdade-guarapuava-1806'>\n\t\t\t\t\t\t\t\t\t<img class=\"Thumb\"\n\t\t\t\t\t\t\t\t\t\talt=\"II Encontro de Ci\u00eancias Sociais- Faculdade Guarapuava 18\/06\"\n\t\t\t\t\t\t\t\t\t\tsrc=\"https:\/\/www2.unicentro.br\/neaa\/wp-content\/blogs.dir\/55\/files\/ii-encontro-de-ciencias-sociais-faculdade-guarapuava-1806\/cache\/10385292_800294843314448_4368508878755570751_n.jpg-nggid0225-ngg0dyn-91x68-00f0w010c011r110f110r010t010.jpg\"\/>\n\t\t\t\t\t\t\t\t<\/a>\n\t\t\t\t\t\t\t\t\t\t\t\t\t\t\t\t\t\t<\/div>\n\t\t\t\t<\/div>\n\t\t\t\t\t\t\t\t<h4>\n\t\t\t\t\t<a class='ngg-album-desc'\n\t\t\t\t\ttitle='II Encontro de Ci\u00eancias Sociais- Faculdade Guarapuava 18\/06' href='https:\/\/www2.unicentro.br\/neaa\/eventos\/nggallery\/ii-encontro-de-ciencias-sociais-faculdade-guarapuava-1806\/ii-encontro-de-ciencias-sociais-faculdade-guarapuava-1806'style=\"max-width: 111px\"\t\t\t\t\t>\n\t\t\t\t\t\tII Encontro de Ci\u00eancias Sociais- Faculdade Guarapuava 18\/06\t\t\t\t\t<\/a>\n\t\t\t\t<\/h4>\n\t\t\t\t<p class=\"ngg-album-gallery-image-counter\">\n\t\t\t\t\t\t\t\t\t\t\t<strong>3<\/strong>&nbsp;Photos\t\t\t\t\t\t\t\t\t<\/p>\n\t\t\t<\/div>\n\t\t\t\t<br class=\"ngg-clear\"\/>\n\t\t<div class='ngg-clear'><\/div>\t<\/div>\n<\/p>\n","protected":false},"excerpt":{"rendered":"<p>Forma\u00e7\u00e3o sobre a lei 10.639\/2003 e 11.645\/2008 em Pitanga &#8211; PR 18&nbsp;Photos Forma\u00e7\u00e3o sobre a lei 10.639\/2003 em Guarapuava com a participa\u00e7\u00e3o da Secretaria Municipal de Educa\u00e7\u00e3o de Guarapuava e secretarias da regi\u00e3o 4&nbsp;Photos Visita para a capacita\u00e7\u00e3o dos professores das comunidades ind\u00edgenas de Marrecas &#8211; comunidade Guarani e Kaigang 2&nbsp;Photos II Encontro de Ci\u00eancias [&hellip;]<\/p>\n","protected":false},"author":2,"featured_media":0,"parent":0,"menu_order":0,"comment_status":"closed","ping_status":"closed","template":"","meta":{"_exactmetrics_skip_tracking":false,"_exactmetrics_sitenote_active":false,"_exactmetrics_sitenote_note":"","_exactmetrics_sitenote_category":0,"ngg_post_thumbnail":0,"footnotes":"","_links_to":"","_links_to_target":""},"class_list":["post-150","page","type-page","status-publish","hentry"],"_links":{"self":[{"href":"https:\/\/www2.unicentro.br\/neaa\/wp-json\/wp\/v2\/pages\/150","targetHints":{"allow":["GET"]}}],"collection":[{"href":"https:\/\/www2.unicentro.br\/neaa\/wp-json\/wp\/v2\/pages"}],"about":[{"href":"https:\/\/www2.unicentro.br\/neaa\/wp-json\/wp\/v2\/types\/page"}],"author":[{"embeddable":true,"href":"https:\/\/www2.unicentro.br\/neaa\/wp-json\/wp\/v2\/users\/2"}],"replies":[{"embeddable":true,"href":"https:\/\/www2.unicentro.br\/neaa\/wp-json\/wp\/v2\/comments?post=150"}],"version-history":[{"count":5,"href":"https:\/\/www2.unicentro.br\/neaa\/wp-json\/wp\/v2\/pages\/150\/revisions"}],"predecessor-version":[{"id":167,"href":"https:\/\/www2.unicentro.br\/neaa\/wp-json\/wp\/v2\/pages\/150\/revisions\/167"}],"wp:attachment":[{"href":"https:\/\/www2.unicentro.br\/neaa\/wp-json\/wp\/v2\/media?parent=150"}],"curies":[{"name":"wp","href":"https:\/\/api.w.org\/{rel}","templated":true}]}}