{"id":10,"date":"2014-09-25T19:06:40","date_gmt":"2014-09-25T19:06:40","guid":{"rendered":"http:\/\/www2.unicentro.br\/neaa\/?page_id=10"},"modified":"2014-09-25T19:06:40","modified_gmt":"2014-09-25T19:06:40","slug":"saude","status":"publish","type":"page","link":"https:\/\/www2.unicentro.br\/neaa\/saude\/","title":{"rendered":"Sa\u00fade"},"content":{"rendered":"<div class=\"font_8\">PREVAL\u00caNCIA DA ANEMIA FALCIFORME\u00a0NO ESTADO DO PARAN\u00c1 (Alexandra Mitiru Watanabe)<\/p>\n<div>A anemia falciforme \u00e9 a doen\u00e7a gen\u00e9tica de maior preval\u00eancia mundial e a que\u00a0apresenta maior gravidade cl\u00ednica e hematol\u00f3gica. No Brasil, devido a diferentes origens\u00a0raciais e diversificado grau de miscigena\u00e7\u00e3o, a doen\u00e7a tornou-se um problema de Sa\u00fade\u00a0P\u00fablica. A inclus\u00e3o da pesquisa das hemoglobinopatias com \u00eanfase na anemia falciforme\u00a0nos programas de triagem neonatal foi um avan\u00e7o para a sa\u00fade p\u00fablica. A cria\u00e7\u00e3o do\u00a0Programa Nacional de Triagem Neonatal (PNTN), mediante a Portaria n.o\u00a0822 do Minist\u00e9rio\u00a0da Sa\u00fade, em 06\/06\/2001, est\u00e1 possibilitando a detec\u00e7\u00e3o das doen\u00e7as falciformes no\u00a0rec\u00e9m-nascido (RN), podendo-se iniciar precocemente a profilaxia e o tratamento, antes do\u00a0surgimento dos sintomas. Objetivos: Determinar a preval\u00eancia da anemia falciforme; da\u00a0associa\u00e7\u00e3o S\u03b2-talassemia e do heterozigoto para a HbS. Comparar o gen\u00f3tipo obtido pela\u00a0triagem neonatal com o gen\u00f3tipo obtido ap\u00f3s os exames confirmat\u00f3rios. Identificar as\u00a0amostras selecionadas SS, S\u03b2-talassemia e FAS quanto \u00e0s suas distribui\u00e7\u00f5es geogr\u00e1ficas\u00a0nas vinte e duas Regionais de Sa\u00fade do Estado do Paran\u00e1. Casu\u00edstica, material e\u00a0m\u00e9todos: O estudo realizado foi observacional transversal. A popula\u00e7\u00e3o analisada foi\u00a0constitu\u00edda de 548.810 rec\u00e9m-nascidos que realizaram a triagem neonatal no Servi\u00e7o de\u00a0Refer\u00eancia em Triagem Neonatal (SRTN) da Funda\u00e7\u00e3o Ecum\u00eanica de Prote\u00e7\u00e3o ao\u00a0Excepcional (FEPE), no Estado do Paran\u00e1, no per\u00edodo de janeiro de 2002 a dezembro de\u00a02004. Foram selecionados os gen\u00f3tipos FS, FSA e (F)AS, resultantes da triagem por\u00a0focaliza\u00e7\u00e3o isoel\u00e9trica (FIE) e cromatografia l\u00edquida de alta precis\u00e3o (HPLC). As crian\u00e7as\u00a0com os gen\u00f3tipos FS ou FSA foram encaminhadas para acompanhamento cl\u00ednico. Os\u00a0exames laboratoriais eletroforese de hemoglobinas, pesquisa de HbA2, Hb fetal e\u00a0hemograma foram realizados a partir dos seis meses de idade para confirma\u00e7\u00e3o do\u00a0diagn\u00f3stico. Os resultados obtidos foram analisados quanto \u00e0 sua preval\u00eancia e distribui\u00e7\u00e3o\u00a0nas Regionais de Sa\u00fade do Paran\u00e1. Resultados: Dos 548.810 rec\u00e9m-nascidos triados no\u00a0per\u00edodo, 27 foram encaminhados para consulta m\u00e9dica por gen\u00f3tipo FS ou FSA. Desses, 12\u00a0(44,4%) confirmaram ser SS e 15 (55,5%) apresentaram a associa\u00e7\u00e3o S\u03b2-talassemia. A\u00a0preval\u00eancia da anemia falciforme detectada pela triagem neonatal no Estado do Paran\u00e1 \u00e9 de\u00a02,2: 100.000 RN; S\u03b2-talassemia 2,7:100.000 RN e (F)AS 1.500: 100.000. A maior\u00a0concentra\u00e7\u00e3o de ambos os casos aconteceu na regi\u00e3o norte e capital. Houve concord\u00e2ncia\u00a0do diagn\u00f3stico presuntivo com os exames confirmat\u00f3rios em 93 % dos casos. O gen\u00f3tipo\u00a0(F)AS encontra-se presente na quase totalidade do Estado por\u00e9m em maior freq\u00fc\u00eancia na\u00a0regi\u00e3o norte. Conclus\u00f5es: A preval\u00eancia de homozigotos e heterozigotos para HbS no\u00a0Paran\u00e1 \u00e9 menor do que relatado para estados do centro-oeste, norte e nordeste do Brasil.\u00a0Fatores como tipo de popula\u00e7\u00e3o predominante, \u00f3bitos fetais, casamentos inter-\u00e9tnicos\u00a0podem estar contribuindo para que n\u00e3o haja maior n\u00famero de homozigotos para a HbS. A\u00a0detec\u00e7\u00e3o da associa\u00e7\u00e3o S\u03b2-talassemia corrobora a participa\u00e7\u00e3o dos povos europeus\u00a0mediterr\u00e2neos na miscigena\u00e7\u00e3o da popula\u00e7\u00e3o do Estado<\/div>\n<div>(Para conhecer o trabalho completo <a href=\"http:\/\/dspace.c3sl.ufpr.br\/dspace\/bitstream\/handle\/1884\/10337\/alexandra_final_maio.pdf?sequence=1\" target=\"_blank\">clique aqui<\/a>)<\/div>\n<p><a href=\"http:\/\/www.conselho.saude.pr.gov.br\/arquivos\/File\/Apresentacoes\/194_RO\/Apresentacao_Curitiba_Ces.ppt\" target=\"_blank\">Realidade da doen\u00e7a Falciforme no Paran\u00e1 (Simone Peres)<\/a><\/p>\n<div><\/div>\n<div>Medicina tradicional compreende as a\u00e7\u00f5es voltadas ao bem estar coletivo de comunidades urbanas, tradicionais e em assentamentos.<\/div>\n<\/div>\n<div class=\"font_8\">A sa\u00fade das popula\u00e7\u00f5es negras \u00e9 compreendida em seu car\u00e1ter interdisciplinar que perpassa desde a sa\u00fade mental, a\u00e7\u00f5es preventivas, ervas medicinais e cuidados comunit\u00e1rios. Lembrando que as popula\u00e7\u00f5es negras compartilham situa\u00e7\u00f5es de exclus\u00e3o de longa dura\u00e7\u00e3o.<\/div>\n","protected":false},"excerpt":{"rendered":"<p>PREVAL\u00caNCIA DA ANEMIA FALCIFORME\u00a0NO ESTADO DO PARAN\u00c1 (Alexandra Mitiru Watanabe) A anemia falciforme \u00e9 a doen\u00e7a gen\u00e9tica de maior preval\u00eancia mundial e a que\u00a0apresenta maior gravidade cl\u00ednica e hematol\u00f3gica. No Brasil, devido a diferentes origens\u00a0raciais e diversificado grau de miscigena\u00e7\u00e3o, a doen\u00e7a tornou-se um problema de Sa\u00fade\u00a0P\u00fablica. A inclus\u00e3o da pesquisa das hemoglobinopatias com \u00eanfase [&hellip;]<\/p>\n","protected":false},"author":2,"featured_media":0,"parent":0,"menu_order":0,"comment_status":"closed","ping_status":"closed","template":"","meta":{"_exactmetrics_skip_tracking":false,"_exactmetrics_sitenote_active":false,"_exactmetrics_sitenote_note":"","_exactmetrics_sitenote_category":0,"ngg_post_thumbnail":0,"footnotes":"","_links_to":"","_links_to_target":""},"class_list":["post-10","page","type-page","status-publish","hentry"],"_links":{"self":[{"href":"https:\/\/www2.unicentro.br\/neaa\/wp-json\/wp\/v2\/pages\/10","targetHints":{"allow":["GET"]}}],"collection":[{"href":"https:\/\/www2.unicentro.br\/neaa\/wp-json\/wp\/v2\/pages"}],"about":[{"href":"https:\/\/www2.unicentro.br\/neaa\/wp-json\/wp\/v2\/types\/page"}],"author":[{"embeddable":true,"href":"https:\/\/www2.unicentro.br\/neaa\/wp-json\/wp\/v2\/users\/2"}],"replies":[{"embeddable":true,"href":"https:\/\/www2.unicentro.br\/neaa\/wp-json\/wp\/v2\/comments?post=10"}],"version-history":[{"count":1,"href":"https:\/\/www2.unicentro.br\/neaa\/wp-json\/wp\/v2\/pages\/10\/revisions"}],"predecessor-version":[{"id":11,"href":"https:\/\/www2.unicentro.br\/neaa\/wp-json\/wp\/v2\/pages\/10\/revisions\/11"}],"wp:attachment":[{"href":"https:\/\/www2.unicentro.br\/neaa\/wp-json\/wp\/v2\/media?parent=10"}],"curies":[{"name":"wp","href":"https:\/\/api.w.org\/{rel}","templated":true}]}}