{"id":73,"date":"2015-07-14T11:33:26","date_gmt":"2015-07-14T14:33:26","guid":{"rendered":"http:\/\/www2.unicentro.br\/lapefi\/?page_id=73"},"modified":"2015-10-21T18:32:09","modified_gmt":"2015-10-21T21:32:09","slug":"tccs","status":"publish","type":"page","link":"https:\/\/www2.unicentro.br\/lapefi\/tccs\/","title":{"rendered":"TCCs"},"content":{"rendered":"<p><strong>2014 &#8211; 2015<\/strong><\/p>\n<h3>\u00a0 \u00a0 \u00a0 \u00a0 <span style=\"font-size: 16pt\">\u00a0<em>ORIENTADOR PROF. JOS\u00c9 ADIL\u00c7ON CAMPIGOTO<\/em><\/span><\/h3>\n<ul>\n<li><strong>Gabriel Jos\u00e9 Pochapski.<\/strong>\u00a0<span style=\"font-size: 10pt\">AS REPRESENTA\u00c7\u00d5ES DA MORTE PARA OS DESCENDENTES DE UCRANIANOS EM PRUDENT\u00d3POLIS-PR.\u00a0<\/span>In\u00edcio: 2015. (Graduando em Hist\u00f3ria) \u2013 Universidade Estadual do Centro Oeste.<\/li>\n<li><strong>Geovane Gon\u00e7alves de Oliveira.<\/strong> <span style=\"font-size: 10pt\">COTIDIANO DO FAXINAL DO TABU\u00c3O DA SERRA<\/span>.\u00a0In\u00edcio: 2015.(Graduando em Hist\u00f3ria) \u2013 Universidade Estadual do Centro Oeste.<\/li>\n<li><strong>Igor Futra. <\/strong><span style=\"font-size: 10pt\">REGI\u00d5ES E IMAGENS DA MEM\u00d3RIA: PONTE NOVA \u2013 PRUDENT\u00d3POLIS-PR<\/span>. In\u00edcio: 2015. (Graduando em Hist\u00f3ria) \u2013 Universidade Estadual do Centro Oeste.<\/li>\n<li><strong>Maiele M\u00f4nica Gon\u00e7alves.<\/strong> <span style=\"font-size: 10pt\">IMAGENS DA CULTURA UCRANIANA NO JORNAL\u00a0\u03a0\u03a1\u0391\u0426\u042f:\u00a0D\u00c9CADAS\u00a0DE\u00a0OITENTA E NOVENTA.<\/span> In\u00edcio: 2015. \u00a0(Gradua\u00e7\u00e3o em Hist\u00f3ria) &#8211; Universidade Estadual do Centro Oeste do Paran\u00e1.<\/li>\n<li>R<strong>ita Piassi Klutikoski.<\/strong> I<span style=\"font-size: 10pt\">MAGENS DO RELIGIOSO EM IRATI: CENTROS DE UMBANDA DE IRATI-PR.\u00a0<\/span>In\u00edcio: 2014. \u00a0(Gradua\u00e7\u00e3o em Hist\u00f3ria) &#8211; Universidade Estadual do Centro Oeste do Paran\u00e1.<\/li>\n<li><strong>Rafael dos Santos.<\/strong> <span style=\"font-size: 10pt\">A MORTE\u00a0NO PARAN\u00c1 DA D\u00c9CADA DE 1910.<\/span>\u00a0In\u00edcio: 2014. (Gradua\u00e7\u00e3o em Hist\u00f3ria) &#8211; Universidade Estadual do Centro Oeste do Paran\u00e1.<\/li>\n<li><strong>Marcia Scavinski.<\/strong> <span style=\"font-size: 10pt\">LUGARES DE MEM\u00d3RIA RELIGIOSA: ALTARES DE BENZEDEIRAS.<\/span> In\u00edcio: 2015. Trabalho de Conclus\u00e3o de Curso (Gradua\u00e7\u00e3o em Hist\u00f3ria) &#8211; Universidade Estadual do Centro Oeste do Paran\u00e1.<\/li>\n<\/ul>\n<p><em><strong><span style=\"font-size: 16pt\">\u00a0 \u00a0 \u00a0 \u00a0 \u00a0 \u00a0ORIENTADOR PROF. ANCELMO SCHORNER.<\/span><\/strong><\/em><\/p>\n<ul>\n<li><strong>Paloma de Fran\u00e7a Pires.<\/strong> <span style=\"font-size: 10pt\">O TRABALHO COM SEMENTES CRIOULAS\u00a0NAS TERRAS DE PLANTAR E NOS QUINTAIS DO FAXINAL \u00c1GUA QUENTE DOS MEIRAS (RIO AZUL-PR): CONSERVA\u00c7\u00c3O DA BIODIVERSIDADE E AUTONOMIA CAMPONESA.\u00a0<\/span>In\u00edcio: 2015. \u00a0(Gradua\u00e7\u00e3o em Hist\u00f3ria) &#8211; Universidade Estadual do Centro-Oeste.<\/li>\n<li><strong>Jos\u00e9 Renato Borba.<\/strong> <span style=\"font-size: 10pt\">REORGANIZA\u00c7\u00c3O URBANA E O NOVO TRA\u00c7ADO DO\u00a0RIO DAS AANTAS (IRATI\/PR): PERSPECTIVAS E MEMORIAS.<\/span> In\u00edcio: 2014. \u00a0(Gradua\u00e7\u00e3o em Hist\u00f3ria) &#8211; Universidade Estadual do Centro-Oeste.<\/li>\n<li><strong>F\u00e1bio Rodrigues Tavares.<\/strong> <span style=\"font-size: 10pt\">RESGATE DE MEM\u00d3RIAS E IMAGENS DO\u00a0FAXINAL DA CAMPINA DO GUAMIRIM.<\/span> In\u00edcio: 2014. Trabalho de Conclus\u00e3o de Curso (Gradua\u00e7\u00e3o em Hist\u00f3ria) &#8211; Universidade Estadual do Centro-Oeste.<\/li>\n<li><strong>Jos\u00e9 Elias de Lima<\/strong>. <span style=\"font-size: 10pt\">O\u00a0PASSADO E O PRESENTE NAS CONSTRU\u00c7\u00d5ES<\/span>(s\u00edtios, ch\u00e1caras e fazendas) no Distrito de Guamirim (Irati-PR) atrav\u00e9s de fotografias. In\u00edcio: 2014. \u00a0(Gradua\u00e7\u00e3o em Hist\u00f3ria) &#8211; Universidade Estadual do Centro-Oeste<\/li>\n<li>T<strong>atiane Vargas.<\/strong> AS TRANSFORMA\u00c7\u00d5ES NAS FORMAS DE PRODU\u00c7\u00c3O AGR\u00cdCOLA\u00a0\u00a0NO FAXINAL DA BARRA BONITA (PRUDENT\u00d3POLIS\/PR &#8211; 1950-1990) ATRAV\u00c9S DOS \u00c1LBUNS DE FOTOGRAFIAS DOS MORADORES. In\u00edcio: 2014.(Gradua\u00e7\u00e3o em Hist\u00f3ria) &#8211; Universidade Estadual do Centro-Oeste.<\/li>\n<li><strong>Altair Moreira Portela.<\/strong> AS FORMAS DE PRODU\u00c7\u00c3O DE ERVA-MATE E AS RELA\u00c7\u00d5ES SOCIAIS E ECON\u00d4MICAS ENTRE OS ENVOLVIDOS NA SUA PRODU\u00c7\u00c3O &#8211; FAXINAL DA INVERNADA (RIO AZUL\/PR). In\u00edcio: 2014. \u00a0(Gradua\u00e7\u00e3o em Hist\u00f3ria) &#8211; Universidade Estadual do Centro-Oeste<\/li>\n<li><strong>Valdin\u00e9ia Strugala.<\/strong> MODIFICA\u00c7\u00d5ES\u00a0NAS RUAS REBOUCENSES \u00a0ATRAV\u00c9S DE FOTOGRAFIAS (1960-1970). In\u00edcio: 2014. (Gradua\u00e7\u00e3o em Hist\u00f3ria) &#8211; Universidade Estadual do Centro-Oeste.<\/li>\n<\/ul>\n<p><em><strong>\u00a0 \u00a0 \u00a0 \u00a0 <span style=\"font-size: 16pt\">\u00a0ORIENTADOR PROF.\u00a0EDSON SANTOS SILVA<\/span><\/strong><\/em><\/p>\n<ul>\n<li><strong>Soelin Marques de Lima<\/strong>. <span style=\"font-size: 10pt\">PERSONAGEM\u00a0JULIANA DE O PRIMO BAS\u00cdLIO E A VENERA\u00c7\u00c3O PELOS P\u00c9S.<\/span> 2014. Trabalho de Conclus\u00e3o de Curso. (Gradua\u00e7\u00e3o em Letras) &#8211; Universidade Estadual do Centro-Oeste. Orientador: Edson Santos Silva.<\/li>\n<\/ul>\n<h3><em>\u00a0 \u00a0 \u00a0<span style=\"font-size: 16pt\"> \u00a0ORIENTADORA PROF.\u00a0REJANE KLEIN<\/span><\/em><\/h3>\n<ul>\n<li><strong>Daiane Jakowicz.<\/strong><span style=\"font-size: 10pt\">\u00a0INSTRUMENTOS DISCIPLINARES NA CONSTITUI\u00c7\u00c3O DE SUJEITOS<span style=\"font-size: 12pt\">. 2014<\/span>.<\/span>(Gradua\u00e7\u00e3o em Pedagogia) &#8211; Universidade Estadual do Centro-Oeste. Orientadora.<\/li>\n<li><strong>Silvana Padilha.<\/strong>\u00a0<span style=\"font-size: small\">COMPUTADOR E INTERNET NA EDUCA\u00c7\u00c3O: NOVOS DESAFIOS.\u00a0<\/span>2014. (Gradua\u00e7\u00e3o em Pedagogia) &#8211; Universidade Estadual do Centro-Oeste. Orientadora.<\/li>\n<li><strong>Viridiana Maria Pulner Golinski<\/strong>.<span style=\"font-size: 10pt\">\u00a0A ATUA\u00c7\u00c3O DO TUTOR E SUA CONTRIBUI\u00c7\u00c3O PARA O DESENVOLVIMENTO DO PROJETO POLITICO PEDAG\u00d3GICO NA EDUCA\u00c7\u00c3O A DIST\u00c2NCIA.\u00a0<\/span>\u00a02014. (Gradua\u00e7\u00e3o em Pedagogia) &#8211; Universidade Estadual do Centro-Oeste. Orientadora<\/li>\n<li><strong>Sirlei de F\u00e1tima Mendes Deda.\u00a0<\/strong><span style=\"font-size: 10pt\">A LITERATURA INFANTIL NO PRIMEIRO ANO DO ENSINO FUNDAMENTAL. <\/span>2014. \u00a0(Gradua\u00e7\u00e3o em Pedagogia) &#8211; Universidade Estadual do Centro-Oeste. Orientado<\/li>\n<\/ul>\n<h3><em>\u00a0 \u00a0 \u00a0 \u00a0<span style=\"font-size: 16pt\">ORIENTADOR PROF. JO\u00c3O CARLOS CORSO<\/span><\/em><\/h3>\n<p>&nbsp;<\/p>\n<ul>\n<li><strong>Maria Angelica Machulak.<\/strong>\u00a0OS RITUAIS DEVOCIONAIS \u00c0 VIRGEM MARIA EM IN\u00c1CIO MARTINS &#8211; PR.<b>\u00a0<\/b>2014. (Graduanda em Hist\u00f3ria) &#8211; Universidade Estadual do Centro-Oeste, Conselho Nacional de Desenvolvimento Cient\u00edfico e Tecnol\u00f3gico. Orientador.<\/li>\n<li><strong>Janaine Moreira dos Santos.<\/strong>\u00a0AS RELA\u00c7\u00d5ES DE PODER NA COMUNIDADE CAT\u00d3LICA DA PAR\u00d3QUIA DE FERNANDES PINHEIRO.\u00a02014. \u00a0(Graduanda em Hist\u00f3ria) &#8211; Universidade Estadual do Centro-Oeste. Orientador.<\/li>\n<li><strong>Alesandra da Silva<\/strong>.\u00a0A RELIGIOSIDADE NO COTIDIANO DO FAXINAL DO MARMELEIRO REBOU\u00c7AS PR.\u00a02014. Inicia\u00e7\u00e3o Cient\u00edfica. (Graduanda em Hist\u00f3ria) &#8211; Universidade Estadual do Centro-Oeste. Orientador:<\/li>\n<\/ul>\n<p>&nbsp;<\/p>\n","protected":false},"excerpt":{"rendered":"<p>2014 &#8211; 2015 \u00a0 \u00a0 \u00a0 \u00a0 \u00a0ORIENTADOR PROF. JOS\u00c9 ADIL\u00c7ON CAMPIGOTO Gabriel Jos\u00e9 Pochapski.\u00a0AS REPRESENTA\u00c7\u00d5ES DA MORTE PARA OS DESCENDENTES DE UCRANIANOS EM PRUDENT\u00d3POLIS-PR.\u00a0In\u00edcio: 2015. (Graduando em Hist\u00f3ria) \u2013 Universidade Estadual do Centro Oeste. Geovane Gon\u00e7alves de Oliveira. COTIDIANO DO FAXINAL DO TABU\u00c3O DA SERRA.\u00a0In\u00edcio: 2015.(Graduando em Hist\u00f3ria) \u2013 Universidade Estadual do Centro Oeste. [&hellip;]<\/p>\n","protected":false},"author":2,"featured_media":0,"parent":0,"menu_order":0,"comment_status":"closed","ping_status":"closed","template":"","meta":{"_exactmetrics_skip_tracking":false,"_exactmetrics_sitenote_active":false,"_exactmetrics_sitenote_note":"","_exactmetrics_sitenote_category":0,"ngg_post_thumbnail":0,"footnotes":"","_links_to":"","_links_to_target":""},"class_list":["post-73","page","type-page","status-publish","hentry"],"_links":{"self":[{"href":"https:\/\/www2.unicentro.br\/lapefi\/wp-json\/wp\/v2\/pages\/73","targetHints":{"allow":["GET"]}}],"collection":[{"href":"https:\/\/www2.unicentro.br\/lapefi\/wp-json\/wp\/v2\/pages"}],"about":[{"href":"https:\/\/www2.unicentro.br\/lapefi\/wp-json\/wp\/v2\/types\/page"}],"author":[{"embeddable":true,"href":"https:\/\/www2.unicentro.br\/lapefi\/wp-json\/wp\/v2\/users\/2"}],"replies":[{"embeddable":true,"href":"https:\/\/www2.unicentro.br\/lapefi\/wp-json\/wp\/v2\/comments?post=73"}],"version-history":[{"count":10,"href":"https:\/\/www2.unicentro.br\/lapefi\/wp-json\/wp\/v2\/pages\/73\/revisions"}],"predecessor-version":[{"id":137,"href":"https:\/\/www2.unicentro.br\/lapefi\/wp-json\/wp\/v2\/pages\/73\/revisions\/137"}],"wp:attachment":[{"href":"https:\/\/www2.unicentro.br\/lapefi\/wp-json\/wp\/v2\/media?parent=73"}],"curies":[{"name":"wp","href":"https:\/\/api.w.org\/{rel}","templated":true}]}}