{"id":23,"date":"2015-07-10T15:18:24","date_gmt":"2015-07-10T18:18:24","guid":{"rendered":"http:\/\/www2.unicentro.br\/lapefi\/?page_id=23"},"modified":"2015-10-21T13:20:26","modified_gmt":"2015-10-21T16:20:26","slug":"ics","status":"publish","type":"page","link":"https:\/\/www2.unicentro.br\/lapefi\/ics\/","title":{"rendered":"ICs"},"content":{"rendered":"<h3><strong>\u00a0 \u00a0 \u00a0 \u00a0 \u00a0 <span style=\"font-size: 18pt\">2014-2015<\/span><\/strong><\/h3>\n<h3>\u00a0 \u00a0 \u00a0 \u00a0 \u00a0<em>ORIENTADOR PROF. JOS\u00c9 ADIL\u00c7ON CAMPIGOTO.<\/em><\/h3>\n<ul>\n<li><strong>Gabriel Jos\u00e9 Pochapski.<\/strong>\u00a0As representa\u00e7\u00f5es da morte para os descendentes de ucranianos em Prudent\u00f3polis-PR.<br \/>\nIn\u00edcio: 2014. Inicia\u00e7\u00e3o Cient\u00edfica (Graduando em Hist\u00f3ria) &#8211; Universidade Estadual do Centro Oeste do Paran\u00e1, Funda\u00e7\u00e3o Arauc\u00e1ria de Apoio ao Desenvolvimento Cient\u00edfico e Tecnol\u00f3gico.<\/li>\n<li><strong>Geovane Gon\u00e7alves de Oliveira.<\/strong>Mem\u00f3rias faxinalenses: banco de imagens dos faxinais.In\u00edcio: 2014. Inicia\u00e7\u00e3o Cient\u00edfica (Graduando em Hist\u00f3ria) &#8211; Universidade Estadual do Centro Oeste do Paran\u00e1, UNICENTRO.<\/li>\n<li><strong>Igor Futra.<\/strong><span style=\"line-height: 1.5\">Regi\u00f5es e imagens da mem\u00f3ria: ponte nova &#8211; Prudent\u00f3polis-PR.\u00a0<\/span>\u00a0In\u00edcio: 2014. Inicia\u00e7\u00e3o Cient\u00edfica (Graduando em Hist\u00f3ria) &#8211; Universidade Estadual do Centro Oeste do Paran\u00e1<\/li>\n<li><strong>M\u00f4nica Luiza Galv\u00e3o.<\/strong>\u00a0A escola nos faxinais e os faxinais na escola.\u00a0In\u00edcio: 2014. Orienta\u00e7\u00e3o de outra natureza. (Graduanda em hist\u00f3ria) Universidade Estadual do Centro Oeste do Paran\u00e1. Coordena\u00e7\u00e3o de Aperfei\u00e7oamento de Pessoal de N\u00edvel Superior.<\/li>\n<li><strong>Gabrielly da Luz.<\/strong> Imagens do Faxinais. In\u00edcio: 2015. Inicia\u00e7\u00e3o Cient\u00edfica Jr. Aluna do Ensino M\u00e9dio.\u00a0Universidade Estadual do Centro Oeste do Paran\u00e1, Funda\u00e7\u00e3o Arauc\u00e1ria de Apoio ao Desenvolvimento Cient\u00edfico e Tecnol\u00f3gico\/Coordena\u00e7\u00e3o de Aperfei\u00e7oamento de Pessoal de N\u00edvel Superior.<\/li>\n<li><strong>Raielli Kollaritsch.<\/strong>\u00a0Imagens do Faxinais. Inic\u00edo: 2015. Inicia\u00e7\u00e3o Cient\u00edfica Jr. Aluna do Ensino M\u00e9dio.\u00a0Universidade Estadual do Centro Oeste do Paran\u00e1, Funda\u00e7\u00e3o Arauc\u00e1ria de Apoio ao Desenvolvimento Cient\u00edfico e Tecnol\u00f3gico\/Coordena\u00e7\u00e3o de Aperfei\u00e7oamento de Pessoal de N\u00edvel Superior.<\/li>\n<li><strong>M\u00f4nica Luzia Galv\u00e3o<\/strong>. Cotidiano do Tijuco : imagens, fragmentos de hist\u00f3ria.. In\u00edcio: 2015. Inicia\u00e7\u00e3o cient\u00edfica (Graduando em Hist\u00f3ria) &#8211; Universidade Estadual do Centro-Oeste, Funda\u00e7\u00e3o Arauc\u00e1ria de Apoio ao Desenvolvimento Cient\u00edfico e Tecnol\u00f3gico.<\/li>\n<li><strong>Geovane Gon\u00e7alves de Oliveira.<\/strong> O cotidiano do faxinal do Tabo\u00e3o da Serra: registros fotogr\u00e1ficos. In\u00edcio: 2015. Orienta\u00e7\u00e3o de outra natureza. (Graduando em Hist\u00f3ria) &#8211; Universidade Estadual do Centro-Oeste, Coordena\u00e7\u00e3o de Aperfei\u00e7oamento de Pessoal de N\u00edvel Superior.<\/li>\n<\/ul>\n<h3>\u00a0 \u00a0 \u00a0 \u00a0 \u00a0<em>ORIENTADOR PROF. ANCELMO SCHORNER.<\/em><\/h3>\n<ul>\n<li><strong>Jos\u00e9 Elias de Lima.<\/strong><span style=\"color: #333333\"><span style=\"font-size: medium\">O passado e o presente nas constru\u00e7\u00f5es rurais e seus usos, no distrito de <\/span><\/span><span style=\"color: #333333\"><span style=\"font-size: medium\">G<\/span><\/span><span style=\"color: #333333\"><span style=\"font-size: medium\">uamirim (<\/span><\/span><span style=\"color: #333333\"><span style=\"font-size: medium\">I<\/span><\/span><span style=\"color: #333333\"><span style=\"font-size: medium\">rati-<\/span><\/span><span style=\"color: #333333\"><span style=\"font-size: medium\">PR<\/span><\/span><span style=\"color: #333333\"><span style=\"font-size: medium\">) atrav\u00e9s de fotografias (antigas e recentes) e entrevistas dos moradores.\u00a0<\/span><\/span>2014. Inicia\u00e7\u00e3o Cient\u00edfica. (Graduando em Hist\u00f3ria) &#8211; Universidade Estadual do Centro-Oeste, Funda\u00e7\u00e3o Arauc\u00e1ria de Apoio ao Desenvolvimento Cient\u00edfico e Tecnol\u00f3gico.<\/li>\n<li><strong>Adriana Zatcerkoney.<\/strong>\u00a0<span style=\"color: #333333\"><span style=\"font-size: medium\">A <\/span><\/span><span style=\"color: #333333\"><span style=\"font-size: medium\">forma\u00e7\u00e3o do faxinal dos Stadler (<\/span><\/span><span style=\"color: #333333\"><span style=\"font-size: medium\">I<\/span><\/span><span style=\"color: #333333\"><span style=\"font-size: medium\">mbituva-<\/span><\/span><span style=\"color: #333333\"><span style=\"font-size: medium\">PR<\/span><\/span><span style=\"color: #333333\"><span style=\"font-size: medium\">) e sua desintegra\u00e7\u00e3o atrav\u00e9s de fotografias (antigas e atuais) e entrevistas.\u00a0<\/span><\/span>2014. Inicia\u00e7\u00e3o Cient\u00edfica. (Graduanda em Hist\u00f3ria)<\/li>\n<li>Emily Alessi.\u00a0<span style=\"line-height: 1.5\">As transforma\u00e7\u00f5es na tipologia das cercas e na cria\u00e7\u00e3o de animais \u00e1 solta no faxinal dos Stadler (Imbituva-PR) atrav\u00e9s de fotografias.<\/span>2014. Inicia\u00e7\u00e3o Cient\u00edfica. (Graduanda em Hist\u00f3ria)<\/li>\n<li><strong>Tatiane Vargas.<\/strong>\u00a0<span style=\"line-height: 1.5\">A origem do faxinal da Barra Bonita (Prudent\u00f3polis-PR) e sua conserva\u00e7\u00e3o cultural, atrav\u00e9s de fotografias (antigas recentes) e de entrevistas.<\/span>\u00a02014. Inicia\u00e7\u00e3o Cient\u00edfica. (Graduanda em Hist\u00f3ria)<\/li>\n<li><strong>Paulo C\u00e9zar Marqevix.<\/strong> O trabalho com sementes crioulas nas terras de plantar e nos quintais do Faxinal dos Paula (Rio Azul-PR): conserva\u00e7\u00e3o da biodiversidade e autonomia camponesa.. In\u00edcio: 2015. Inicia\u00e7\u00e3o cient\u00edfica (Graduando em Hist\u00f3ria) &#8211; Universidade Estadual do Centro-Oeste, Funda\u00e7\u00e3o Arauc\u00e1ria.<\/li>\n<li><strong>Aline Beatriz Dorochinski.<\/strong> Cataloga\u00e7\u00e3o de imagens existentes no banco de dados do Laborat\u00f3rio dos Povos Eslavos e Faxinalenses (LAPEF ). In\u00edcio: 2015. Inicia\u00e7\u00e3o Cient\u00edfica Jr. Aluna do Ensino M\u00e9dio. \u00a0-Universidade Estadual do Centro-Oeste, Conselho Nacional de Desenvolvimento Cient\u00edfico e Tecnol\u00f3gico.<\/li>\n<li><strong>Amanda Milena Caneti.<\/strong>\u00a0<span style=\"line-height: 1.5\">Conflitos de terras nos livros de queixas da delegacia de pol\u00edcia de Rio Azul\/PR .<\/span><br \/>\n1980-1997. In\u00edcio: 2015. Inicia\u00e7\u00e3o Cient\u00edfica Jr. Aluna do Ensino M\u00e9dio.\u00a0 &#8211; Universidade Estadual do Centro-Oeste, Conselho Nacional de Desenvolvimento Cient\u00edfico e Tecnol\u00f3gico.<\/li>\n<li><strong>Paloma de Fran\u00e7a Pires. <\/strong>O trabalho com sementes crioulas nas terras de plantar e nos quintais do Faxinal \u00c1gua Quente dos Meiras (Rio Azul-PR): conserva\u00e7\u00e3o da biodiversidade e autonomia camponesa.. In\u00edcio: 2015. Inicia\u00e7\u00e3o cient\u00edfica (Graduando em Hist\u00f3ria) &#8211; Universidade Estadual do Centro-Oeste.<\/li>\n<li><strong>Leonardo Kroin.<\/strong> O trabalho com sementes crioulas nas terras de plantar e nos quintais do Lajeado dos Mello (Rio Azul-PR): conserva\u00e7\u00e3o da biodiversidade e autonomia camponesa.. In\u00edcio: 2015. Inicia\u00e7\u00e3o cient\u00edfica (Graduando em Hist\u00f3ria) &#8211; Universidade Estadual do Centro-Oeste.<\/li>\n<li><strong>Fernando Toledo Desatnik.<\/strong>\u00a0An\u00e1lise de transforma\u00e7\u00f5es na paisagem de faxinais atrav\u00e9s de fotografias.\u00a01980-2013. In\u00edcio: 2015. Inicia\u00e7\u00e3o Cient\u00edfica Jr. Aluno do Ensino M\u00e9dio.\u00a0 &#8211; Universidade Estadual do Centro-Oeste, Conselho Nacional de Desenvolvimento Cient\u00edfico e Tecnol\u00f3gico.<\/li>\n<li><strong>Irvin Williann Cararo.<\/strong> Cataloga\u00e7\u00e3o de imagens existentes no banco de dados do \u00a0Laborat\u00f3rio dos Povos Eslavos e Faxinalenses (LAPEF). In\u00edcio: 2015. Inicia\u00e7\u00e3o Cient\u00edfica Jr. Aluno do Ensino M\u00e9dio.\u00a0 &#8211; Universidade Estadual do Centro-Oeste, Conselho Nacional de Desenvolvimento Cient\u00edfico e Tecnol\u00f3gico.<\/li>\n<li><strong>B\u00e1rbara Luiza Cruz.<\/strong> O trabalho com sementes crioulas nas terras de plantar e nos quintais do Faxinal Taquari dos Ribeiros (Rio Azul-PR): conserva\u00e7\u00e3o da biodiversidade e autonomia camponesa.. In\u00edcio: 2015. Inicia\u00e7\u00e3o cient\u00edfica (Graduanda em Hist\u00f3ria) &#8211; Universidade Estadual do Centro-Oeste.<\/li>\n<li><strong>Thais Alessandra Garcia.<\/strong> Cataloga\u00e7\u00e3o de imagens existentes no banco de dados do \u00a0Observat\u00f3rio de Educa\u00e7\u00e3o (OBEDUC). In\u00edcio: 2015. Inicia\u00e7\u00e3o Cient\u00edfica Jr. Aluna do Ensino M\u00e9dio.\u00a0 &#8211; Universidade Estadual do Centro-Oeste, Conselho Nacional de Desenvolvimento Cient\u00edfico e Tecnol\u00f3gico.<\/li>\n<li><strong>Luana Gon\u00e7alves dos Santos.<\/strong>\u00a0<span style=\"line-height: 1.5\">An\u00e1lise de transforma\u00e7\u00f5es na paisagem de faxinais atrav\u00e9s de fotografias.<\/span><br \/>\n1980-2013. In\u00edcio: 2015. Inicia\u00e7\u00e3o Cient\u00edfica Jr. Aluna do Ensino M\u00e9dio.\u00a0 &#8211; Universidade Estadual do Centro-Oeste.<\/li>\n<\/ul>\n<h3>\u00a0 \u00a0 \u00a0 \u00a0 \u00a0<em>ORIENTADORA PROF\u00aa \u00a0REJANE KLEIN.<\/em><\/h3>\n<ul>\n<li><strong>Daiane Jakowicz.<\/strong>\u00a0<span style=\"color: #333333\"><span style=\"font-family: Georgia, 'Times New Roman', 'Bitstream Charter', Times, serif\"><span style=\"font-size: medium\">A<\/span><\/span><\/span><span style=\"color: #333333\"><span style=\"font-family: Georgia, 'Times New Roman', 'Bitstream Charter', Times, serif\"><span style=\"font-size: medium\"> gest\u00e3o escolar &#8211; discursos constituindo saberes nesta area do saber. 2014.\u00a0<\/span><\/span><\/span>Inicia\u00e7\u00e3o Cient\u00edfica. (Graduanda em Pedagogia) &#8211; Universidade Estadual do Centro-Oeste, Funda\u00e7\u00e3o Arauc\u00e1ria.<\/li>\n<li><strong>Viridiana Maria Pulner Golinski.<\/strong>\u00a0O projeto pol\u00edtico pedag\u00f3gico na educa\u00e7\u00e3o a dist\u00e2ncia atuando na forma\u00e7\u00e3o do professor\/pedagogo.2014. Inicia\u00e7\u00e3o Cient\u00edfica. (Graduanda em Pedagogia) &#8211; Universidade Estadual do Centro-Oeste.<\/li>\n<\/ul>\n<h3>\u00a0 \u00a0 \u00a0 \u00a0 \u00a0 <em>ORIENTADOR PROF. JO\u00c3O CARLOS CORSO.<\/em><\/h3>\n<ul>\n<li><strong>Alesandra da Silva.<\/strong>\u00a0As institui\u00e7\u00f5es religiosas em Rebou\u00e7as &#8211; PR.\u00a0In\u00edcio: 2014. Inicia\u00e7\u00e3o cient\u00edfica (Graduanda em Hist\u00f3ria) &#8211; Universidade Estadual do Centro-Oeste.<\/li>\n<li><strong>Janaine Moreira dos Santos.<\/strong> As representa\u00e7\u00f5es nos c\u00e2nticos cat\u00f3licos, na comunidade cat\u00f3lica de Fernandes Pinheiro &#8211; PR. In\u00edcio: 2014. Inicia\u00e7\u00e3o cient\u00edfica (Graduanda em Hist\u00f3ria) \u00a0Universidade Estadual do Centro-Oeste.<\/li>\n<\/ul>\n<h2><\/h2>\n","protected":false},"excerpt":{"rendered":"<p>\u00a0 \u00a0 \u00a0 \u00a0 \u00a0 2014-2015 \u00a0 \u00a0 \u00a0 \u00a0 \u00a0ORIENTADOR PROF. JOS\u00c9 ADIL\u00c7ON CAMPIGOTO. Gabriel Jos\u00e9 Pochapski.\u00a0As representa\u00e7\u00f5es da morte para os descendentes de ucranianos em Prudent\u00f3polis-PR. In\u00edcio: 2014. Inicia\u00e7\u00e3o Cient\u00edfica (Graduando em Hist\u00f3ria) &#8211; Universidade Estadual do Centro Oeste do Paran\u00e1, Funda\u00e7\u00e3o Arauc\u00e1ria de Apoio ao Desenvolvimento Cient\u00edfico e Tecnol\u00f3gico. Geovane Gon\u00e7alves de [&hellip;]<\/p>\n","protected":false},"author":104,"featured_media":0,"parent":0,"menu_order":0,"comment_status":"closed","ping_status":"closed","template":"","meta":{"_exactmetrics_skip_tracking":false,"_exactmetrics_sitenote_active":false,"_exactmetrics_sitenote_note":"","_exactmetrics_sitenote_category":0,"ngg_post_thumbnail":0,"footnotes":"","_links_to":"","_links_to_target":""},"class_list":["post-23","page","type-page","status-publish","hentry"],"_links":{"self":[{"href":"https:\/\/www2.unicentro.br\/lapefi\/wp-json\/wp\/v2\/pages\/23","targetHints":{"allow":["GET"]}}],"collection":[{"href":"https:\/\/www2.unicentro.br\/lapefi\/wp-json\/wp\/v2\/pages"}],"about":[{"href":"https:\/\/www2.unicentro.br\/lapefi\/wp-json\/wp\/v2\/types\/page"}],"author":[{"embeddable":true,"href":"https:\/\/www2.unicentro.br\/lapefi\/wp-json\/wp\/v2\/users\/104"}],"replies":[{"embeddable":true,"href":"https:\/\/www2.unicentro.br\/lapefi\/wp-json\/wp\/v2\/comments?post=23"}],"version-history":[{"count":13,"href":"https:\/\/www2.unicentro.br\/lapefi\/wp-json\/wp\/v2\/pages\/23\/revisions"}],"predecessor-version":[{"id":549,"href":"https:\/\/www2.unicentro.br\/lapefi\/wp-json\/wp\/v2\/pages\/23\/revisions\/549"}],"wp:attachment":[{"href":"https:\/\/www2.unicentro.br\/lapefi\/wp-json\/wp\/v2\/media?parent=23"}],"curies":[{"name":"wp","href":"https:\/\/api.w.org\/{rel}","templated":true}]}}