{"id":21,"date":"2015-07-10T15:18:13","date_gmt":"2015-07-10T18:18:13","guid":{"rendered":"http:\/\/www2.unicentro.br\/lapefi\/?page_id=21"},"modified":"2015-10-21T19:38:07","modified_gmt":"2015-10-21T22:38:07","slug":"projetos","status":"publish","type":"page","link":"https:\/\/www2.unicentro.br\/lapefi\/projetos\/","title":{"rendered":"Projetos"},"content":{"rendered":"<p>&nbsp;<\/p>\n<ul>\n<li><span style=\"font-family: 'arial black', sans-serif;font-size: 14pt\"><strong>A ESCOLA E O ENSINO DE HIST\u00d3RIA NA REGI\u00c3O DOS FAXINAIS &#8211; Jos\u00e9 Adil\u00e7on Campigoto (coordenador)<\/strong><\/span><\/li>\n<li><\/li>\n<li><span style=\"font-family: 'arial black', sans-serif;font-size: 14pt\"><strong>OS PROCESSOS DE DESAGREGA\u00c7\u00c3O DOS FAXINAIS PORTO SOARES, RIO AZUL DOS SOARES E RIO AZUL DE CIMA (RIO AZUL\/PR): 1970-2011: TERRA, TERRIT\u00d3RIO E TERRITORIALIDADE &#8211; Ancelmo Sch\u00f6rner (Coordenador)<\/strong><\/span><\/li>\n<li><\/li>\n<li><span style=\"font-family: 'arial black', sans-serif;font-size: 14pt\"><strong>A ALFABETIZA\u00c7\u00c3O NOS ANOS INICIAIS: SABERES E PR\u00c1TICAS &#8211; Rejane Klein (Coordenadora)<\/strong><\/span><\/li>\n<li>\n<p lang=\"zxx\"><span style=\"font-family: 'arial black', sans-serif;font-size: 14pt\"><strong>SOMBRAS QUE ASSOMBRAM: O EXPRESSIONISMO NO CINEMA ALEM\u00c3O &#8211; Edson Santos Silva (Coordenador)<\/strong><\/span><\/p>\n<\/li>\n<\/ul>\n<p>Link:\u00a0<strong>\u00a0<span style=\"font-family: 'courier new', courier, monospace\"><em><a href=\"http:\/\/www2.unicentro.br\/lapefi\/files\/2015\/07\/PROJETOS-DE-PESQUISA-VINCULADOS.pdf\">PROJETOS DE PESQUISA VINCULADOS<\/a><\/em><\/span><\/strong><\/p>\n<p>&nbsp;<\/p>\n<div class=\"layout-cell layout-cell-9\"><\/div>\n<div class=\"layout-cell layout-cell-9\"><\/div>\n<div class=\"layout-cell-pad-5\"><\/div>\n<div class=\"layout-cell-pad-5\"><\/div>\n","protected":false},"excerpt":{"rendered":"<p>&nbsp; A ESCOLA E O ENSINO DE HIST\u00d3RIA NA REGI\u00c3O DOS FAXINAIS &#8211; Jos\u00e9 Adil\u00e7on Campigoto (coordenador) OS PROCESSOS DE DESAGREGA\u00c7\u00c3O DOS FAXINAIS PORTO SOARES, RIO AZUL DOS SOARES E RIO AZUL DE CIMA (RIO AZUL\/PR): 1970-2011: TERRA, TERRIT\u00d3RIO E TERRITORIALIDADE &#8211; Ancelmo Sch\u00f6rner (Coordenador) A ALFABETIZA\u00c7\u00c3O NOS ANOS INICIAIS: SABERES E PR\u00c1TICAS &#8211; Rejane [&hellip;]<\/p>\n","protected":false},"author":2,"featured_media":0,"parent":0,"menu_order":0,"comment_status":"closed","ping_status":"closed","template":"","meta":{"_exactmetrics_skip_tracking":false,"_exactmetrics_sitenote_active":false,"_exactmetrics_sitenote_note":"","_exactmetrics_sitenote_category":0,"ngg_post_thumbnail":0,"footnotes":"","_links_to":"","_links_to_target":""},"class_list":["post-21","page","type-page","status-publish","hentry"],"_links":{"self":[{"href":"https:\/\/www2.unicentro.br\/lapefi\/wp-json\/wp\/v2\/pages\/21","targetHints":{"allow":["GET"]}}],"collection":[{"href":"https:\/\/www2.unicentro.br\/lapefi\/wp-json\/wp\/v2\/pages"}],"about":[{"href":"https:\/\/www2.unicentro.br\/lapefi\/wp-json\/wp\/v2\/types\/page"}],"author":[{"embeddable":true,"href":"https:\/\/www2.unicentro.br\/lapefi\/wp-json\/wp\/v2\/users\/2"}],"replies":[{"embeddable":true,"href":"https:\/\/www2.unicentro.br\/lapefi\/wp-json\/wp\/v2\/comments?post=21"}],"version-history":[{"count":6,"href":"https:\/\/www2.unicentro.br\/lapefi\/wp-json\/wp\/v2\/pages\/21\/revisions"}],"predecessor-version":[{"id":566,"href":"https:\/\/www2.unicentro.br\/lapefi\/wp-json\/wp\/v2\/pages\/21\/revisions\/566"}],"wp:attachment":[{"href":"https:\/\/www2.unicentro.br\/lapefi\/wp-json\/wp\/v2\/media?parent=21"}],"curies":[{"name":"wp","href":"https:\/\/api.w.org\/{rel}","templated":true}]}}