{"id":19,"date":"2015-07-10T15:18:01","date_gmt":"2015-07-10T18:18:01","guid":{"rendered":"http:\/\/www2.unicentro.br\/lapefi\/?page_id=19"},"modified":"2016-03-18T11:41:23","modified_gmt":"2016-03-18T14:41:23","slug":"acervo","status":"publish","type":"page","link":"https:\/\/www2.unicentro.br\/lapefi\/acervo\/","title":{"rendered":"Acervo"},"content":{"rendered":"<p>\t<div class=\"ngg-albumoverview default-view\">\n\t\t\t\t\t<div class=\"ngg-album-compact\">\n\t\t\t\t<div class=\"ngg-album-compactbox\">\n\t\t\t\t\t<div class=\"ngg-album-link\">\n\t\t\t\t\t\t\t\t\t\t\t\t\t\t\t\t\t\t\t\t\t<a title='Galeria 1' href='https:\/\/www2.unicentro.br\/lapefi\/acervo\/nggallery\/album-1\/galeria-1'>\n\t\t\t\t\t\t\t\t\t<img class=\"Thumb\"\n\t\t\t\t\t\t\t\t\t\talt=\"Galeria 1\"\n\t\t\t\t\t\t\t\t\t\tsrc=\"https:\/\/www2.unicentro.br\/lapefi\/wp-content\/blogs.dir\/69\/files\/galeria-1\/cache\/FOTO-40-FAXINAL-DE-MONJOLO-IRATI.jpg-nggid011-ngg0dyn-91x68-00f0w010c011r110f110r010t010.jpg\"\/>\n\t\t\t\t\t\t\t\t<\/a>\n\t\t\t\t\t\t\t\t\t\t\t\t\t\t\t\t\t\t<\/div>\n\t\t\t\t<\/div>\n\t\t\t\t\t\t\t\t<h4>\n\t\t\t\t\t<a class='ngg-album-desc'\n\t\t\t\t\ttitle='Galeria 1' href='https:\/\/www2.unicentro.br\/lapefi\/acervo\/nggallery\/album-1\/galeria-1'style=\"max-width: 111px\"\t\t\t\t\t>\n\t\t\t\t\t\tGaleria 1\t\t\t\t\t<\/a>\n\t\t\t\t<\/h4>\n\t\t\t\t<p class=\"ngg-album-gallery-image-counter\">\n\t\t\t\t\t\t\t\t\t\t\t<strong>5<\/strong>&nbsp;Photos\t\t\t\t\t\t\t\t\t<\/p>\n\t\t\t<\/div>\n\t\t\t\t\t<div class=\"ngg-album-compact\">\n\t\t\t\t<div class=\"ngg-album-compactbox\">\n\t\t\t\t\t<div class=\"ngg-album-link\">\n\t\t\t\t\t\t\t\t\t\t\t\t\t\t\t\t\t\t\t\t\t<a title='Projeto \u00c1guas Faxinalenses' href='https:\/\/www2.unicentro.br\/lapefi\/acervo\/nggallery\/cercas-nos-faxinais\/projeto-aguas-faxinalenses'>\n\t\t\t\t\t\t\t\t\t<img class=\"Thumb\"\n\t\t\t\t\t\t\t\t\t\talt=\"Projeto \u00c1guas Faxinalenses\"\n\t\t\t\t\t\t\t\t\t\tsrc=\"https:\/\/www2.unicentro.br\/lapefi\/wp-content\/blogs.dir\/69\/files\/projeto-aguas-faxinalenses\/cache\/6.jpg-nggid03112-ngg0dyn-91x68-00f0w010c011r110f110r010t010.jpg\"\/>\n\t\t\t\t\t\t\t\t<\/a>\n\t\t\t\t\t\t\t\t\t\t\t\t\t\t\t\t\t\t<\/div>\n\t\t\t\t<\/div>\n\t\t\t\t\t\t\t\t<h4>\n\t\t\t\t\t<a class='ngg-album-desc'\n\t\t\t\t\ttitle='Projeto \u00c1guas Faxinalenses' href='https:\/\/www2.unicentro.br\/lapefi\/acervo\/nggallery\/cercas-nos-faxinais\/projeto-aguas-faxinalenses'style=\"max-width: 111px\"\t\t\t\t\t>\n\t\t\t\t\t\tProjeto \u00c1guas Faxinalenses\t\t\t\t\t<\/a>\n\t\t\t\t<\/h4>\n\t\t\t\t<p class=\"ngg-album-gallery-image-counter\">\n\t\t\t\t\t\t\t\t\t\t\t<strong>21<\/strong>&nbsp;Photos\t\t\t\t\t\t\t\t\t<\/p>\n\t\t\t<\/div>\n\t\t\t\t\t<div class=\"ngg-album-compact\">\n\t\t\t\t<div class=\"ngg-album-compactbox\">\n\t\t\t\t\t<div class=\"ngg-album-link\">\n\t\t\t\t\t\t\t\t\t\t\t\t\t\t\t\t\t\t\t\t\t<a title='Exposi\u00e7\u00e3o de Ilustra\u00e7\u00f5es - OBEDUC' href='https:\/\/www2.unicentro.br\/lapefi\/acervo\/nggallery\/exposicao-de-ilustracoes-obeduc\/exposicao-de-ilustracoes-obeduc'>\n\t\t\t\t\t\t\t\t\t<img class=\"Thumb\"\n\t\t\t\t\t\t\t\t\t\talt=\"Exposi\u00e7\u00e3o de Ilustra\u00e7\u00f5es - OBEDUC\"\n\t\t\t\t\t\t\t\t\t\tsrc=\"https:\/\/www2.unicentro.br\/lapefi\/wp-content\/blogs.dir\/69\/files\/exposicao-de-ilustracoes-obeduc\/cache\/DSCN1281.jpg-nggid03149-ngg0dyn-91x68-00f0w010c011r110f110r010t010.jpg\"\/>\n\t\t\t\t\t\t\t\t<\/a>\n\t\t\t\t\t\t\t\t\t\t\t\t\t\t\t\t\t\t<\/div>\n\t\t\t\t<\/div>\n\t\t\t\t\t\t\t\t<h4>\n\t\t\t\t\t<a class='ngg-album-desc'\n\t\t\t\t\ttitle='Exposi\u00e7\u00e3o de Ilustra\u00e7\u00f5es - OBEDUC' href='https:\/\/www2.unicentro.br\/lapefi\/acervo\/nggallery\/exposicao-de-ilustracoes-obeduc\/exposicao-de-ilustracoes-obeduc'style=\"max-width: 111px\"\t\t\t\t\t>\n\t\t\t\t\t\tExposi\u00e7\u00e3o de Ilustra\u00e7\u00f5es - OBEDUC\t\t\t\t\t<\/a>\n\t\t\t\t<\/h4>\n\t\t\t\t<p class=\"ngg-album-gallery-image-counter\">\n\t\t\t\t\t\t\t\t\t\t\t<strong>19<\/strong>&nbsp;Photos\t\t\t\t\t\t\t\t\t<\/p>\n\t\t\t<\/div>\n\t\t\t\t\t<div class=\"ngg-album-compact\">\n\t\t\t\t<div class=\"ngg-album-compactbox\">\n\t\t\t\t\t<div class=\"ngg-album-link\">\n\t\t\t\t\t\t\t\t\t\t\t\t\t\t\t\t\t\t\t\t\t<a title='OBEDUC' href='https:\/\/www2.unicentro.br\/lapefi\/acervo\/nggallery\/obeduc\/obeduc'>\n\t\t\t\t\t\t\t\t\t<img class=\"Thumb\"\n\t\t\t\t\t\t\t\t\t\talt=\"OBEDUC\"\n\t\t\t\t\t\t\t\t\t\tsrc=\"https:\/\/www2.unicentro.br\/lapefi\/wp-content\/blogs.dir\/69\/files\/obeduc\/cache\/DSC01429.jpg-nggid03176-ngg0dyn-91x68-00f0w010c011r110f110r010t010.jpg\"\/>\n\t\t\t\t\t\t\t\t<\/a>\n\t\t\t\t\t\t\t\t\t\t\t\t\t\t\t\t\t\t<\/div>\n\t\t\t\t<\/div>\n\t\t\t\t\t\t\t\t<h4>\n\t\t\t\t\t<a class='ngg-album-desc'\n\t\t\t\t\ttitle='OBEDUC' href='https:\/\/www2.unicentro.br\/lapefi\/acervo\/nggallery\/obeduc\/obeduc'style=\"max-width: 111px\"\t\t\t\t\t>\n\t\t\t\t\t\tOBEDUC\t\t\t\t\t<\/a>\n\t\t\t\t<\/h4>\n\t\t\t\t<p class=\"ngg-album-gallery-image-counter\">\n\t\t\t\t\t\t\t\t\t\t\t<strong>21<\/strong>&nbsp;Photos\t\t\t\t\t\t\t\t\t<\/p>\n\t\t\t<\/div>\n\t\t\t\t\t<div class=\"ngg-album-compact\">\n\t\t\t\t<div class=\"ngg-album-compactbox\">\n\t\t\t\t\t<div class=\"ngg-album-link\">\n\t\t\t\t\t\t\t\t\t\t\t\t\t\t\t\t\t\t\t\t\t<a title='Reza de S\u00e3o Roque' href='https:\/\/www2.unicentro.br\/lapefi\/acervo\/nggallery\/reza-de-sao-roque\/reza-de-sao-roque'>\n\t\t\t\t\t\t\t\t\t<img class=\"Thumb\"\n\t\t\t\t\t\t\t\t\t\talt=\"Reza de S\u00e3o Roque\"\n\t\t\t\t\t\t\t\t\t\tsrc=\"https:\/\/www2.unicentro.br\/lapefi\/wp-content\/blogs.dir\/69\/files\/reza-de-sao-roque\/cache\/14.jpg-nggid0278-ngg0dyn-91x68-00f0w010c011r110f110r010t010.jpg\"\/>\n\t\t\t\t\t\t\t\t<\/a>\n\t\t\t\t\t\t\t\t\t\t\t\t\t\t\t\t\t\t<\/div>\n\t\t\t\t<\/div>\n\t\t\t\t\t\t\t\t<h4>\n\t\t\t\t\t<a class='ngg-album-desc'\n\t\t\t\t\ttitle='Reza de S\u00e3o Roque' href='https:\/\/www2.unicentro.br\/lapefi\/acervo\/nggallery\/reza-de-sao-roque\/reza-de-sao-roque'style=\"max-width: 111px\"\t\t\t\t\t>\n\t\t\t\t\t\tReza de S\u00e3o Roque\t\t\t\t\t<\/a>\n\t\t\t\t<\/h4>\n\t\t\t\t<p class=\"ngg-album-gallery-image-counter\">\n\t\t\t\t\t\t\t\t\t\t\t<strong>20<\/strong>&nbsp;Photos\t\t\t\t\t\t\t\t\t<\/p>\n\t\t\t<\/div>\n\t\t\t\t<br class=\"ngg-clear\"\/>\n\t\t<div class='ngg-clear'><\/div>\t<\/div>\n<\/p>\n<p>&nbsp;<\/p>\n","protected":false},"excerpt":{"rendered":"<p>Galeria 1 5&nbsp;Photos Projeto \u00c1guas Faxinalenses 21&nbsp;Photos Exposi\u00e7\u00e3o de Ilustra\u00e7\u00f5es &#8211; OBEDUC 19&nbsp;Photos OBEDUC 21&nbsp;Photos Reza de S\u00e3o Roque 20&nbsp;Photos &nbsp;<\/p>\n","protected":false},"author":2,"featured_media":0,"parent":0,"menu_order":0,"comment_status":"closed","ping_status":"closed","template":"","meta":{"_exactmetrics_skip_tracking":false,"_exactmetrics_sitenote_active":false,"_exactmetrics_sitenote_note":"","_exactmetrics_sitenote_category":0,"ngg_post_thumbnail":0,"footnotes":"","_links_to":"","_links_to_target":""},"class_list":["post-19","page","type-page","status-publish","hentry"],"_links":{"self":[{"href":"https:\/\/www2.unicentro.br\/lapefi\/wp-json\/wp\/v2\/pages\/19","targetHints":{"allow":["GET"]}}],"collection":[{"href":"https:\/\/www2.unicentro.br\/lapefi\/wp-json\/wp\/v2\/pages"}],"about":[{"href":"https:\/\/www2.unicentro.br\/lapefi\/wp-json\/wp\/v2\/types\/page"}],"author":[{"embeddable":true,"href":"https:\/\/www2.unicentro.br\/lapefi\/wp-json\/wp\/v2\/users\/2"}],"replies":[{"embeddable":true,"href":"https:\/\/www2.unicentro.br\/lapefi\/wp-json\/wp\/v2\/comments?post=19"}],"version-history":[{"count":32,"href":"https:\/\/www2.unicentro.br\/lapefi\/wp-json\/wp\/v2\/pages\/19\/revisions"}],"predecessor-version":[{"id":308,"href":"https:\/\/www2.unicentro.br\/lapefi\/wp-json\/wp\/v2\/pages\/19\/revisions\/308"}],"wp:attachment":[{"href":"https:\/\/www2.unicentro.br\/lapefi\/wp-json\/wp\/v2\/media?parent=19"}],"curies":[{"name":"wp","href":"https:\/\/api.w.org\/{rel}","templated":true}]}}