{"id":186,"date":"2015-08-27T15:43:58","date_gmt":"2015-08-27T18:43:58","guid":{"rendered":"http:\/\/www2.unicentro.br\/lapefi\/?page_id=186"},"modified":"2015-10-21T13:33:21","modified_gmt":"2015-10-21T16:33:21","slug":"orientacoes-de-mestrado","status":"publish","type":"page","link":"https:\/\/www2.unicentro.br\/lapefi\/orientacoes-de-mestrado\/","title":{"rendered":"Orienta\u00e7\u00f5es de mestrado"},"content":{"rendered":"<h3><strong>2014-2015<\/strong><\/h3>\n<h3>\u00a0 \u00a0 \u00a0 \u00a0 \u00a0<em>ORIENTADOR PROF. JOS\u00c9 ADIL\u00c7ON CAMPIGOTO.<\/em><\/h3>\n<ul>\n<li><strong>Milene Aparecida Padilha Galv\u00e3o.<\/strong> <span style=\"font-size: 14pt\"><em>Escolas e faxinais: regi\u00f5es de saberes: lugares de mem\u00f3ria(1980-2014).<\/em> 2015.<\/span> Disserta\u00e7\u00e3o (Mestrado em Programa de Pos Gradua\u00e7\u00e3o em Hist\u00f3ria) &#8211; Universidade Estadual do Centro Oeste do Paran\u00e1. Coordena\u00e7\u00e3o de Aperfei\u00e7oamento de Pessoal de N\u00edvel Superior. Orientador: Jos\u00e9 Adil\u00e7on Campigoto.<\/li>\n<li><strong>Willian Ribeiro Pinto.<\/strong> <em><span style=\"font-size: 14pt\">Cercados e tratores: imagens e mem\u00f3ria da ruralidade na regi\u00e3o dos faxinais (1950-1970). I<\/span><\/em>n\u00edcio: 2015. Disserta\u00e7\u00e3o (Mestrado em Mestrado em hist\u00f3ria) &#8211; Universidade Estadual do Centro Oeste do Paran\u00e1, Coordena\u00e7\u00e3o de Aperfei\u00e7oamento de Pessoal de N\u00edvel Superior. (Orientador).<\/li>\n<li><strong>Paulo Gelson Rodrigues.<\/strong> <span style=\"font-size: 14pt\"><em>Professores benzedores: Cultura faxinalense (1960 &#8211; 1980).<\/em><\/span> In\u00edcio: 2015. Disserta\u00e7\u00e3o (Mestrado profissional em Hist\u00f3ria) &#8211; Universidade Estadual do Centro-Oeste. (Orientador).<\/li>\n<\/ul>\n<p>&nbsp;<\/p>\n<h3>\u00a0 \u00a0 \u00a0 \u00a0 \u00a0<em>ORIENTADOR PROF. ANCELMO SCHORNER.<\/em><\/h3>\n<ul>\n<li><strong>Cleide Ferreira da Silva.<\/strong><em><span style=\"font-size: 14pt\"> As rela\u00e7\u00f5es culturais do trabalho infantil no Faxinal de Taquiri (Rio Azul\/PR)<\/span>.<\/em> In\u00edcio: 2014. Disserta\u00e7\u00e3o (Mestrado em Hist\u00f3ria e Regi\u00f5es) &#8211; Universidade Estadual do Centro-Oeste. (Orientador).<\/li>\n<li><strong>Sonia Vanessa Langaro.<\/strong>\u00a0<em><span style=\"font-size: 14pt\">Faxinais em Rebou\u00e7as (PR): hist\u00f3ria, mem\u00f3ria e cultura atrav\u00e9s de fotografias : d\u00e9cadas de 1970 a 1990.<\/span><\/em>\u00a0In\u00edcio: 2015. Disserta\u00e7\u00e3o (Mestrado em Hist\u00f3ria e Regi\u00f5es) &#8211; Universidade Estadual do Centro-Oeste. (Orientador).<\/li>\n<li><strong>Julio Cesar Braga.<\/strong> <em><span style=\"font-size: 14pt\">O Bairro Alto da Lagoa ou Morro da Formiga: entre o estigma, a viol\u00eancia e o morar na periferia de pequenas cidades.<\/span><\/em> In\u00edcio: 2014. Disserta\u00e7\u00e3o (Mestrado profissional em Hist\u00f3ria, cultura e identidades) &#8211; Universidade Estadual de Ponta Grossa. (Coorientador).<\/li>\n<\/ul>\n","protected":false},"excerpt":{"rendered":"<p>2014-2015 \u00a0 \u00a0 \u00a0 \u00a0 \u00a0ORIENTADOR PROF. JOS\u00c9 ADIL\u00c7ON CAMPIGOTO. Milene Aparecida Padilha Galv\u00e3o. Escolas e faxinais: regi\u00f5es de saberes: lugares de mem\u00f3ria(1980-2014). 2015. Disserta\u00e7\u00e3o (Mestrado em Programa de Pos Gradua\u00e7\u00e3o em Hist\u00f3ria) &#8211; Universidade Estadual do Centro Oeste do Paran\u00e1. Coordena\u00e7\u00e3o de Aperfei\u00e7oamento de Pessoal de N\u00edvel Superior. Orientador: Jos\u00e9 Adil\u00e7on Campigoto. Willian Ribeiro [&hellip;]<\/p>\n","protected":false},"author":6,"featured_media":0,"parent":0,"menu_order":0,"comment_status":"closed","ping_status":"closed","template":"","meta":{"_exactmetrics_skip_tracking":false,"_exactmetrics_sitenote_active":false,"_exactmetrics_sitenote_note":"","_exactmetrics_sitenote_category":0,"ngg_post_thumbnail":0,"footnotes":"","_links_to":"","_links_to_target":""},"class_list":["post-186","page","type-page","status-publish","hentry"],"_links":{"self":[{"href":"https:\/\/www2.unicentro.br\/lapefi\/wp-json\/wp\/v2\/pages\/186","targetHints":{"allow":["GET"]}}],"collection":[{"href":"https:\/\/www2.unicentro.br\/lapefi\/wp-json\/wp\/v2\/pages"}],"about":[{"href":"https:\/\/www2.unicentro.br\/lapefi\/wp-json\/wp\/v2\/types\/page"}],"author":[{"embeddable":true,"href":"https:\/\/www2.unicentro.br\/lapefi\/wp-json\/wp\/v2\/users\/6"}],"replies":[{"embeddable":true,"href":"https:\/\/www2.unicentro.br\/lapefi\/wp-json\/wp\/v2\/comments?post=186"}],"version-history":[{"count":4,"href":"https:\/\/www2.unicentro.br\/lapefi\/wp-json\/wp\/v2\/pages\/186\/revisions"}],"predecessor-version":[{"id":552,"href":"https:\/\/www2.unicentro.br\/lapefi\/wp-json\/wp\/v2\/pages\/186\/revisions\/552"}],"wp:attachment":[{"href":"https:\/\/www2.unicentro.br\/lapefi\/wp-json\/wp\/v2\/media?parent=186"}],"curies":[{"name":"wp","href":"https:\/\/api.w.org\/{rel}","templated":true}]}}