{"id":184,"date":"2015-08-27T15:43:19","date_gmt":"2015-08-27T18:43:19","guid":{"rendered":"http:\/\/www2.unicentro.br\/lapefi\/?page_id=184"},"modified":"2015-10-23T14:27:52","modified_gmt":"2015-10-23T17:27:52","slug":"dissertacoes","status":"publish","type":"page","link":"https:\/\/www2.unicentro.br\/lapefi\/dissertacoes\/","title":{"rendered":"Disserta\u00e7\u00f5es"},"content":{"rendered":"<p>&nbsp;<\/p>\n<ul>\n<li><span style=\"color: #0000ff\"><a style=\"color: #0000ff\" href=\"http:\/\/www2.unicentro.br\/ppgh\/files\/2015\/07\/Disserta%C3%A7%C3%A3o-de-Milene-Aparecida-Padilha-Galv%C3%A3o.pdf\">Escolas e Faxinais: regi\u00f5es de saberes, lugares de mem\u00f3ria (1980-2014)<\/a><\/span><br \/>\nMilene AparecidaPadilha Galv\u00e3o<\/li>\n<li><span style=\"color: #0000ff\"><a style=\"color: #0000ff\" href=\"http:\/\/www2.unicentro.br\/ppgh\/files\/2015\/07\/Disserta%C3%A7%C3%A3o-de-In%C3%AAs-Val%C3%A9ria-antoczecen.pdf\">O Retorno da Hist\u00f3ria: a Festa Das Na\u00e7\u00f5es (Mallet\/PR) \u2013 um estudo em torno das fronteiras \u00e9tnicas entre poloneses e ucranianos<\/a><\/span><br \/>\nIn\u00eas Val\u00e9ria Antoczecen<\/li>\n<li><span style=\"color: #0000ff\"><a style=\"color: #0000ff\" href=\"http:\/\/www2.unicentro.br\/ppgh\/files\/2014\/10\/Jacieli_versao_final_definitiva_54357338e7cc8.pdf\">Ler, Escrever e Contar: escolas informais do Faxinal dos Marmeleiros entre os anos de 1930 e 1949<\/a><\/span><br \/>\nJacieli Domingues Pereira<\/li>\n<li><span style=\"color: #0000ff\"><a style=\"color: #0000ff\" href=\"http:\/\/www2.unicentro.br\/ppgh\/files\/2014\/10\/Leonilso_de_Souza_Santos_5435734e5d4d2.pdf\">Pastoral Rural na Diocese de Guarapuava: quando tecer regi\u00f5es \u00e9 uma quest\u00e3o de munus (1974-1986)<\/a><\/span><br \/>\nLeonilso Souza Santos<\/li>\n<li><span style=\"color: #0000ff\"><a style=\"color: #0000ff\" href=\"http:\/\/www2.unicentro.br\/ppgh\/files\/2015\/03\/Disserta_o_de_Valdir_Machado_Guimar_es_5507258d8c4f5.pdf\">A Hist\u00f3ria Social da Fotopintura Cabocla no Sert\u00e3o de Pitanga, 1950 a 1975<\/a><\/span><br \/>\nValdir Machado Guimar\u00e3es<\/li>\n<li><span style=\"color: #0000ff\"><a style=\"color: #0000ff\" href=\"http:\/\/www2.unicentro.br\/ppgh\/files\/2014\/10\/Regiane_Maneira_5435731f875d6.pdf\">Narrativas Sobre a Praga de Gafanhotos nas Localidades de Faxinal do Rio do Couro, Faxinal dos Mellos e Rio do Couro: Irati-PR, d\u00e9cada de 1940<\/a><\/span><br \/>\nRegiane Maneira<\/li>\n<li><\/li>\n<\/ul>\n","protected":false},"excerpt":{"rendered":"<p>&nbsp; Escolas e Faxinais: regi\u00f5es de saberes, lugares de mem\u00f3ria (1980-2014) Milene AparecidaPadilha Galv\u00e3o O Retorno da Hist\u00f3ria: a Festa Das Na\u00e7\u00f5es (Mallet\/PR) \u2013 um estudo em torno das fronteiras \u00e9tnicas entre poloneses e ucranianos In\u00eas Val\u00e9ria Antoczecen Ler, Escrever e Contar: escolas informais do Faxinal dos Marmeleiros entre os anos de 1930 e 1949 [&hellip;]<\/p>\n","protected":false},"author":6,"featured_media":0,"parent":0,"menu_order":0,"comment_status":"closed","ping_status":"closed","template":"","meta":{"_exactmetrics_skip_tracking":false,"_exactmetrics_sitenote_active":false,"_exactmetrics_sitenote_note":"","_exactmetrics_sitenote_category":0,"ngg_post_thumbnail":0,"footnotes":"","_links_to":"","_links_to_target":""},"class_list":["post-184","page","type-page","status-publish","hentry"],"_links":{"self":[{"href":"https:\/\/www2.unicentro.br\/lapefi\/wp-json\/wp\/v2\/pages\/184","targetHints":{"allow":["GET"]}}],"collection":[{"href":"https:\/\/www2.unicentro.br\/lapefi\/wp-json\/wp\/v2\/pages"}],"about":[{"href":"https:\/\/www2.unicentro.br\/lapefi\/wp-json\/wp\/v2\/types\/page"}],"author":[{"embeddable":true,"href":"https:\/\/www2.unicentro.br\/lapefi\/wp-json\/wp\/v2\/users\/6"}],"replies":[{"embeddable":true,"href":"https:\/\/www2.unicentro.br\/lapefi\/wp-json\/wp\/v2\/comments?post=184"}],"version-history":[{"count":9,"href":"https:\/\/www2.unicentro.br\/lapefi\/wp-json\/wp\/v2\/pages\/184\/revisions"}],"predecessor-version":[{"id":576,"href":"https:\/\/www2.unicentro.br\/lapefi\/wp-json\/wp\/v2\/pages\/184\/revisions\/576"}],"wp:attachment":[{"href":"https:\/\/www2.unicentro.br\/lapefi\/wp-json\/wp\/v2\/media?parent=184"}],"curies":[{"name":"wp","href":"https:\/\/api.w.org\/{rel}","templated":true}]}}