{"id":17,"date":"2015-07-10T15:17:43","date_gmt":"2015-07-10T18:17:43","guid":{"rendered":"http:\/\/www2.unicentro.br\/lapefi\/?page_id=17"},"modified":"2015-09-10T15:06:40","modified_gmt":"2015-09-10T18:06:40","slug":"parcerias","status":"publish","type":"page","link":"https:\/\/www2.unicentro.br\/lapefi\/parcerias\/","title":{"rendered":"Parcerias"},"content":{"rendered":"<h1 style=\"text-align: center\"><span style=\"font-family: 'times new roman', times, serif\">PARCERIAS<\/span><\/h1>\n<p>&nbsp;<\/p>\n<ul>\n<li><span style=\"font-family: 'times new roman', times, serif\"><strong><span style=\"font-size: 14pt\">Instituto Federal do Paran\u00e1 \u2013 IFPR \u2013 polo Irati\/PR<\/span><\/strong><\/span><\/li>\n<li><span style=\"font-family: 'times new roman', times, serif\"><strong><span style=\"font-size: 14pt\">Programa de P\u00f3s-Gradua\u00e7\u00e3o em Hist\u00f3ria \u2013 PPGH \u2013 Mestrado em Hist\u00f3ria e Regi\u00f5es<\/span><\/strong><\/span><\/li>\n<li><span style=\"font-family: 'times new roman', times, serif\"><strong><span style=\"font-size: 14pt\">Secretaria Municipal de Agricultura e Meio Ambiente &#8211; Rio Azul \/PR<\/span><\/strong><\/span><\/li>\n<li><span style=\"font-family: 'times new roman', times, serif\"><strong><span style=\"font-size: 14pt\">Col\u00e9gio Estadual Chafic Cury \u2013 Rio Azul\/PR<\/span><\/strong><\/span><\/li>\n<li><span style=\"font-family: 'times new roman', times, serif\"><strong><span style=\"font-size: 14pt\">Col\u00e9gio Estadual Alcides Munhoz \u2013 Imbituva\/PR<\/span><\/strong><\/span><\/li>\n<li><span style=\"font-family: 'times new roman', times, serif\"><strong><span style=\"font-size: 14pt\">Col\u00e9gio Estadual Rural de Faxinal dos Marmeleiros \u2013 Rebou\u00e7as\/PR<\/span><\/strong><\/span><\/li>\n<li><span style=\"font-family: 'times new roman', times, serif\"><strong><span style=\"font-size: 14pt\">Col\u00e9gio Estadual Trajano Gr\u00e1cia &#8211; Irati\/PR<\/span><\/strong><\/span><\/li>\n<li><span style=\"font-family: 'times new roman', times, serif\"><strong><span style=\"font-size: 14pt\">Col\u00e9gio Estadual Vila Nova &#8211; Prudent\u00f3polis \/PR<\/span><\/strong><\/span><\/li>\n<li><span style=\"font-family: 'times new roman', times, serif\"><strong><span style=\"font-size: 14pt\">Col\u00e9gio Estadual Jo\u00e3o XXIII &#8211; Irati\/PR<\/span><\/strong><\/span><\/li>\n<li><span style=\"font-family: 'times new roman', times, serif\"><strong><span style=\"font-size: 14pt\">Col\u00e9gio Estadual J\u00falio Cezar &#8211; Rebou\u00e7as\/PR<\/span><\/strong><\/span><\/li>\n<\/ul>\n","protected":false},"excerpt":{"rendered":"<p>PARCERIAS &nbsp; Instituto Federal do Paran\u00e1 \u2013 IFPR \u2013 polo Irati\/PR Programa de P\u00f3s-Gradua\u00e7\u00e3o em Hist\u00f3ria \u2013 PPGH \u2013 Mestrado em Hist\u00f3ria e Regi\u00f5es Secretaria Municipal de Agricultura e Meio Ambiente &#8211; Rio Azul \/PR Col\u00e9gio Estadual Chafic Cury \u2013 Rio Azul\/PR Col\u00e9gio Estadual Alcides Munhoz \u2013 Imbituva\/PR Col\u00e9gio Estadual Rural de Faxinal dos Marmeleiros [&hellip;]<\/p>\n","protected":false},"author":2,"featured_media":0,"parent":0,"menu_order":0,"comment_status":"closed","ping_status":"closed","template":"","meta":{"_exactmetrics_skip_tracking":false,"_exactmetrics_sitenote_active":false,"_exactmetrics_sitenote_note":"","_exactmetrics_sitenote_category":0,"ngg_post_thumbnail":0,"footnotes":"","_links_to":"","_links_to_target":""},"class_list":["post-17","page","type-page","status-publish","hentry"],"_links":{"self":[{"href":"https:\/\/www2.unicentro.br\/lapefi\/wp-json\/wp\/v2\/pages\/17","targetHints":{"allow":["GET"]}}],"collection":[{"href":"https:\/\/www2.unicentro.br\/lapefi\/wp-json\/wp\/v2\/pages"}],"about":[{"href":"https:\/\/www2.unicentro.br\/lapefi\/wp-json\/wp\/v2\/types\/page"}],"author":[{"embeddable":true,"href":"https:\/\/www2.unicentro.br\/lapefi\/wp-json\/wp\/v2\/users\/2"}],"replies":[{"embeddable":true,"href":"https:\/\/www2.unicentro.br\/lapefi\/wp-json\/wp\/v2\/comments?post=17"}],"version-history":[{"count":9,"href":"https:\/\/www2.unicentro.br\/lapefi\/wp-json\/wp\/v2\/pages\/17\/revisions"}],"predecessor-version":[{"id":271,"href":"https:\/\/www2.unicentro.br\/lapefi\/wp-json\/wp\/v2\/pages\/17\/revisions\/271"}],"wp:attachment":[{"href":"https:\/\/www2.unicentro.br\/lapefi\/wp-json\/wp\/v2\/media?parent=17"}],"curies":[{"name":"wp","href":"https:\/\/api.w.org\/{rel}","templated":true}]}}