{"id":15,"date":"2015-07-10T15:17:32","date_gmt":"2015-07-10T18:17:32","guid":{"rendered":"http:\/\/www2.unicentro.br\/lapefi\/?page_id=15"},"modified":"2015-10-21T18:21:22","modified_gmt":"2015-10-21T21:21:22","slug":"docencia","status":"publish","type":"page","link":"https:\/\/www2.unicentro.br\/lapefi\/docencia\/","title":{"rendered":"Doc\u00eancia"},"content":{"rendered":"<h1 style=\"text-align: center\"><span style=\"font-family: 'times new roman', times, serif;font-size: 18pt\"><strong>Ensino Superior<\/strong><\/span><\/h1>\n<p>&nbsp;<\/p>\n<p style=\"padding-left: 30px\"><span style=\"font-size: 14pt;font-family: 'times new roman', times, serif\"><strong>Professor Jos\u00e9 Adil\u00e7on Campigoto \u2013 HIST\u00d3RIA UNICENTRO\/I\u00a0<\/strong><\/span><\/p>\n<p style=\"padding-left: 30px;text-align: left\"><span style=\"font-family: 'times new roman', times, serif\"><strong>\u00a0Gradua\u00e7\u00e3o<\/strong><\/span><\/p>\n<ul>\n<li style=\"padding-left: 30px\"><span style=\"font-family: 'times new roman', times, serif\">Oficinas da Hist\u00f3ria<\/span><\/li>\n<li style=\"padding-left: 30px\"><span style=\"font-family: 'times new roman', times, serif\">Hist\u00f3ria Contempor\u00e2nea<\/span><\/li>\n<\/ul>\n<p style=\"padding-left: 30px\"><span style=\"font-size: 14pt;font-family: 'times new roman', times, serif\"><strong>Professor Ancelmo Sch\u00f6rner \u2013 HIST\u00d3RIA \u00a0UNICENTRO\/I<\/strong><\/span><\/p>\n<p style=\"padding-left: 30px\"><span style=\"font-family: 'times new roman', times, serif\"><strong>\u00a0 Mestrado<\/strong><\/span><\/p>\n<ul>\n<li style=\"padding-left: 30px\"><span style=\"font-family: 'times new roman', times, serif\">Hist\u00f3ria e Cultura dos Povos Tradicionais<\/span><\/li>\n<\/ul>\n<p><span style=\"font-family: 'times new roman', times, serif\"><strong>\u00a0 \u00a0 \u00a0 \u00a0 \u00a0Gradua\u00e7\u00e3o<\/strong><\/span><\/p>\n<ul>\n<li style=\"padding-left: 30px\"><span style=\"font-family: 'times new roman', times, serif\">Hist\u00f3ria e Cultura dos Povos Tradicionais<\/span><\/li>\n<li style=\"padding-left: 30px\"><span style=\"font-family: 'times new roman', times, serif\">Hist\u00f3ria e Fotografia<\/span><\/li>\n<\/ul>\n<p><span style=\"font-size: 14pt;font-family: 'times new roman', times, serif\"><em><strong>\u00a0 \u00a0 <\/strong><\/em><strong>\u00a0 Professor Jo\u00e3o Carlos Corso \u2013 HIST\u00d3RIA \u00a0UNICENTRO\/I<\/strong><\/span><\/p>\n<p><span style=\"font-family: 'times new roman', times, serif\"><strong>\u00a0 \u00a0 \u00a0 \u00a0 \u00a0Gradua\u00e7\u00e3o<\/strong><\/span><\/p>\n<ul>\n<li><span style=\"font-family: 'times new roman', times, serif\">\u00a0 \u00a0 \u00a0 \u00a0 Hist\u00f3ria e Religi\u00e3o<\/span><\/li>\n<li><span style=\"font-family: 'times new roman', times, serif\">\u00a0 \u00a0 \u00a0 \u00a0 \u00a0Hist\u00f3ria do Paran\u00e1<\/span><\/li>\n<\/ul>\n<p style=\"padding-left: 30px\"><span style=\"font-family: 'times new roman', times, serif\"><strong><span style=\"font-size: 14pt\">Professora Rejane Klein \u2013 \u00a0PEDAGOGIA UNICENTRO\/I<\/span><\/strong><\/span><\/p>\n<p style=\"padding-left: 30px\"><span style=\"font-family: 'times new roman', times, serif\"><strong><span style=\"font-size: 12pt\">\u00a0<\/span>Gradua\u00e7\u00e3o<\/strong><\/span><\/p>\n<ul>\n<li style=\"padding-left: 30px\"><span style=\"font-family: 'times new roman', times, serif\">Est\u00e1gio Supervisionado nas Mat\u00e9rias Pedag\u00f3gicas do Ensino M\u00e9dio<\/span><\/li>\n<li style=\"padding-left: 30px\"><span style=\"font-family: 'times new roman', times, serif\">Est\u00e1gio Supervisionado em Gest\u00e3o Educacional<\/span><\/li>\n<li style=\"padding-left: 30px\"><span style=\"font-family: 'times new roman', times, serif\">Metodologia da Pesquisa em Ci\u00eancia da Educa\u00e7\u00e3o III<\/span><\/li>\n<li style=\"padding-left: 30px\"><span style=\"font-family: 'times new roman', times, serif\">Teoria e Metodolgia da Alfabetiza\u00e7\u00e3o<\/span><\/li>\n<\/ul>\n<p><span style=\"font-size: 14pt;font-family: 'times new roman', times, serif\"><em><strong>\u00a0 \u00a0 <\/strong><\/em><strong>\u00a0 \u00a0Professor Edson Santos Silva \u2013 LETRAS PORTUGU\u00caS UNICENTRO\/I<\/strong><\/span><\/p>\n<p><span style=\"font-family: 'times new roman', times, serif\"><strong>\u00a0 \u00a0 \u00a0 \u00a0 Gradua\u00e7\u00e3o<\/strong><\/span><\/p>\n<ul>\n<li><span style=\"font-family: 'times new roman', times, serif\">\u00a0 \u00a0 \u00a0 \u00a0 \u00a0Literatura Portuguesa \u00a0I<\/span><\/li>\n<li><span style=\"font-family: 'times new roman', times, serif\">\u00a0 \u00a0 \u00a0 \u00a0 \u00a0Leitura do Texto Liter\u00e1rio<\/span><\/li>\n<li><span style=\"font-family: 'times new roman', times, serif\">\u00a0 \u00a0 \u00a0 \u00a0 \u00a0T\u00f3picos de Literatura Universal<\/span><\/li>\n<\/ul>\n<h1 style=\"text-align: center\"><span style=\"font-family: 'times new roman', times, serif\">\u00a0<span style=\"font-size: 18pt\"><strong>Educa\u00e7\u00e3o B\u00e1sica:<\/strong><\/span><\/span><\/h1>\n<p>&nbsp;<\/p>\n<p style=\"padding-left: 30px;text-align: justify\"><span style=\"font-size: 12pt;font-family: 'times new roman', times, serif\"><strong>Professor Paulo Gelson Rodrigues \u2013 <\/strong>Col\u00e9gio Estadual Rural de Faxinal do Marmeleiros \u2013 Rebou\u00e7as\/PR &#8211; Hist\u00f3ria<\/span><\/p>\n<p style=\"padding-left: 30px;text-align: justify\"><span style=\"font-size: 12pt;font-family: 'times new roman', times, serif\"><strong>Professor Ivan Gapinski \u2013 <\/strong>Col\u00e9gio estadual Chafic Curi \u2013 Rio Azul\/PR &#8211; Hist\u00f3ria<\/span><\/p>\n<p style=\"padding-left: 30px;text-align: justify\"><span style=\"font-size: 12pt;font-family: 'times new roman', times, serif\"><strong>Professora Lucy Mari da Luz &#8211; <\/strong>Col\u00e9gio Estadual Chafic Curi \u2013 Rio Azul\/PR &#8211; Hist\u00f3ria<\/span><\/p>\n<p style=\"padding-left: 30px;text-align: justify\"><span style=\"font-size: 12pt;font-family: 'times new roman', times, serif\"><strong>Professora Cleusi Teresinha Bobato Stadler \u2013 <\/strong>Col\u00e9gio Estadual Alcides Munhoz \u2013 Imbituva\/PR &#8211; Hist\u00f3ria<\/span><\/p>\n<p style=\"padding-left: 30px;text-align: justify\"><span style=\"font-size: 12pt;font-family: 'times new roman', times, serif\"><strong>Professora\u00a0Mariel Guil Chociai &#8211; <\/strong>Col\u00e9gio Estadual Vila Nova &#8211; Prudent\u00f3polis &#8211; PR &#8211; Hist\u00f3ria<\/span><\/p>\n<p style=\"padding-left: 30px;text-align: justify\"><span style=\"font-size: 12pt;font-family: 'times new roman', times, serif\"><strong>Professor S\u00e9rgio Ricardo Duglosz &#8211; <\/strong>Col\u00e9gio Estadual Jo\u00e2o XXIII &#8211; Irati &#8211; PR &#8211; Hist\u00f3ria<\/span><\/p>\n","protected":false},"excerpt":{"rendered":"<p>Ensino Superior &nbsp; Professor Jos\u00e9 Adil\u00e7on Campigoto \u2013 HIST\u00d3RIA UNICENTRO\/I\u00a0 \u00a0Gradua\u00e7\u00e3o Oficinas da Hist\u00f3ria Hist\u00f3ria Contempor\u00e2nea Professor Ancelmo Sch\u00f6rner \u2013 HIST\u00d3RIA \u00a0UNICENTRO\/I \u00a0 Mestrado Hist\u00f3ria e Cultura dos Povos Tradicionais \u00a0 \u00a0 \u00a0 \u00a0 \u00a0Gradua\u00e7\u00e3o Hist\u00f3ria e Cultura dos Povos Tradicionais Hist\u00f3ria e Fotografia \u00a0 \u00a0 \u00a0 Professor Jo\u00e3o Carlos Corso \u2013 HIST\u00d3RIA \u00a0UNICENTRO\/I \u00a0 [&hellip;]<\/p>\n","protected":false},"author":104,"featured_media":0,"parent":0,"menu_order":0,"comment_status":"closed","ping_status":"closed","template":"","meta":{"_exactmetrics_skip_tracking":false,"_exactmetrics_sitenote_active":false,"_exactmetrics_sitenote_note":"","_exactmetrics_sitenote_category":0,"ngg_post_thumbnail":0,"footnotes":"","_links_to":"","_links_to_target":""},"class_list":["post-15","page","type-page","status-publish","hentry"],"_links":{"self":[{"href":"https:\/\/www2.unicentro.br\/lapefi\/wp-json\/wp\/v2\/pages\/15","targetHints":{"allow":["GET"]}}],"collection":[{"href":"https:\/\/www2.unicentro.br\/lapefi\/wp-json\/wp\/v2\/pages"}],"about":[{"href":"https:\/\/www2.unicentro.br\/lapefi\/wp-json\/wp\/v2\/types\/page"}],"author":[{"embeddable":true,"href":"https:\/\/www2.unicentro.br\/lapefi\/wp-json\/wp\/v2\/users\/104"}],"replies":[{"embeddable":true,"href":"https:\/\/www2.unicentro.br\/lapefi\/wp-json\/wp\/v2\/comments?post=15"}],"version-history":[{"count":16,"href":"https:\/\/www2.unicentro.br\/lapefi\/wp-json\/wp\/v2\/pages\/15\/revisions"}],"predecessor-version":[{"id":217,"href":"https:\/\/www2.unicentro.br\/lapefi\/wp-json\/wp\/v2\/pages\/15\/revisions\/217"}],"wp:attachment":[{"href":"https:\/\/www2.unicentro.br\/lapefi\/wp-json\/wp\/v2\/media?parent=15"}],"curies":[{"name":"wp","href":"https:\/\/api.w.org\/{rel}","templated":true}]}}