{"id":11,"date":"2015-07-10T15:17:02","date_gmt":"2015-07-10T18:17:02","guid":{"rendered":"http:\/\/www2.unicentro.br\/lapefi\/?page_id=11"},"modified":"2015-07-14T11:25:37","modified_gmt":"2015-07-14T14:25:37","slug":"quem-somos","status":"publish","type":"page","link":"https:\/\/www2.unicentro.br\/lapefi\/quem-somos\/","title":{"rendered":"Quem somos"},"content":{"rendered":"<p>O Laborat\u00f3rio dos Povos Eslavos e Faxinalenses foi criado em 2006 a partir da necessidade de pesquisas a respeito destas tem\u00e1ticas. Vinculado ao Departamento de Hist\u00f3ria da Universidade Estadual do Centro-Oeste &#8211; Unicentro, campus Irati e ao Programa de P\u00f3s-Gradua\u00e7\u00e3o em Hist\u00f3ria \u2013 PPGH &#8211; \u00a0Mestrado em Hist\u00f3ria e Regi\u00f5es, re\u00fane professores do Ensino superior \u2013 mestrado e gradua\u00e7\u00e3o, professores da educa\u00e7\u00e3o b\u00e1sica e alunos de p\u00f3s gradua\u00e7\u00e3o, da gradua\u00e7\u00e3o, da inicia\u00e7\u00e3o cient\u00edfica e da educa\u00e7\u00e3o b\u00e1sica no desenvolvimento de pesquisas, atividades de ensino e organiza\u00e7\u00e3o de acervos, principalmente de imagens e hist\u00f3ria oral. O Lapef\/I funciona nas depend\u00eancias da Unicentro, no pr\u00e9dio cont\u00edguo ao Setor de Humanas, Letras e Artes.<\/p>\n","protected":false},"excerpt":{"rendered":"<p>O Laborat\u00f3rio dos Povos Eslavos e Faxinalenses foi criado em 2006 a partir da necessidade de pesquisas a respeito destas tem\u00e1ticas. Vinculado ao Departamento de Hist\u00f3ria da Universidade Estadual do Centro-Oeste &#8211; Unicentro, campus Irati e ao Programa de P\u00f3s-Gradua\u00e7\u00e3o em Hist\u00f3ria \u2013 PPGH &#8211; \u00a0Mestrado em Hist\u00f3ria e Regi\u00f5es, re\u00fane professores do Ensino superior [&hellip;]<\/p>\n","protected":false},"author":2,"featured_media":0,"parent":0,"menu_order":0,"comment_status":"closed","ping_status":"closed","template":"","meta":{"_exactmetrics_skip_tracking":false,"_exactmetrics_sitenote_active":false,"_exactmetrics_sitenote_note":"","_exactmetrics_sitenote_category":0,"ngg_post_thumbnail":0,"footnotes":"","_links_to":"","_links_to_target":""},"class_list":["post-11","page","type-page","status-publish","hentry"],"_links":{"self":[{"href":"https:\/\/www2.unicentro.br\/lapefi\/wp-json\/wp\/v2\/pages\/11","targetHints":{"allow":["GET"]}}],"collection":[{"href":"https:\/\/www2.unicentro.br\/lapefi\/wp-json\/wp\/v2\/pages"}],"about":[{"href":"https:\/\/www2.unicentro.br\/lapefi\/wp-json\/wp\/v2\/types\/page"}],"author":[{"embeddable":true,"href":"https:\/\/www2.unicentro.br\/lapefi\/wp-json\/wp\/v2\/users\/2"}],"replies":[{"embeddable":true,"href":"https:\/\/www2.unicentro.br\/lapefi\/wp-json\/wp\/v2\/comments?post=11"}],"version-history":[{"count":2,"href":"https:\/\/www2.unicentro.br\/lapefi\/wp-json\/wp\/v2\/pages\/11\/revisions"}],"predecessor-version":[{"id":63,"href":"https:\/\/www2.unicentro.br\/lapefi\/wp-json\/wp\/v2\/pages\/11\/revisions\/63"}],"wp:attachment":[{"href":"https:\/\/www2.unicentro.br\/lapefi\/wp-json\/wp\/v2\/media?parent=11"}],"curies":[{"name":"wp","href":"https:\/\/api.w.org\/{rel}","templated":true}]}}