{"id":24,"date":"2013-10-28T10:59:16","date_gmt":"2013-10-28T10:59:16","guid":{"rendered":"http:\/\/www2.unicentro.br\/intercom2014\/?page_id=24"},"modified":"2014-06-30T12:29:02","modified_gmt":"2014-06-30T12:29:02","slug":"quem-somos","status":"publish","type":"page","link":"https:\/\/www2.unicentro.br\/intercom2014\/quem-somos\/","title":{"rendered":"Quem somos"},"content":{"rendered":"<p>O Intercom 2014 \u00e9 fruto de uma s\u00f3lida parceria entre as seguintes equipes:<\/p>\n<p>Unicentro (Universidade Estadual do Centro-Oeste, realizadora da edi\u00e7\u00e3o 2014)<br \/>\nUDC (Centro Universit\u00e1rio Din\u00e2mica das Cataratas, co-realizadora)<br \/>\nUnila (Universidade Federal da Integra\u00e7\u00e3o Latino-Americana, co-realizadora)<br \/>\nFPTI (Funda\u00e7\u00e3o Parque Tecnol\u00f3gico Itaipu, co-realizador)<br \/>\nICVB (Iguassu Convention &amp; Visitors Bureau, apoiador)<br \/>\nItaipu Binacional (patrocinadora)<br \/>\nUnioeste (Universidade Estadual do Oeste, apoiadora)<br \/>\nUNJu (Universidad Nacional de Jujuy, Argentina, apoiadora)<br \/>\nUNE (Universidad Nacional del Este, Paraguai, apoiadora)<\/p>\n<p>E toda esta equipe tem a lideran\u00e7a e a confian\u00e7a da Intercom, a Sociedade Brasileira de Estudos Interdisciplinares da Comunica\u00e7\u00e3o, promotora geral do Congresso.<\/p>\n","protected":false},"excerpt":{"rendered":"<p>O Intercom 2014 \u00e9 fruto de uma s\u00f3lida parceria entre as seguintes equipes: Unicentro (Universidade Estadual do Centro-Oeste, realizadora da edi\u00e7\u00e3o 2014) UDC (Centro Universit\u00e1rio Din\u00e2mica das Cataratas, co-realizadora) Unila (Universidade Federal da Integra\u00e7\u00e3o Latino-Americana, co-realizadora) FPTI (Funda\u00e7\u00e3o Parque Tecnol\u00f3gico Itaipu, co-realizador) ICVB (Iguassu Convention &amp; Visitors Bureau, apoiador) Itaipu Binacional (patrocinadora) Unioeste (Universidade Estadual [&hellip;]<\/p>\n","protected":false},"author":2,"featured_media":0,"parent":0,"menu_order":0,"comment_status":"closed","ping_status":"closed","template":"","meta":{"_exactmetrics_skip_tracking":false,"_exactmetrics_sitenote_active":false,"_exactmetrics_sitenote_note":"","_exactmetrics_sitenote_category":0,"footnotes":"","_links_to":"","_links_to_target":""},"class_list":["post-24","page","type-page","status-publish","hentry"],"publishpress_future_action":{"enabled":false,"date":"2026-04-22 09:16:40","action":"change-status","newStatus":"draft","terms":[],"taxonomy":"","extraData":[]},"publishpress_future_workflow_manual_trigger":{"enabledWorkflows":[]},"_links":{"self":[{"href":"https:\/\/www2.unicentro.br\/intercom2014\/wp-json\/wp\/v2\/pages\/24","targetHints":{"allow":["GET"]}}],"collection":[{"href":"https:\/\/www2.unicentro.br\/intercom2014\/wp-json\/wp\/v2\/pages"}],"about":[{"href":"https:\/\/www2.unicentro.br\/intercom2014\/wp-json\/wp\/v2\/types\/page"}],"author":[{"embeddable":true,"href":"https:\/\/www2.unicentro.br\/intercom2014\/wp-json\/wp\/v2\/users\/2"}],"replies":[{"embeddable":true,"href":"https:\/\/www2.unicentro.br\/intercom2014\/wp-json\/wp\/v2\/comments?post=24"}],"version-history":[{"count":3,"href":"https:\/\/www2.unicentro.br\/intercom2014\/wp-json\/wp\/v2\/pages\/24\/revisions"}],"predecessor-version":[{"id":138,"href":"https:\/\/www2.unicentro.br\/intercom2014\/wp-json\/wp\/v2\/pages\/24\/revisions\/138"}],"wp:attachment":[{"href":"https:\/\/www2.unicentro.br\/intercom2014\/wp-json\/wp\/v2\/media?parent=24"}],"curies":[{"name":"wp","href":"https:\/\/api.w.org\/{rel}","templated":true}]}}